{"id":18688,"date":"2026-03-31T17:01:01","date_gmt":"2026-03-31T21:01:01","guid":{"rendered":"https:\/\/avispl.ca\/?page_id=18688"},"modified":"2026-03-31T17:05:59","modified_gmt":"2026-03-31T21:05:59","slug":"installation-express-de-microsoft-teams-rooms","status":"publish","type":"page","link":"https:\/\/avispl.ca\/fr\/installation-express-de-microsoft-teams-rooms\/","title":{"rendered":"Installation express de Microsoft Teams Rooms"},"content":{"rendered":"\n<section class=\"hero page-block hero--x-small\">\n    \n                        <div class=\"hero__content\">\n                <div class=\"container\">\n                                           <div class=\"hero__content__logo hero__content__logo--top\">\n                            <img decoding=\"async\" src=\"https:\/\/avispl.ca\/wp-content\/uploads\/sites\/8\/2026\/03\/Microsoft-Teams-26-1.svg\" class=\"attachment-full size-full\" alt=\"Microsoft logo\" \/>                        <\/div>\n                                                                <h1 data-splitting=\"words\">Installation express de Microsoft Teams Rooms<\/h1>\n                    \n                                            <div class=\"hero__content__text\"><p>Transformez rapidement les petits espaces en salles Microsoft Teams Rooms.<\/p>\n<\/p>\n                    \n                    \n                    <button class=\"hero__scroll scroll-btn scroll-btn--o scroll-to-main\"\n\t\t\t\t        aria-label=\"Scroll to bottom of the hero section\"\n\t\t\t\t        title=\"Scroll to bottom of the hero section\">\n\t\t\t\t\t    <span class=\"sr-only\">Scroll to bottom of the hero section<\/span>\n\t\t\t\t\t<\/button>\n                <\/div>\n            <\/div>\n            <\/section>\n<div id=\"main-content\"><\/div>\n\n\n\n<section class=\"image-text-new page-block image-text-new--sm image-text-new--dark\" role=\"region\">\n\t<div class=\"container\">\n\t\t<div class=\"image-text-new__image image-text-new__image--grid\">\n\t\t\t\t\t\t\t<div class=\"image-text-new__image__wrap\">\n\t\t\t\t    <img loading=\"lazy\" decoding=\"async\" width=\"900\" height=\"600\" src=\"https:\/\/avispl.ca\/wp-content\/uploads\/sites\/8\/2026\/03\/Accordion-Express-Install-Jabra-PanaCast-50-VBS.jpg\" class=\"attachment-full size-full\" alt=\"Two people in a Microsoft Teams Room hosting a hybrid meeting with remote participants.\" srcset=\"https:\/\/avispl.ca\/wp-content\/uploads\/sites\/8\/2026\/03\/Accordion-Express-Install-Jabra-PanaCast-50-VBS.jpg 900w, https:\/\/avispl.ca\/wp-content\/uploads\/sites\/8\/2026\/03\/Accordion-Express-Install-Jabra-PanaCast-50-VBS-300x200.jpg 300w, https:\/\/avispl.ca\/wp-content\/uploads\/sites\/8\/2026\/03\/Accordion-Express-Install-Jabra-PanaCast-50-VBS-768x512.jpg 768w, https:\/\/avispl.ca\/wp-content\/uploads\/sites\/8\/2026\/03\/Accordion-Express-Install-Jabra-PanaCast-50-VBS-125x83.jpg 125w\" sizes=\"auto, (max-width: 900px) 100vw, 900px\" \/>\t\t\t\t<\/div>\n\t\t\t\t\t<\/div>\n\n\t\t<div class=\"image-text-new__text\">\n                        \t<h3 class=\"h2\">Kits Microsoft Teams Rooms pr\u00eats \u00e0 l&#8217;emploi<\/h3>\n                                    \t<div class=\"body-content\">\n                \t<p>Les \u00e9quipes veulent plus d\u2019espaces de collaboration \u2014 et elles les veulent maintenant. De leur c\u00f4t\u00e9, les \u00e9quipes TI doivent maintenir les normes et le contr\u00f4le. L\u2019installation express r\u00e9pond \u00e0 l\u2019ensemble de ces besoins.   <\/p>\n<p>Offrez facilement l\u2019exp\u00e9rience Microsoft Teams Rooms native dans presque n\u2019importe quel espace. \u00c9liminez les conceptions complexes et acc\u00e9l\u00e9rez le d\u00e9ploiement ainsi que le retour sur investissement gr\u00e2ce \u00e0 des solutions Microsoft Teams Rooms s\u00e9curitaires. <\/p>\n<p><strong>Simplifiez la transition BYOD<\/strong><\/p>\n<p>L\u2019installation express permet aussi de transformer des espaces BYOD non g\u00e9r\u00e9s en v\u00e9ritables salles Teams Rooms, gr\u00e2ce \u00e0 une connexion en un clic et \u00e0 une gestion centralis\u00e9e.<\/p>\n<p><strong>Ensembles pr\u00eats \u00e0 l\u2019emploi et solutions personnalis\u00e9es<\/strong><\/p>\n<p>AVI\u2011SPL propose des ensembles Microsoft Teams Rooms Installation express pr\u00eats \u00e0 \u00eatre d\u00e9ploy\u00e9s, ainsi que des solutions enti\u00e8rement personnalis\u00e9es.<\/p>\n<p>Procurez\u2011vous une solution d\u00e8s maintenant ou communiquez avec nous pour cr\u00e9er une configuration adapt\u00e9e \u00e0 vos besoins et \u00e0 votre budget. Vous pr\u00e9f\u00e9rez un autre type d\u2019\u00e9quipement ou un chariot mobile plut\u00f4t qu\u2019une installation fixe? Faites\u2011nous\u2011en part. <\/p>\n                <\/div>\n                        <a class=\"ui-btn ui-btn--secondary\"href=\"#contact\"><span>Demander un devis<\/span><\/a>                    <\/div>\n\t<\/div>\n<\/section>\n\n\n\n<section class=\"content-list page-block content-list--white\" role=\"region\">\n\t<div class=\"container\">\n\t\t<div class=\"content-list__content\">\n\t\t\t<h2 data-splitting=\"words\" class=\"h3\">Pourquoi optimiser chacune de vos r\u00e9unions avec Microsoft Teams?<\/h2>\t\t\t\t\t\t\t\t\t\t\t<\/div>\n\n\t\t\n\t\t\t\t\t<div class=\"content-list__list\">\n\t\t\t\t\t            <ul>\n\t                \t                   <li>\n\t                   \t\t\t                   \t\t<h6>Gardez le contr\u00f4le<\/h6>\t                   \t\t<div class=\"body-content\"><p>Contr\u00f4lez et surveillez vos r\u00e9unions gr\u00e2ce \u00e0 une visibilit\u00e9 compl\u00e8te dans chaque salle. Analysez les donn\u00e9es de r\u00e9union et simplifiez leur d\u00e9roulement gr\u00e2ce \u00e0 l\u2019acc\u00e8s aux agents Facilitator et Interpreter de Microsoft Copilot 365. <\/p>\n<\/div>\t                   \t\t\t                   <\/li>\n\t                \t                   <li>\n\t                   \t\t\t                   \t\t<h6>Offrez une exp\u00e9rience utilisateur coh\u00e9rente<\/h6>\t                   \t\t<div class=\"body-content\"><p>Collaborez facilement. Dans tous les espaces. En tout temps.  <\/p>\n<\/div>\t                   \t\t\t                   <\/li>\n\t                \t                   <li>\n\t                   \t\t\t                   \t\t<h6>R\u00e9duisez les risques li\u00e9s au BYOD<\/h6>\t                   \t\t<div class=\"body-content\"><p>\u00c9liminez les appareils personnels non s\u00e9curis\u00e9s afin de prot\u00e9ger vos donn\u00e9es et d\u2019emp\u00eacher les logiciels malveillants de compromettre votre r\u00e9seau.<\/p>\n<\/div>\t                   \t\t\t                   <\/li>\n\t                \t                   <li>\n\t                   \t\t\t                   \t\t<h6>Laissez vos \u00e9quipes choisir leur espace de r\u00e9union<\/h6>\t                   \t\t<div class=\"body-content\"><p>Les appareils n\u2019ont plus besoin d\u2019\u00eatre install\u00e9s de fa\u00e7on permanente. Les \u00e9quipes choisissent o\u00f9 se r\u00e9unir gr\u00e2ce \u00e0 des solutions install\u00e9es sur des chariots mobiles. <\/p>\n<\/div>\t                   \t\t\t                   <\/li>\n\t                \t            <\/ul>\n\n\t\t\t\t\t\t\t<\/div>\n        \t<\/div>\n<\/section>\n\n\n\n<section class=\"image-text-new page-block image-text-new--sm image-text-new--r image-text-new--dark\" role=\"region\">\n\t<div class=\"container\">\n\t\t<div class=\"image-text-new__image image-text-new__image--grid\">\n\t\t\t\t\t\t\t<div class=\"image-text-new__image__wrap\">\n\t\t\t\t    <img loading=\"lazy\" decoding=\"async\" width=\"2560\" height=\"1707\" src=\"https:\/\/avispl.ca\/wp-content\/uploads\/sites\/8\/2025\/01\/stock-CC_Experiences_6-scaled-1-scaled.jpg\" class=\"attachment-full size-full\" alt=\"\" srcset=\"https:\/\/avispl.ca\/wp-content\/uploads\/sites\/8\/2025\/01\/stock-CC_Experiences_6-scaled-1-scaled.jpg 2560w, https:\/\/avispl.ca\/wp-content\/uploads\/sites\/8\/2025\/01\/stock-CC_Experiences_6-scaled-1-300x200.jpg 300w, https:\/\/avispl.ca\/wp-content\/uploads\/sites\/8\/2025\/01\/stock-CC_Experiences_6-scaled-1-1024x683.jpg 1024w, https:\/\/avispl.ca\/wp-content\/uploads\/sites\/8\/2025\/01\/stock-CC_Experiences_6-scaled-1-768x512.jpg 768w, https:\/\/avispl.ca\/wp-content\/uploads\/sites\/8\/2025\/01\/stock-CC_Experiences_6-scaled-1-1536x1024.jpg 1536w, https:\/\/avispl.ca\/wp-content\/uploads\/sites\/8\/2025\/01\/stock-CC_Experiences_6-scaled-1-2048x1366.jpg 2048w, https:\/\/avispl.ca\/wp-content\/uploads\/sites\/8\/2025\/01\/stock-CC_Experiences_6-scaled-1-125x83.jpg 125w\" sizes=\"auto, (max-width: 2560px) 100vw, 2560px\" \/>\t\t\t\t<\/div>\n\t\t\t\t\t<\/div>\n\n\t\t<div class=\"image-text-new__text\">\n                        \t<h3 class=\"h3\">Soutenez vos objectifs de d\u00e9veloppement durable<\/h3>\n                                    \t<div class=\"body-content\">\n                \t<p>Votre \u00e9quipe AVI\u2011SPL peut vous accompagner dans le choix d\u2019\u00e9quipements align\u00e9s sur vos objectifs de d\u00e9veloppement durable, notamment des appareils fabriqu\u00e9s \u00e0 partir de mat\u00e9riaux recycl\u00e9s, ainsi que des emballages optimis\u00e9s et recyclables. <\/p>\n                <\/div>\n                                            <\/div>\n\t<\/div>\n<\/section>\n\n\n\n<section class=\"heading-text page-block heading-text--white page-block--padding-no-bottom\" role=\"region\">\n\t<div class=\"container\">\n\t\t<div class=\"heading-text__wrap\">\n\t\t\t\t\t\t\t<h2>Cas d\u2019utilisation de l\u2019installation express<\/h2>\n\t\t\t\t\t\t\t\t\t\t\t<\/div>\n\t<\/div>\n<\/section>\n\n\n\n<section class=\"text-columns page-block page-block--padding-no-top\" role=\"region\">\n\t<div class=\"container\">\n\t\t\t\t    <div class=\"text-columns__wrap\">\n\t\t    \t\t        <div class=\"text-col\">\n\t\t        \t<svg width=\"133\" height=\"130\" viewBox=\"0 0 133 130\" fill=\"none\" xmlns=\"http:\/\/www.w3.org\/2000\/svg\">\n<path d=\"M131.98 12.3377L132.051 129.877L12.2474 129.634L12.5017 88.7585L60.9165 88.9789L0.980469 29.3243L30.3473 0.380493L90.796 60.5454L90.7602 12.2367L131.98 12.3377Z\" fill=\"#F89021\"\/>\n<\/svg>\n\t\t            <h6>Franchises<\/h6>\t\t            <p>Offrez une exp\u00e9rience coh\u00e9rente \u00e0 grande \u00e9chelle, notamment pour les concessionnaires automobiles et les organisations r\u00e9parties sur plusieurs sites.s.<\/p>\t\t        <\/div>\n\t\t    \t\t        <div class=\"text-col\">\n\t\t        \t<svg width=\"133\" height=\"130\" viewBox=\"0 0 133 130\" fill=\"none\" xmlns=\"http:\/\/www.w3.org\/2000\/svg\">\n<path d=\"M131.98 12.3377L132.051 129.877L12.2474 129.634L12.5017 88.7585L60.9165 88.9789L0.980469 29.3243L30.3473 0.380493L90.796 60.5454L90.7602 12.2367L131.98 12.3377Z\" fill=\"#F89021\"\/>\n<\/svg>\n\t\t            <h6>Organismes gouvernementaux<\/h6>\t\t            <p>S\u00e9curisez les espaces de r\u00e9union pour les communications entre les minist\u00e8res et avec les citoyens.<\/p>\t\t        <\/div>\n\t\t    \t\t        <div class=\"text-col\">\n\t\t        \t<svg width=\"133\" height=\"130\" viewBox=\"0 0 133 130\" fill=\"none\" xmlns=\"http:\/\/www.w3.org\/2000\/svg\">\n<path d=\"M131.98 12.3377L132.051 129.877L12.2474 129.634L12.5017 88.7585L60.9165 88.9789L0.980469 29.3243L30.3473 0.380493L90.796 60.5454L90.7602 12.2367L131.98 12.3377Z\" fill=\"#F89021\"\/>\n<\/svg>\n\t\t            <h6>Tribunaux municipaux <\/h6>\t\t            <p>Facilitez des communications s\u00e9curis\u00e9es et fiables entre le personnel judiciaire et les participants gr\u00e2ce \u00e0 des technologies simples et \u00e9prouv\u00e9es.<\/p>\t\t        <\/div>\n\t\t    \t\t    <\/div>\n\t\t\t<\/div>\n<\/section>\n\n\n\n<section class=\"content-list page-block content-list--teal\" role=\"region\">\n\t<div class=\"container\">\n\t\t<div class=\"content-list__content\">\n\t\t\t<h2 data-splitting=\"words\" class=\"h3\">Pourquoi choisir AVI\u2011SPL et Microsoft Teams Rooms?<\/h2>\t\t\t\t\t\t\t\t\t<a class=\"ui-btn ui-btn--primary\"href=\"#contact\"><span>Demander un devis<\/span><\/a>\t\t<\/div>\n\n\t\t\n\t\t\t\t\t<div class=\"content-list__list\">\n\t\t\t\t\t            <ul>\n\t                \t                   <li>\n\t                   \t\t\t                   \t\t<h6>Expertise reconnue<\/h6>\t                   \t\t<div class=\"body-content\"><p><span class=\"TextRun SCXW17906973 BCX8\" lang=\"EN-US\" xml:lang=\"EN-US\" data-contrast=\"auto\"><span class=\"NormalTextRun SCXW17906973 BCX8\">Profitez de nombreuses ann&eacute;es d&rsquo;exp&eacute;rience dans la conception et le d&eacute;ploiement de solutions Microsoft Teams Rooms.<\/span><\/span><\/p>\n<\/div>\t                   \t\t\t                   <\/li>\n\t                \t                   <li>\n\t                   \t\t\t                   \t\t<h6>Solutions flexibles et personnalisables<\/h6>\t                   \t\t<div class=\"body-content\"><p>Adaptez les composantes de l&rsquo;installation express &agrave; vos besoins op&eacute;rationnels et &agrave; votre budget.<\/p>\n<\/div>\t                   \t\t\t                   <\/li>\n\t                \t                   <li>\n\t                   \t\t\t                   \t\t<h6>Technologie fiable<\/h6>\t                   \t\t<div class=\"body-content\"><p><span class=\"TextRun SCXW209911431 BCX8\" lang=\"EN-US\" xml:lang=\"EN-US\" data-contrast=\"auto\">Faites confiance &agrave; l&rsquo;expertise de partenaires reconnus <span class=\"NormalTextRun SCXW209911431 BCX8\">pour la qualit&eacute; et la fiabilit&eacute; de leurs produits.<\/span> <span class=\"NormalTextRun SCXW209911431 BCX8\">Nous collaborons avec des leaders de l&rsquo;industrie comme LG, Jabra, Salamander, et bien d&rsquo;autres. <\/span><\/span><\/p>\n<\/div>\t                   \t\t\t                   <\/li>\n\t                \t                   <li>\n\t                   \t\t\t                   \t\t<h6>Accompagnement complet<\/h6>\t                   \t\t<div class=\"body-content\"><p>AVI-SPL assure un support et une maintenance continus pour garantir le bon fonctionnement de votre syst&egrave;me.<\/p>\n<\/div>\t                   \t\t\t                   <\/li>\n\t                \t            <\/ul>\n\n\t\t\t\t\t\t\t<\/div>\n        \t<\/div>\n<\/section>\n","protected":false},"excerpt":{"rendered":"","protected":false},"author":5,"featured_media":0,"parent":0,"menu_order":3,"comment_status":"closed","ping_status":"closed","template":"","meta":{"_acf_changed":false,"footnotes":""},"class_list":["post-18688","page","type-page","status-publish","hentry"],"acf":[],"yoast_head":"<!-- This site is optimized with the Yoast SEO Premium plugin v27.4 (Yoast SEO v27.4) - https:\/\/yoast.com\/product\/yoast-seo-premium-wordpress\/ -->\n<title>Installation express de Microsoft Teams Rooms - AVI-SPL Canada<\/title>\n<meta name=\"robots\" content=\"index, follow, max-snippet:-1, max-image-preview:large, max-video-preview:-1\" \/>\n<link rel=\"canonical\" href=\"https:\/\/avispl.ca\/fr\/installation-express-de-microsoft-teams-rooms\/\" \/>\n<meta property=\"og:locale\" content=\"fr_FR\" \/>\n<meta property=\"og:type\" content=\"article\" \/>\n<meta property=\"og:title\" content=\"Installation express de Microsoft Teams Rooms\" \/>\n<meta property=\"og:url\" content=\"https:\/\/avispl.ca\/fr\/installation-express-de-microsoft-teams-rooms\/\" \/>\n<meta property=\"og:site_name\" content=\"AVI-SPL Canada\" \/>\n<meta property=\"article:modified_time\" content=\"2026-03-31T21:05:59+00:00\" \/>\n<meta name=\"twitter:card\" content=\"summary_large_image\" \/>\n<meta name=\"twitter:label1\" content=\"Est. reading time\" \/>\n\t<meta name=\"twitter:data1\" content=\"3 minutes\" \/>\n<script type=\"application\/ld+json\" class=\"yoast-schema-graph\">{\"@context\":\"https:\\\/\\\/schema.org\",\"@graph\":[{\"@type\":\"WebPage\",\"@id\":\"https:\\\/\\\/avispl.ca\\\/fr\\\/installation-express-de-microsoft-teams-rooms\\\/\",\"url\":\"https:\\\/\\\/avispl.ca\\\/fr\\\/installation-express-de-microsoft-teams-rooms\\\/\",\"name\":\"Installation express de Microsoft Teams Rooms - AVI-SPL Canada\",\"isPartOf\":{\"@id\":\"https:\\\/\\\/avispl.ca\\\/fr\\\/#website\"},\"datePublished\":\"2026-03-31T21:01:01+00:00\",\"dateModified\":\"2026-03-31T21:05:59+00:00\",\"breadcrumb\":{\"@id\":\"https:\\\/\\\/avispl.ca\\\/fr\\\/installation-express-de-microsoft-teams-rooms\\\/#breadcrumb\"},\"inLanguage\":\"fr-FR\",\"potentialAction\":[{\"@type\":\"ReadAction\",\"target\":[\"https:\\\/\\\/avispl.ca\\\/fr\\\/installation-express-de-microsoft-teams-rooms\\\/\"]}]},{\"@type\":\"BreadcrumbList\",\"@id\":\"https:\\\/\\\/avispl.ca\\\/fr\\\/installation-express-de-microsoft-teams-rooms\\\/#breadcrumb\",\"itemListElement\":[{\"@type\":\"ListItem\",\"position\":1,\"name\":\"Home\",\"item\":\"https:\\\/\\\/avispl.ca\\\/fr\\\/\"},{\"@type\":\"ListItem\",\"position\":2,\"name\":\"Installation express de Microsoft Teams Rooms\"}]},{\"@type\":\"WebSite\",\"@id\":\"https:\\\/\\\/avispl.ca\\\/fr\\\/#website\",\"url\":\"https:\\\/\\\/avispl.ca\\\/fr\\\/\",\"name\":\"AVI-SPL Canada\",\"description\":\"AV\\\/UC collaboration, education and experience technology\",\"publisher\":{\"@id\":\"https:\\\/\\\/avispl.ca\\\/fr\\\/#organization\"},\"potentialAction\":[{\"@type\":\"SearchAction\",\"target\":{\"@type\":\"EntryPoint\",\"urlTemplate\":\"https:\\\/\\\/avispl.ca\\\/fr\\\/?s={search_term_string}\"},\"query-input\":{\"@type\":\"PropertyValueSpecification\",\"valueRequired\":true,\"valueName\":\"search_term_string\"}}],\"inLanguage\":\"fr-FR\"},{\"@type\":\"Organization\",\"@id\":\"https:\\\/\\\/avispl.ca\\\/fr\\\/#organization\",\"name\":\"AVI-SPL Canada\",\"url\":\"https:\\\/\\\/avispl.ca\\\/fr\\\/\",\"logo\":{\"@type\":\"ImageObject\",\"inLanguage\":\"fr-FR\",\"@id\":\"https:\\\/\\\/avispl.ca\\\/fr\\\/#\\\/schema\\\/logo\\\/image\\\/\",\"url\":\"https:\\\/\\\/avispl.ca\\\/wp-content\\\/uploads\\\/sites\\\/8\\\/2024\\\/11\\\/logo.svg\",\"contentUrl\":\"https:\\\/\\\/avispl.ca\\\/wp-content\\\/uploads\\\/sites\\\/8\\\/2024\\\/11\\\/logo.svg\",\"caption\":\"AVI-SPL Canada\"},\"image\":{\"@id\":\"https:\\\/\\\/avispl.ca\\\/fr\\\/#\\\/schema\\\/logo\\\/image\\\/\"}}]}<\/script>\n<!-- \/ Yoast SEO Premium plugin. -->","yoast_head_json":{"title":"Installation express de Microsoft Teams Rooms - AVI-SPL Canada","robots":{"index":"index","follow":"follow","max-snippet":"max-snippet:-1","max-image-preview":"max-image-preview:large","max-video-preview":"max-video-preview:-1"},"canonical":"https:\/\/avispl.ca\/fr\/installation-express-de-microsoft-teams-rooms\/","og_locale":"fr_FR","og_type":"article","og_title":"Installation express de Microsoft Teams Rooms","og_url":"https:\/\/avispl.ca\/fr\/installation-express-de-microsoft-teams-rooms\/","og_site_name":"AVI-SPL Canada","article_modified_time":"2026-03-31T21:05:59+00:00","twitter_card":"summary_large_image","twitter_misc":{"Est. reading time":"3 minutes"},"schema":{"@context":"https:\/\/schema.org","@graph":[{"@type":"WebPage","@id":"https:\/\/avispl.ca\/fr\/installation-express-de-microsoft-teams-rooms\/","url":"https:\/\/avispl.ca\/fr\/installation-express-de-microsoft-teams-rooms\/","name":"Installation express de Microsoft Teams Rooms - AVI-SPL Canada","isPartOf":{"@id":"https:\/\/avispl.ca\/fr\/#website"},"datePublished":"2026-03-31T21:01:01+00:00","dateModified":"2026-03-31T21:05:59+00:00","breadcrumb":{"@id":"https:\/\/avispl.ca\/fr\/installation-express-de-microsoft-teams-rooms\/#breadcrumb"},"inLanguage":"fr-FR","potentialAction":[{"@type":"ReadAction","target":["https:\/\/avispl.ca\/fr\/installation-express-de-microsoft-teams-rooms\/"]}]},{"@type":"BreadcrumbList","@id":"https:\/\/avispl.ca\/fr\/installation-express-de-microsoft-teams-rooms\/#breadcrumb","itemListElement":[{"@type":"ListItem","position":1,"name":"Home","item":"https:\/\/avispl.ca\/fr\/"},{"@type":"ListItem","position":2,"name":"Installation express de Microsoft Teams Rooms"}]},{"@type":"WebSite","@id":"https:\/\/avispl.ca\/fr\/#website","url":"https:\/\/avispl.ca\/fr\/","name":"AVI-SPL Canada","description":"AV\/UC collaboration, education and experience technology","publisher":{"@id":"https:\/\/avispl.ca\/fr\/#organization"},"potentialAction":[{"@type":"SearchAction","target":{"@type":"EntryPoint","urlTemplate":"https:\/\/avispl.ca\/fr\/?s={search_term_string}"},"query-input":{"@type":"PropertyValueSpecification","valueRequired":true,"valueName":"search_term_string"}}],"inLanguage":"fr-FR"},{"@type":"Organization","@id":"https:\/\/avispl.ca\/fr\/#organization","name":"AVI-SPL Canada","url":"https:\/\/avispl.ca\/fr\/","logo":{"@type":"ImageObject","inLanguage":"fr-FR","@id":"https:\/\/avispl.ca\/fr\/#\/schema\/logo\/image\/","url":"https:\/\/avispl.ca\/wp-content\/uploads\/sites\/8\/2024\/11\/logo.svg","contentUrl":"https:\/\/avispl.ca\/wp-content\/uploads\/sites\/8\/2024\/11\/logo.svg","caption":"AVI-SPL Canada"},"image":{"@id":"https:\/\/avispl.ca\/fr\/#\/schema\/logo\/image\/"}}]}},"_links":{"self":[{"href":"https:\/\/avispl.ca\/fr\/wp-json\/wp\/v2\/pages\/18688","targetHints":{"allow":["GET"]}}],"collection":[{"href":"https:\/\/avispl.ca\/fr\/wp-json\/wp\/v2\/pages"}],"about":[{"href":"https:\/\/avispl.ca\/fr\/wp-json\/wp\/v2\/types\/page"}],"author":[{"embeddable":true,"href":"https:\/\/avispl.ca\/fr\/wp-json\/wp\/v2\/users\/5"}],"replies":[{"embeddable":true,"href":"https:\/\/avispl.ca\/fr\/wp-json\/wp\/v2\/comments?post=18688"}],"version-history":[{"count":3,"href":"https:\/\/avispl.ca\/fr\/wp-json\/wp\/v2\/pages\/18688\/revisions"}],"predecessor-version":[{"id":18694,"href":"https:\/\/avispl.ca\/fr\/wp-json\/wp\/v2\/pages\/18688\/revisions\/18694"}],"wp:attachment":[{"href":"https:\/\/avispl.ca\/fr\/wp-json\/wp\/v2\/media?parent=18688"}],"curies":[{"name":"wp","href":"https:\/\/api.w.org\/{rel}","templated":true}]}}