{"id":18038,"date":"2025-09-04T09:38:20","date_gmt":"2025-09-04T13:38:20","guid":{"rendered":"https:\/\/avispl.ca\/culture-et-appartenance\/"},"modified":"2025-10-30T14:13:59","modified_gmt":"2025-10-30T18:13:59","slug":"culture-et-appartenance","status":"publish","type":"page","link":"https:\/\/avispl.ca\/fr\/culture-et-appartenance\/","title":{"rendered":"CULTURE ET APPARTENANCE"},"content":{"rendered":"\n<section class=\"hero page-block hero--small\">\n            <picture class=\"hero__bg\">\n            <source\n                srcset=\"\"\n                media=\"(max-width: 480px)\"\n                alt=\"Decorative image\">\n\n            <img decoding=\"async\"\n                src=\"https:\/\/avispl.ca\/wp-content\/uploads\/sites\/8\/2025\/01\/iStock-2147591354-1-scaled.jpg\"\n                alt=\"Decorative image\"\n                loading=\"lazy\">\n        <\/picture>\n    \n                        <div class=\"hero__content\">\n                <div class=\"container\">\n                                                               <h1 data-splitting=\"words\">CULTURE ET APPARTENANCE<\/h1>\n                    \n                    \n                    \n                    <button class=\"hero__scroll scroll-btn scroll-btn--o scroll-to-main\"\n\t\t\t\t        aria-label=\"Scroll to bottom of the hero section\"\n\t\t\t\t        title=\"Scroll to bottom of the hero section\">\n\t\t\t\t\t    <span class=\"sr-only\">Scroll to bottom of the hero section<\/span>\n\t\t\t\t\t<\/button>\n                <\/div>\n            <\/div>\n            <\/section>\n<div id=\"main-content\"><\/div>\n\n<section class=\"intro-image-text page-block intro-image-text--daffodil intro-image-text--no-grid\" role=\"region\">\n\t<span class=\"intro-image-text__bg\"><span class=\"intro-image-text__bg__inner\"><\/span><\/span>\n\t<div class=\"container\">\n\t\t<div class=\"intro-image-text__image\">\n\t\t    <img loading=\"lazy\" decoding=\"async\" width=\"2560\" height=\"1707\" src=\"https:\/\/avispl.ca\/wp-content\/uploads\/sites\/8\/2025\/01\/AVI-SPL-D1A-457-scaled.jpg\" class=\"attachment-full size-full\" alt=\"\" srcset=\"https:\/\/avispl.ca\/wp-content\/uploads\/sites\/8\/2025\/01\/AVI-SPL-D1A-457-scaled.jpg 2560w, https:\/\/avispl.ca\/wp-content\/uploads\/sites\/8\/2025\/01\/AVI-SPL-D1A-457-300x200.jpg 300w, https:\/\/avispl.ca\/wp-content\/uploads\/sites\/8\/2025\/01\/AVI-SPL-D1A-457-1024x683.jpg 1024w, https:\/\/avispl.ca\/wp-content\/uploads\/sites\/8\/2025\/01\/AVI-SPL-D1A-457-768x512.jpg 768w, https:\/\/avispl.ca\/wp-content\/uploads\/sites\/8\/2025\/01\/AVI-SPL-D1A-457-1536x1024.jpg 1536w, https:\/\/avispl.ca\/wp-content\/uploads\/sites\/8\/2025\/01\/AVI-SPL-D1A-457-2048x1365.jpg 2048w, https:\/\/avispl.ca\/wp-content\/uploads\/sites\/8\/2025\/01\/AVI-SPL-D1A-457-125x83.jpg 125w\" sizes=\"auto, (max-width: 2560px) 100vw, 2560px\" \/>\t\t<\/div>\n\n\t\t<div class=\"intro-image-text__text\">\n                        \t<h3 class=\"h3\">NOTRE ENGAGEMENT<\/h3>\n                                    \t<div class=\"body-content\">\n                \t<p>La connexion est au c\u0153ur de tout ce que nous faisons \u2013 connexion avec nos collaborateurs, nos clients et les communaut\u00e9s dans lesquelles nous vivons et que nous servons dans le monde entier. Notre engagement en faveur de la diversit\u00e9 est simple : nous offrons des liens, des opportunit\u00e9s et une voix \u00e0 tous, quelle que soit leur origine. <\/p>\n                <\/div>\n                        \n        <\/div>\n\t<\/div>\n<\/section>\n\n<section class=\"image-text-new page-block image-text-new--lg image-text-new--r\" role=\"region\">\n\t<div class=\"container\">\n\t\t<div class=\"image-text-new__image\">\n\t\t\t\t\t\t\t<div class=\"image-text-new__image__wrap\">\n\t\t\t\t    <img loading=\"lazy\" decoding=\"async\" width=\"1920\" height=\"2560\" src=\"https:\/\/avispl.ca\/wp-content\/uploads\/sites\/8\/2025\/01\/IMG_3398-scaled.jpg\" class=\"attachment-full size-full\" alt=\"\" srcset=\"https:\/\/avispl.ca\/wp-content\/uploads\/sites\/8\/2025\/01\/IMG_3398-scaled.jpg 1920w, https:\/\/avispl.ca\/wp-content\/uploads\/sites\/8\/2025\/01\/IMG_3398-225x300.jpg 225w, https:\/\/avispl.ca\/wp-content\/uploads\/sites\/8\/2025\/01\/IMG_3398-768x1024.jpg 768w, https:\/\/avispl.ca\/wp-content\/uploads\/sites\/8\/2025\/01\/IMG_3398-1152x1536.jpg 1152w, https:\/\/avispl.ca\/wp-content\/uploads\/sites\/8\/2025\/01\/IMG_3398-1536x2048.jpg 1536w, https:\/\/avispl.ca\/wp-content\/uploads\/sites\/8\/2025\/01\/IMG_3398-94x125.jpg 94w\" sizes=\"auto, (max-width: 1920px) 100vw, 1920px\" \/>\t\t\t\t<\/div>\n\t\t\t\t\t<\/div>\n\n\t\t<div class=\"image-text-new__text\">\n                                    \t<div class=\"body-content\">\n                \t<ul>\n<li><strong>Nous appr\u00e9cions<\/strong><br \/>\nles qualit\u00e9s visibles et invisibles qui font de vous ce que vous \u00eates. Notre diversit\u00e9 fait de nous de meilleurs humains et de meilleurs employ\u00e9s et fait d\u2019AVI-SPL une meilleure entreprise. <\/li>\n<li><strong>NOUS c\u00e9l\u00e9brons<\/strong><br \/>\nque chaque personne apporte une perspective et une exp\u00e9rience uniques pour faire avancer la mission d\u2019AVI-SPL \u2013 transformer la fa\u00e7on dont les personnes et la technologie se connectent pour \u00e9lever les exp\u00e9riences, cr\u00e9er une nouvelle valeur et permettre aux organisations de prosp\u00e9rer et de se d\u00e9velopper.<\/li>\n<li><strong>Nous croyons<\/strong><br \/>\nque chaque employ\u00e9 doit avoir une voix \u00e9gale et un acc\u00e8s \u00e9gal aux opportunit\u00e9s et aux connexions.<\/li>\n<li><strong>Nous nous engageons<\/strong><br \/>\nd\u2019int\u00e9grer les pratiques de diversit\u00e9, d\u2019\u00e9quit\u00e9, d\u2019appartenance et d\u2019inclusion au c\u0153ur de notre travail quotidien.<\/li>\n<li><strong>Nous nous engageons<\/strong><br \/>\n\u00e0 utiliser ces pratiques pour notre entreprise et les communaut\u00e9s que nous servons.<\/li>\n<\/ul>\n                <\/div>\n                                            <\/div>\n\t<\/div>\n<\/section>\n\n<section class=\"numbered-cards page-block\" role=\"region\" aria-labelledby=\"numbered-slider-heading\">\n    <div class=\"container\">\n        <div class=\"numbered-cards__header\">\n            <h3 data-splitting=\"words\">Nos<br>objectifs<\/h3>            <div class=\"numbered-cards__header__right\">\n\t            \t            <a class=\"ui-link ui-link--daffodil\"href=\"https:\/\/avispl.ca\/fr\/carrieres\/\"><span>Carri\u00e8res<\/span><\/a>\t        <\/div>\n        <\/div>\n\n                    <div class=\"numbered-cards__grid\">\n                                    <div class=\"card\">\n                        <span class=\"heading\">01<\/span>\n                        <h4 class=\"h6\">Am\u00e9liorer l\u2019exp\u00e9rience des employ\u00e9s<\/h4>                        <div class=\"body-content\"><ul>\n<li>Int\u00e9grer la culture et l&rsquo;appartenance dans les valeurs et les prises de d\u00e9cision de l&rsquo;entreprise<\/li>\n<li>Utiliser les canaux de communication pour promouvoir la culture et l&rsquo;appartenance<\/li>\n<li><span data-olk-copy-source=\"MessageBody\">Sensibiliser et soutenir les groupes-ressources d&#8217;employ\u00e9s<\/span><\/li>\n<li>Collaborer avec diverses communaut\u00e9s et parties prenantes<\/li>\n<\/ul>\n<\/div>                    <\/div>\n                                    <div class=\"card\">\n                        <span class=\"heading\">02<\/span>\n                        <h4 class=\"h6\">Attirer des candidats diversifi\u00e9s<\/h4>                        <div class=\"body-content\"><ul>\n<li>Mettre en \u0153uvre des politiques globales et proposer des formations adapt\u00e9es<\/li>\n<li>Offrir des possibilit\u00e9s de croissance et d&rsquo;avancement<\/li>\n<li>Encourager la diversit\u00e9 dans la repr\u00e9sentation des employ\u00e9s<\/li>\n<li>Am\u00e9liorer les programmes de stages, de mentorat et de leadership<\/li>\n<\/ul>\n<\/div>                    <\/div>\n                                    <div class=\"card\">\n                        <span class=\"heading\">03<\/span>\n                        <h4 class=\"h6\">Constituer un vivier de talents diversifi\u00e9s et former des dirigeants diversifi\u00e9s<\/h4>                        <div class=\"body-content\"><ul>\n<li>Collaborez avec diverses sources de recrutement<\/li>\n<li>Veiller \u00e0 ce que les pratiques d&#8217;embauche soient inclusives<\/li>\n<li>Mettre en avant le programme Culture &amp; Appartenance dans les efforts de recrutement et sur les r\u00e9seaux sociaux<\/li>\n<\/ul>\n<\/div>                    <\/div>\n                            <\/div>\n            <\/div>\n<\/section>\n\n<section    class=\"icons-grid page-block icons-grid--5-cols icons-grid--icons icons-grid--white\"\n    role=\"region\"\n    aria-labelledby=\"icons-grid-heading\">\n\n    <div class=\"container\">\n                \t<div class=\"icons-grid__header\">\n                                    <h3 class=\"h4\" id=\"icons-grid-heading\">Nos groupes de ressources pour les employ\u00e9s<\/h3>\n                \n                                    <p>En 2021, nous avons cr\u00e9\u00e9 nos premiers groupes de ressources pour les employ\u00e9s (ERG). Avec ces groupes, organis\u00e9s par les employ\u00e9s pour les employ\u00e9s, nous favorisons un sens de la communaut\u00e9, fournissons un espace s\u00fbr pour le dialogue et recommandons des fa\u00e7ons dont AVI-SPL peut mieux soutenir ses employ\u00e9s, sa culture et ses communaut\u00e9s.AVI-SPL dispose actuellement de cinq groupes de ressources pour les employ\u00e9s, copr\u00e9sid\u00e9s par des employ\u00e9s de l\u2019ensemble de l\u2019entreprise. Les groupes collaborent souvent, reconnaissant l\u2019intersectionnalit\u00e9 de leur communaut\u00e9, et comprennent : <\/p>\n                            <\/div>\n        \n                    <div class=\"icons-grid__grid swiper\">\n                <div class=\"swiper-wrapper\">\n                                            <div class=\"icon-col swiper-slide\">\n                            <img loading=\"lazy\" decoding=\"async\" width=\"346\" height=\"346\" src=\"https:\/\/avispl.ca\/wp-content\/uploads\/sites\/8\/2025\/09\/Open-1.png\" class=\"attachment-full size-full\" alt=\"Open\" srcset=\"https:\/\/avispl.ca\/wp-content\/uploads\/sites\/8\/2025\/09\/Open-1.png 346w, https:\/\/avispl.ca\/wp-content\/uploads\/sites\/8\/2025\/09\/Open-1-300x300.png 300w, https:\/\/avispl.ca\/wp-content\/uploads\/sites\/8\/2025\/09\/Open-1-150x150.png 150w, https:\/\/avispl.ca\/wp-content\/uploads\/sites\/8\/2025\/09\/Open-1-125x125.png 125w\" sizes=\"auto, (max-width: 346px) 100vw, 346px\" \/>                            <h4 class=\"h6\"><\/h4>\n                            <p><\/p>\n                        <\/div>\n                                            <div class=\"icon-col swiper-slide\">\n                            <img loading=\"lazy\" decoding=\"async\" width=\"300\" height=\"300\" src=\"https:\/\/avispl.ca\/wp-content\/uploads\/sites\/8\/2025\/09\/Culture-Coalition-300x300-1.png\" class=\"attachment-full size-full\" alt=\"Culture Coalition\" srcset=\"https:\/\/avispl.ca\/wp-content\/uploads\/sites\/8\/2025\/09\/Culture-Coalition-300x300-1.png 300w, https:\/\/avispl.ca\/wp-content\/uploads\/sites\/8\/2025\/09\/Culture-Coalition-300x300-1-150x150.png 150w, https:\/\/avispl.ca\/wp-content\/uploads\/sites\/8\/2025\/09\/Culture-Coalition-300x300-1-125x125.png 125w\" sizes=\"auto, (max-width: 300px) 100vw, 300px\" \/>                            <h4 class=\"h6\"><\/h4>\n                            <p><\/p>\n                        <\/div>\n                                            <div class=\"icon-col swiper-slide\">\n                            <img loading=\"lazy\" decoding=\"async\" width=\"300\" height=\"300\" src=\"https:\/\/avispl.ca\/wp-content\/uploads\/sites\/8\/2025\/09\/Elevate-300x300-1.png\" class=\"attachment-full size-full\" alt=\"Elevate\" srcset=\"https:\/\/avispl.ca\/wp-content\/uploads\/sites\/8\/2025\/09\/Elevate-300x300-1.png 300w, https:\/\/avispl.ca\/wp-content\/uploads\/sites\/8\/2025\/09\/Elevate-300x300-1-150x150.png 150w, https:\/\/avispl.ca\/wp-content\/uploads\/sites\/8\/2025\/09\/Elevate-300x300-1-125x125.png 125w\" sizes=\"auto, (max-width: 300px) 100vw, 300px\" \/>                            <h4 class=\"h6\"><\/h4>\n                            <p><\/p>\n                        <\/div>\n                                            <div class=\"icon-col swiper-slide\">\n                            <img loading=\"lazy\" decoding=\"async\" width=\"300\" height=\"300\" src=\"https:\/\/avispl.ca\/wp-content\/uploads\/sites\/8\/2025\/09\/Able-300x300-1.png\" class=\"attachment-full size-full\" alt=\"Able\" srcset=\"https:\/\/avispl.ca\/wp-content\/uploads\/sites\/8\/2025\/09\/Able-300x300-1.png 300w, https:\/\/avispl.ca\/wp-content\/uploads\/sites\/8\/2025\/09\/Able-300x300-1-150x150.png 150w, https:\/\/avispl.ca\/wp-content\/uploads\/sites\/8\/2025\/09\/Able-300x300-1-125x125.png 125w\" sizes=\"auto, (max-width: 300px) 100vw, 300px\" \/>                            <h4 class=\"h6\"><\/h4>\n                            <p><\/p>\n                        <\/div>\n                                            <div class=\"icon-col swiper-slide\">\n                            <img loading=\"lazy\" decoding=\"async\" width=\"300\" height=\"300\" src=\"https:\/\/avispl.ca\/wp-content\/uploads\/sites\/8\/2025\/09\/AV-Military-Vets-300x300-1.png\" class=\"attachment-full size-full\" alt=\"AV Military Vets\" srcset=\"https:\/\/avispl.ca\/wp-content\/uploads\/sites\/8\/2025\/09\/AV-Military-Vets-300x300-1.png 300w, https:\/\/avispl.ca\/wp-content\/uploads\/sites\/8\/2025\/09\/AV-Military-Vets-300x300-1-150x150.png 150w, https:\/\/avispl.ca\/wp-content\/uploads\/sites\/8\/2025\/09\/AV-Military-Vets-300x300-1-125x125.png 125w\" sizes=\"auto, (max-width: 300px) 100vw, 300px\" \/>                            <h4 class=\"h6\"><\/h4>\n                            <p><\/p>\n                        <\/div>\n                                    <\/div>\n            <\/div>\n        \n        <div class=\"base-slider__footer\">\n            <div class=\"swiper-buttons swiper-buttons--g\">\n                <button class=\"swiper-button-prev\" aria-label=\"Previous Slide\"><\/button>\n                <button class=\"swiper-button-next\" aria-label=\"Next Slide\"><\/button>\n            <\/div>\n\n            <div class=\"swiper-pagination\"><\/div>\n        <\/div>\n    <\/div>\n<\/section>\n","protected":false},"excerpt":{"rendered":"","protected":false},"author":5,"featured_media":0,"parent":0,"menu_order":9,"comment_status":"closed","ping_status":"closed","template":"","meta":{"_acf_changed":false,"footnotes":""},"class_list":["post-18038","page","type-page","status-publish","hentry"],"acf":[],"yoast_head":"<!-- This site is optimized with the Yoast SEO Premium plugin v27.3 (Yoast SEO v27.3) - https:\/\/yoast.com\/product\/yoast-seo-premium-wordpress\/ -->\n<title>CULTURE ET APPARTENANCE<\/title>\n<meta name=\"description\" content=\"Notre engagement en faveur de la culture et de l&#039;appartenance est simple : nous offrons \u00e0 chacun, quelle que soit son origine, la possibilit\u00e9 de cr\u00e9er des liens, de saisir des opportunit\u00e9s et de faire entendre sa voix.\" \/>\n<meta name=\"robots\" content=\"index, follow, max-snippet:-1, max-image-preview:large, max-video-preview:-1\" \/>\n<link rel=\"canonical\" href=\"https:\/\/avispl.ca\/fr\/culture-et-appartenance\/\" \/>\n<meta property=\"og:locale\" content=\"fr_FR\" \/>\n<meta property=\"og:type\" content=\"article\" \/>\n<meta property=\"og:title\" content=\"CULTURE ET APPARTENANCE\" \/>\n<meta property=\"og:description\" content=\"Notre engagement en faveur de la culture et de l&#039;appartenance est simple : nous offrons \u00e0 chacun, quelle que soit son origine, la possibilit\u00e9 de cr\u00e9er des liens, de saisir des opportunit\u00e9s et de faire entendre sa voix.\" \/>\n<meta property=\"og:url\" content=\"https:\/\/avispl.ca\/fr\/culture-et-appartenance\/\" \/>\n<meta property=\"og:site_name\" content=\"AVI-SPL Canada\" \/>\n<meta property=\"article:modified_time\" content=\"2025-10-30T18:13:59+00:00\" \/>\n<meta name=\"twitter:card\" content=\"summary_large_image\" \/>\n<script type=\"application\/ld+json\" class=\"yoast-schema-graph\">{\"@context\":\"https:\\\/\\\/schema.org\",\"@graph\":[{\"@type\":\"WebPage\",\"@id\":\"https:\\\/\\\/avispl.ca\\\/fr\\\/culture-et-appartenance\\\/\",\"url\":\"https:\\\/\\\/avispl.ca\\\/fr\\\/culture-et-appartenance\\\/\",\"name\":\"CULTURE ET APPARTENANCE\",\"isPartOf\":{\"@id\":\"https:\\\/\\\/avispl.ca\\\/fr\\\/#website\"},\"datePublished\":\"2025-09-04T13:38:20+00:00\",\"dateModified\":\"2025-10-30T18:13:59+00:00\",\"description\":\"Notre engagement en faveur de la culture et de l'appartenance est simple : nous offrons \u00e0 chacun, quelle que soit son origine, la possibilit\u00e9 de cr\u00e9er des liens, de saisir des opportunit\u00e9s et de faire entendre sa voix.\",\"breadcrumb\":{\"@id\":\"https:\\\/\\\/avispl.ca\\\/fr\\\/culture-et-appartenance\\\/#breadcrumb\"},\"inLanguage\":\"fr-FR\",\"potentialAction\":[{\"@type\":\"ReadAction\",\"target\":[\"https:\\\/\\\/avispl.ca\\\/fr\\\/culture-et-appartenance\\\/\"]}]},{\"@type\":\"BreadcrumbList\",\"@id\":\"https:\\\/\\\/avispl.ca\\\/fr\\\/culture-et-appartenance\\\/#breadcrumb\",\"itemListElement\":[{\"@type\":\"ListItem\",\"position\":1,\"name\":\"Home\",\"item\":\"https:\\\/\\\/avispl.ca\\\/fr\\\/\"},{\"@type\":\"ListItem\",\"position\":2,\"name\":\"CULTURE ET APPARTENANCE\"}]},{\"@type\":\"WebSite\",\"@id\":\"https:\\\/\\\/avispl.ca\\\/fr\\\/#website\",\"url\":\"https:\\\/\\\/avispl.ca\\\/fr\\\/\",\"name\":\"AVI-SPL Canada\",\"description\":\"AV\\\/UC collaboration, education and experience technology\",\"publisher\":{\"@id\":\"https:\\\/\\\/avispl.ca\\\/fr\\\/#organization\"},\"potentialAction\":[{\"@type\":\"SearchAction\",\"target\":{\"@type\":\"EntryPoint\",\"urlTemplate\":\"https:\\\/\\\/avispl.ca\\\/fr\\\/?s={search_term_string}\"},\"query-input\":{\"@type\":\"PropertyValueSpecification\",\"valueRequired\":true,\"valueName\":\"search_term_string\"}}],\"inLanguage\":\"fr-FR\"},{\"@type\":\"Organization\",\"@id\":\"https:\\\/\\\/avispl.ca\\\/fr\\\/#organization\",\"name\":\"AVI-SPL Canada\",\"url\":\"https:\\\/\\\/avispl.ca\\\/fr\\\/\",\"logo\":{\"@type\":\"ImageObject\",\"inLanguage\":\"fr-FR\",\"@id\":\"https:\\\/\\\/avispl.ca\\\/fr\\\/#\\\/schema\\\/logo\\\/image\\\/\",\"url\":\"https:\\\/\\\/avispl.ca\\\/wp-content\\\/uploads\\\/sites\\\/8\\\/2024\\\/11\\\/logo.svg\",\"contentUrl\":\"https:\\\/\\\/avispl.ca\\\/wp-content\\\/uploads\\\/sites\\\/8\\\/2024\\\/11\\\/logo.svg\",\"caption\":\"AVI-SPL Canada\"},\"image\":{\"@id\":\"https:\\\/\\\/avispl.ca\\\/fr\\\/#\\\/schema\\\/logo\\\/image\\\/\"}}]}<\/script>\n<!-- \/ Yoast SEO Premium plugin. -->","yoast_head_json":{"title":"CULTURE ET APPARTENANCE","description":"Notre engagement en faveur de la culture et de l'appartenance est simple : nous offrons \u00e0 chacun, quelle que soit son origine, la possibilit\u00e9 de cr\u00e9er des liens, de saisir des opportunit\u00e9s et de faire entendre sa voix.","robots":{"index":"index","follow":"follow","max-snippet":"max-snippet:-1","max-image-preview":"max-image-preview:large","max-video-preview":"max-video-preview:-1"},"canonical":"https:\/\/avispl.ca\/fr\/culture-et-appartenance\/","og_locale":"fr_FR","og_type":"article","og_title":"CULTURE ET APPARTENANCE","og_description":"Notre engagement en faveur de la culture et de l'appartenance est simple : nous offrons \u00e0 chacun, quelle que soit son origine, la possibilit\u00e9 de cr\u00e9er des liens, de saisir des opportunit\u00e9s et de faire entendre sa voix.","og_url":"https:\/\/avispl.ca\/fr\/culture-et-appartenance\/","og_site_name":"AVI-SPL Canada","article_modified_time":"2025-10-30T18:13:59+00:00","twitter_card":"summary_large_image","schema":{"@context":"https:\/\/schema.org","@graph":[{"@type":"WebPage","@id":"https:\/\/avispl.ca\/fr\/culture-et-appartenance\/","url":"https:\/\/avispl.ca\/fr\/culture-et-appartenance\/","name":"CULTURE ET APPARTENANCE","isPartOf":{"@id":"https:\/\/avispl.ca\/fr\/#website"},"datePublished":"2025-09-04T13:38:20+00:00","dateModified":"2025-10-30T18:13:59+00:00","description":"Notre engagement en faveur de la culture et de l'appartenance est simple : nous offrons \u00e0 chacun, quelle que soit son origine, la possibilit\u00e9 de cr\u00e9er des liens, de saisir des opportunit\u00e9s et de faire entendre sa voix.","breadcrumb":{"@id":"https:\/\/avispl.ca\/fr\/culture-et-appartenance\/#breadcrumb"},"inLanguage":"fr-FR","potentialAction":[{"@type":"ReadAction","target":["https:\/\/avispl.ca\/fr\/culture-et-appartenance\/"]}]},{"@type":"BreadcrumbList","@id":"https:\/\/avispl.ca\/fr\/culture-et-appartenance\/#breadcrumb","itemListElement":[{"@type":"ListItem","position":1,"name":"Home","item":"https:\/\/avispl.ca\/fr\/"},{"@type":"ListItem","position":2,"name":"CULTURE ET APPARTENANCE"}]},{"@type":"WebSite","@id":"https:\/\/avispl.ca\/fr\/#website","url":"https:\/\/avispl.ca\/fr\/","name":"AVI-SPL Canada","description":"AV\/UC collaboration, education and experience technology","publisher":{"@id":"https:\/\/avispl.ca\/fr\/#organization"},"potentialAction":[{"@type":"SearchAction","target":{"@type":"EntryPoint","urlTemplate":"https:\/\/avispl.ca\/fr\/?s={search_term_string}"},"query-input":{"@type":"PropertyValueSpecification","valueRequired":true,"valueName":"search_term_string"}}],"inLanguage":"fr-FR"},{"@type":"Organization","@id":"https:\/\/avispl.ca\/fr\/#organization","name":"AVI-SPL Canada","url":"https:\/\/avispl.ca\/fr\/","logo":{"@type":"ImageObject","inLanguage":"fr-FR","@id":"https:\/\/avispl.ca\/fr\/#\/schema\/logo\/image\/","url":"https:\/\/avispl.ca\/wp-content\/uploads\/sites\/8\/2024\/11\/logo.svg","contentUrl":"https:\/\/avispl.ca\/wp-content\/uploads\/sites\/8\/2024\/11\/logo.svg","caption":"AVI-SPL Canada"},"image":{"@id":"https:\/\/avispl.ca\/fr\/#\/schema\/logo\/image\/"}}]}},"_links":{"self":[{"href":"https:\/\/avispl.ca\/fr\/wp-json\/wp\/v2\/pages\/18038","targetHints":{"allow":["GET"]}}],"collection":[{"href":"https:\/\/avispl.ca\/fr\/wp-json\/wp\/v2\/pages"}],"about":[{"href":"https:\/\/avispl.ca\/fr\/wp-json\/wp\/v2\/types\/page"}],"author":[{"embeddable":true,"href":"https:\/\/avispl.ca\/fr\/wp-json\/wp\/v2\/users\/5"}],"replies":[{"embeddable":true,"href":"https:\/\/avispl.ca\/fr\/wp-json\/wp\/v2\/comments?post=18038"}],"version-history":[{"count":0,"href":"https:\/\/avispl.ca\/fr\/wp-json\/wp\/v2\/pages\/18038\/revisions"}],"wp:attachment":[{"href":"https:\/\/avispl.ca\/fr\/wp-json\/wp\/v2\/media?parent=18038"}],"curies":[{"name":"wp","href":"https:\/\/api.w.org\/{rel}","templated":true}]}}