{"id":17498,"date":"2025-02-02T15:33:34","date_gmt":"2025-02-02T20:33:34","guid":{"rendered":"https:\/\/avispl.com\/ca\/q-sys\/"},"modified":"2025-07-07T17:31:26","modified_gmt":"2025-07-07T21:31:26","slug":"q-sys","status":"publish","type":"page","link":"https:\/\/avispl.ca\/fr\/q-sys\/","title":{"rendered":"Q-sys"},"content":{"rendered":"\n<section class=\"hero page-block hero--x-small\">\n    \n                        <div class=\"hero__content\">\n                <div class=\"container\">\n                                           <div class=\"hero__content__logo hero__content__logo--bottom\">\n                            <img decoding=\"async\" src=\"https:\/\/avispl.ca\/wp-content\/uploads\/sites\/8\/2025\/04\/Q-SYS_logo-SVG.svg\" class=\"attachment-full size-full\" alt=\"\" \/>                        <\/div>\n                                                                <h1 data-splitting=\"words\">Q-sys<\/h1>\n                    \n                    \n                    \n                    <button class=\"hero__scroll scroll-btn scroll-btn--o scroll-to-main\"\n\t\t\t\t        aria-label=\"Scroll to bottom of the hero section\"\n\t\t\t\t        title=\"Scroll to bottom of the hero section\">\n\t\t\t\t\t    <span class=\"sr-only\">Scroll to bottom of the hero section<\/span>\n\t\t\t\t\t<\/button>\n                <\/div>\n            <\/div>\n            <\/section>\n<div id=\"main-content\"><\/div>\n\n<section class=\"image-text-new page-block page-block--padding-no-bottom image-text-new--sm image-text-new--r\" role=\"region\">\n\t<div class=\"container\">\n\t\t<div class=\"image-text-new__image\">\n\t\t\t\t\t\t\t<div class=\"image-text-new__image__wrap\">\n\t\t\t\t    <img loading=\"lazy\" decoding=\"async\" width=\"2560\" height=\"1344\" src=\"https:\/\/avispl.ca\/wp-content\/uploads\/sites\/8\/2025\/01\/Q-SYS-Signature-Microsoft-Teams-Room-layout-scaled-e1687535617732-scaled.jpg\" class=\"attachment-full size-full\" alt=\"\" srcset=\"https:\/\/avispl.ca\/wp-content\/uploads\/sites\/8\/2025\/01\/Q-SYS-Signature-Microsoft-Teams-Room-layout-scaled-e1687535617732-scaled.jpg 2560w, https:\/\/avispl.ca\/wp-content\/uploads\/sites\/8\/2025\/01\/Q-SYS-Signature-Microsoft-Teams-Room-layout-scaled-e1687535617732-300x157.jpg 300w, https:\/\/avispl.ca\/wp-content\/uploads\/sites\/8\/2025\/01\/Q-SYS-Signature-Microsoft-Teams-Room-layout-scaled-e1687535617732-1024x538.jpg 1024w, https:\/\/avispl.ca\/wp-content\/uploads\/sites\/8\/2025\/01\/Q-SYS-Signature-Microsoft-Teams-Room-layout-scaled-e1687535617732-768x403.jpg 768w, https:\/\/avispl.ca\/wp-content\/uploads\/sites\/8\/2025\/01\/Q-SYS-Signature-Microsoft-Teams-Room-layout-scaled-e1687535617732-1536x806.jpg 1536w, https:\/\/avispl.ca\/wp-content\/uploads\/sites\/8\/2025\/01\/Q-SYS-Signature-Microsoft-Teams-Room-layout-scaled-e1687535617732-2048x1075.jpg 2048w, https:\/\/avispl.ca\/wp-content\/uploads\/sites\/8\/2025\/01\/Q-SYS-Signature-Microsoft-Teams-Room-layout-scaled-e1687535617732-125x66.jpg 125w\" sizes=\"auto, (max-width: 2560px) 100vw, 2560px\" \/>\t\t\t\t<\/div>\n\t\t\t\t\t<\/div>\n\n\t\t<div class=\"image-text-new__text\">\n                        \t<h3 class=\"h3\">Q-SYS POUR ESPACES \u00c0 HAUT IMPACT<\/h3>\n                                    \t<div class=\"body-content\">\n                \t<p>Q-SYS est une plateforme audio, vid\u00e9o et contr\u00f4le (AV&amp;C) g\u00e9rable via le cloud, bas\u00e9e sur une architecture IT moderne et standardis\u00e9e, et propuls\u00e9e par le syst\u00e8me d\u2019exploitation Q-SYS OS. Con\u00e7ue pour offrir des exp\u00e9riences humaines unifi\u00e9es, \u00e9volutives et fluides, Q-SYS \u00e9l\u00e8ve la barre gr\u00e2ce \u00e0 des formations prim\u00e9es, un support exceptionnel et des solutions innovantes. <\/p>\n<p>Avec des solutions pour les secteurs Corporate, \u00c9ducation, H\u00f4tellerie, Sites &amp; \u00c9v\u00e9nements, Cin\u00e9ma, Gouvernement, Sant\u00e9 et Transport, Q-SYS vous invite \u00e0 d\u00e9couvrir les possibilit\u00e9s offertes dans chaque installation.<\/p>\n                <\/div>\n                        <a class=\"ui-btn ui-btn--secondary ui-btn--secondary-dark\"href=\"#contact\"><span>Contactez nous<\/span><\/a>                    <\/div>\n\t<\/div>\n<\/section>\n\n<section class=\"image-text-new page-block image-text-new--sm\" role=\"region\">\n\t<div class=\"container\">\n\t\t<div class=\"image-text-new__image\">\n\t\t\t\t\t\t\t<div class=\"image-text-new__image__wrap\">\n\t\t\t\t    <img loading=\"lazy\" decoding=\"async\" width=\"640\" height=\"456\" src=\"https:\/\/avispl.ca\/wp-content\/uploads\/sites\/8\/2025\/02\/Core-Nano-Core-8-Flex-Staggered-resize.png\" class=\"attachment-full size-full\" alt=\"\" srcset=\"https:\/\/avispl.ca\/wp-content\/uploads\/sites\/8\/2025\/02\/Core-Nano-Core-8-Flex-Staggered-resize.png 640w, https:\/\/avispl.ca\/wp-content\/uploads\/sites\/8\/2025\/02\/Core-Nano-Core-8-Flex-Staggered-resize-300x214.png 300w, https:\/\/avispl.ca\/wp-content\/uploads\/sites\/8\/2025\/02\/Core-Nano-Core-8-Flex-Staggered-resize-125x89.png 125w\" sizes=\"auto, (max-width: 640px) 100vw, 640px\" \/>\t\t\t\t<\/div>\n\t\t\t\t\t<\/div>\n\n\t\t<div class=\"image-text-new__text\">\n                                    \t<div class=\"body-content\">\n                \t<p>Agissant comme le cerveau de votre syst\u00e8me Q-SYS, le Q-SYS OS pilote un portefeuille complet de solutions natives Q-SYS, en commen\u00e7ant par une gamme compl\u00e8te de processeurs Core. Cette base logicielle unique vous permet de choisir simplement le processeur Core Q-SYS adapt\u00e9 selon vos besoins en entr\u00e9es\/sorties num\u00e9riques\/analogiques et l\u2019\u00e9chelle de votre installation unique. <\/p>\n                <\/div>\n                        <a class=\"ui-link ui-link--blue\"href=\"https:\/\/vimeo.com\/831673294\"><span>EN SAVOIR PLUS SUR LE CORE NANO ET LE CORE 8 FLEX<\/span><\/a>                    <\/div>\n\t<\/div>\n<\/section>\n\n<section class=\"image-text-new page-block image-text-new--sm image-text-new--r image-text-new--dark\" role=\"region\">\n\t<div class=\"container\">\n\t\t<div class=\"image-text-new__image\">\n\t\t\t\t\t\t\t<div class=\"image-text-new__image__wrap\">\n\t\t\t\t    <img loading=\"lazy\" decoding=\"async\" width=\"2560\" height=\"1707\" src=\"https:\/\/avispl.ca\/wp-content\/uploads\/sites\/8\/2025\/02\/0248-24_011-with-Q-SYS-control-scaled.jpg\" class=\"attachment-full size-full\" alt=\"\" srcset=\"https:\/\/avispl.ca\/wp-content\/uploads\/sites\/8\/2025\/02\/0248-24_011-with-Q-SYS-control-scaled.jpg 2560w, https:\/\/avispl.ca\/wp-content\/uploads\/sites\/8\/2025\/02\/0248-24_011-with-Q-SYS-control-300x200.jpg 300w, https:\/\/avispl.ca\/wp-content\/uploads\/sites\/8\/2025\/02\/0248-24_011-with-Q-SYS-control-1024x683.jpg 1024w, https:\/\/avispl.ca\/wp-content\/uploads\/sites\/8\/2025\/02\/0248-24_011-with-Q-SYS-control-768x512.jpg 768w, https:\/\/avispl.ca\/wp-content\/uploads\/sites\/8\/2025\/02\/0248-24_011-with-Q-SYS-control-1536x1024.jpg 1536w, https:\/\/avispl.ca\/wp-content\/uploads\/sites\/8\/2025\/02\/0248-24_011-with-Q-SYS-control-2048x1365.jpg 2048w, https:\/\/avispl.ca\/wp-content\/uploads\/sites\/8\/2025\/02\/0248-24_011-with-Q-SYS-control-125x83.jpg 125w\" sizes=\"auto, (max-width: 2560px) 100vw, 2560px\" \/>\t\t\t\t<\/div>\n\t\t\t\t\t<\/div>\n\n\t\t<div class=\"image-text-new__text\">\n                        \t<h3 class=\"h3\">D\u00c9COUVRIR L\u2019ESPACE \u00c0 HAUT IMPACT<\/h3>\n                                    \t<div class=\"body-content\">\n                \t<p><strong>Cl\u00e9 de la cr\u00e9ativit\u00e9 et de la r\u00e9ussite dans un environnement de travail hybride<\/p>\n<p>Le cabinet d\u2019analystes Frost &amp; Sullivan explore l\u2019\u00e9mergence d\u2019une nouvelle cat\u00e9gorie d\u2019espaces de collaboration sophistiqu\u00e9s appel\u00e9s \u00ab High Impact Spaces \u00bb, caract\u00e9ris\u00e9s par une exp\u00e9rience utilisateur \u00e9lev\u00e9e et rendus possibles par des plateformes AV et de contr\u00f4le professionnelles.<\/strong><\/p>\n                <\/div>\n                        <a class=\"ui-link ui-link--blue\"href=\"\/wp-content\/uploads\/sites\/8\/2025\/02\/Frost-and-Sullivan-Executive-Brief_High-Impact-Spaces_QSYS-1.pdf\"><span>LIRE LE R\u00c9SUM\u00c9 EX\u00c9CUTIF<\/span><\/a>                    <\/div>\n\t<\/div>\n<\/section>\n\n<section class=\"content-list page-block content-list--sarcelle\" role=\"region\">\n\t<div class=\"container\">\n\t\t<div class=\"content-list__content\">\n\t\t\t<h2 data-splitting=\"words\" class=\"h3\">Solutions<\/h2>\t\t\t<div class=\"content-list__content__body\"><p>\u00c0 travers le monde, des entreprises, parcs \u00e0 th\u00e8mes, h\u00f4tels, universit\u00e9s et autres s\u2019appuient sur les solutions Q-SYS pour offrir des exp\u00e9riences exceptionnelles. En partenariat avec AVI-SPL, Q-SYS stimule l\u2019innovation via Microsoft Teams Rooms, Zoom Rooms, Google Meet et les environnements BYOD. <\/p>\n<p>Regardez les vid\u00e9os ci-dessous pour rejoindre les guides Q-SYS et en apprendre plus sur les capacit\u00e9s Q-SYS dans divers espaces, solutions et partenariats.<\/p>\n<\/div>\t\t\t\t\t\t\t\t<\/div>\n\n\t\t\n\t\t\t\t\t<div class=\"content-list__list\">\n\t\t\t\t\t            <ul>\n\t                \t                   <li>\n\t                   \t\t<a href=\"https:\/\/vimeo.com\/831662860\" target=\"_blank\" >\t                   \t\t<h6>Google Et Espaces De Conf\u00e9rence<\/h6>\t                   \t\t\t                   \t\t<\/a>\t                   <\/li>\n\t                \t                   <li>\n\t                   \t\t<a href=\"https:\/\/vimeo.com\/831877851\" target=\"_blank\" >\t                   \t\t<h6>Zoom Et Espaces Divisibles<\/h6>\t                   \t\t\t                   \t\t<\/a>\t                   <\/li>\n\t                \t                   <li>\n\t                   \t\t<a href=\"https:\/\/vimeo.com\/831663790\">\t                   \t\t<h6>Microsoft Et Espaces De Collaboration<\/h6>\t                   \t\t\t                   \t\t<\/a>\t                   <\/li>\n\t                \t            <\/ul>\n\n\t\t\t\t<a class=\"ui-link ui-link--blue\"href=\"#contact\"><span>Contactez nous<\/span><\/a>\t\t\t<\/div>\n        \t<\/div>\n<\/section>\n","protected":false},"excerpt":{"rendered":"","protected":false},"author":4,"featured_media":0,"parent":0,"menu_order":207,"comment_status":"closed","ping_status":"closed","template":"","meta":{"_acf_changed":false,"footnotes":""},"class_list":["post-17498","page","type-page","status-publish","hentry"],"acf":[],"yoast_head":"<!-- This site is optimized with the Yoast SEO Premium plugin v27.3 (Yoast SEO v27.3) - https:\/\/yoast.com\/product\/yoast-seo-premium-wordpress\/ -->\n<title>Q-sys - AVI-SPL Canada<\/title>\n<meta name=\"description\" content=\"Plateforme audio, vid\u00e9o et de contr\u00f4le g\u00e9rable dans le cloud Q-SYS disponible via AVI-SPL.\" \/>\n<meta name=\"robots\" content=\"index, follow, max-snippet:-1, max-image-preview:large, max-video-preview:-1\" \/>\n<link rel=\"canonical\" href=\"https:\/\/avispl.ca\/fr\/q-sys\/\" \/>\n<meta property=\"og:locale\" content=\"fr_FR\" \/>\n<meta property=\"og:type\" content=\"article\" \/>\n<meta property=\"og:title\" content=\"Q-sys\" \/>\n<meta property=\"og:description\" content=\"Plateforme audio, vid\u00e9o et de contr\u00f4le g\u00e9rable dans le cloud Q-SYS disponible via AVI-SPL.\" \/>\n<meta property=\"og:url\" content=\"https:\/\/avispl.ca\/fr\/q-sys\/\" \/>\n<meta property=\"og:site_name\" content=\"AVI-SPL Canada\" \/>\n<meta property=\"article:modified_time\" content=\"2025-07-07T21:31:26+00:00\" \/>\n<meta name=\"twitter:card\" content=\"summary_large_image\" \/>\n<script type=\"application\/ld+json\" class=\"yoast-schema-graph\">{\"@context\":\"https:\\\/\\\/schema.org\",\"@graph\":[{\"@type\":\"WebPage\",\"@id\":\"https:\\\/\\\/avispl.ca\\\/fr\\\/q-sys\\\/\",\"url\":\"https:\\\/\\\/avispl.ca\\\/fr\\\/q-sys\\\/\",\"name\":\"Q-sys - AVI-SPL Canada\",\"isPartOf\":{\"@id\":\"https:\\\/\\\/avispl.ca\\\/fr\\\/#website\"},\"datePublished\":\"2025-02-02T20:33:34+00:00\",\"dateModified\":\"2025-07-07T21:31:26+00:00\",\"description\":\"Plateforme audio, vid\u00e9o et de contr\u00f4le g\u00e9rable dans le cloud Q-SYS disponible via AVI-SPL.\",\"breadcrumb\":{\"@id\":\"https:\\\/\\\/avispl.ca\\\/fr\\\/q-sys\\\/#breadcrumb\"},\"inLanguage\":\"fr-FR\",\"potentialAction\":[{\"@type\":\"ReadAction\",\"target\":[\"https:\\\/\\\/avispl.ca\\\/fr\\\/q-sys\\\/\"]}]},{\"@type\":\"BreadcrumbList\",\"@id\":\"https:\\\/\\\/avispl.ca\\\/fr\\\/q-sys\\\/#breadcrumb\",\"itemListElement\":[{\"@type\":\"ListItem\",\"position\":1,\"name\":\"Home\",\"item\":\"https:\\\/\\\/avispl.ca\\\/fr\\\/\"},{\"@type\":\"ListItem\",\"position\":2,\"name\":\"Q-sys\"}]},{\"@type\":\"WebSite\",\"@id\":\"https:\\\/\\\/avispl.ca\\\/fr\\\/#website\",\"url\":\"https:\\\/\\\/avispl.ca\\\/fr\\\/\",\"name\":\"AVI-SPL Canada\",\"description\":\"AV\\\/UC collaboration, education and experience technology\",\"publisher\":{\"@id\":\"https:\\\/\\\/avispl.ca\\\/fr\\\/#organization\"},\"potentialAction\":[{\"@type\":\"SearchAction\",\"target\":{\"@type\":\"EntryPoint\",\"urlTemplate\":\"https:\\\/\\\/avispl.ca\\\/fr\\\/?s={search_term_string}\"},\"query-input\":{\"@type\":\"PropertyValueSpecification\",\"valueRequired\":true,\"valueName\":\"search_term_string\"}}],\"inLanguage\":\"fr-FR\"},{\"@type\":\"Organization\",\"@id\":\"https:\\\/\\\/avispl.ca\\\/fr\\\/#organization\",\"name\":\"AVI-SPL Canada\",\"url\":\"https:\\\/\\\/avispl.ca\\\/fr\\\/\",\"logo\":{\"@type\":\"ImageObject\",\"inLanguage\":\"fr-FR\",\"@id\":\"https:\\\/\\\/avispl.ca\\\/fr\\\/#\\\/schema\\\/logo\\\/image\\\/\",\"url\":\"https:\\\/\\\/avispl.ca\\\/wp-content\\\/uploads\\\/sites\\\/8\\\/2024\\\/11\\\/logo.svg\",\"contentUrl\":\"https:\\\/\\\/avispl.ca\\\/wp-content\\\/uploads\\\/sites\\\/8\\\/2024\\\/11\\\/logo.svg\",\"caption\":\"AVI-SPL Canada\"},\"image\":{\"@id\":\"https:\\\/\\\/avispl.ca\\\/fr\\\/#\\\/schema\\\/logo\\\/image\\\/\"}}]}<\/script>\n<!-- \/ Yoast SEO Premium plugin. -->","yoast_head_json":{"title":"Q-sys - AVI-SPL Canada","description":"Plateforme audio, vid\u00e9o et de contr\u00f4le g\u00e9rable dans le cloud Q-SYS disponible via AVI-SPL.","robots":{"index":"index","follow":"follow","max-snippet":"max-snippet:-1","max-image-preview":"max-image-preview:large","max-video-preview":"max-video-preview:-1"},"canonical":"https:\/\/avispl.ca\/fr\/q-sys\/","og_locale":"fr_FR","og_type":"article","og_title":"Q-sys","og_description":"Plateforme audio, vid\u00e9o et de contr\u00f4le g\u00e9rable dans le cloud Q-SYS disponible via AVI-SPL.","og_url":"https:\/\/avispl.ca\/fr\/q-sys\/","og_site_name":"AVI-SPL Canada","article_modified_time":"2025-07-07T21:31:26+00:00","twitter_card":"summary_large_image","schema":{"@context":"https:\/\/schema.org","@graph":[{"@type":"WebPage","@id":"https:\/\/avispl.ca\/fr\/q-sys\/","url":"https:\/\/avispl.ca\/fr\/q-sys\/","name":"Q-sys - AVI-SPL Canada","isPartOf":{"@id":"https:\/\/avispl.ca\/fr\/#website"},"datePublished":"2025-02-02T20:33:34+00:00","dateModified":"2025-07-07T21:31:26+00:00","description":"Plateforme audio, vid\u00e9o et de contr\u00f4le g\u00e9rable dans le cloud Q-SYS disponible via AVI-SPL.","breadcrumb":{"@id":"https:\/\/avispl.ca\/fr\/q-sys\/#breadcrumb"},"inLanguage":"fr-FR","potentialAction":[{"@type":"ReadAction","target":["https:\/\/avispl.ca\/fr\/q-sys\/"]}]},{"@type":"BreadcrumbList","@id":"https:\/\/avispl.ca\/fr\/q-sys\/#breadcrumb","itemListElement":[{"@type":"ListItem","position":1,"name":"Home","item":"https:\/\/avispl.ca\/fr\/"},{"@type":"ListItem","position":2,"name":"Q-sys"}]},{"@type":"WebSite","@id":"https:\/\/avispl.ca\/fr\/#website","url":"https:\/\/avispl.ca\/fr\/","name":"AVI-SPL Canada","description":"AV\/UC collaboration, education and experience technology","publisher":{"@id":"https:\/\/avispl.ca\/fr\/#organization"},"potentialAction":[{"@type":"SearchAction","target":{"@type":"EntryPoint","urlTemplate":"https:\/\/avispl.ca\/fr\/?s={search_term_string}"},"query-input":{"@type":"PropertyValueSpecification","valueRequired":true,"valueName":"search_term_string"}}],"inLanguage":"fr-FR"},{"@type":"Organization","@id":"https:\/\/avispl.ca\/fr\/#organization","name":"AVI-SPL Canada","url":"https:\/\/avispl.ca\/fr\/","logo":{"@type":"ImageObject","inLanguage":"fr-FR","@id":"https:\/\/avispl.ca\/fr\/#\/schema\/logo\/image\/","url":"https:\/\/avispl.ca\/wp-content\/uploads\/sites\/8\/2024\/11\/logo.svg","contentUrl":"https:\/\/avispl.ca\/wp-content\/uploads\/sites\/8\/2024\/11\/logo.svg","caption":"AVI-SPL Canada"},"image":{"@id":"https:\/\/avispl.ca\/fr\/#\/schema\/logo\/image\/"}}]}},"_links":{"self":[{"href":"https:\/\/avispl.ca\/fr\/wp-json\/wp\/v2\/pages\/17498","targetHints":{"allow":["GET"]}}],"collection":[{"href":"https:\/\/avispl.ca\/fr\/wp-json\/wp\/v2\/pages"}],"about":[{"href":"https:\/\/avispl.ca\/fr\/wp-json\/wp\/v2\/types\/page"}],"author":[{"embeddable":true,"href":"https:\/\/avispl.ca\/fr\/wp-json\/wp\/v2\/users\/4"}],"replies":[{"embeddable":true,"href":"https:\/\/avispl.ca\/fr\/wp-json\/wp\/v2\/comments?post=17498"}],"version-history":[{"count":0,"href":"https:\/\/avispl.ca\/fr\/wp-json\/wp\/v2\/pages\/17498\/revisions"}],"wp:attachment":[{"href":"https:\/\/avispl.ca\/fr\/wp-json\/wp\/v2\/media?parent=17498"}],"curies":[{"name":"wp","href":"https:\/\/api.w.org\/{rel}","templated":true}]}}