{"id":17496,"date":"2025-01-29T13:04:17","date_gmt":"2025-01-29T18:04:17","guid":{"rendered":"https:\/\/avispl.com\/ca\/poly\/"},"modified":"2025-07-07T17:27:41","modified_gmt":"2025-07-07T21:27:41","slug":"poly","status":"publish","type":"page","link":"https:\/\/avispl.ca\/fr\/poly\/","title":{"rendered":"Poly"},"content":{"rendered":"\n<section class=\"hero page-block hero--x-small\">\n    \n                        <div class=\"hero__content\">\n                <div class=\"container\">\n                                           <div class=\"hero__content__logo hero__content__logo--bottom\">\n                            <img decoding=\"async\" src=\"https:\/\/avispl.ca\/wp-content\/uploads\/sites\/8\/2025\/02\/hp-poly-large-1.svg\" class=\"attachment-full size-full\" alt=\"\" \/>                        <\/div>\n                                                                <h1 data-splitting=\"words\">POLY<br \/>\r\nCOLLABORATION<br>TECHNOLOGIE<\/h1>\n                    \n                                            <div class=\"hero__content__text\"><p>Favoriser une connexion humaine authentique et la collaboration<\/p>\n<\/p>\n                    \n                    \n                    <button class=\"hero__scroll scroll-btn scroll-btn--o scroll-to-main\"\n\t\t\t\t        aria-label=\"Scroll to bottom of the hero section\"\n\t\t\t\t        title=\"Scroll to bottom of the hero section\">\n\t\t\t\t\t    <span class=\"sr-only\">Scroll to bottom of the hero section<\/span>\n\t\t\t\t\t<\/button>\n                <\/div>\n            <\/div>\n            <\/section>\n<div id=\"main-content\"><\/div>\n\n<section class=\"image-text-new page-block page-block--padding-no-bottom image-text-new--sm image-text-new--r\" role=\"region\">\n\t<div class=\"container\">\n\t\t<div class=\"image-text-new__image\">\n\t\t\t\t\t\t\t<div class=\"image-text-new__image__wrap\">\n\t\t\t\t    <img loading=\"lazy\" decoding=\"async\" width=\"900\" height=\"460\" src=\"https:\/\/avispl.ca\/wp-content\/uploads\/sites\/8\/2025\/01\/Poly-Meeting-Room-1200x628-2.jpg\" class=\"attachment-full size-full\" alt=\"\" srcset=\"https:\/\/avispl.ca\/wp-content\/uploads\/sites\/8\/2025\/01\/Poly-Meeting-Room-1200x628-2.jpg 900w, https:\/\/avispl.ca\/wp-content\/uploads\/sites\/8\/2025\/01\/Poly-Meeting-Room-1200x628-2-300x153.jpg 300w, https:\/\/avispl.ca\/wp-content\/uploads\/sites\/8\/2025\/01\/Poly-Meeting-Room-1200x628-2-768x393.jpg 768w, https:\/\/avispl.ca\/wp-content\/uploads\/sites\/8\/2025\/01\/Poly-Meeting-Room-1200x628-2-125x64.jpg 125w\" sizes=\"auto, (max-width: 900px) 100vw, 900px\" \/>\t\t\t\t<\/div>\n\t\t\t\t\t<\/div>\n\n\t\t<div class=\"image-text-new__text\">\n                                    \t<div class=\"body-content\">\n                \t<p data-pm-slice=\"1 1 []\">HP Poly est un fournisseur de solutions de collaboration qui combine la technologie informatique de HP avec les innovations de pointe de Poly en audio et vid\u00e9o. En ao\u00fbt 2022, HP a acquis Poly, int\u00e9grant ainsi des solutions de visioconf\u00e9rence, cam\u00e9ras, casques, voix et logiciels \u00e0 HP Inc. En tant que partenaire Amplify Power, AVI-SPL et HP Poly offrent des solutions de classe mondiale con\u00e7ues pour s\u2019int\u00e9grer parfaitement \u00e0 la plateforme et aux services de votre choix. Les technologies HP aliment\u00e9es par l\u2019IA r\u00e9pondent aux d\u00e9fis du travail en bureau et \u00e0 distance, offrant des solutions innovantes qui font gagner du temps, r\u00e9duisent les co\u00fbts et garantissent que votre entreprise soit toujours mise en valeur.   <\/p>\n<p>Pour plus d\u2019informations, veuillez consulter le<a class=\"ProsemirrorEditor-link\" href=\"https:\/\/shop.avispl.ca\/collections\/poly\" target=\"_blank\" rel=\"noopener noreferrer\"> catalogue produit Poly.<\/a><\/p>\n                <\/div>\n                        <a class=\"ui-btn ui-btn--secondary ui-btn--secondary-dark\"href=\"#contact\"><span>Contactez nous<\/span><\/a>                    <\/div>\n\t<\/div>\n<\/section>\n\n<section class=\"image-text-new page-block image-text-new--sm\" role=\"region\">\n\t<div class=\"container\">\n\t\t<div class=\"image-text-new__image\">\n\t\t\t\t\t\t\t<div class=\"image-text-new__image__wrap\">\n\t\t\t\t    <img loading=\"lazy\" decoding=\"async\" width=\"2560\" height=\"1707\" src=\"https:\/\/avispl.ca\/wp-content\/uploads\/sites\/8\/2023\/01\/pg-5-Poly-Studio-E70-GC8-Large-Room-MTR-Lifestyle-1-2-scaled.jpg\" class=\"attachment-full size-full\" alt=\"\" srcset=\"https:\/\/avispl.ca\/wp-content\/uploads\/sites\/8\/2023\/01\/pg-5-Poly-Studio-E70-GC8-Large-Room-MTR-Lifestyle-1-2-scaled.jpg 2560w, https:\/\/avispl.ca\/wp-content\/uploads\/sites\/8\/2023\/01\/pg-5-Poly-Studio-E70-GC8-Large-Room-MTR-Lifestyle-1-2-300x200.jpg 300w, https:\/\/avispl.ca\/wp-content\/uploads\/sites\/8\/2023\/01\/pg-5-Poly-Studio-E70-GC8-Large-Room-MTR-Lifestyle-1-2-1024x683.jpg 1024w, https:\/\/avispl.ca\/wp-content\/uploads\/sites\/8\/2023\/01\/pg-5-Poly-Studio-E70-GC8-Large-Room-MTR-Lifestyle-1-2-768x512.jpg 768w, https:\/\/avispl.ca\/wp-content\/uploads\/sites\/8\/2023\/01\/pg-5-Poly-Studio-E70-GC8-Large-Room-MTR-Lifestyle-1-2-1536x1024.jpg 1536w\" sizes=\"auto, (max-width: 2560px) 100vw, 2560px\" \/>\t\t\t\t<\/div>\n\t\t\t\t\t<\/div>\n\n\t\t<div class=\"image-text-new__text\">\n                        \t<h3 class=\"h3\">Cr\u00e9er l&rsquo;\u00e9galit\u00e9 dans les r\u00e9unions dans un monde o\u00f9 le travail peut s&rsquo;effectuer de n&rsquo;importe o\u00f9<\/h3>\n                                    \t<div class=\"body-content\">\n                \t<p data-pm-slice=\"1 1 []\">Dans l&rsquo;environnement de travail hybride actuel, il est essentiel que les participants qui se joignent \u00e0 une r\u00e9union \u00e0 distance, quel que soit leur lieu de travail, aient l&rsquo;impression d&rsquo;\u00eatre assis aux c\u00f4t\u00e9s des autres membres de l&rsquo;\u00e9quipe. La cl\u00e9 d&rsquo;une connexion fluide r\u00e9side dans un \u00e9quipement de collaboration professionnel qui offre les m\u00eames conditions \u00e0 tous les participants \u00e0 la r\u00e9union. <\/p>\n<p>Avec Poly, vous pouvez profiter d&rsquo;une exp\u00e9rience native fluide sur tous les principaux services vid\u00e9o dans le cloud. Vous pouvez \u00e9galement utiliser l&rsquo;une de nos barres vid\u00e9o USB pour vous connecter \u00e0 n&rsquo;importe quelle application vid\u00e9o directement depuis votre ordinateur portable. B\u00e9n\u00e9ficiez d&rsquo;un suivi pr\u00e9cis des locuteurs et d&rsquo;un cadrage de groupe de qualit\u00e9 professionnelle gr\u00e2ce \u00e0 la technologie Poly DirectorAI. Et si vous en avez assez des bruits g\u00eanants et des conversations parall\u00e8les qui perturbent vos r\u00e9unions, les technologies NoiseBlockAI et Acoustic Fence deviendront vos nouveaux meilleurs amis.   <\/p>\n                <\/div>\n                                            <\/div>\n\t<\/div>\n<\/section>\n\n<section class=\"content-list page-block content-list--sarcelle\" role=\"region\">\n\t<div class=\"container\">\n\t\t<div class=\"content-list__content\">\n\t\t\t<h2 data-splitting=\"words\" class=\"h3\">Solutions<\/h2>\t\t\t<div class=\"content-list__content__body\"><p>AVI-SPL et Poly permettront \u00e0 vos collaborateurs internationaux de travailler depuis n&rsquo;importe o\u00f9 et de se r\u00e9unir en quelques secondes gr\u00e2ce \u00e0 des \u00e9quipements de collaboration professionnels, afin que tous les participants puissent b\u00e9n\u00e9ficier des m\u00eames conditions. M\u00eame si votre place \u00e0 la table est virtuelle, il est important que vous puissiez percevoir tous les petits gestes, expressions et signaux corporels \u00e0 travers la pi\u00e8ce (ou \u00e0 travers l&rsquo;\u00e9cran) et que vous vous sentiez en confiance quant \u00e0 votre capacit\u00e9 \u00e0 \u00eatre vu et entendu depuis n&rsquo;importe o\u00f9. <\/p>\n<\/div>\t\t\t\t\t\t\t\t<\/div>\n\n\t\t\n\t\t\t\t\t<div class=\"content-list__list\">\n\t\t\t\t\t            <ul>\n\t                \t                   <li>\n\t                   \t\t<a href=\"\/wp-content\/uploads\/sites\/8\/2025\/02\/Poly-Video-Family-Overview.pdf\">\t                   \t\t<h6>Solutions vid\u00e9o<\/h6>\t                   \t\t\t                   \t\t<\/a>\t                   <\/li>\n\t                \t                   <li>\n\t                   \t\t<a href=\"\/wp-content\/uploads\/sites\/8\/2025\/02\/Poly-Office-Workspace-Solutions.pdf\">\t                   \t\t<h6>Solutions pour espaces de travail<\/h6>\t                   \t\t\t                   \t\t<\/a>\t                   <\/li>\n\t                \t                   <li>\n\t                   \t\t<a href=\"https:\/\/www.youtube.com\/watch?v=xUhxAf1D_OY\" target=\"_blank\" >\t                   \t\t<h6>Technologie DirectorAI<\/h6>\t                   \t\t\t                   \t\t<\/a>\t                   <\/li>\n\t                \t                   <li>\n\t                   \t\t<a href=\"\/wp-content\/uploads\/sites\/8\/2025\/02\/Poly-Microsoft-Teams-Solutions.pdf\">\t                   \t\t<h6>Solutions Microsoft Teams<\/h6>\t                   \t\t\t                   \t\t<\/a>\t                   <\/li>\n\t                \t                   <li>\n\t                   \t\t<a href=\"\/wp-content\/uploads\/sites\/8\/2025\/02\/Zoom-Solutions.pdf\">\t                   \t\t<h6>Solutions Zoom<\/h6>\t                   \t\t\t                   \t\t<\/a>\t                   <\/li>\n\t                \t                   <li>\n\t                   \t\t<a href=\"\/wp-content\/uploads\/sites\/8\/2025\/02\/Poly_Solutions_for_Education_Brochure.pdf\">\t                   \t\t<h6>\u00c9ducation\/Enseignement \u00e0 distance<\/h6>\t                   \t\t\t                   \t\t<\/a>\t                   <\/li>\n\t                \t            <\/ul>\n\n\t\t\t\t<a class=\"ui-link ui-link--blue\"href=\"#contact\"><span>Contactez nous<\/span><\/a>\t\t\t<\/div>\n        \t<\/div>\n<\/section>\n<section    class=\"video-slider page-block\"\n    role=\"region\"\n    aria-labelledby=\"video-slider-heading\"\n    aria-roledescription=\"carousel\">\n\n    <div class=\"container\">\n        <div class=\"video-slider__header\">\n        \t<div class=\"video-slider__header__text\">\n\t        \t\t                <p class=\"sub sub--lg\">Vid\u00e9os<\/p>\n\t            \n\t            \t                <h3 id=\"video-slider-heading\" data-splitting=\"words\">D\u00e9couvrez Nos Solutions<\/h3>\n\t            \t        <\/div>\n\n                    <\/div>\n\n                    <div class=\"video-slider__slider swiper\" aria-live=\"polite\">\n                <div class=\"swiper-wrapper\">\n                                            <div class=\"swiper-slide\">\n                            <div class=\"swiper-slide__img\">\n                                <a\n                                    data-fancybox\n                                    href=\"https:\/\/vimeo.com\/1051542117?share=copy#t=0\"\n                                    data-type=\"iframe\"                                    aria-label=\"Open video\"\n                                    role=\"button\">\n                                    <img decoding=\"async\" src=\"https:\/\/i.vimeocdn.com\/video\/1976358391-df4f2e3b2b72ee0c7cbefe8c7513bcb711974ecf46f76f16e5e151d48cffac13-d\" alt=\"Vimeo video thumbnail\" loading=\"lazy\" width=\"640\" height=\"360\">                                <\/a>\n                            <\/div>\n                        <\/div>\n                                            <div class=\"swiper-slide\">\n                            <div class=\"swiper-slide__img\">\n                                <a\n                                    data-fancybox\n                                    href=\"https:\/\/vimeo.com\/1051542601?share=copy#t=0\"\n                                    data-type=\"iframe\"                                    aria-label=\"Open video\"\n                                    role=\"button\">\n                                    <img decoding=\"async\" src=\"https:\/\/i.vimeocdn.com\/video\/1976358870-314d1e9bbc5ee2489d7c8dfc8ee1cef57cbd7cd2dae788933c67cc0caa93910d-d\" alt=\"Vimeo video thumbnail\" loading=\"lazy\" width=\"640\" height=\"360\">                                <\/a>\n                            <\/div>\n                        <\/div>\n                                            <div class=\"swiper-slide\">\n                            <div class=\"swiper-slide__img\">\n                                <a\n                                    data-fancybox\n                                    href=\"https:\/\/vimeo.com\/1051542452?share=copy#t=0\"\n                                    data-type=\"iframe\"                                    aria-label=\"Open video\"\n                                    role=\"button\">\n                                    <img decoding=\"async\" src=\"https:\/\/i.vimeocdn.com\/video\/1976358615-271ea4a7f573e1bd7474f996756dfa97d7099688209bbfb4ca3e5289625aae2e-d\" alt=\"Vimeo video thumbnail\" loading=\"lazy\" width=\"640\" height=\"360\">                                <\/a>\n                            <\/div>\n                        <\/div>\n                                            <div class=\"swiper-slide\">\n                            <div class=\"swiper-slide__img\">\n                                <a\n                                    data-fancybox\n                                    href=\"https:\/\/vimeo.com\/1051542940?share=copy#t=0\"\n                                    data-type=\"iframe\"                                    aria-label=\"Open video\"\n                                    role=\"button\">\n                                    <img decoding=\"async\" src=\"https:\/\/i.vimeocdn.com\/video\/1976359279-ea0e7ee4f7b3ee303b4b441fd0badf0d93a0d80669fb46e4ba9d35a8478ede8b-d\" alt=\"Vimeo video thumbnail\" loading=\"lazy\" width=\"640\" height=\"360\">                                <\/a>\n                            <\/div>\n                        <\/div>\n                                    <\/div>\n            <\/div>\n\n            <div class=\"base-slider__footer\">\n            \t <div class=\"swiper-buttons swiper-buttons--w\">\n                    <button class=\"swiper-button-prev\" aria-label=\"Previous Slide\"><\/button>\n                    <button class=\"swiper-button-next\" aria-label=\"Next Slide\"><\/button>\n                <\/div>\n\n            \t<div class=\"swiper-pagination swiper-pagination--w\"><\/div>\n            <\/div>\n            <\/div>\n<\/section>\n","protected":false},"excerpt":{"rendered":"","protected":false},"author":5,"featured_media":0,"parent":0,"menu_order":206,"comment_status":"closed","ping_status":"closed","template":"","meta":{"_acf_changed":false,"footnotes":""},"class_list":["post-17496","page","type-page","status-publish","hentry"],"acf":[],"yoast_head":"<!-- This site is optimized with the Yoast SEO Premium plugin v27.3 (Yoast SEO v27.3) - https:\/\/yoast.com\/product\/yoast-seo-premium-wordpress\/ -->\n<title>Technologie de collaboration Poly disponible via AVI-SPL<\/title>\n<meta name=\"description\" content=\"Poly audio visual collaboration technology available through AVI-SPL\" \/>\n<meta name=\"robots\" content=\"index, follow, max-snippet:-1, max-image-preview:large, max-video-preview:-1\" \/>\n<link rel=\"canonical\" href=\"https:\/\/avispl.ca\/fr\/poly\/\" \/>\n<meta property=\"og:locale\" content=\"fr_FR\" \/>\n<meta property=\"og:type\" content=\"article\" \/>\n<meta property=\"og:title\" content=\"Poly\" \/>\n<meta property=\"og:description\" content=\"Poly audio visual collaboration technology available through AVI-SPL\" \/>\n<meta property=\"og:url\" content=\"https:\/\/avispl.ca\/fr\/poly\/\" \/>\n<meta property=\"og:site_name\" content=\"AVI-SPL Canada\" \/>\n<meta property=\"article:modified_time\" content=\"2025-07-07T21:27:41+00:00\" \/>\n<meta name=\"twitter:card\" content=\"summary_large_image\" \/>\n<script type=\"application\/ld+json\" class=\"yoast-schema-graph\">{\"@context\":\"https:\\\/\\\/schema.org\",\"@graph\":[{\"@type\":\"WebPage\",\"@id\":\"https:\\\/\\\/avispl.ca\\\/fr\\\/poly\\\/\",\"url\":\"https:\\\/\\\/avispl.ca\\\/fr\\\/poly\\\/\",\"name\":\"Technologie de collaboration Poly disponible via AVI-SPL\",\"isPartOf\":{\"@id\":\"https:\\\/\\\/avispl.ca\\\/fr\\\/#website\"},\"datePublished\":\"2025-01-29T18:04:17+00:00\",\"dateModified\":\"2025-07-07T21:27:41+00:00\",\"description\":\"Poly audio visual collaboration technology available through AVI-SPL\",\"breadcrumb\":{\"@id\":\"https:\\\/\\\/avispl.ca\\\/fr\\\/poly\\\/#breadcrumb\"},\"inLanguage\":\"fr-FR\",\"potentialAction\":[{\"@type\":\"ReadAction\",\"target\":[\"https:\\\/\\\/avispl.ca\\\/fr\\\/poly\\\/\"]}]},{\"@type\":\"BreadcrumbList\",\"@id\":\"https:\\\/\\\/avispl.ca\\\/fr\\\/poly\\\/#breadcrumb\",\"itemListElement\":[{\"@type\":\"ListItem\",\"position\":1,\"name\":\"Home\",\"item\":\"https:\\\/\\\/avispl.ca\\\/fr\\\/\"},{\"@type\":\"ListItem\",\"position\":2,\"name\":\"Poly\"}]},{\"@type\":\"WebSite\",\"@id\":\"https:\\\/\\\/avispl.ca\\\/fr\\\/#website\",\"url\":\"https:\\\/\\\/avispl.ca\\\/fr\\\/\",\"name\":\"AVI-SPL Canada\",\"description\":\"AV\\\/UC collaboration, education and experience technology\",\"publisher\":{\"@id\":\"https:\\\/\\\/avispl.ca\\\/fr\\\/#organization\"},\"potentialAction\":[{\"@type\":\"SearchAction\",\"target\":{\"@type\":\"EntryPoint\",\"urlTemplate\":\"https:\\\/\\\/avispl.ca\\\/fr\\\/?s={search_term_string}\"},\"query-input\":{\"@type\":\"PropertyValueSpecification\",\"valueRequired\":true,\"valueName\":\"search_term_string\"}}],\"inLanguage\":\"fr-FR\"},{\"@type\":\"Organization\",\"@id\":\"https:\\\/\\\/avispl.ca\\\/fr\\\/#organization\",\"name\":\"AVI-SPL Canada\",\"url\":\"https:\\\/\\\/avispl.ca\\\/fr\\\/\",\"logo\":{\"@type\":\"ImageObject\",\"inLanguage\":\"fr-FR\",\"@id\":\"https:\\\/\\\/avispl.ca\\\/fr\\\/#\\\/schema\\\/logo\\\/image\\\/\",\"url\":\"https:\\\/\\\/avispl.ca\\\/wp-content\\\/uploads\\\/sites\\\/8\\\/2024\\\/11\\\/logo.svg\",\"contentUrl\":\"https:\\\/\\\/avispl.ca\\\/wp-content\\\/uploads\\\/sites\\\/8\\\/2024\\\/11\\\/logo.svg\",\"caption\":\"AVI-SPL Canada\"},\"image\":{\"@id\":\"https:\\\/\\\/avispl.ca\\\/fr\\\/#\\\/schema\\\/logo\\\/image\\\/\"}}]}<\/script>\n<!-- \/ Yoast SEO Premium plugin. -->","yoast_head_json":{"title":"Technologie de collaboration Poly disponible via AVI-SPL","description":"Poly audio visual collaboration technology available through AVI-SPL","robots":{"index":"index","follow":"follow","max-snippet":"max-snippet:-1","max-image-preview":"max-image-preview:large","max-video-preview":"max-video-preview:-1"},"canonical":"https:\/\/avispl.ca\/fr\/poly\/","og_locale":"fr_FR","og_type":"article","og_title":"Poly","og_description":"Poly audio visual collaboration technology available through AVI-SPL","og_url":"https:\/\/avispl.ca\/fr\/poly\/","og_site_name":"AVI-SPL Canada","article_modified_time":"2025-07-07T21:27:41+00:00","twitter_card":"summary_large_image","schema":{"@context":"https:\/\/schema.org","@graph":[{"@type":"WebPage","@id":"https:\/\/avispl.ca\/fr\/poly\/","url":"https:\/\/avispl.ca\/fr\/poly\/","name":"Technologie de collaboration Poly disponible via AVI-SPL","isPartOf":{"@id":"https:\/\/avispl.ca\/fr\/#website"},"datePublished":"2025-01-29T18:04:17+00:00","dateModified":"2025-07-07T21:27:41+00:00","description":"Poly audio visual collaboration technology available through AVI-SPL","breadcrumb":{"@id":"https:\/\/avispl.ca\/fr\/poly\/#breadcrumb"},"inLanguage":"fr-FR","potentialAction":[{"@type":"ReadAction","target":["https:\/\/avispl.ca\/fr\/poly\/"]}]},{"@type":"BreadcrumbList","@id":"https:\/\/avispl.ca\/fr\/poly\/#breadcrumb","itemListElement":[{"@type":"ListItem","position":1,"name":"Home","item":"https:\/\/avispl.ca\/fr\/"},{"@type":"ListItem","position":2,"name":"Poly"}]},{"@type":"WebSite","@id":"https:\/\/avispl.ca\/fr\/#website","url":"https:\/\/avispl.ca\/fr\/","name":"AVI-SPL Canada","description":"AV\/UC collaboration, education and experience technology","publisher":{"@id":"https:\/\/avispl.ca\/fr\/#organization"},"potentialAction":[{"@type":"SearchAction","target":{"@type":"EntryPoint","urlTemplate":"https:\/\/avispl.ca\/fr\/?s={search_term_string}"},"query-input":{"@type":"PropertyValueSpecification","valueRequired":true,"valueName":"search_term_string"}}],"inLanguage":"fr-FR"},{"@type":"Organization","@id":"https:\/\/avispl.ca\/fr\/#organization","name":"AVI-SPL Canada","url":"https:\/\/avispl.ca\/fr\/","logo":{"@type":"ImageObject","inLanguage":"fr-FR","@id":"https:\/\/avispl.ca\/fr\/#\/schema\/logo\/image\/","url":"https:\/\/avispl.ca\/wp-content\/uploads\/sites\/8\/2024\/11\/logo.svg","contentUrl":"https:\/\/avispl.ca\/wp-content\/uploads\/sites\/8\/2024\/11\/logo.svg","caption":"AVI-SPL Canada"},"image":{"@id":"https:\/\/avispl.ca\/fr\/#\/schema\/logo\/image\/"}}]}},"_links":{"self":[{"href":"https:\/\/avispl.ca\/fr\/wp-json\/wp\/v2\/pages\/17496","targetHints":{"allow":["GET"]}}],"collection":[{"href":"https:\/\/avispl.ca\/fr\/wp-json\/wp\/v2\/pages"}],"about":[{"href":"https:\/\/avispl.ca\/fr\/wp-json\/wp\/v2\/types\/page"}],"author":[{"embeddable":true,"href":"https:\/\/avispl.ca\/fr\/wp-json\/wp\/v2\/users\/5"}],"replies":[{"embeddable":true,"href":"https:\/\/avispl.ca\/fr\/wp-json\/wp\/v2\/comments?post=17496"}],"version-history":[{"count":0,"href":"https:\/\/avispl.ca\/fr\/wp-json\/wp\/v2\/pages\/17496\/revisions"}],"wp:attachment":[{"href":"https:\/\/avispl.ca\/fr\/wp-json\/wp\/v2\/media?parent=17496"}],"curies":[{"name":"wp","href":"https:\/\/api.w.org\/{rel}","templated":true}]}}