{"id":17494,"date":"2025-01-29T12:22:10","date_gmt":"2025-01-29T17:22:10","guid":{"rendered":"https:\/\/avispl.com\/ca\/neat\/"},"modified":"2025-07-07T17:22:23","modified_gmt":"2025-07-07T21:22:23","slug":"neat","status":"publish","type":"page","link":"https:\/\/avispl.ca\/fr\/neat\/","title":{"rendered":"Neat"},"content":{"rendered":"\n<section class=\"hero page-block hero--x-small\">\n    \n                        <div class=\"hero__content\">\n                <div class=\"container\">\n                                           <div class=\"hero__content__logo hero__content__logo--bottom\">\n                            <img decoding=\"async\" src=\"https:\/\/avispl.ca\/wp-content\/uploads\/sites\/8\/2025\/01\/Neat-colour-2.svg\" class=\"attachment-full size-full\" alt=\"\" \/>                        <\/div>\n                                                                <h1 data-splitting=\"words\">NEAT<br \/>\r\nSOLUTIONS DE <br \/>\r\nCOLLABORATION<\/h1>\n                    \n                    \n                    \n                    <button class=\"hero__scroll scroll-btn scroll-btn--o scroll-to-main\"\n\t\t\t\t        aria-label=\"Scroll to bottom of the hero section\"\n\t\t\t\t        title=\"Scroll to bottom of the hero section\">\n\t\t\t\t\t    <span class=\"sr-only\">Scroll to bottom of the hero section<\/span>\n\t\t\t\t\t<\/button>\n                <\/div>\n            <\/div>\n            <\/section>\n<div id=\"main-content\"><\/div>\n\n<section class=\"image-text-new page-block image-text-new--sm\" role=\"region\">\n\t<div class=\"container\">\n\t\t<div class=\"image-text-new__image\">\n\t\t\t\t\t\t\t<a class=\"image-text-new__image__wrap\" data-fancybox href=\"https:\/\/www.youtube.com\/watch?v=fdfKr2nw-u8\"  data-type=\"iframe\">\n\t\t\t\t    <img loading=\"lazy\" decoding=\"async\" width=\"2560\" height=\"1707\" src=\"https:\/\/avispl.ca\/wp-content\/uploads\/sites\/8\/2025\/01\/neat-bargen2-1-scaled-1-1.jpg\" class=\"attachment-full size-full\" alt=\"\" srcset=\"https:\/\/avispl.ca\/wp-content\/uploads\/sites\/8\/2025\/01\/neat-bargen2-1-scaled-1-1.jpg 2560w, https:\/\/avispl.ca\/wp-content\/uploads\/sites\/8\/2025\/01\/neat-bargen2-1-scaled-1-1-300x200.jpg 300w, https:\/\/avispl.ca\/wp-content\/uploads\/sites\/8\/2025\/01\/neat-bargen2-1-scaled-1-1-1024x683.jpg 1024w, https:\/\/avispl.ca\/wp-content\/uploads\/sites\/8\/2025\/01\/neat-bargen2-1-scaled-1-1-768x512.jpg 768w, https:\/\/avispl.ca\/wp-content\/uploads\/sites\/8\/2025\/01\/neat-bargen2-1-scaled-1-1-1536x1024.jpg 1536w, https:\/\/avispl.ca\/wp-content\/uploads\/sites\/8\/2025\/01\/neat-bargen2-1-scaled-1-1-2048x1366.jpg 2048w, https:\/\/avispl.ca\/wp-content\/uploads\/sites\/8\/2025\/01\/neat-bargen2-1-scaled-1-1-125x83.jpg 125w\" sizes=\"auto, (max-width: 2560px) 100vw, 2560px\" \/>\t\t\t\t<\/a>\n\n\t\t\t\t\t<\/div>\n\n\t\t<div class=\"image-text-new__text\">\n                                    \t<div class=\"body-content\">\n                \t<p>Neat con\u00e7oit des appareils vid\u00e9o simples et \u00e9l\u00e9gants, pionniers pour Zoom et Microsoft Teams, aidant \u00e0 faire de vos r\u00e9unions les meilleures possibles en assurant que vous et vos coll\u00e8gues ayez toujours une excellente image, un son clair, et une bonne sensation.<\/p>\n<p>Neat transforme les r\u00e9unions en productions cin\u00e9matographiques qui encouragent la libert\u00e9 de mouvement et la conversation naturelle.<\/p>\n<p>Cette exp\u00e9rience num\u00e9rique plus humaine impacte positivement le bien-\u00eatre, la motivation et la productivit\u00e9 des personnes.<\/p>\n                <\/div>\n                        <a class=\"ui-btn ui-btn--secondary ui-btn--secondary-dark\"href=\"#contact\"><span>Contactez nous<\/span><\/a>                        \t<div class=\"image-text-new__text__arrow arrow-bl-animate\">\n\t\t    \t\t<svg width=\"116\" height=\"117\" viewBox=\"0 0 116 117\" fill=\"none\" xmlns=\"http:\/\/www.w3.org\/2000\/svg\">\n<path d=\"M104.441 116.028L0.405762 116.09L0.619375 10.5481L36.799 10.7726L36.6043 53.4237L89.4045 0.623535L115.023 26.4946L61.7713 79.7464L104.53 79.7154L104.441 116.028Z\" fill=\"#F89021\"\/>\n<\/svg>\n\t\t    \t<\/div>\n                    <\/div>\n\t<\/div>\n<\/section>\n\n<section class=\"image-text-new page-block image-text-new--sm image-text-new--r\" role=\"region\">\n\t<div class=\"container\">\n\t\t<div class=\"image-text-new__image\">\n\t\t\t\t\t\t\t<div class=\"image-text-new__image__wrap\">\n\t\t\t\t    <img loading=\"lazy\" decoding=\"async\" width=\"1680\" height=\"900\" src=\"https:\/\/avispl.ca\/wp-content\/uploads\/sites\/8\/2025\/01\/Neat-Center-1-2.png\" class=\"attachment-full size-full\" alt=\"\" srcset=\"https:\/\/avispl.ca\/wp-content\/uploads\/sites\/8\/2025\/01\/Neat-Center-1-2.png 1680w, https:\/\/avispl.ca\/wp-content\/uploads\/sites\/8\/2025\/01\/Neat-Center-1-2-300x161.png 300w, https:\/\/avispl.ca\/wp-content\/uploads\/sites\/8\/2025\/01\/Neat-Center-1-2-1024x549.png 1024w, https:\/\/avispl.ca\/wp-content\/uploads\/sites\/8\/2025\/01\/Neat-Center-1-2-768x411.png 768w, https:\/\/avispl.ca\/wp-content\/uploads\/sites\/8\/2025\/01\/Neat-Center-1-2-1536x823.png 1536w, https:\/\/avispl.ca\/wp-content\/uploads\/sites\/8\/2025\/01\/Neat-Center-1-2-125x67.png 125w\" sizes=\"auto, (max-width: 1680px) 100vw, 1680px\" \/>\t\t\t\t<\/div>\n\t\t\t\t\t<\/div>\n\n\t\t<div class=\"image-text-new__text\">\n                        \t<h3 class=\"h3\">METTRE LES PERSONNES AU PREMIER PLAN<br \/>\r\n<\/h3>\n                                    \t<div class=\"body-content\">\n                \t<p>Le travail hybride s\u2019installe durablement, et les organisations cherchent \u00e0 trouver les bons mod\u00e8les et technologies pour soutenir leurs \u00e9quipes.<\/p>\n<p>Une chose est claire : les organisations visionnaires qui priorisent la mise en place des bons outils de collaboration pour leurs \u00e9quipes dispers\u00e9es et hybrides auront un avantage concurrentiel solide.<\/p>\n                <\/div>\n                        <a class=\"ui-link ui-link--blue\"href=\"https:\/\/avispl.ca\/wp-content\/uploads\/sites\/8\/2023\/03\/People-First-0.3-Compressed-1.pdf\"><span>T\u00c9L\u00c9CHARGER LE GUIDE \u00c9LECTRONIQUE PEOPLE FIRST<\/span><\/a>                    <\/div>\n\t<\/div>\n<\/section>\n\n<section class=\"content-list page-block content-list--sarcelle\" role=\"region\">\n\t<div class=\"container\">\n\t\t<div class=\"content-list__content\">\n\t\t\t<h2 data-splitting=\"words\" class=\"h3\">Solutions<\/h2>\t\t\t<div class=\"content-list__content__body\"><p>AVI-SPL et Neat collaborent pour transformer l\u2019exp\u00e9rience de r\u00e9union et de collaboration des organisations standardis\u00e9es sur Microsoft Teams et\/ou Zoom. Les appareils \u00e9l\u00e9gants et \u00e9pur\u00e9s de Neat ont remport\u00e9 plusieurs prix Red Dot Design, en mettant l\u2019accent sur le bien-\u00eatre et l\u2019interaction sociale pour maximiser la cr\u00e9ativit\u00e9 et la productivit\u00e9 des \u00e9quipes distribu\u00e9es. <\/p>\n<\/div>\t\t\t\t\t\t\t\t<\/div>\n\n\t\t\n\t\t\t\t\t<div class=\"content-list__list\">\n\t\t\t\t\t            <ul>\n\t                \t                   <li>\n\t                   \t\t<a href=\"https:\/\/www.youtube.com\/watch?v=bwNSJOLcElE\">\t                   \t\t<h6>Histoire Client Hubspot<\/h6>\t                   \t\t\t                   \t\t<\/a>\t                   <\/li>\n\t                \t                   <li>\n\t                   \t\t<a href=\"https:\/\/www.youtube.com\/watch?v=E6pLMyv9KD8\">\t                   \t\t<h6>Neat Symmetry<\/h6>\t                   \t\t\t                   \t\t<\/a>\t                   <\/li>\n\t                \t                   <li>\n\t                   \t\t<a href=\"https:\/\/avispl.ca\/wp-content\/uploads\/sites\/8\/2025\/02\/Neat-A-Z.pdf\">\t                   \t\t<h6>Pourquoi Neat : De A \u00c0 Z<\/h6>\t                   \t\t\t                   \t\t<\/a>\t                   <\/li>\n\t                \t                   <li>\n\t                   \t\t<a href=\"https:\/\/avispl.ca\/wp-content\/uploads\/sites\/8\/2025\/02\/Neat-Devices-Spaces-optimized.pdf\">\t                   \t\t<h6>Am\u00e9nagez Diff\u00e9rents Espaces De Travail<\/h6>\t                   \t\t\t                   \t\t<\/a>\t                   <\/li>\n\t                \t                   <li>\n\t                   \t\t<a href=\"https:\/\/www.youtube.com\/watch?v=9nPLUGB2tPU\">\t                   \t\t<h6>Histoire Client Rakuten <\/h6>\t                   \t\t\t                   \t\t<\/a>\t                   <\/li>\n\t                \t                   <li>\n\t                   \t\t<a href=\"https:\/\/www.youtube.com\/watch?v=oVp-0OBDzgs\">\t                   \t\t<h6>Neat + Zoom Transformation Scolaire<\/h6>\t                   \t\t\t                   \t\t<\/a>\t                   <\/li>\n\t                \t            <\/ul>\n\n\t\t\t\t<a class=\"ui-link ui-link--blue\"href=\"#contact\"><span>Contactez nous<\/span><\/a>\t\t\t<\/div>\n        \t<\/div>\n<\/section>\n<section    class=\"video-slider page-block\"\n    role=\"region\"\n    aria-labelledby=\"video-slider-heading\"\n    aria-roledescription=\"carousel\">\n\n    <div class=\"container\">\n        <div class=\"video-slider__header\">\n        \t<div class=\"video-slider__header__text\">\n\t        \t\n\t            \t                <h3 id=\"video-slider-heading\" data-splitting=\"words\">Vid\u00e9os<\/h3>\n\t            \t        <\/div>\n\n                    <\/div>\n\n                    <div class=\"video-slider__slider swiper\" aria-live=\"polite\">\n                <div class=\"swiper-wrapper\">\n                                            <div class=\"swiper-slide\">\n                            <div class=\"swiper-slide__img\">\n                                <a\n                                    data-fancybox\n                                    href=\"https:\/\/youtu.be\/n2tG4Ivnrhg\"\n                                    data-type=\"iframe\"                                    aria-label=\"Open video\"\n                                    role=\"button\">\n                                                                    <\/a>\n                            <\/div>\n                        <\/div>\n                                            <div class=\"swiper-slide\">\n                            <div class=\"swiper-slide__img\">\n                                <a\n                                    data-fancybox\n                                    href=\"https:\/\/youtu.be\/EuWbRhrtrHM\"\n                                    data-type=\"iframe\"                                    aria-label=\"Open video\"\n                                    role=\"button\">\n                                                                    <\/a>\n                            <\/div>\n                        <\/div>\n                                            <div class=\"swiper-slide\">\n                            <div class=\"swiper-slide__img\">\n                                <a\n                                    data-fancybox\n                                    href=\"https:\/\/youtu.be\/VRgUGqFb_5U\"\n                                    data-type=\"iframe\"                                    aria-label=\"Open video\"\n                                    role=\"button\">\n                                                                    <\/a>\n                            <\/div>\n                        <\/div>\n                                            <div class=\"swiper-slide\">\n                            <div class=\"swiper-slide__img\">\n                                <a\n                                    data-fancybox\n                                    href=\"https:\/\/youtu.be\/2J-zGqkxed0\"\n                                    data-type=\"iframe\"                                    aria-label=\"Open video\"\n                                    role=\"button\">\n                                                                    <\/a>\n                            <\/div>\n                        <\/div>\n                                    <\/div>\n            <\/div>\n\n            <div class=\"base-slider__footer\">\n            \t <div class=\"swiper-buttons swiper-buttons--w\">\n                    <button class=\"swiper-button-prev\" aria-label=\"Previous Slide\"><\/button>\n                    <button class=\"swiper-button-next\" aria-label=\"Next Slide\"><\/button>\n                <\/div>\n\n            \t<div class=\"swiper-pagination swiper-pagination--w\"><\/div>\n            <\/div>\n            <\/div>\n<\/section>\n","protected":false},"excerpt":{"rendered":"","protected":false},"author":4,"featured_media":0,"parent":0,"menu_order":190,"comment_status":"closed","ping_status":"closed","template":"","meta":{"_acf_changed":false,"footnotes":""},"class_list":["post-17494","page","type-page","status-publish","hentry"],"acf":[],"yoast_head":"<!-- This site is optimized with the Yoast SEO Premium plugin v27.3 (Yoast SEO v27.3) - https:\/\/yoast.com\/product\/yoast-seo-premium-wordpress\/ -->\n<title>Solutions de collaboration pratiques propos\u00e9es par AVI-SPL<\/title>\n<meta name=\"description\" content=\"Neat collaboration solutions available from AVI-SPL.\" \/>\n<meta name=\"robots\" content=\"index, follow, max-snippet:-1, max-image-preview:large, max-video-preview:-1\" \/>\n<link rel=\"canonical\" href=\"https:\/\/avispl.ca\/fr\/neat\/\" \/>\n<meta property=\"og:locale\" content=\"fr_FR\" \/>\n<meta property=\"og:type\" content=\"article\" \/>\n<meta property=\"og:title\" content=\"Neat\" \/>\n<meta property=\"og:description\" content=\"Neat collaboration solutions available from AVI-SPL.\" \/>\n<meta property=\"og:url\" content=\"https:\/\/avispl.ca\/fr\/neat\/\" \/>\n<meta property=\"og:site_name\" content=\"AVI-SPL Canada\" \/>\n<meta property=\"article:modified_time\" content=\"2025-07-07T21:22:23+00:00\" \/>\n<meta name=\"twitter:card\" content=\"summary_large_image\" \/>\n<script type=\"application\/ld+json\" class=\"yoast-schema-graph\">{\"@context\":\"https:\\\/\\\/schema.org\",\"@graph\":[{\"@type\":\"WebPage\",\"@id\":\"https:\\\/\\\/avispl.ca\\\/fr\\\/neat\\\/\",\"url\":\"https:\\\/\\\/avispl.ca\\\/fr\\\/neat\\\/\",\"name\":\"Solutions de collaboration pratiques propos\u00e9es par AVI-SPL\",\"isPartOf\":{\"@id\":\"https:\\\/\\\/avispl.ca\\\/fr\\\/#website\"},\"datePublished\":\"2025-01-29T17:22:10+00:00\",\"dateModified\":\"2025-07-07T21:22:23+00:00\",\"description\":\"Neat collaboration solutions available from AVI-SPL.\",\"breadcrumb\":{\"@id\":\"https:\\\/\\\/avispl.ca\\\/fr\\\/neat\\\/#breadcrumb\"},\"inLanguage\":\"fr-FR\",\"potentialAction\":[{\"@type\":\"ReadAction\",\"target\":[\"https:\\\/\\\/avispl.ca\\\/fr\\\/neat\\\/\"]}]},{\"@type\":\"BreadcrumbList\",\"@id\":\"https:\\\/\\\/avispl.ca\\\/fr\\\/neat\\\/#breadcrumb\",\"itemListElement\":[{\"@type\":\"ListItem\",\"position\":1,\"name\":\"Home\",\"item\":\"https:\\\/\\\/avispl.ca\\\/fr\\\/\"},{\"@type\":\"ListItem\",\"position\":2,\"name\":\"Neat\"}]},{\"@type\":\"WebSite\",\"@id\":\"https:\\\/\\\/avispl.ca\\\/fr\\\/#website\",\"url\":\"https:\\\/\\\/avispl.ca\\\/fr\\\/\",\"name\":\"AVI-SPL Canada\",\"description\":\"AV\\\/UC collaboration, education and experience technology\",\"publisher\":{\"@id\":\"https:\\\/\\\/avispl.ca\\\/fr\\\/#organization\"},\"potentialAction\":[{\"@type\":\"SearchAction\",\"target\":{\"@type\":\"EntryPoint\",\"urlTemplate\":\"https:\\\/\\\/avispl.ca\\\/fr\\\/?s={search_term_string}\"},\"query-input\":{\"@type\":\"PropertyValueSpecification\",\"valueRequired\":true,\"valueName\":\"search_term_string\"}}],\"inLanguage\":\"fr-FR\"},{\"@type\":\"Organization\",\"@id\":\"https:\\\/\\\/avispl.ca\\\/fr\\\/#organization\",\"name\":\"AVI-SPL Canada\",\"url\":\"https:\\\/\\\/avispl.ca\\\/fr\\\/\",\"logo\":{\"@type\":\"ImageObject\",\"inLanguage\":\"fr-FR\",\"@id\":\"https:\\\/\\\/avispl.ca\\\/fr\\\/#\\\/schema\\\/logo\\\/image\\\/\",\"url\":\"https:\\\/\\\/avispl.ca\\\/wp-content\\\/uploads\\\/sites\\\/8\\\/2024\\\/11\\\/logo.svg\",\"contentUrl\":\"https:\\\/\\\/avispl.ca\\\/wp-content\\\/uploads\\\/sites\\\/8\\\/2024\\\/11\\\/logo.svg\",\"caption\":\"AVI-SPL Canada\"},\"image\":{\"@id\":\"https:\\\/\\\/avispl.ca\\\/fr\\\/#\\\/schema\\\/logo\\\/image\\\/\"}}]}<\/script>\n<!-- \/ Yoast SEO Premium plugin. -->","yoast_head_json":{"title":"Solutions de collaboration pratiques propos\u00e9es par AVI-SPL","description":"Neat collaboration solutions available from AVI-SPL.","robots":{"index":"index","follow":"follow","max-snippet":"max-snippet:-1","max-image-preview":"max-image-preview:large","max-video-preview":"max-video-preview:-1"},"canonical":"https:\/\/avispl.ca\/fr\/neat\/","og_locale":"fr_FR","og_type":"article","og_title":"Neat","og_description":"Neat collaboration solutions available from AVI-SPL.","og_url":"https:\/\/avispl.ca\/fr\/neat\/","og_site_name":"AVI-SPL Canada","article_modified_time":"2025-07-07T21:22:23+00:00","twitter_card":"summary_large_image","schema":{"@context":"https:\/\/schema.org","@graph":[{"@type":"WebPage","@id":"https:\/\/avispl.ca\/fr\/neat\/","url":"https:\/\/avispl.ca\/fr\/neat\/","name":"Solutions de collaboration pratiques propos\u00e9es par AVI-SPL","isPartOf":{"@id":"https:\/\/avispl.ca\/fr\/#website"},"datePublished":"2025-01-29T17:22:10+00:00","dateModified":"2025-07-07T21:22:23+00:00","description":"Neat collaboration solutions available from AVI-SPL.","breadcrumb":{"@id":"https:\/\/avispl.ca\/fr\/neat\/#breadcrumb"},"inLanguage":"fr-FR","potentialAction":[{"@type":"ReadAction","target":["https:\/\/avispl.ca\/fr\/neat\/"]}]},{"@type":"BreadcrumbList","@id":"https:\/\/avispl.ca\/fr\/neat\/#breadcrumb","itemListElement":[{"@type":"ListItem","position":1,"name":"Home","item":"https:\/\/avispl.ca\/fr\/"},{"@type":"ListItem","position":2,"name":"Neat"}]},{"@type":"WebSite","@id":"https:\/\/avispl.ca\/fr\/#website","url":"https:\/\/avispl.ca\/fr\/","name":"AVI-SPL Canada","description":"AV\/UC collaboration, education and experience technology","publisher":{"@id":"https:\/\/avispl.ca\/fr\/#organization"},"potentialAction":[{"@type":"SearchAction","target":{"@type":"EntryPoint","urlTemplate":"https:\/\/avispl.ca\/fr\/?s={search_term_string}"},"query-input":{"@type":"PropertyValueSpecification","valueRequired":true,"valueName":"search_term_string"}}],"inLanguage":"fr-FR"},{"@type":"Organization","@id":"https:\/\/avispl.ca\/fr\/#organization","name":"AVI-SPL Canada","url":"https:\/\/avispl.ca\/fr\/","logo":{"@type":"ImageObject","inLanguage":"fr-FR","@id":"https:\/\/avispl.ca\/fr\/#\/schema\/logo\/image\/","url":"https:\/\/avispl.ca\/wp-content\/uploads\/sites\/8\/2024\/11\/logo.svg","contentUrl":"https:\/\/avispl.ca\/wp-content\/uploads\/sites\/8\/2024\/11\/logo.svg","caption":"AVI-SPL Canada"},"image":{"@id":"https:\/\/avispl.ca\/fr\/#\/schema\/logo\/image\/"}}]}},"_links":{"self":[{"href":"https:\/\/avispl.ca\/fr\/wp-json\/wp\/v2\/pages\/17494","targetHints":{"allow":["GET"]}}],"collection":[{"href":"https:\/\/avispl.ca\/fr\/wp-json\/wp\/v2\/pages"}],"about":[{"href":"https:\/\/avispl.ca\/fr\/wp-json\/wp\/v2\/types\/page"}],"author":[{"embeddable":true,"href":"https:\/\/avispl.ca\/fr\/wp-json\/wp\/v2\/users\/4"}],"replies":[{"embeddable":true,"href":"https:\/\/avispl.ca\/fr\/wp-json\/wp\/v2\/comments?post=17494"}],"version-history":[{"count":0,"href":"https:\/\/avispl.ca\/fr\/wp-json\/wp\/v2\/pages\/17494\/revisions"}],"wp:attachment":[{"href":"https:\/\/avispl.ca\/fr\/wp-json\/wp\/v2\/media?parent=17494"}],"curies":[{"name":"wp","href":"https:\/\/api.w.org\/{rel}","templated":true}]}}