{"id":17488,"date":"2025-01-24T14:07:44","date_gmt":"2025-01-24T19:07:44","guid":{"rendered":"https:\/\/avispl.com\/ca\/logitech\/"},"modified":"2026-04-28T17:32:20","modified_gmt":"2026-04-28T21:32:20","slug":"logitech","status":"publish","type":"page","link":"https:\/\/avispl.ca\/fr\/logitech\/","title":{"rendered":"Logitech"},"content":{"rendered":"\n<section class=\"hero page-block hero--x-small\">\n    \n                        <div class=\"hero__content\">\n                <div class=\"container\">\n                                           <div class=\"hero__content__logo hero__content__logo--bottom\">\n                            <img decoding=\"async\" src=\"https:\/\/avispl.ca\/wp-content\/uploads\/sites\/8\/2025\/01\/logitech-colour-2.svg\" class=\"attachment-full size-full\" alt=\"\" \/>                        <\/div>\n                                                                <h1 data-splitting=\"words\">LOGITECH<br \/>\r\nCOLLABORATION<br \/>\r\nTECHNOLOGIE<\/h1>\n                    \n                                            <div class=\"hero__content__text\"><p>D\u00e9couvrez l\u2019univers innovant de Logitech<\/p>\n<\/p>\n                    \n                    \n                    <button class=\"hero__scroll scroll-btn scroll-btn--o scroll-to-main\"\n\t\t\t\t        aria-label=\"Scroll to bottom of the hero section\"\n\t\t\t\t        title=\"Scroll to bottom of the hero section\">\n\t\t\t\t\t    <span class=\"sr-only\">Scroll to bottom of the hero section<\/span>\n\t\t\t\t\t<\/button>\n                <\/div>\n            <\/div>\n            <\/section>\n<div id=\"main-content\"><\/div>\n\n\n\n<section class=\"image-text-new page-block image-text-new--sm image-text-new--r\" role=\"region\">\n\t<div class=\"container\">\n\t\t<div class=\"image-text-new__image\">\n\t\t\t\t\t\t\t<div class=\"image-text-new__image__wrap\">\n\t\t\t\t    <img loading=\"lazy\" decoding=\"async\" width=\"960\" height=\"684\" src=\"https:\/\/avispl.ca\/wp-content\/uploads\/sites\/8\/2025\/01\/logitech-img.jpg\" class=\"attachment-full size-full\" alt=\"\" srcset=\"https:\/\/avispl.ca\/wp-content\/uploads\/sites\/8\/2025\/01\/logitech-img.jpg 960w, https:\/\/avispl.ca\/wp-content\/uploads\/sites\/8\/2025\/01\/logitech-img-300x214.jpg 300w, https:\/\/avispl.ca\/wp-content\/uploads\/sites\/8\/2025\/01\/logitech-img-768x547.jpg 768w, https:\/\/avispl.ca\/wp-content\/uploads\/sites\/8\/2025\/01\/logitech-img-125x89.jpg 125w\" sizes=\"auto, (max-width: 960px) 100vw, 960px\" \/>\t\t\t\t<\/div>\n\t\t\t\t\t<\/div>\n\n\t\t<div class=\"image-text-new__text\">\n                                    \t<div class=\"body-content\">\n                \t<p>Logitech (Nasdaq : LOGI) aide les entreprises &agrave; adopter une nouvelle mani&egrave;re de travailler en cr&eacute;ant des exp&eacute;riences permettant &agrave; tous de cr&eacute;er et collaborer efficacement, o&ugrave; qu&rsquo;ils soient. Avec des solutions flexibles qui facilitent aussi bien le travail en &eacute;quipe que le travail individuel, la gamme d&rsquo;&eacute;quipements de salle, webcams, casques, souris, claviers et plus, con&ccedil;ue pour les entreprises, permet d&rsquo;exploiter pleinement tout le potentiel du travail. Pour plus d&rsquo;informations, veuillez consulter le<a href=\"https:\/\/shop.avispl.ca\/collections\/logitech\" target=\"_blank\" rel=\"noopener\"> catalogue produit Logitech<\/a><\/p>\n                <\/div>\n                                            <\/div>\n\t<\/div>\n<\/section>\n\n\n\n<section class=\"image-text-new page-block image-text-new--sm image-text-new--dark\" role=\"region\">\n\t<div class=\"container\">\n\t\t<div class=\"image-text-new__image\">\n\t\t\t\t\t\t\t<div class=\"image-text-new__image__wrap\">\n\t\t\t\t    <img loading=\"lazy\" decoding=\"async\" width=\"1280\" height=\"720\" src=\"https:\/\/avispl.ca\/wp-content\/uploads\/sites\/8\/2025\/01\/Logitech-TWS-Lineup-AVI-SPL-1280x720-1.jpg\" class=\"attachment-full size-full\" alt=\"\" srcset=\"https:\/\/avispl.ca\/wp-content\/uploads\/sites\/8\/2025\/01\/Logitech-TWS-Lineup-AVI-SPL-1280x720-1.jpg 1280w, https:\/\/avispl.ca\/wp-content\/uploads\/sites\/8\/2025\/01\/Logitech-TWS-Lineup-AVI-SPL-1280x720-1-300x169.jpg 300w, https:\/\/avispl.ca\/wp-content\/uploads\/sites\/8\/2025\/01\/Logitech-TWS-Lineup-AVI-SPL-1280x720-1-1024x576.jpg 1024w, https:\/\/avispl.ca\/wp-content\/uploads\/sites\/8\/2025\/01\/Logitech-TWS-Lineup-AVI-SPL-1280x720-1-768x432.jpg 768w, https:\/\/avispl.ca\/wp-content\/uploads\/sites\/8\/2025\/01\/Logitech-TWS-Lineup-AVI-SPL-1280x720-1-125x70.jpg 125w\" sizes=\"auto, (max-width: 1280px) 100vw, 1280px\" \/>\t\t\t\t<\/div>\n\t\t\t\t\t<\/div>\n\n\t\t<div class=\"image-text-new__text\">\n                        \t<h3 class=\"h3\">Le nouvel espace de travail de l&rsquo;\u00e9quipe<\/h3>\n                                    \t<div class=\"body-content\">\n                \t<p>Dans un environnement professionnel o\u00f9 cohabitent employ\u00e9s au bureau, travailleurs hybrides et t\u00e9l\u00e9travailleurs, la collaboration productive entre les \u00e9quipes repr\u00e9sente un v\u00e9ritable d\u00e9fi. Les solutions pour espaces de travail collaboratifs de Logitech offrent un \u00e9cosyst\u00e8me de mat\u00e9riel, de logiciels et de services de niveau professionnel qui simplifient la collaboration entre vos \u00e9quipes, o\u00f9 qu&rsquo;elles se trouvent. <\/p>\n<p>Nos solutions innovantes am\u00e9liorent l&rsquo;exp\u00e9rience des r\u00e9unions tout en permettant au service informatique de simplifier et d&rsquo;acc\u00e9l\u00e9rer le d\u00e9ploiement et l&rsquo;assistance des appareils. Les solutions Logitech pour espaces de travail sont con\u00e7ues pour tous vos collaborateurs, tous vos espaces et tous vos besoins. <\/p>\n                <\/div>\n                                            <\/div>\n\t<\/div>\n<\/section>\n\n\n\n<section class=\"content-list page-block content-list--dark\" role=\"region\">\n\t<div class=\"container\">\n\t\t<div class=\"content-list__content\">\n\t\t\t<h2 data-splitting=\"words\" class=\"h2\">Solutions<\/h2>\t\t\t<div class=\"content-list__content__body\"><p>AVI-SPL et Logitech travaillent ensemble pour transformer la fa\u00e7on dont les \u00e9quipes s\u2019engagent et collaborent. Les solutions prim\u00e9es de collaboration vid\u00e9o de Logitech sont utilis\u00e9es par plus de 70 % des entreprises du Fortune 500, aidant les entreprises \u00e0 lib\u00e9rer la productivit\u00e9 gr\u00e2ce \u00e0 une meilleure collaboration \u2014 des espaces de travail personnels aux salles de r\u00e9union \u2014 avec des designs intuitifs compatibles avec toutes les grandes plateformes de visioconf\u00e9rence. <\/p>\n<p>Cliquez sur les liens \u00e0 droite pour en savoir plus sur nos solutions uniques produits\/secteurs.<\/p>\n<\/div>\t\t\t\t\t\t\t\t<\/div>\n\n\t\t\n\t\t\t\t\t<div class=\"content-list__list\">\n\t\t\t\t\t            <ul>\n\t                \t                   <li>\n\t                   \t\t\t                   \t\t<h6>Sight<\/h6>\t                   \t\t\t                   \t\t\t                   <\/li>\n\t                \t                   <li>\n\t                   \t\t\t                   \t\t<h6>Rally Bar Huddle<\/h6>\t                   \t\t\t                   \t\t\t                   <\/li>\n\t                \t                   <li>\n\t                   \t\t\t                   \t\t<h6>Espace De Travail Personnel<\/h6>\t                   \t\t\t                   \t\t\t                   <\/li>\n\t                \t                   <li>\n\t                   \t\t\t                   \t\t<h6>\u00c9ducation<\/h6>\t                   \t\t\t                   \t\t\t                   <\/li>\n\t                \t                   <li>\n\t                   \t\t\t                   \t\t<h6>Solutions Gouvernementales<\/h6>\t                   \t\t\t                   \t\t\t                   <\/li>\n\t                \t                   <li>\n\t                   \t\t\t                   \t\t<h6>Logitech Select<\/h6>\t                   \t\t\t                   \t\t\t                   <\/li>\n\t                \t            <\/ul>\n\n\t\t\t\t<a class=\"ui-btn ui-btn--primary\"href=\"#contact\"><span>Contactez nous<\/span><\/a>\t\t\t<\/div>\n        \t<\/div>\n<\/section>\n\n\n","protected":false},"excerpt":{"rendered":"","protected":false},"author":4,"featured_media":0,"parent":0,"menu_order":212,"comment_status":"closed","ping_status":"closed","template":"","meta":{"_acf_changed":false,"footnotes":""},"class_list":["post-17488","page","type-page","status-publish","hentry"],"acf":[],"yoast_head":"<!-- This site is optimized with the Yoast SEO Premium plugin v27.5 (Yoast SEO v27.5) - https:\/\/yoast.com\/product\/yoast-seo-premium-wordpress\/ -->\n<title>Technologie de collaboration audiovisuelle Logitech disponible via AVI-SPL<\/title>\n<meta name=\"description\" content=\"Technologie de collaboration audiovisuelle Logitech disponible via AVI-SPL\" \/>\n<meta name=\"robots\" content=\"index, follow, max-snippet:-1, max-image-preview:large, max-video-preview:-1\" \/>\n<link rel=\"canonical\" href=\"https:\/\/avispl.ca\/fr\/logitech\/\" \/>\n<meta property=\"og:locale\" content=\"fr_FR\" \/>\n<meta property=\"og:type\" content=\"article\" \/>\n<meta property=\"og:title\" content=\"Logitech\" \/>\n<meta property=\"og:description\" content=\"Technologie de collaboration audiovisuelle Logitech disponible via AVI-SPL\" \/>\n<meta property=\"og:url\" content=\"https:\/\/avispl.ca\/fr\/logitech\/\" \/>\n<meta property=\"og:site_name\" content=\"AVI-SPL Canada\" \/>\n<meta property=\"article:modified_time\" content=\"2026-04-28T21:32:20+00:00\" \/>\n<meta name=\"twitter:card\" content=\"summary_large_image\" \/>\n<meta name=\"twitter:label1\" content=\"Est. reading time\" \/>\n\t<meta name=\"twitter:data1\" content=\"2 minutes\" \/>\n<script type=\"application\/ld+json\" class=\"yoast-schema-graph\">{\"@context\":\"https:\\\/\\\/schema.org\",\"@graph\":[{\"@type\":\"WebPage\",\"@id\":\"https:\\\/\\\/avispl.ca\\\/fr\\\/logitech\\\/\",\"url\":\"https:\\\/\\\/avispl.ca\\\/fr\\\/logitech\\\/\",\"name\":\"Technologie de collaboration audiovisuelle Logitech disponible via AVI-SPL\",\"isPartOf\":{\"@id\":\"https:\\\/\\\/avispl.ca\\\/fr\\\/#website\"},\"datePublished\":\"2025-01-24T19:07:44+00:00\",\"dateModified\":\"2026-04-28T21:32:20+00:00\",\"description\":\"Technologie de collaboration audiovisuelle Logitech disponible via AVI-SPL\",\"breadcrumb\":{\"@id\":\"https:\\\/\\\/avispl.ca\\\/fr\\\/logitech\\\/#breadcrumb\"},\"inLanguage\":\"fr-FR\",\"potentialAction\":[{\"@type\":\"ReadAction\",\"target\":[\"https:\\\/\\\/avispl.ca\\\/fr\\\/logitech\\\/\"]}]},{\"@type\":\"BreadcrumbList\",\"@id\":\"https:\\\/\\\/avispl.ca\\\/fr\\\/logitech\\\/#breadcrumb\",\"itemListElement\":[{\"@type\":\"ListItem\",\"position\":1,\"name\":\"Home\",\"item\":\"https:\\\/\\\/avispl.ca\\\/fr\\\/\"},{\"@type\":\"ListItem\",\"position\":2,\"name\":\"Logitech\"}]},{\"@type\":\"WebSite\",\"@id\":\"https:\\\/\\\/avispl.ca\\\/fr\\\/#website\",\"url\":\"https:\\\/\\\/avispl.ca\\\/fr\\\/\",\"name\":\"AVI-SPL Canada\",\"description\":\"AV\\\/UC collaboration, education and experience technology\",\"publisher\":{\"@id\":\"https:\\\/\\\/avispl.ca\\\/fr\\\/#organization\"},\"potentialAction\":[{\"@type\":\"SearchAction\",\"target\":{\"@type\":\"EntryPoint\",\"urlTemplate\":\"https:\\\/\\\/avispl.ca\\\/fr\\\/?s={search_term_string}\"},\"query-input\":{\"@type\":\"PropertyValueSpecification\",\"valueRequired\":true,\"valueName\":\"search_term_string\"}}],\"inLanguage\":\"fr-FR\"},{\"@type\":\"Organization\",\"@id\":\"https:\\\/\\\/avispl.ca\\\/fr\\\/#organization\",\"name\":\"AVI-SPL Canada\",\"url\":\"https:\\\/\\\/avispl.ca\\\/fr\\\/\",\"logo\":{\"@type\":\"ImageObject\",\"inLanguage\":\"fr-FR\",\"@id\":\"https:\\\/\\\/avispl.ca\\\/fr\\\/#\\\/schema\\\/logo\\\/image\\\/\",\"url\":\"https:\\\/\\\/avispl.ca\\\/wp-content\\\/uploads\\\/sites\\\/8\\\/2024\\\/11\\\/logo.svg\",\"contentUrl\":\"https:\\\/\\\/avispl.ca\\\/wp-content\\\/uploads\\\/sites\\\/8\\\/2024\\\/11\\\/logo.svg\",\"caption\":\"AVI-SPL Canada\"},\"image\":{\"@id\":\"https:\\\/\\\/avispl.ca\\\/fr\\\/#\\\/schema\\\/logo\\\/image\\\/\"}}]}<\/script>\n<!-- \/ Yoast SEO Premium plugin. -->","yoast_head_json":{"title":"Technologie de collaboration audiovisuelle Logitech disponible via AVI-SPL","description":"Technologie de collaboration audiovisuelle Logitech disponible via AVI-SPL","robots":{"index":"index","follow":"follow","max-snippet":"max-snippet:-1","max-image-preview":"max-image-preview:large","max-video-preview":"max-video-preview:-1"},"canonical":"https:\/\/avispl.ca\/fr\/logitech\/","og_locale":"fr_FR","og_type":"article","og_title":"Logitech","og_description":"Technologie de collaboration audiovisuelle Logitech disponible via AVI-SPL","og_url":"https:\/\/avispl.ca\/fr\/logitech\/","og_site_name":"AVI-SPL Canada","article_modified_time":"2026-04-28T21:32:20+00:00","twitter_card":"summary_large_image","twitter_misc":{"Est. reading time":"2 minutes"},"schema":{"@context":"https:\/\/schema.org","@graph":[{"@type":"WebPage","@id":"https:\/\/avispl.ca\/fr\/logitech\/","url":"https:\/\/avispl.ca\/fr\/logitech\/","name":"Technologie de collaboration audiovisuelle Logitech disponible via AVI-SPL","isPartOf":{"@id":"https:\/\/avispl.ca\/fr\/#website"},"datePublished":"2025-01-24T19:07:44+00:00","dateModified":"2026-04-28T21:32:20+00:00","description":"Technologie de collaboration audiovisuelle Logitech disponible via AVI-SPL","breadcrumb":{"@id":"https:\/\/avispl.ca\/fr\/logitech\/#breadcrumb"},"inLanguage":"fr-FR","potentialAction":[{"@type":"ReadAction","target":["https:\/\/avispl.ca\/fr\/logitech\/"]}]},{"@type":"BreadcrumbList","@id":"https:\/\/avispl.ca\/fr\/logitech\/#breadcrumb","itemListElement":[{"@type":"ListItem","position":1,"name":"Home","item":"https:\/\/avispl.ca\/fr\/"},{"@type":"ListItem","position":2,"name":"Logitech"}]},{"@type":"WebSite","@id":"https:\/\/avispl.ca\/fr\/#website","url":"https:\/\/avispl.ca\/fr\/","name":"AVI-SPL Canada","description":"AV\/UC collaboration, education and experience technology","publisher":{"@id":"https:\/\/avispl.ca\/fr\/#organization"},"potentialAction":[{"@type":"SearchAction","target":{"@type":"EntryPoint","urlTemplate":"https:\/\/avispl.ca\/fr\/?s={search_term_string}"},"query-input":{"@type":"PropertyValueSpecification","valueRequired":true,"valueName":"search_term_string"}}],"inLanguage":"fr-FR"},{"@type":"Organization","@id":"https:\/\/avispl.ca\/fr\/#organization","name":"AVI-SPL Canada","url":"https:\/\/avispl.ca\/fr\/","logo":{"@type":"ImageObject","inLanguage":"fr-FR","@id":"https:\/\/avispl.ca\/fr\/#\/schema\/logo\/image\/","url":"https:\/\/avispl.ca\/wp-content\/uploads\/sites\/8\/2024\/11\/logo.svg","contentUrl":"https:\/\/avispl.ca\/wp-content\/uploads\/sites\/8\/2024\/11\/logo.svg","caption":"AVI-SPL Canada"},"image":{"@id":"https:\/\/avispl.ca\/fr\/#\/schema\/logo\/image\/"}}]}},"_links":{"self":[{"href":"https:\/\/avispl.ca\/fr\/wp-json\/wp\/v2\/pages\/17488","targetHints":{"allow":["GET"]}}],"collection":[{"href":"https:\/\/avispl.ca\/fr\/wp-json\/wp\/v2\/pages"}],"about":[{"href":"https:\/\/avispl.ca\/fr\/wp-json\/wp\/v2\/types\/page"}],"author":[{"embeddable":true,"href":"https:\/\/avispl.ca\/fr\/wp-json\/wp\/v2\/users\/4"}],"replies":[{"embeddable":true,"href":"https:\/\/avispl.ca\/fr\/wp-json\/wp\/v2\/comments?post=17488"}],"version-history":[{"count":2,"href":"https:\/\/avispl.ca\/fr\/wp-json\/wp\/v2\/pages\/17488\/revisions"}],"predecessor-version":[{"id":18930,"href":"https:\/\/avispl.ca\/fr\/wp-json\/wp\/v2\/pages\/17488\/revisions\/18930"}],"wp:attachment":[{"href":"https:\/\/avispl.ca\/fr\/wp-json\/wp\/v2\/media?parent=17488"}],"curies":[{"name":"wp","href":"https:\/\/api.w.org\/{rel}","templated":true}]}}