{"id":17486,"date":"2025-01-29T10:16:29","date_gmt":"2025-01-29T15:16:29","guid":{"rendered":"https:\/\/avispl.com\/ca\/legrand-av\/"},"modified":"2025-07-07T17:09:54","modified_gmt":"2025-07-07T21:09:54","slug":"legrand-av","status":"publish","type":"page","link":"https:\/\/avispl.ca\/fr\/legrand-av\/","title":{"rendered":"Legrand AV"},"content":{"rendered":"\n<section class=\"hero page-block hero--x-small\">\n    \n                        <div class=\"hero__content\">\n                <div class=\"container\">\n                                           <div class=\"hero__content__logo hero__content__logo--bottom\">\n                            <img decoding=\"async\" src=\"https:\/\/avispl.ca\/wp-content\/uploads\/sites\/8\/2025\/01\/legrand-large.svg\" class=\"attachment-full size-full\" alt=\"\" \/>                        <\/div>\n                                                                <h1 data-splitting=\"words\">LEGRAND AV<br \/>\r\nCOLLABORATION<br \/>\r\nTECHNOLOGIE<\/h1>\n                    \n                                            <div class=\"hero__content__text\"><p>Une toute nouvelle gamme de solutions de marque pour r\u00e9pondre \u00e0 vos d\u00e9fis audiovisuels<\/p>\n<\/p>\n                    \n                    \n                    <button class=\"hero__scroll scroll-btn scroll-btn--o scroll-to-main\"\n\t\t\t\t        aria-label=\"Scroll to bottom of the hero section\"\n\t\t\t\t        title=\"Scroll to bottom of the hero section\">\n\t\t\t\t\t    <span class=\"sr-only\">Scroll to bottom of the hero section<\/span>\n\t\t\t\t\t<\/button>\n                <\/div>\n            <\/div>\n            <\/section>\n<div id=\"main-content\"><\/div>\n\n<section class=\"image-text-new page-block image-text-new--sm image-text-new--r\" role=\"region\">\n\t<div class=\"container\">\n\t\t<div class=\"image-text-new__image\">\n\t\t\t\t\t\t\t<div class=\"image-text-new__image__wrap\">\n\t\t\t\t    <img loading=\"lazy\" decoding=\"async\" width=\"1715\" height=\"1109\" src=\"https:\/\/avispl.ca\/wp-content\/uploads\/sites\/8\/2025\/01\/Legrand-digital-sigange-airport-image.jpg\" class=\"attachment-full size-full\" alt=\"\" srcset=\"https:\/\/avispl.ca\/wp-content\/uploads\/sites\/8\/2025\/01\/Legrand-digital-sigange-airport-image.jpg 1715w, https:\/\/avispl.ca\/wp-content\/uploads\/sites\/8\/2025\/01\/Legrand-digital-sigange-airport-image-300x194.jpg 300w, https:\/\/avispl.ca\/wp-content\/uploads\/sites\/8\/2025\/01\/Legrand-digital-sigange-airport-image-1024x662.jpg 1024w, https:\/\/avispl.ca\/wp-content\/uploads\/sites\/8\/2025\/01\/Legrand-digital-sigange-airport-image-768x497.jpg 768w, https:\/\/avispl.ca\/wp-content\/uploads\/sites\/8\/2025\/01\/Legrand-digital-sigange-airport-image-1536x993.jpg 1536w, https:\/\/avispl.ca\/wp-content\/uploads\/sites\/8\/2025\/01\/Legrand-digital-sigange-airport-image-125x81.jpg 125w\" sizes=\"auto, (max-width: 1715px) 100vw, 1715px\" \/>\t\t\t\t<\/div>\n\t\t\t\t\t<\/div>\n\n\t\t<div class=\"image-text-new__text\">\n                        \t<h3 class=\"h3\">PORTFOLIO \u00c9TENDU DE PRODUITS AUDIOVISUELS<\/h3>\n                                    \t<div class=\"body-content\">\n                \t<p>Legrand | AV (anciennement Milestone) propose un portfolio \u00e9tendu de produits audiovisuels de marque comprenant des solutions de montage pour \u00e9crans plats, supports de projecteurs, \u00e9crans de projection, commutateurs, routeurs, c\u00e2blage et connectivit\u00e9, armoires d\u2019\u00e9quipement, cam\u00e9ras PTZ et mobilier pour les march\u00e9s AV commerciaux. Ses produits innovants sont commercialis\u00e9s sous les noms de marque C2G, Chief, Da-Lite, Luxul, Middle Atlantic, Projecta et Vaddio. Toutes les marques collaborent pour offrir une large gamme de produits, une solidit\u00e9 durable et l\u2019avantage d\u2019un service client et d\u2019un support sup\u00e9rieurs.  <\/p>\n                <\/div>\n                        <a class=\"ui-link ui-link--blue\"href=\"https:\/\/avispl.ca\/legrand-av\/\"><span>EN SAVOIR PLUS<\/span><\/a>                    <\/div>\n\t<\/div>\n<\/section>\n\n<section class=\"content-list page-block content-list--sombre\" role=\"region\">\n\t<div class=\"container\">\n\t\t<div class=\"content-list__content\">\n\t\t\t<h2 data-splitting=\"words\" class=\"h3\">En savoir plus sur les autres marques du portefeuille Legrand | AV.<\/h2>\t\t\t\t\t\t\t\t\t\t\t<\/div>\n\n\t\t\n\t\t\t\t\t<div class=\"content-list__list\">\n\t\t\t\t\t            <ul>\n\t                \t                   <li>\n\t                   \t\t<a href=\"https:\/\/avispl.ca\/c2g\/\">\t                   \t\t<h6>C2G<\/h6>\t                   \t\t\t                   \t\t<\/a>\t                   <\/li>\n\t                \t                   <li>\n\t                   \t\t<a href=\"https:\/\/avispl.ca\/chief\/\">\t                   \t\t<h6>Chief<\/h6>\t                   \t\t\t                   \t\t<\/a>\t                   <\/li>\n\t                \t                   <li>\n\t                   \t\t<a href=\"https:\/\/avispl.ca\/da-lite\/\">\t                   \t\t<h6>Da-Lite<\/h6>\t                   \t\t\t                   \t\t<\/a>\t                   <\/li>\n\t                \t                   <li>\n\t                   \t\t<a href=\"https:\/\/avispl.ca\/luxul\/\">\t                   \t\t<h6>Luxul<\/h6>\t                   \t\t\t                   \t\t<\/a>\t                   <\/li>\n\t                \t                   <li>\n\t                   \t\t<a href=\"https:\/\/avispl.ca\/middle-atlantic\/\">\t                   \t\t<h6>Middle Atlantic<\/h6>\t                   \t\t\t                   \t\t<\/a>\t                   <\/li>\n\t                \t                   <li>\n\t                   \t\t<a href=\"https:\/\/avispl.ca\/vaddio\/\">\t                   \t\t<h6>Vaddio<\/h6>\t                   \t\t\t                   \t\t<\/a>\t                   <\/li>\n\t                \t                   <li>\n\t                   \t\t<a href=\"https:\/\/avispl.ca\/wiremold\/\">\t                   \t\t<h6>Wiremold<\/h6>\t                   \t\t\t                   \t\t<\/a>\t                   <\/li>\n\t                \t            <\/ul>\n\n\t\t\t\t\t\t\t<\/div>\n        \t<\/div>\n<\/section>\n\n<section class=\"image-text-new page-block image-text-new--sm\" role=\"region\">\n\t<div class=\"container\">\n\t\t<div class=\"image-text-new__image\">\n\t\t\t\t\t\t\t<div class=\"image-text-new__image__wrap\">\n\t\t\t\t    <img loading=\"lazy\" decoding=\"async\" width=\"2560\" height=\"1978\" src=\"https:\/\/avispl.ca\/wp-content\/uploads\/sites\/8\/2025\/01\/Legrand-220106_Conferencing_trends_hybrid_workplace_Page_1-scaled-1-scaled.jpg\" class=\"attachment-full size-full\" alt=\"\" srcset=\"https:\/\/avispl.ca\/wp-content\/uploads\/sites\/8\/2025\/01\/Legrand-220106_Conferencing_trends_hybrid_workplace_Page_1-scaled-1-scaled.jpg 2560w, https:\/\/avispl.ca\/wp-content\/uploads\/sites\/8\/2025\/01\/Legrand-220106_Conferencing_trends_hybrid_workplace_Page_1-scaled-1-300x232.jpg 300w, https:\/\/avispl.ca\/wp-content\/uploads\/sites\/8\/2025\/01\/Legrand-220106_Conferencing_trends_hybrid_workplace_Page_1-scaled-1-1024x791.jpg 1024w, https:\/\/avispl.ca\/wp-content\/uploads\/sites\/8\/2025\/01\/Legrand-220106_Conferencing_trends_hybrid_workplace_Page_1-scaled-1-768x593.jpg 768w, https:\/\/avispl.ca\/wp-content\/uploads\/sites\/8\/2025\/01\/Legrand-220106_Conferencing_trends_hybrid_workplace_Page_1-scaled-1-1536x1187.jpg 1536w, https:\/\/avispl.ca\/wp-content\/uploads\/sites\/8\/2025\/01\/Legrand-220106_Conferencing_trends_hybrid_workplace_Page_1-scaled-1-2048x1582.jpg 2048w, https:\/\/avispl.ca\/wp-content\/uploads\/sites\/8\/2025\/01\/Legrand-220106_Conferencing_trends_hybrid_workplace_Page_1-scaled-1-125x97.jpg 125w\" sizes=\"auto, (max-width: 2560px) 100vw, 2560px\" \/>\t\t\t\t<\/div>\n\t\t\t\t\t<\/div>\n\n\t\t<div class=\"image-text-new__text\">\n                        \t<h3 class=\"h3\">Tendances en mati\u00e8re de conf\u00e9rence pour le lieu de travail hybride<\/h3>\n                                    \t<div class=\"body-content\">\n                \t<p>Les conf\u00e9rences ont chang\u00e9 pour toujours. Les entreprises qui s&rsquo;attachent \u00e0 d\u00e9velopper une culture d&rsquo;appartenance gr\u00e2ce \u00e0 des exp\u00e9riences professionnelles transformatrices veilleront \u00e0 ce que leurs employ\u00e9s se sentent valoris\u00e9s. Des syst\u00e8mes audiovisuels d\u00e9ploy\u00e9s de mani\u00e8re strat\u00e9gique cr\u00e9ent des espaces de r\u00e9union qui placent les personnes au premier plan.  <\/p>\n<p>Les marques de Legrand | AV occupent une position unique pour aider les organisations \u00e0 mettre en place des solutions de conf\u00e9rence qui am\u00e9liorent la collaboration et permettent aux employ\u00e9s d&rsquo;\u00eatre vus et entendus, quel que soit leur lieu de travail.<\/p>\n                <\/div>\n                        <a class=\"ui-link ui-link--blue\" target=\"_blank\" href=\"\/wp-content\/uploads\/sites\/8\/2025\/02\/Legrand-220106_Conferencing_trends_hybrid_workplace.pdf\"><span>T\u00e9l\u00e9charger le guide<\/span><\/a>                    <\/div>\n\t<\/div>\n<\/section>\n\n<section class=\"content-list page-block content-list--sarcelle\" role=\"region\">\n\t<div class=\"container\">\n\t\t<div class=\"content-list__content\">\n\t\t\t<h2 data-splitting=\"words\" class=\"h3\">Solutions<\/h2>\t\t\t<div class=\"content-list__content__body\"><p>AVI-SPL collabore avec Legrand | AV pour cr\u00e9er une toute nouvelle gamme de solutions de marque afin de relever vos d\u00e9fis AV et offrir des exp\u00e9riences audiovisuelles exceptionnelles.<\/p>\n<\/div>\t\t\t\t\t\t\t\t<\/div>\n\n\t\t\n\t\t\t\t\t<div class=\"content-list__list\">\n\t\t\t\t\t            <ul>\n\t                \t                   <li>\n\t                   \t\t<a href=\"\/wp-content\/uploads\/sites\/8\/2025\/02\/Legrand-230365-TAA-Compliance-Guide.pdf\" target=\"_blank\" >\t                   \t\t<h6>SOLUTIONS AV CONFORMES TAA<\/h6>\t                   \t\t\t                   \t\t<\/a>\t                   <\/li>\n\t                \t                   <li>\n\t                   \t\t<a href=\"\/wp-content\/uploads\/sites\/8\/2025\/02\/Legrand-200789_Govt_Mission_Critical_Command_Control_Solutions_Diagram.pdf\" target=\"_blank\" >\t                   \t\t<h6>CENTRES DE COMMANDES CRITIQUES<\/h6>\t                   \t\t\t                   \t\t<\/a>\t                   <\/li>\n\t                \t                   <li>\n\t                   \t\t<a href=\"\/wp-content\/uploads\/sites\/8\/2025\/02\/Legrand-Behind_The_Sign_Top_Products_Guide_Static_April_2023.pdf\" target=\"_blank\" >\t                   \t\t<h6>GUIDE DES MEILLEURS PRODUITS<\/h6>\t                   \t\t\t                   \t\t<\/a>\t                   <\/li>\n\t                \t                   <li>\n\t                   \t\t<a href=\"\/wp-content\/uploads\/sites\/8\/2025\/02\/Legrand-210273_LAV_Flex_Hybrid_Conf_Guidebook.pdf\" target=\"_blank\" >\t                   \t\t<h6>GUIDE DES SOLUTIONS DE CONF\u00c9RENCE HYBRIDE<\/h6>\t                   \t\t\t                   \t\t<\/a>\t                   <\/li>\n\t                \t                   <li>\n\t                   \t\t<a href=\"\/wp-content\/uploads\/sites\/8\/2025\/02\/Legrand-220191-Cart-ComparisonChart-CorpConferencing.pdf\" target=\"_blank\" >\t                   \t\t<h6>MEILLEURS CHARIOTS AV POUR LA CONF\u00c9RENCE<\/h6>\t                   \t\t\t                   \t\t<\/a>\t                   <\/li>\n\t                \t                   <li>\n\t                   \t\t<a href=\"\/wp-content\/uploads\/sites\/8\/2025\/02\/Legrand-200335-EDU-GUIDEBOOKFinal.pdf\" target=\"_blank\" >\t                   \t\t<h6>SOLUTIONS DE CAMPUS HYBRIDES PR\u00caTES<\/h6>\t                   \t\t\t                   \t\t<\/a>\t                   <\/li>\n\t                \t            <\/ul>\n\n\t\t\t\t<a class=\"ui-link ui-link--blue\"href=\"#contact\"><span>Contactez nous<\/span><\/a>\t\t\t<\/div>\n        \t<\/div>\n<\/section>\n<section    class=\"video-slider page-block\"\n    role=\"region\"\n    aria-labelledby=\"video-slider-heading\"\n    aria-roledescription=\"carousel\">\n\n    <div class=\"container\">\n        <div class=\"video-slider__header\">\n        \t<div class=\"video-slider__header__text\">\n\t        \t\t                <p class=\"sub sub--lg\">Vid\u00e9os<\/p>\n\t            \n\t            \t                <h3 id=\"video-slider-heading\" data-splitting=\"words\">D\u00e9couvrez Nos Solutions<\/h3>\n\t            \t        <\/div>\n\n                    <\/div>\n\n                    <div class=\"video-slider__slider swiper\" aria-live=\"polite\">\n                <div class=\"swiper-wrapper\">\n                                            <div class=\"swiper-slide\">\n                            <div class=\"swiper-slide__img\">\n                                <a\n                                    data-fancybox\n                                    href=\"https:\/\/www.youtube.com\/watch?v=9kki5ZBhNnA&#038;\"\n                                    data-type=\"iframe\"                                    aria-label=\"Open video\"\n                                    role=\"button\">\n                                    <img loading=\"lazy\" decoding=\"async\" width=\"1680\" height=\"914\" src=\"https:\/\/avispl.ca\/wp-content\/uploads\/sites\/8\/2025\/01\/legrand-av-vid-1.jpg\" class=\"attachment-full size-full\" alt=\"Decorative image\" srcset=\"https:\/\/avispl.ca\/wp-content\/uploads\/sites\/8\/2025\/01\/legrand-av-vid-1.jpg 1680w, https:\/\/avispl.ca\/wp-content\/uploads\/sites\/8\/2025\/01\/legrand-av-vid-1-300x163.jpg 300w, https:\/\/avispl.ca\/wp-content\/uploads\/sites\/8\/2025\/01\/legrand-av-vid-1-1024x557.jpg 1024w, https:\/\/avispl.ca\/wp-content\/uploads\/sites\/8\/2025\/01\/legrand-av-vid-1-768x418.jpg 768w, https:\/\/avispl.ca\/wp-content\/uploads\/sites\/8\/2025\/01\/legrand-av-vid-1-1536x836.jpg 1536w, https:\/\/avispl.ca\/wp-content\/uploads\/sites\/8\/2025\/01\/legrand-av-vid-1-125x68.jpg 125w\" sizes=\"auto, (max-width: 1680px) 100vw, 1680px\" \/>                                <\/a>\n                            <\/div>\n                        <\/div>\n                                            <div class=\"swiper-slide\">\n                            <div class=\"swiper-slide__img\">\n                                <a\n                                    data-fancybox\n                                    href=\"https:\/\/www.youtube.com\/watch?v=Gg-SKrKbUFg\"\n                                    data-type=\"iframe\"                                    aria-label=\"Open video\"\n                                    role=\"button\">\n                                    <img loading=\"lazy\" decoding=\"async\" width=\"1680\" height=\"877\" src=\"https:\/\/avispl.ca\/wp-content\/uploads\/sites\/8\/2025\/01\/legrand-av-vid-2.jpg\" class=\"attachment-full size-full\" alt=\"Decorative image\" srcset=\"https:\/\/avispl.ca\/wp-content\/uploads\/sites\/8\/2025\/01\/legrand-av-vid-2.jpg 1680w, https:\/\/avispl.ca\/wp-content\/uploads\/sites\/8\/2025\/01\/legrand-av-vid-2-300x157.jpg 300w, https:\/\/avispl.ca\/wp-content\/uploads\/sites\/8\/2025\/01\/legrand-av-vid-2-1024x535.jpg 1024w, https:\/\/avispl.ca\/wp-content\/uploads\/sites\/8\/2025\/01\/legrand-av-vid-2-768x401.jpg 768w, https:\/\/avispl.ca\/wp-content\/uploads\/sites\/8\/2025\/01\/legrand-av-vid-2-1536x802.jpg 1536w, https:\/\/avispl.ca\/wp-content\/uploads\/sites\/8\/2025\/01\/legrand-av-vid-2-125x65.jpg 125w\" sizes=\"auto, (max-width: 1680px) 100vw, 1680px\" \/>                                <\/a>\n                            <\/div>\n                        <\/div>\n                                    <\/div>\n            <\/div>\n\n            <div class=\"base-slider__footer\">\n            \t <div class=\"swiper-buttons swiper-buttons--w\">\n                    <button class=\"swiper-button-prev\" aria-label=\"Previous Slide\"><\/button>\n                    <button class=\"swiper-button-next\" aria-label=\"Next Slide\"><\/button>\n                <\/div>\n\n            \t<div class=\"swiper-pagination swiper-pagination--w\"><\/div>\n            <\/div>\n            <\/div>\n<\/section>\n","protected":false},"excerpt":{"rendered":"","protected":false},"author":4,"featured_media":0,"parent":0,"menu_order":188,"comment_status":"closed","ping_status":"closed","template":"","meta":{"_acf_changed":false,"footnotes":""},"class_list":["post-17486","page","type-page","status-publish","hentry"],"acf":[],"yoast_head":"<!-- This site is optimized with the Yoast SEO Premium plugin v27.3 (Yoast SEO v27.3) - https:\/\/yoast.com\/product\/yoast-seo-premium-wordpress\/ -->\n<title>Legrand AV - AVI-SPL Canada<\/title>\n<meta name=\"description\" content=\"Technologie de collaboration AV Legrand disponible aupr\u00e8s d&#039;AVI-SPL\" \/>\n<meta name=\"robots\" content=\"index, follow, max-snippet:-1, max-image-preview:large, max-video-preview:-1\" \/>\n<link rel=\"canonical\" href=\"https:\/\/avispl.ca\/fr\/legrand-av\/\" \/>\n<meta property=\"og:locale\" content=\"fr_FR\" \/>\n<meta property=\"og:type\" content=\"article\" \/>\n<meta property=\"og:title\" content=\"Legrand AV\" \/>\n<meta property=\"og:description\" content=\"Technologie de collaboration AV Legrand disponible aupr\u00e8s d&#039;AVI-SPL\" \/>\n<meta property=\"og:url\" content=\"https:\/\/avispl.ca\/fr\/legrand-av\/\" \/>\n<meta property=\"og:site_name\" content=\"AVI-SPL Canada\" \/>\n<meta property=\"article:modified_time\" content=\"2025-07-07T21:09:54+00:00\" \/>\n<meta name=\"twitter:card\" content=\"summary_large_image\" \/>\n<script type=\"application\/ld+json\" class=\"yoast-schema-graph\">{\"@context\":\"https:\\\/\\\/schema.org\",\"@graph\":[{\"@type\":\"WebPage\",\"@id\":\"https:\\\/\\\/avispl.ca\\\/fr\\\/legrand-av\\\/\",\"url\":\"https:\\\/\\\/avispl.ca\\\/fr\\\/legrand-av\\\/\",\"name\":\"Legrand AV - AVI-SPL Canada\",\"isPartOf\":{\"@id\":\"https:\\\/\\\/avispl.ca\\\/fr\\\/#website\"},\"datePublished\":\"2025-01-29T15:16:29+00:00\",\"dateModified\":\"2025-07-07T21:09:54+00:00\",\"description\":\"Technologie de collaboration AV Legrand disponible aupr\u00e8s d'AVI-SPL\",\"breadcrumb\":{\"@id\":\"https:\\\/\\\/avispl.ca\\\/fr\\\/legrand-av\\\/#breadcrumb\"},\"inLanguage\":\"fr-FR\",\"potentialAction\":[{\"@type\":\"ReadAction\",\"target\":[\"https:\\\/\\\/avispl.ca\\\/fr\\\/legrand-av\\\/\"]}]},{\"@type\":\"BreadcrumbList\",\"@id\":\"https:\\\/\\\/avispl.ca\\\/fr\\\/legrand-av\\\/#breadcrumb\",\"itemListElement\":[{\"@type\":\"ListItem\",\"position\":1,\"name\":\"Home\",\"item\":\"https:\\\/\\\/avispl.ca\\\/fr\\\/\"},{\"@type\":\"ListItem\",\"position\":2,\"name\":\"Legrand AV\"}]},{\"@type\":\"WebSite\",\"@id\":\"https:\\\/\\\/avispl.ca\\\/fr\\\/#website\",\"url\":\"https:\\\/\\\/avispl.ca\\\/fr\\\/\",\"name\":\"AVI-SPL Canada\",\"description\":\"AV\\\/UC collaboration, education and experience technology\",\"publisher\":{\"@id\":\"https:\\\/\\\/avispl.ca\\\/fr\\\/#organization\"},\"potentialAction\":[{\"@type\":\"SearchAction\",\"target\":{\"@type\":\"EntryPoint\",\"urlTemplate\":\"https:\\\/\\\/avispl.ca\\\/fr\\\/?s={search_term_string}\"},\"query-input\":{\"@type\":\"PropertyValueSpecification\",\"valueRequired\":true,\"valueName\":\"search_term_string\"}}],\"inLanguage\":\"fr-FR\"},{\"@type\":\"Organization\",\"@id\":\"https:\\\/\\\/avispl.ca\\\/fr\\\/#organization\",\"name\":\"AVI-SPL Canada\",\"url\":\"https:\\\/\\\/avispl.ca\\\/fr\\\/\",\"logo\":{\"@type\":\"ImageObject\",\"inLanguage\":\"fr-FR\",\"@id\":\"https:\\\/\\\/avispl.ca\\\/fr\\\/#\\\/schema\\\/logo\\\/image\\\/\",\"url\":\"https:\\\/\\\/avispl.ca\\\/wp-content\\\/uploads\\\/sites\\\/8\\\/2024\\\/11\\\/logo.svg\",\"contentUrl\":\"https:\\\/\\\/avispl.ca\\\/wp-content\\\/uploads\\\/sites\\\/8\\\/2024\\\/11\\\/logo.svg\",\"caption\":\"AVI-SPL Canada\"},\"image\":{\"@id\":\"https:\\\/\\\/avispl.ca\\\/fr\\\/#\\\/schema\\\/logo\\\/image\\\/\"}}]}<\/script>\n<!-- \/ Yoast SEO Premium plugin. -->","yoast_head_json":{"title":"Legrand AV - AVI-SPL Canada","description":"Technologie de collaboration AV Legrand disponible aupr\u00e8s d'AVI-SPL","robots":{"index":"index","follow":"follow","max-snippet":"max-snippet:-1","max-image-preview":"max-image-preview:large","max-video-preview":"max-video-preview:-1"},"canonical":"https:\/\/avispl.ca\/fr\/legrand-av\/","og_locale":"fr_FR","og_type":"article","og_title":"Legrand AV","og_description":"Technologie de collaboration AV Legrand disponible aupr\u00e8s d'AVI-SPL","og_url":"https:\/\/avispl.ca\/fr\/legrand-av\/","og_site_name":"AVI-SPL Canada","article_modified_time":"2025-07-07T21:09:54+00:00","twitter_card":"summary_large_image","schema":{"@context":"https:\/\/schema.org","@graph":[{"@type":"WebPage","@id":"https:\/\/avispl.ca\/fr\/legrand-av\/","url":"https:\/\/avispl.ca\/fr\/legrand-av\/","name":"Legrand AV - AVI-SPL Canada","isPartOf":{"@id":"https:\/\/avispl.ca\/fr\/#website"},"datePublished":"2025-01-29T15:16:29+00:00","dateModified":"2025-07-07T21:09:54+00:00","description":"Technologie de collaboration AV Legrand disponible aupr\u00e8s d'AVI-SPL","breadcrumb":{"@id":"https:\/\/avispl.ca\/fr\/legrand-av\/#breadcrumb"},"inLanguage":"fr-FR","potentialAction":[{"@type":"ReadAction","target":["https:\/\/avispl.ca\/fr\/legrand-av\/"]}]},{"@type":"BreadcrumbList","@id":"https:\/\/avispl.ca\/fr\/legrand-av\/#breadcrumb","itemListElement":[{"@type":"ListItem","position":1,"name":"Home","item":"https:\/\/avispl.ca\/fr\/"},{"@type":"ListItem","position":2,"name":"Legrand AV"}]},{"@type":"WebSite","@id":"https:\/\/avispl.ca\/fr\/#website","url":"https:\/\/avispl.ca\/fr\/","name":"AVI-SPL Canada","description":"AV\/UC collaboration, education and experience technology","publisher":{"@id":"https:\/\/avispl.ca\/fr\/#organization"},"potentialAction":[{"@type":"SearchAction","target":{"@type":"EntryPoint","urlTemplate":"https:\/\/avispl.ca\/fr\/?s={search_term_string}"},"query-input":{"@type":"PropertyValueSpecification","valueRequired":true,"valueName":"search_term_string"}}],"inLanguage":"fr-FR"},{"@type":"Organization","@id":"https:\/\/avispl.ca\/fr\/#organization","name":"AVI-SPL Canada","url":"https:\/\/avispl.ca\/fr\/","logo":{"@type":"ImageObject","inLanguage":"fr-FR","@id":"https:\/\/avispl.ca\/fr\/#\/schema\/logo\/image\/","url":"https:\/\/avispl.ca\/wp-content\/uploads\/sites\/8\/2024\/11\/logo.svg","contentUrl":"https:\/\/avispl.ca\/wp-content\/uploads\/sites\/8\/2024\/11\/logo.svg","caption":"AVI-SPL Canada"},"image":{"@id":"https:\/\/avispl.ca\/fr\/#\/schema\/logo\/image\/"}}]}},"_links":{"self":[{"href":"https:\/\/avispl.ca\/fr\/wp-json\/wp\/v2\/pages\/17486","targetHints":{"allow":["GET"]}}],"collection":[{"href":"https:\/\/avispl.ca\/fr\/wp-json\/wp\/v2\/pages"}],"about":[{"href":"https:\/\/avispl.ca\/fr\/wp-json\/wp\/v2\/types\/page"}],"author":[{"embeddable":true,"href":"https:\/\/avispl.ca\/fr\/wp-json\/wp\/v2\/users\/4"}],"replies":[{"embeddable":true,"href":"https:\/\/avispl.ca\/fr\/wp-json\/wp\/v2\/comments?post=17486"}],"version-history":[{"count":0,"href":"https:\/\/avispl.ca\/fr\/wp-json\/wp\/v2\/pages\/17486\/revisions"}],"wp:attachment":[{"href":"https:\/\/avispl.ca\/fr\/wp-json\/wp\/v2\/media?parent=17486"}],"curies":[{"name":"wp","href":"https:\/\/api.w.org\/{rel}","templated":true}]}}