{"id":17476,"date":"2025-01-30T05:51:00","date_gmt":"2025-01-30T10:51:00","guid":{"rendered":"https:\/\/avispl.com\/ca\/cbre-fusion\/"},"modified":"2025-07-07T16:41:51","modified_gmt":"2025-07-07T20:41:51","slug":"cbre-fusion","status":"publish","type":"page","link":"https:\/\/avispl.ca\/fr\/cbre-fusion\/","title":{"rendered":"CBRE FUSION"},"content":{"rendered":"\n<section class=\"hero page-block hero--x-small\">\n    \n                        <div class=\"hero__content\">\n                <div class=\"container\">\n                                           <div class=\"hero__content__logo hero__content__logo--bottom\">\n                            <img loading=\"lazy\" decoding=\"async\" width=\"2785\" height=\"750\" src=\"https:\/\/avispl.ca\/wp-content\/uploads\/sites\/8\/2025\/01\/FUSION-Supplier-Logo.png\" class=\"attachment-full size-full\" alt=\"\" srcset=\"https:\/\/avispl.ca\/wp-content\/uploads\/sites\/8\/2025\/01\/FUSION-Supplier-Logo.png 2785w, https:\/\/avispl.ca\/wp-content\/uploads\/sites\/8\/2025\/01\/FUSION-Supplier-Logo-300x81.png 300w, https:\/\/avispl.ca\/wp-content\/uploads\/sites\/8\/2025\/01\/FUSION-Supplier-Logo-1024x276.png 1024w, https:\/\/avispl.ca\/wp-content\/uploads\/sites\/8\/2025\/01\/FUSION-Supplier-Logo-768x207.png 768w, https:\/\/avispl.ca\/wp-content\/uploads\/sites\/8\/2025\/01\/FUSION-Supplier-Logo-1536x414.png 1536w, https:\/\/avispl.ca\/wp-content\/uploads\/sites\/8\/2025\/01\/FUSION-Supplier-Logo-2048x552.png 2048w, https:\/\/avispl.ca\/wp-content\/uploads\/sites\/8\/2025\/01\/FUSION-Supplier-Logo-125x34.png 125w\" sizes=\"auto, (max-width: 2785px) 100vw, 2785px\" \/>                        <\/div>\n                                                                <h1 data-splitting=\"words\">CBRE FUSION<\/h1>\n                    \n                                            <div class=\"hero__content__text\"><p>\u00c9levons ensemble l\u2019exp\u00e9rience client<\/p>\n<\/p>\n                    \n                    \n                    <button class=\"hero__scroll scroll-btn scroll-btn--o scroll-to-main\"\n\t\t\t\t        aria-label=\"Scroll to bottom of the hero section\"\n\t\t\t\t        title=\"Scroll to bottom of the hero section\">\n\t\t\t\t\t    <span class=\"sr-only\">Scroll to bottom of the hero section<\/span>\n\t\t\t\t\t<\/button>\n                <\/div>\n            <\/div>\n            <\/section>\n<div id=\"main-content\"><\/div>\n\n<section class=\"image-text-new page-block image-text-new--sm image-text-new--r\" role=\"region\">\n\t<div class=\"container\">\n\t\t<div class=\"image-text-new__image\">\n\t\t\t\t\t\t\t<div class=\"image-text-new__image__wrap\">\n\t\t\t\t    <img loading=\"lazy\" decoding=\"async\" width=\"2560\" height=\"1740\" src=\"https:\/\/avispl.ca\/wp-content\/uploads\/sites\/8\/2024\/12\/HIPDN_CBRE_Denver_04_160603-scaled-1.jpg\" class=\"attachment-full size-full\" alt=\"\" srcset=\"https:\/\/avispl.ca\/wp-content\/uploads\/sites\/8\/2024\/12\/HIPDN_CBRE_Denver_04_160603-scaled-1.jpg 2560w, https:\/\/avispl.ca\/wp-content\/uploads\/sites\/8\/2024\/12\/HIPDN_CBRE_Denver_04_160603-scaled-1-300x204.jpg 300w, https:\/\/avispl.ca\/wp-content\/uploads\/sites\/8\/2024\/12\/HIPDN_CBRE_Denver_04_160603-scaled-1-1024x696.jpg 1024w, https:\/\/avispl.ca\/wp-content\/uploads\/sites\/8\/2024\/12\/HIPDN_CBRE_Denver_04_160603-scaled-1-768x522.jpg 768w, https:\/\/avispl.ca\/wp-content\/uploads\/sites\/8\/2024\/12\/HIPDN_CBRE_Denver_04_160603-scaled-1-1536x1044.jpg 1536w, https:\/\/avispl.ca\/wp-content\/uploads\/sites\/8\/2024\/12\/HIPDN_CBRE_Denver_04_160603-scaled-1-2048x1392.jpg 2048w, https:\/\/avispl.ca\/wp-content\/uploads\/sites\/8\/2024\/12\/HIPDN_CBRE_Denver_04_160603-scaled-1-125x85.jpg 125w\" sizes=\"auto, (max-width: 2560px) 100vw, 2560px\" \/>\t\t\t\t<\/div>\n\t\t\t\t\t<\/div>\n\n\t\t<div class=\"image-text-new__text\">\n                        \t<h3 class=\"h3\">POURQUOI COLLABORER<br \/>\r\nAVEC AVI-SPL ?<\/h3>\n                                    \t<div class=\"body-content\">\n                \t<p>Chefs de projet CBRE, nous sommes votre partenaire strat\u00e9gique Fusion. Ensemble, nous d\u00e9veloppons des clients heureux et fid\u00e8les qui appr\u00e9cient les espaces de travail CBRE. Nous guidons avec expertise l\u2019implantation de technologies innovantes qui optimisent le co\u00fbt total de possession (TCO) tout en enrichissant l\u2019exp\u00e9rience humaine du travail.  <\/p>\n<p>Connectez-vous avec nous d\u00e8s les premi\u00e8res \u00e9tapes pour maximiser les \u00e9conomies technologiques, en prenant les d\u00e9cisions essentielles d\u00e8s la phase de conception architecturale. Ainsi, nous pouvons garantir les prix les plus avantageux, acc\u00e9l\u00e9rer les d\u00e9lais de livraison et concevoir des solutions durables. <\/p>\n                <\/div>\n                                            <\/div>\n\t<\/div>\n<\/section>\n\n<section class=\"content-list page-block content-list--sombre\" role=\"region\">\n\t<div class=\"container\">\n\t\t<div class=\"content-list__content\">\n\t\t\t<h2 data-splitting=\"words\" class=\"h3\">NOS R\u00c9USSITES<\/h2>\t\t\t<div class=\"content-list__content__body\"><p>AVI-SPL est un fournisseur mondial Fusion pour CBRE, offrant des services de technologies audiovisuelles et de collaboration. <\/p>\n<\/div>\t\t\t\t\t\t\t\t<\/div>\n\n\t\t\n\t\t\t\t\t<div class=\"content-list__list\">\n\t\t\t\t\t            <ul>\n\t                \t                   <li>\n\t                   \t\t<a href=\"https:\/\/vimeo.com\/avisplvideo\/cbre-case-study-english?share=copy\">\t                   \t\t<h6>CBRE BERLIN<\/h6>\t                   \t\t\t                   \t\t<\/a>\t                   <\/li>\n\t                \t            <\/ul>\n\n\t\t\t\t\t\t\t<\/div>\n        \t<\/div>\n<\/section>\n\n<section class=\"image-text-new page-block image-text-new--lg image-text-new--r\" role=\"region\">\n\t<div class=\"container\">\n\t\t<div class=\"image-text-new__image\">\n\t\t\t\t\t\t\t<div class=\"image-text-new__image__wrap\">\n\t\t\t\t    <img loading=\"lazy\" decoding=\"async\" width=\"838\" height=\"760\" src=\"https:\/\/avispl.ca\/wp-content\/uploads\/sites\/8\/2024\/12\/CBRE_bearbeitet-5257.jpg\" class=\"attachment-full size-full\" alt=\"\" srcset=\"https:\/\/avispl.ca\/wp-content\/uploads\/sites\/8\/2024\/12\/CBRE_bearbeitet-5257.jpg 838w, https:\/\/avispl.ca\/wp-content\/uploads\/sites\/8\/2024\/12\/CBRE_bearbeitet-5257-300x272.jpg 300w, https:\/\/avispl.ca\/wp-content\/uploads\/sites\/8\/2024\/12\/CBRE_bearbeitet-5257-768x697.jpg 768w, https:\/\/avispl.ca\/wp-content\/uploads\/sites\/8\/2024\/12\/CBRE_bearbeitet-5257-125x113.jpg 125w\" sizes=\"auto, (max-width: 838px) 100vw, 838px\" \/>\t\t\t\t<\/div>\n\t\t\t\t\t<\/div>\n\n\t\t<div class=\"image-text-new__text\">\n                        \t<h3 class=\"h3\">COMMENT NOUS CONTRIBUONS AU SUCC\u00c8S DES CLIENTS CBRE FUSION<\/h3>\n                                    \t<div class=\"body-content\">\n                \t<p>Nous comprenons les subtilit\u00e9s des projets immobiliers commerciaux et travaillons \u00e9troitement avec vous pour respecter les d\u00e9lais et budgets de vos clients. En tant que fournisseur de solutions num\u00e9riques et plus grand int\u00e9grateur mondial de technologies AV et UC, nous transformons la mani\u00e8re dont les personnes et la technologie interagissent pour cr\u00e9er une nouvelle valeur. <\/p>\n<ul>\n<li>Conception centr\u00e9e sur l\u2019humain<\/li>\n<li>La bonne technologie pour les bonnes applications<\/li>\n<li>Des solutions simples \u00e0 utiliser, \u00e9volutives, maintenables et s\u00e9curis\u00e9es<\/li>\n<li>Pouvoir d\u2019achat privil\u00e9gi\u00e9 aupr\u00e8s des marques de premier plan<\/li>\n<li>Assistance en tout temps, partout dans le monde<\/li>\n<\/ul>\n                <\/div>\n                        <a class=\"ui-btn ui-btn--secondary ui-btn--secondary-dark\"href=\"#contact\"><span>Contactez nous<\/span><\/a>                    <\/div>\n\t<\/div>\n<\/section>\n\n<section class=\"image-text-new page-block image-text-new--lg\" role=\"region\">\n\t<div class=\"container\">\n\t\t<div class=\"image-text-new__image image-text-new__image--grid\">\n\t\t\t\t\t\t\t<div class=\"image-text-new__image__wrap\">\n\t\t\t\t    <img loading=\"lazy\" decoding=\"async\" width=\"2318\" height=\"1546\" src=\"https:\/\/avispl.ca\/wp-content\/uploads\/sites\/8\/2025\/01\/iStock-1883230014.jpg\" class=\"attachment-full size-full\" alt=\"\" srcset=\"https:\/\/avispl.ca\/wp-content\/uploads\/sites\/8\/2025\/01\/iStock-1883230014.jpg 2318w, https:\/\/avispl.ca\/wp-content\/uploads\/sites\/8\/2025\/01\/iStock-1883230014-300x200.jpg 300w, https:\/\/avispl.ca\/wp-content\/uploads\/sites\/8\/2025\/01\/iStock-1883230014-1024x683.jpg 1024w, https:\/\/avispl.ca\/wp-content\/uploads\/sites\/8\/2025\/01\/iStock-1883230014-768x512.jpg 768w, https:\/\/avispl.ca\/wp-content\/uploads\/sites\/8\/2025\/01\/iStock-1883230014-1536x1024.jpg 1536w, https:\/\/avispl.ca\/wp-content\/uploads\/sites\/8\/2025\/01\/iStock-1883230014-2048x1366.jpg 2048w, https:\/\/avispl.ca\/wp-content\/uploads\/sites\/8\/2025\/01\/iStock-1883230014-125x83.jpg 125w\" sizes=\"auto, (max-width: 2318px) 100vw, 2318px\" \/>\t\t\t\t<\/div>\n\t\t\t\t\t<\/div>\n\n\t\t<div class=\"image-text-new__text\">\n                        \t<h3 class=\"h3\">NOTRE ENGAGEMENT FUSION ENVERS VOUS<\/h3>\n                                    \t<div class=\"body-content\">\n                \t<p>Nous \u00e9tendrons les \u00e9conomies de vos clients au-del\u00e0 du co\u00fbt et du temps. Nous cr\u00e9erons une nouvelle valeur qui m\u00e8nera \u00e0 des clients fid\u00e8les et satisfaits \u00e0 vie pour CBRE. Nous y parvenons en assumant les r\u00e9sultats clients et en respectant nos engagements.  <\/p>\n<ul>\n<li>\u00c9lever l\u2019exp\u00e9rience humaine du lieu de travail<\/li>\n<li>Cr\u00e9er des solutions technologiques innovantes et durables<\/li>\n<li>Offrir des projets et des r\u00e9sultats d\u2019exception<\/li>\n<li>Acc\u00e9l\u00e9rer l\u2019ach\u00e8vement et l\u2019int\u00e9gration des clients<\/li>\n<li>G\u00e9rer et coordonner la cha\u00eene d\u2019approvisionnement et les corps de m\u00e9tier<\/li>\n<\/ul>\n                <\/div>\n                                            <\/div>\n\t<\/div>\n<\/section>\n\n<section class=\"content-list page-block content-list--sarcelle\" role=\"region\">\n\t<div class=\"container\">\n\t\t<div class=\"content-list__content\">\n\t\t\t<h2 data-splitting=\"words\" class=\"h3\">POUVONS-NOUS<br \/>\r\nVOUS AIDER ?<\/h2>\t\t\t<div class=\"content-list__content__body\"><p>D\u00e9couvrez comment la pratique <span style=\"font-weight: 400;\">CBRE<\/span> d\u2019AVI-SPL peut transformer votre environnement de collaboration, am\u00e9liorer la productivit\u00e9 et soutenir les objectifs strat\u00e9giques de votre organisation. Nous offrons : <\/p>\n<\/div>\t\t\t\t\t\t\t\t<\/div>\n\n\t\t\n\t\t\t\t\t<div class=\"content-list__list\">\n\t\t\t\t\t            <ul>\n\t                \t                   <li>\n\t                   \t\t\t                   \t\t<h6>DES SOLUTIONS DE COLLABORATION<br \/>\r\nCOMPL\u00c8TES \u00c0 PORT\u00c9E DE MAIN<\/h6>\t                   \t\t<div class=\"body-content\"><p>Faites appel \u00e0 notre pratique <span style=\"font-weight: 400;\">CBRE <\/span>pour b\u00e9n\u00e9ficier de d\u00e9monstrations virtuelles et en personne et d\u00e9couvrir les technologies de collaboration de classe mondiale de <span style=\"font-weight: 400;\">CBRE<\/span>.<\/p>\n<\/div>\t                   \t\t\t                   <\/li>\n\t                \t                   <li>\n\t                   \t\t\t                   \t\t<h6>ALIGNEMENT STRAT\u00c9GIQUE ENTRE<br \/>\r\nLES AFFAIRES ET LA TECHNOLOGIE<\/h6>\t                   \t\t<div class=\"body-content\"><p>Les experts de notre \u00e9quipe peuvent vous conseiller et vous guider \u00e0 travers des programmes pilotes et de validation de valeur align\u00e9s sur vos besoins d\u2019affaires. La pratique offre des services de feuille de route strat\u00e9gique pour \u00e9tablir le lien entre les possibilit\u00e9s et les r\u00e9sultats r\u00e9els pour votre entreprise. <\/p>\n<\/div>\t                   \t\t\t                   <\/li>\n\t                \t                   <li>\n\t                   \t\t\t                   \t\t<h6>SERVICES D\u2019ADOPTION ET DE<br \/>\r\nSUPPORT PERSONNALIS\u00c9S<\/h6>\t                   \t\t<div class=\"body-content\"><p>Le d\u00e9but de votre parcours est crucial. Laissez AVI-SPL vous aider \u00e0 d\u00e9finir vos r\u00e9sultats d\u2019affaires, planifier votre implantation, mobiliser votre communaut\u00e9 d\u2019utilisateurs, maximiser la valeur et mesurer la r\u00e9ussite. <\/p>\n<\/div>\t                   \t\t\t                   <\/li>\n\t                \t            <\/ul>\n\n\t\t\t\t<a class=\"ui-link ui-link--blue\"href=\"#contact\"><span>Contact<\/span><\/a>\t\t\t<\/div>\n        \t<\/div>\n<\/section>\n\n<section class=\"video page-block video--template-3\">\n\t\t\t<div class=\"container\">\n\t\t\t\t<div class=\"video__wrap\" data-id=\"video-block_58d3651c65d2c5922ac11704d09c2151\">\n\t\t\t\t\t\t\t<div style=\"padding:56.25% 0 0 0;position:relative\"><iframe src=\"https:\/\/player.vimeo.com\/video\/891642519?badge=0&amp;autopause=0&amp;player_id=0&amp;app_id=58479\" frameborder=\"0\" allow=\"autoplay; fullscreen; picture-in-picture; clipboard-write; encrypted-media\" style=\"position:absolute;top:0;left:0;width:100%;height:100%\" title=\"\u00c9tude de cas AVI-SPL CBRE\"><\/iframe><\/div>\n<p><\/p>\n\t\t\t\t    <\/div>\n\t\t\t\t<\/div>\n\t<\/section>\n\n<section class=\"logo-marquee page-block\" aria-label=\"Logo Marquee\">\n    <div class=\"container\">\n                    <div class=\"logo-marquee__header\">\n                                    <h3 class=\"h6\">Partenaires<\/h3>\n                                                    <p>Nous collaborons avec les principaux fournisseurs de solutions de collaboration.<\/p>\n                            <\/div>\n        \n                    <div class=\"logo-marquee__marquee\" role=\"region\" aria-live=\"polite\" aria-label=\"Scrolling logos\">\n                                    <div\n                        class=\"logo-marquee__marquee__group\"\n                        style=\"animation: scroll-x 27s linear infinite;\"\n                        aria-hidden=\"false\"\n                    >\n                                                    <img decoding=\"async\" src=\"https:\/\/avispl.ca\/wp-content\/uploads\/sites\/8\/2024\/11\/cisco-seeklogo-1.svg\" class=\"attachment-full size-full\" alt=\"Logo\" \/>                                                    <img decoding=\"async\" src=\"https:\/\/avispl.ca\/wp-content\/uploads\/sites\/8\/2024\/11\/microsoft-Logo-1.svg\" class=\"attachment-full size-full\" alt=\"Logo\" \/>                                                    <img decoding=\"async\" src=\"https:\/\/avispl.ca\/wp-content\/uploads\/sites\/8\/2024\/12\/zoom-logo.svg\" class=\"attachment-full size-full\" alt=\"Logo\" \/>                                                    <img decoding=\"async\" src=\"https:\/\/avispl.ca\/wp-content\/uploads\/sites\/8\/2024\/11\/google-Logo-1.svg\" class=\"attachment-full size-full\" alt=\"Logo\" \/>                                                    <img decoding=\"async\" src=\"https:\/\/avispl.ca\/wp-content\/uploads\/sites\/8\/2024\/11\/Creston-Logo-2.svg\" class=\"attachment-full size-full\" alt=\"Logo\" \/>                                                    <a href=\"https:\/\/avispl.ca\/fr\/poly\/\"><img decoding=\"async\" src=\"https:\/\/avispl.ca\/wp-content\/uploads\/sites\/8\/2025\/02\/hp-poly-large.svg\" class=\"attachment-full size-full\" alt=\"Logo\" \/><\/a>                                                    <img decoding=\"async\" src=\"https:\/\/avispl.ca\/wp-content\/uploads\/sites\/8\/2024\/11\/logitech-Logo-2.svg\" class=\"attachment-full size-full\" alt=\"Logo\" \/>                                                    <img decoding=\"async\" src=\"https:\/\/avispl.ca\/wp-content\/uploads\/sites\/8\/2024\/11\/Neat-logo.svg\" class=\"attachment-full size-full\" alt=\"Logo\" \/>                                                    <img decoding=\"async\" src=\"https:\/\/avispl.ca\/wp-content\/uploads\/sites\/8\/2025\/02\/q-sys.svg\" class=\"attachment-full size-full\" alt=\"Logo\" \/>                                            <\/div>\n                                    <div\n                        class=\"logo-marquee__marquee__group\"\n                        style=\"animation: scroll-x 27s linear infinite;\"\n                        aria-hidden=\"true\"\n                    >\n                                                    <img decoding=\"async\" src=\"https:\/\/avispl.ca\/wp-content\/uploads\/sites\/8\/2024\/11\/cisco-seeklogo-1.svg\" class=\"attachment-full size-full\" alt=\"Logo\" \/>                                                    <img decoding=\"async\" src=\"https:\/\/avispl.ca\/wp-content\/uploads\/sites\/8\/2024\/11\/microsoft-Logo-1.svg\" class=\"attachment-full size-full\" alt=\"Logo\" \/>                                                    <img decoding=\"async\" src=\"https:\/\/avispl.ca\/wp-content\/uploads\/sites\/8\/2024\/12\/zoom-logo.svg\" class=\"attachment-full size-full\" alt=\"Logo\" \/>                                                    <img decoding=\"async\" src=\"https:\/\/avispl.ca\/wp-content\/uploads\/sites\/8\/2024\/11\/google-Logo-1.svg\" class=\"attachment-full size-full\" alt=\"Logo\" \/>                                                    <img decoding=\"async\" src=\"https:\/\/avispl.ca\/wp-content\/uploads\/sites\/8\/2024\/11\/Creston-Logo-2.svg\" class=\"attachment-full size-full\" alt=\"Logo\" \/>                                                    <a href=\"https:\/\/avispl.ca\/fr\/poly\/\"><img decoding=\"async\" src=\"https:\/\/avispl.ca\/wp-content\/uploads\/sites\/8\/2025\/02\/hp-poly-large.svg\" class=\"attachment-full size-full\" alt=\"Logo\" \/><\/a>                                                    <img decoding=\"async\" src=\"https:\/\/avispl.ca\/wp-content\/uploads\/sites\/8\/2024\/11\/logitech-Logo-2.svg\" class=\"attachment-full size-full\" alt=\"Logo\" \/>                                                    <img decoding=\"async\" src=\"https:\/\/avispl.ca\/wp-content\/uploads\/sites\/8\/2024\/11\/Neat-logo.svg\" class=\"attachment-full size-full\" alt=\"Logo\" \/>                                                    <img decoding=\"async\" src=\"https:\/\/avispl.ca\/wp-content\/uploads\/sites\/8\/2025\/02\/q-sys.svg\" class=\"attachment-full size-full\" alt=\"Logo\" \/>                                            <\/div>\n                            <\/div>\n            <\/div>\n<\/section>\n","protected":false},"excerpt":{"rendered":"","protected":false},"author":5,"featured_media":0,"parent":0,"menu_order":216,"comment_status":"closed","ping_status":"closed","template":"","meta":{"_acf_changed":false,"footnotes":""},"class_list":["post-17476","page","type-page","status-publish","hentry"],"acf":[],"yoast_head":"<!-- This site is optimized with the Yoast SEO Premium plugin v27.3 (Yoast SEO v27.3) - https:\/\/yoast.com\/product\/yoast-seo-premium-wordpress\/ -->\n<title>CBRE FUSION - AVI-SPL Canada<\/title>\n<meta name=\"description\" content=\"Pour les chefs de projet CBRE | AVI-SPL est votre partenaire strat\u00e9gique CBRE Fusion. Ensemble, nous fid\u00e9lisons des clients qui accordent de l&#039;importance \u00e0 leurs espaces de travail.\" \/>\n<meta name=\"robots\" content=\"index, follow, max-snippet:-1, max-image-preview:large, max-video-preview:-1\" \/>\n<link rel=\"canonical\" href=\"https:\/\/avispl.ca\/fr\/cbre-fusion\/\" \/>\n<meta property=\"og:locale\" content=\"fr_FR\" \/>\n<meta property=\"og:type\" content=\"article\" \/>\n<meta property=\"og:title\" content=\"CBRE FUSION\" \/>\n<meta property=\"og:description\" content=\"Pour les chefs de projet CBRE | AVI-SPL est votre partenaire strat\u00e9gique CBRE Fusion. Ensemble, nous fid\u00e9lisons des clients qui accordent de l&#039;importance \u00e0 leurs espaces de travail.\" \/>\n<meta property=\"og:url\" content=\"https:\/\/avispl.ca\/fr\/cbre-fusion\/\" \/>\n<meta property=\"og:site_name\" content=\"AVI-SPL Canada\" \/>\n<meta property=\"article:modified_time\" content=\"2025-07-07T20:41:51+00:00\" \/>\n<meta name=\"twitter:card\" content=\"summary_large_image\" \/>\n<script type=\"application\/ld+json\" class=\"yoast-schema-graph\">{\"@context\":\"https:\\\/\\\/schema.org\",\"@graph\":[{\"@type\":\"WebPage\",\"@id\":\"https:\\\/\\\/avispl.ca\\\/fr\\\/cbre-fusion\\\/\",\"url\":\"https:\\\/\\\/avispl.ca\\\/fr\\\/cbre-fusion\\\/\",\"name\":\"CBRE FUSION - AVI-SPL Canada\",\"isPartOf\":{\"@id\":\"https:\\\/\\\/avispl.ca\\\/fr\\\/#website\"},\"datePublished\":\"2025-01-30T10:51:00+00:00\",\"dateModified\":\"2025-07-07T20:41:51+00:00\",\"description\":\"Pour les chefs de projet CBRE | AVI-SPL est votre partenaire strat\u00e9gique CBRE Fusion. Ensemble, nous fid\u00e9lisons des clients qui accordent de l'importance \u00e0 leurs espaces de travail.\",\"breadcrumb\":{\"@id\":\"https:\\\/\\\/avispl.ca\\\/fr\\\/cbre-fusion\\\/#breadcrumb\"},\"inLanguage\":\"fr-FR\",\"potentialAction\":[{\"@type\":\"ReadAction\",\"target\":[\"https:\\\/\\\/avispl.ca\\\/fr\\\/cbre-fusion\\\/\"]}]},{\"@type\":\"BreadcrumbList\",\"@id\":\"https:\\\/\\\/avispl.ca\\\/fr\\\/cbre-fusion\\\/#breadcrumb\",\"itemListElement\":[{\"@type\":\"ListItem\",\"position\":1,\"name\":\"Home\",\"item\":\"https:\\\/\\\/avispl.ca\\\/fr\\\/\"},{\"@type\":\"ListItem\",\"position\":2,\"name\":\"CBRE FUSION\"}]},{\"@type\":\"WebSite\",\"@id\":\"https:\\\/\\\/avispl.ca\\\/fr\\\/#website\",\"url\":\"https:\\\/\\\/avispl.ca\\\/fr\\\/\",\"name\":\"AVI-SPL Canada\",\"description\":\"AV\\\/UC collaboration, education and experience technology\",\"publisher\":{\"@id\":\"https:\\\/\\\/avispl.ca\\\/fr\\\/#organization\"},\"potentialAction\":[{\"@type\":\"SearchAction\",\"target\":{\"@type\":\"EntryPoint\",\"urlTemplate\":\"https:\\\/\\\/avispl.ca\\\/fr\\\/?s={search_term_string}\"},\"query-input\":{\"@type\":\"PropertyValueSpecification\",\"valueRequired\":true,\"valueName\":\"search_term_string\"}}],\"inLanguage\":\"fr-FR\"},{\"@type\":\"Organization\",\"@id\":\"https:\\\/\\\/avispl.ca\\\/fr\\\/#organization\",\"name\":\"AVI-SPL Canada\",\"url\":\"https:\\\/\\\/avispl.ca\\\/fr\\\/\",\"logo\":{\"@type\":\"ImageObject\",\"inLanguage\":\"fr-FR\",\"@id\":\"https:\\\/\\\/avispl.ca\\\/fr\\\/#\\\/schema\\\/logo\\\/image\\\/\",\"url\":\"https:\\\/\\\/avispl.ca\\\/wp-content\\\/uploads\\\/sites\\\/8\\\/2024\\\/11\\\/logo.svg\",\"contentUrl\":\"https:\\\/\\\/avispl.ca\\\/wp-content\\\/uploads\\\/sites\\\/8\\\/2024\\\/11\\\/logo.svg\",\"caption\":\"AVI-SPL Canada\"},\"image\":{\"@id\":\"https:\\\/\\\/avispl.ca\\\/fr\\\/#\\\/schema\\\/logo\\\/image\\\/\"}}]}<\/script>\n<!-- \/ Yoast SEO Premium plugin. -->","yoast_head_json":{"title":"CBRE FUSION - AVI-SPL Canada","description":"Pour les chefs de projet CBRE | AVI-SPL est votre partenaire strat\u00e9gique CBRE Fusion. Ensemble, nous fid\u00e9lisons des clients qui accordent de l'importance \u00e0 leurs espaces de travail.","robots":{"index":"index","follow":"follow","max-snippet":"max-snippet:-1","max-image-preview":"max-image-preview:large","max-video-preview":"max-video-preview:-1"},"canonical":"https:\/\/avispl.ca\/fr\/cbre-fusion\/","og_locale":"fr_FR","og_type":"article","og_title":"CBRE FUSION","og_description":"Pour les chefs de projet CBRE | AVI-SPL est votre partenaire strat\u00e9gique CBRE Fusion. Ensemble, nous fid\u00e9lisons des clients qui accordent de l'importance \u00e0 leurs espaces de travail.","og_url":"https:\/\/avispl.ca\/fr\/cbre-fusion\/","og_site_name":"AVI-SPL Canada","article_modified_time":"2025-07-07T20:41:51+00:00","twitter_card":"summary_large_image","schema":{"@context":"https:\/\/schema.org","@graph":[{"@type":"WebPage","@id":"https:\/\/avispl.ca\/fr\/cbre-fusion\/","url":"https:\/\/avispl.ca\/fr\/cbre-fusion\/","name":"CBRE FUSION - AVI-SPL Canada","isPartOf":{"@id":"https:\/\/avispl.ca\/fr\/#website"},"datePublished":"2025-01-30T10:51:00+00:00","dateModified":"2025-07-07T20:41:51+00:00","description":"Pour les chefs de projet CBRE | AVI-SPL est votre partenaire strat\u00e9gique CBRE Fusion. Ensemble, nous fid\u00e9lisons des clients qui accordent de l'importance \u00e0 leurs espaces de travail.","breadcrumb":{"@id":"https:\/\/avispl.ca\/fr\/cbre-fusion\/#breadcrumb"},"inLanguage":"fr-FR","potentialAction":[{"@type":"ReadAction","target":["https:\/\/avispl.ca\/fr\/cbre-fusion\/"]}]},{"@type":"BreadcrumbList","@id":"https:\/\/avispl.ca\/fr\/cbre-fusion\/#breadcrumb","itemListElement":[{"@type":"ListItem","position":1,"name":"Home","item":"https:\/\/avispl.ca\/fr\/"},{"@type":"ListItem","position":2,"name":"CBRE FUSION"}]},{"@type":"WebSite","@id":"https:\/\/avispl.ca\/fr\/#website","url":"https:\/\/avispl.ca\/fr\/","name":"AVI-SPL Canada","description":"AV\/UC collaboration, education and experience technology","publisher":{"@id":"https:\/\/avispl.ca\/fr\/#organization"},"potentialAction":[{"@type":"SearchAction","target":{"@type":"EntryPoint","urlTemplate":"https:\/\/avispl.ca\/fr\/?s={search_term_string}"},"query-input":{"@type":"PropertyValueSpecification","valueRequired":true,"valueName":"search_term_string"}}],"inLanguage":"fr-FR"},{"@type":"Organization","@id":"https:\/\/avispl.ca\/fr\/#organization","name":"AVI-SPL Canada","url":"https:\/\/avispl.ca\/fr\/","logo":{"@type":"ImageObject","inLanguage":"fr-FR","@id":"https:\/\/avispl.ca\/fr\/#\/schema\/logo\/image\/","url":"https:\/\/avispl.ca\/wp-content\/uploads\/sites\/8\/2024\/11\/logo.svg","contentUrl":"https:\/\/avispl.ca\/wp-content\/uploads\/sites\/8\/2024\/11\/logo.svg","caption":"AVI-SPL Canada"},"image":{"@id":"https:\/\/avispl.ca\/fr\/#\/schema\/logo\/image\/"}}]}},"_links":{"self":[{"href":"https:\/\/avispl.ca\/fr\/wp-json\/wp\/v2\/pages\/17476","targetHints":{"allow":["GET"]}}],"collection":[{"href":"https:\/\/avispl.ca\/fr\/wp-json\/wp\/v2\/pages"}],"about":[{"href":"https:\/\/avispl.ca\/fr\/wp-json\/wp\/v2\/types\/page"}],"author":[{"embeddable":true,"href":"https:\/\/avispl.ca\/fr\/wp-json\/wp\/v2\/users\/5"}],"replies":[{"embeddable":true,"href":"https:\/\/avispl.ca\/fr\/wp-json\/wp\/v2\/comments?post=17476"}],"version-history":[{"count":0,"href":"https:\/\/avispl.ca\/fr\/wp-json\/wp\/v2\/pages\/17476\/revisions"}],"wp:attachment":[{"href":"https:\/\/avispl.ca\/fr\/wp-json\/wp\/v2\/media?parent=17476"}],"curies":[{"name":"wp","href":"https:\/\/api.w.org\/{rel}","templated":true}]}}