{"id":17438,"date":"2025-01-21T15:30:00","date_gmt":"2025-01-21T20:30:00","guid":{"rendered":"https:\/\/avispl.com\/ca\/gestion-de-lespace-de-travail\/"},"modified":"2025-08-13T15:26:52","modified_gmt":"2025-08-13T19:26:52","slug":"gestion-de-lespace-de-travail","status":"publish","type":"page","link":"https:\/\/avispl.ca\/fr\/solutions\/gestion-de-lespace-de-travail\/","title":{"rendered":"Gestion De L\u2019espace De Travail"},"content":{"rendered":"\n<section class=\"hero page-block hero--default\">\n            <picture class=\"hero__bg\">\n            <source\n                srcset=\"\"\n                media=\"(max-width: 480px)\"\n                alt=\"Decorative image\">\n\n            <img decoding=\"async\"\n                src=\"https:\/\/avispl.ca\/wp-content\/uploads\/sites\/8\/2024\/12\/Rectangle-133.jpg\"\n                alt=\"Decorative image\"\n                loading=\"lazy\">\n        <\/picture>\n    \n                        <div class=\"hero__content\">\n                <div class=\"container\">\n                                                               <h1 data-splitting=\"words\">GESTION DES ESPACES<br \/>\r\nDE TRAVAIL<\/h1>\n                    \n                    \n                    \n                    <button class=\"hero__scroll scroll-btn scroll-btn--o scroll-to-main\"\n\t\t\t\t        aria-label=\"Scroll to bottom of the hero section\"\n\t\t\t\t        title=\"Scroll to bottom of the hero section\">\n\t\t\t\t\t    <span class=\"sr-only\">Scroll to bottom of the hero section<\/span>\n\t\t\t\t\t<\/button>\n                <\/div>\n            <\/div>\n            <\/section>\n<div id=\"main-content\"><\/div>\n\n<section class=\"intro-image-text page-block intro-image-text--cobalt\" role=\"region\">\n\t<span class=\"intro-image-text__bg\"><span class=\"intro-image-text__bg__inner\"><\/span><\/span>\n\t<div class=\"container\">\n\t\t<div class=\"intro-image-text__image\">\n\t\t    <img loading=\"lazy\" decoding=\"async\" width=\"2560\" height=\"1707\" src=\"https:\/\/avispl.ca\/wp-content\/uploads\/sites\/8\/2025\/01\/Sight-LIFE-Google-Meet-03-1-scaled.jpg\" class=\"attachment-full size-full\" alt=\"\" srcset=\"https:\/\/avispl.ca\/wp-content\/uploads\/sites\/8\/2025\/01\/Sight-LIFE-Google-Meet-03-1-scaled.jpg 2560w, https:\/\/avispl.ca\/wp-content\/uploads\/sites\/8\/2025\/01\/Sight-LIFE-Google-Meet-03-1-300x200.jpg 300w, https:\/\/avispl.ca\/wp-content\/uploads\/sites\/8\/2025\/01\/Sight-LIFE-Google-Meet-03-1-1024x683.jpg 1024w, https:\/\/avispl.ca\/wp-content\/uploads\/sites\/8\/2025\/01\/Sight-LIFE-Google-Meet-03-1-768x512.jpg 768w, https:\/\/avispl.ca\/wp-content\/uploads\/sites\/8\/2025\/01\/Sight-LIFE-Google-Meet-03-1-1536x1024.jpg 1536w, https:\/\/avispl.ca\/wp-content\/uploads\/sites\/8\/2025\/01\/Sight-LIFE-Google-Meet-03-1-2048x1365.jpg 2048w, https:\/\/avispl.ca\/wp-content\/uploads\/sites\/8\/2025\/01\/Sight-LIFE-Google-Meet-03-1-125x83.jpg 125w\" sizes=\"auto, (max-width: 2560px) 100vw, 2560px\" \/>\t\t<\/div>\n\n\t\t<div class=\"intro-image-text__text\">\n                                    \t<div class=\"body-content body-content--lg\">\n                \t<p>Offrez \u00e0 vos \u00e9quipes des outils intelligents pour g\u00e9rer facilement la r\u00e9servation des salles et le hot desking afin d\u2019am\u00e9liorer la satisfaction et l\u2019engagement.<\/p>\n                <\/div>\n                        \n        <\/div>\n\t<\/div>\n<\/section>\n<section    class=\"child-page-grid base-slider page-block\"\n    role=\"region\"\n    aria-labelledby=\"child-page-grid-heading\">\n\n    <div class=\"container\">\n                \t<div class=\"child-page-grid__arrow\">\n        \t\t<svg width=\"187\" height=\"187\" viewBox=\"0 0 187 187\" fill=\"none\" xmlns=\"http:\/\/www.w3.org\/2000\/svg\">\n<path d=\"M17.079 0.634656L186.655 0.123047L186.729 170.488L127.755 170.269L127.902 101.421L42.0491 186.86L0.1875 145.2L86.7749 59.031L17.079 59.2503L17.079 0.634656Z\" fill=\"#F89021\"\/>\n<\/svg>\n        \t<\/div>\n         \n        <div class=\"child-page-grid__header\">\n        \t                <p class=\"sub sub--lg\">Gestion De L\u2019espace De Travail<\/p>\n            \n                            <h3 id=\"child-page-grid-heading\">G\u00e9rez Des Espaces De Travail Intelligents,<br \/>\r\nLa Communication, La Collaboration<br \/>\r\nEt L\u2019exp\u00e9rience<\/h3>\n                    <\/div>\n\n                    <div class=\"child-page-grid__grid\">\n                \n                    <a class=\"child-page-card\" href=\"https:\/\/avispl.ca\/solutions\/digital-signage\/\">\n                        <div class=\"child-page-card__image\">\n                            <img loading=\"lazy\" decoding=\"async\" width=\"2560\" height=\"1707\" src=\"https:\/\/avispl.ca\/wp-content\/uploads\/sites\/8\/2025\/01\/03-25-2023_TSA_Case_Study_F_Card_0016-3-scaled.jpg\" class=\"attachment-full size-full\" alt=\"Decorative image\" srcset=\"https:\/\/avispl.ca\/wp-content\/uploads\/sites\/8\/2025\/01\/03-25-2023_TSA_Case_Study_F_Card_0016-3-scaled.jpg 2560w, https:\/\/avispl.ca\/wp-content\/uploads\/sites\/8\/2025\/01\/03-25-2023_TSA_Case_Study_F_Card_0016-3-300x200.jpg 300w, https:\/\/avispl.ca\/wp-content\/uploads\/sites\/8\/2025\/01\/03-25-2023_TSA_Case_Study_F_Card_0016-3-1024x683.jpg 1024w, https:\/\/avispl.ca\/wp-content\/uploads\/sites\/8\/2025\/01\/03-25-2023_TSA_Case_Study_F_Card_0016-3-768x512.jpg 768w, https:\/\/avispl.ca\/wp-content\/uploads\/sites\/8\/2025\/01\/03-25-2023_TSA_Case_Study_F_Card_0016-3-1536x1024.jpg 1536w, https:\/\/avispl.ca\/wp-content\/uploads\/sites\/8\/2025\/01\/03-25-2023_TSA_Case_Study_F_Card_0016-3-2048x1365.jpg 2048w, https:\/\/avispl.ca\/wp-content\/uploads\/sites\/8\/2025\/01\/03-25-2023_TSA_Case_Study_F_Card_0016-3-125x83.jpg 125w\" sizes=\"auto, (max-width: 2560px) 100vw, 2560px\" \/>                        <\/div>\n\n                        <div class=\"child-page-card__body\">\n                            <h4 class=\"h5\">Affichage Num\u00e9rique<\/h4>\n                            <p>Informez et divertissez vos employ\u00e9s et clients au bureau ou dans les espaces publics.<\/p>                        <\/div>\n                    <\/a>\n                \n                    <a class=\"child-page-card\" href=\"https:\/\/avispl.ca\/solutions\/workspace-scheduling\/\">\n                        <div class=\"child-page-card__image\">\n                            <img loading=\"lazy\" decoding=\"async\" width=\"2560\" height=\"1707\" src=\"https:\/\/avispl.ca\/wp-content\/uploads\/sites\/8\/2025\/01\/03-26-2023_SkyCenter_0957-scaled.jpg\" class=\"attachment-full size-full\" alt=\"Decorative image\" srcset=\"https:\/\/avispl.ca\/wp-content\/uploads\/sites\/8\/2025\/01\/03-26-2023_SkyCenter_0957-scaled.jpg 2560w, https:\/\/avispl.ca\/wp-content\/uploads\/sites\/8\/2025\/01\/03-26-2023_SkyCenter_0957-300x200.jpg 300w, https:\/\/avispl.ca\/wp-content\/uploads\/sites\/8\/2025\/01\/03-26-2023_SkyCenter_0957-1024x683.jpg 1024w, https:\/\/avispl.ca\/wp-content\/uploads\/sites\/8\/2025\/01\/03-26-2023_SkyCenter_0957-768x512.jpg 768w, https:\/\/avispl.ca\/wp-content\/uploads\/sites\/8\/2025\/01\/03-26-2023_SkyCenter_0957-1536x1024.jpg 1536w, https:\/\/avispl.ca\/wp-content\/uploads\/sites\/8\/2025\/01\/03-26-2023_SkyCenter_0957-2048x1365.jpg 2048w, https:\/\/avispl.ca\/wp-content\/uploads\/sites\/8\/2025\/01\/03-26-2023_SkyCenter_0957-125x83.jpg 125w\" sizes=\"auto, (max-width: 2560px) 100vw, 2560px\" \/>                        <\/div>\n\n                        <div class=\"child-page-card__body\">\n                            <h4 class=\"h5\">Planification Des Espaces<\/h4>\n                            <p>Facilitez le hot desking, l\u2019h\u00f4tellerie de bureau et la r\u00e9servation de salles avec des outils adapt\u00e9s.<\/p>                        <\/div>\n                    <\/a>\n                \n                    <a class=\"child-page-card\" href=\"https:\/\/avispl.ca\/solutions\/visitor-management\/\">\n                        <div class=\"child-page-card__image\">\n                            <img loading=\"lazy\" decoding=\"async\" width=\"2560\" height=\"1707\" src=\"https:\/\/avispl.ca\/wp-content\/uploads\/sites\/8\/2025\/01\/iStock-1499669441-visitor-management-tablet-with-QR-code-and-person-in-background-scaled.jpg\" class=\"attachment-full size-full\" alt=\"Decorative image\" srcset=\"https:\/\/avispl.ca\/wp-content\/uploads\/sites\/8\/2025\/01\/iStock-1499669441-visitor-management-tablet-with-QR-code-and-person-in-background-scaled.jpg 2560w, https:\/\/avispl.ca\/wp-content\/uploads\/sites\/8\/2025\/01\/iStock-1499669441-visitor-management-tablet-with-QR-code-and-person-in-background-300x200.jpg 300w, https:\/\/avispl.ca\/wp-content\/uploads\/sites\/8\/2025\/01\/iStock-1499669441-visitor-management-tablet-with-QR-code-and-person-in-background-1024x683.jpg 1024w, https:\/\/avispl.ca\/wp-content\/uploads\/sites\/8\/2025\/01\/iStock-1499669441-visitor-management-tablet-with-QR-code-and-person-in-background-768x512.jpg 768w, https:\/\/avispl.ca\/wp-content\/uploads\/sites\/8\/2025\/01\/iStock-1499669441-visitor-management-tablet-with-QR-code-and-person-in-background-1536x1024.jpg 1536w, https:\/\/avispl.ca\/wp-content\/uploads\/sites\/8\/2025\/01\/iStock-1499669441-visitor-management-tablet-with-QR-code-and-person-in-background-2048x1366.jpg 2048w, https:\/\/avispl.ca\/wp-content\/uploads\/sites\/8\/2025\/01\/iStock-1499669441-visitor-management-tablet-with-QR-code-and-person-in-background-125x83.jpg 125w\" sizes=\"auto, (max-width: 2560px) 100vw, 2560px\" \/>                        <\/div>\n\n                        <div class=\"child-page-card__body\">\n                            <h4 class=\"h5\">Gestion Des Visiteurs<\/h4>\n                            <p>Cr\u00e9ez une exp\u00e9rience personnalis\u00e9e et accueillante pour les visiteurs, tout en renfor\u00e7ant la s\u00e9curit\u00e9 sur le lieu de travail.<\/p>                        <\/div>\n                    <\/a>\n                \n                    <a class=\"child-page-card\" href=\"https:\/\/avispl.ca\/solutions\/occupancy-sensing-analytics\/\">\n                        <div class=\"child-page-card__image\">\n                            <img loading=\"lazy\" decoding=\"async\" width=\"1431\" height=\"720\" src=\"https:\/\/avispl.ca\/wp-content\/uploads\/sites\/8\/2025\/01\/Crestron_Sightline_magazine_topview_boardroom.jpg\" class=\"attachment-full size-full\" alt=\"Decorative image\" srcset=\"https:\/\/avispl.ca\/wp-content\/uploads\/sites\/8\/2025\/01\/Crestron_Sightline_magazine_topview_boardroom.jpg 1431w, https:\/\/avispl.ca\/wp-content\/uploads\/sites\/8\/2025\/01\/Crestron_Sightline_magazine_topview_boardroom-300x151.jpg 300w, https:\/\/avispl.ca\/wp-content\/uploads\/sites\/8\/2025\/01\/Crestron_Sightline_magazine_topview_boardroom-1024x515.jpg 1024w, https:\/\/avispl.ca\/wp-content\/uploads\/sites\/8\/2025\/01\/Crestron_Sightline_magazine_topview_boardroom-768x386.jpg 768w, https:\/\/avispl.ca\/wp-content\/uploads\/sites\/8\/2025\/01\/Crestron_Sightline_magazine_topview_boardroom-125x63.jpg 125w\" sizes=\"auto, (max-width: 1431px) 100vw, 1431px\" \/>                        <\/div>\n\n                        <div class=\"child-page-card__body\">\n                            <h4 class=\"h5\">Analyse Et Suivi Du Taux D&#039;occupation<\/h4>\n                            <p>Optimisez l\u2019utilisation des espaces, \u00e9conomisez sur les co\u00fbts \u00e9nerg\u00e9tiques et prenez des d\u00e9cisions bas\u00e9es sur les donn\u00e9es.<\/p>                        <\/div>\n                    <\/a>\n                            <\/div>\n            <\/div>\n<\/section>\n\n<section class=\"logo-marquee page-block\" aria-label=\"Logo Marquee\">\n    <div class=\"container\">\n                    <div class=\"logo-marquee__header\">\n                                    <h3 class=\"h6\">Partenaires<\/h3>\n                                                    <p>Nous collaborons avec les principaux fournisseurs de solutions de collaboration.<\/p>\n                            <\/div>\n        \n                    <div class=\"logo-marquee__marquee\" role=\"region\" aria-live=\"polite\" aria-label=\"Scrolling logos\">\n                                    <div\n                        class=\"logo-marquee__marquee__group\"\n                        style=\"animation: scroll-x 21s linear infinite;\"\n                        aria-hidden=\"false\"\n                    >\n                                                    <img decoding=\"async\" src=\"https:\/\/avispl.ca\/wp-content\/uploads\/sites\/8\/2025\/01\/appspace-1.svg\" class=\"attachment-full size-full\" alt=\"Logo\" \/>                                                    <img decoding=\"async\" src=\"https:\/\/avispl.ca\/wp-content\/uploads\/sites\/8\/2024\/11\/cisco-seeklogo-1.svg\" class=\"attachment-full size-full\" alt=\"Logo\" \/>                                                    <img decoding=\"async\" src=\"https:\/\/avispl.ca\/wp-content\/uploads\/sites\/8\/2024\/11\/Creston-Logo-2.svg\" class=\"attachment-full size-full\" alt=\"Logo\" \/>                                                    <img decoding=\"async\" src=\"https:\/\/avispl.ca\/wp-content\/uploads\/sites\/8\/2024\/11\/logitech-Logo-2.svg\" class=\"attachment-full size-full\" alt=\"Logo\" \/>                                                    <img decoding=\"async\" src=\"https:\/\/avispl.ca\/wp-content\/uploads\/sites\/8\/2025\/01\/korbyt.svg\" class=\"attachment-full size-full\" alt=\"Logo\" \/>                                                    <img decoding=\"async\" src=\"https:\/\/avispl.ca\/wp-content\/uploads\/sites\/8\/2024\/11\/microsoft-Logo-1.svg\" class=\"attachment-full size-full\" alt=\"Logo\" \/>                                                    <img decoding=\"async\" src=\"https:\/\/avispl.ca\/wp-content\/uploads\/sites\/8\/2024\/12\/zoom-logo.svg\" class=\"attachment-full size-full\" alt=\"Logo\" \/>                                            <\/div>\n                                    <div\n                        class=\"logo-marquee__marquee__group\"\n                        style=\"animation: scroll-x 21s linear infinite;\"\n                        aria-hidden=\"true\"\n                    >\n                                                    <img decoding=\"async\" src=\"https:\/\/avispl.ca\/wp-content\/uploads\/sites\/8\/2025\/01\/appspace-1.svg\" class=\"attachment-full size-full\" alt=\"Logo\" \/>                                                    <img decoding=\"async\" src=\"https:\/\/avispl.ca\/wp-content\/uploads\/sites\/8\/2024\/11\/cisco-seeklogo-1.svg\" class=\"attachment-full size-full\" alt=\"Logo\" \/>                                                    <img decoding=\"async\" src=\"https:\/\/avispl.ca\/wp-content\/uploads\/sites\/8\/2024\/11\/Creston-Logo-2.svg\" class=\"attachment-full size-full\" alt=\"Logo\" \/>                                                    <img decoding=\"async\" src=\"https:\/\/avispl.ca\/wp-content\/uploads\/sites\/8\/2024\/11\/logitech-Logo-2.svg\" class=\"attachment-full size-full\" alt=\"Logo\" \/>                                                    <img decoding=\"async\" src=\"https:\/\/avispl.ca\/wp-content\/uploads\/sites\/8\/2025\/01\/korbyt.svg\" class=\"attachment-full size-full\" alt=\"Logo\" \/>                                                    <img decoding=\"async\" src=\"https:\/\/avispl.ca\/wp-content\/uploads\/sites\/8\/2024\/11\/microsoft-Logo-1.svg\" class=\"attachment-full size-full\" alt=\"Logo\" \/>                                                    <img decoding=\"async\" src=\"https:\/\/avispl.ca\/wp-content\/uploads\/sites\/8\/2024\/12\/zoom-logo.svg\" class=\"attachment-full size-full\" alt=\"Logo\" \/>                                            <\/div>\n                            <\/div>\n            <\/div>\n<\/section>\n","protected":false},"excerpt":{"rendered":"","protected":false},"author":4,"featured_media":0,"parent":17474,"menu_order":40,"comment_status":"closed","ping_status":"closed","template":"","meta":{"_acf_changed":false,"footnotes":""},"class_list":["post-17438","page","type-page","status-publish","hentry"],"acf":[],"yoast_head":"<!-- This site is optimized with the Yoast SEO Premium plugin v27.3 (Yoast SEO v27.3) - https:\/\/yoast.com\/product\/yoast-seo-premium-wordpress\/ -->\n<title>Gestion De L\u2019espace De Travail - AVI-SPL Canada<\/title>\n<meta name=\"robots\" content=\"index, follow, max-snippet:-1, max-image-preview:large, max-video-preview:-1\" \/>\n<link rel=\"canonical\" href=\"https:\/\/avispl.ca\/fr\/solutions\/gestion-de-lespace-de-travail\/\" \/>\n<meta property=\"og:locale\" content=\"fr_FR\" \/>\n<meta property=\"og:type\" content=\"article\" \/>\n<meta property=\"og:title\" content=\"Gestion De L\u2019espace De Travail\" \/>\n<meta property=\"og:url\" content=\"https:\/\/avispl.ca\/fr\/solutions\/gestion-de-lespace-de-travail\/\" \/>\n<meta property=\"og:site_name\" content=\"AVI-SPL Canada\" \/>\n<meta property=\"article:modified_time\" content=\"2025-08-13T19:26:52+00:00\" \/>\n<meta name=\"twitter:card\" content=\"summary_large_image\" \/>\n<meta name=\"twitter:label1\" content=\"Est. reading time\" \/>\n\t<meta name=\"twitter:data1\" content=\"4 minutes\" \/>\n<script type=\"application\/ld+json\" class=\"yoast-schema-graph\">{\"@context\":\"https:\\\/\\\/schema.org\",\"@graph\":[{\"@type\":\"WebPage\",\"@id\":\"https:\\\/\\\/avispl.ca\\\/fr\\\/solutions\\\/gestion-de-lespace-de-travail\\\/\",\"url\":\"https:\\\/\\\/avispl.ca\\\/fr\\\/solutions\\\/gestion-de-lespace-de-travail\\\/\",\"name\":\"Gestion De L\u2019espace De Travail - AVI-SPL Canada\",\"isPartOf\":{\"@id\":\"https:\\\/\\\/avispl.ca\\\/fr\\\/#website\"},\"datePublished\":\"2025-01-21T20:30:00+00:00\",\"dateModified\":\"2025-08-13T19:26:52+00:00\",\"breadcrumb\":{\"@id\":\"https:\\\/\\\/avispl.ca\\\/fr\\\/solutions\\\/gestion-de-lespace-de-travail\\\/#breadcrumb\"},\"inLanguage\":\"fr-FR\",\"potentialAction\":[{\"@type\":\"ReadAction\",\"target\":[\"https:\\\/\\\/avispl.ca\\\/fr\\\/solutions\\\/gestion-de-lespace-de-travail\\\/\"]}]},{\"@type\":\"BreadcrumbList\",\"@id\":\"https:\\\/\\\/avispl.ca\\\/fr\\\/solutions\\\/gestion-de-lespace-de-travail\\\/#breadcrumb\",\"itemListElement\":[{\"@type\":\"ListItem\",\"position\":1,\"name\":\"Home\",\"item\":\"https:\\\/\\\/avispl.ca\\\/fr\\\/\"},{\"@type\":\"ListItem\",\"position\":2,\"name\":\"Solutions\",\"item\":\"https:\\\/\\\/avispl.ca\\\/fr\\\/solutions\\\/\"},{\"@type\":\"ListItem\",\"position\":3,\"name\":\"Gestion De L\u2019espace De Travail\"}]},{\"@type\":\"WebSite\",\"@id\":\"https:\\\/\\\/avispl.ca\\\/fr\\\/#website\",\"url\":\"https:\\\/\\\/avispl.ca\\\/fr\\\/\",\"name\":\"AVI-SPL Canada\",\"description\":\"AV\\\/UC collaboration, education and experience technology\",\"publisher\":{\"@id\":\"https:\\\/\\\/avispl.ca\\\/fr\\\/#organization\"},\"potentialAction\":[{\"@type\":\"SearchAction\",\"target\":{\"@type\":\"EntryPoint\",\"urlTemplate\":\"https:\\\/\\\/avispl.ca\\\/fr\\\/?s={search_term_string}\"},\"query-input\":{\"@type\":\"PropertyValueSpecification\",\"valueRequired\":true,\"valueName\":\"search_term_string\"}}],\"inLanguage\":\"fr-FR\"},{\"@type\":\"Organization\",\"@id\":\"https:\\\/\\\/avispl.ca\\\/fr\\\/#organization\",\"name\":\"AVI-SPL Canada\",\"url\":\"https:\\\/\\\/avispl.ca\\\/fr\\\/\",\"logo\":{\"@type\":\"ImageObject\",\"inLanguage\":\"fr-FR\",\"@id\":\"https:\\\/\\\/avispl.ca\\\/fr\\\/#\\\/schema\\\/logo\\\/image\\\/\",\"url\":\"https:\\\/\\\/avispl.ca\\\/wp-content\\\/uploads\\\/sites\\\/8\\\/2024\\\/11\\\/logo.svg\",\"contentUrl\":\"https:\\\/\\\/avispl.ca\\\/wp-content\\\/uploads\\\/sites\\\/8\\\/2024\\\/11\\\/logo.svg\",\"caption\":\"AVI-SPL Canada\"},\"image\":{\"@id\":\"https:\\\/\\\/avispl.ca\\\/fr\\\/#\\\/schema\\\/logo\\\/image\\\/\"}}]}<\/script>\n<!-- \/ Yoast SEO Premium plugin. -->","yoast_head_json":{"title":"Gestion De L\u2019espace De Travail - AVI-SPL Canada","robots":{"index":"index","follow":"follow","max-snippet":"max-snippet:-1","max-image-preview":"max-image-preview:large","max-video-preview":"max-video-preview:-1"},"canonical":"https:\/\/avispl.ca\/fr\/solutions\/gestion-de-lespace-de-travail\/","og_locale":"fr_FR","og_type":"article","og_title":"Gestion De L\u2019espace De Travail","og_url":"https:\/\/avispl.ca\/fr\/solutions\/gestion-de-lespace-de-travail\/","og_site_name":"AVI-SPL Canada","article_modified_time":"2025-08-13T19:26:52+00:00","twitter_card":"summary_large_image","twitter_misc":{"Est. reading time":"4 minutes"},"schema":{"@context":"https:\/\/schema.org","@graph":[{"@type":"WebPage","@id":"https:\/\/avispl.ca\/fr\/solutions\/gestion-de-lespace-de-travail\/","url":"https:\/\/avispl.ca\/fr\/solutions\/gestion-de-lespace-de-travail\/","name":"Gestion De L\u2019espace De Travail - AVI-SPL Canada","isPartOf":{"@id":"https:\/\/avispl.ca\/fr\/#website"},"datePublished":"2025-01-21T20:30:00+00:00","dateModified":"2025-08-13T19:26:52+00:00","breadcrumb":{"@id":"https:\/\/avispl.ca\/fr\/solutions\/gestion-de-lespace-de-travail\/#breadcrumb"},"inLanguage":"fr-FR","potentialAction":[{"@type":"ReadAction","target":["https:\/\/avispl.ca\/fr\/solutions\/gestion-de-lespace-de-travail\/"]}]},{"@type":"BreadcrumbList","@id":"https:\/\/avispl.ca\/fr\/solutions\/gestion-de-lespace-de-travail\/#breadcrumb","itemListElement":[{"@type":"ListItem","position":1,"name":"Home","item":"https:\/\/avispl.ca\/fr\/"},{"@type":"ListItem","position":2,"name":"Solutions","item":"https:\/\/avispl.ca\/fr\/solutions\/"},{"@type":"ListItem","position":3,"name":"Gestion De L\u2019espace De Travail"}]},{"@type":"WebSite","@id":"https:\/\/avispl.ca\/fr\/#website","url":"https:\/\/avispl.ca\/fr\/","name":"AVI-SPL Canada","description":"AV\/UC collaboration, education and experience technology","publisher":{"@id":"https:\/\/avispl.ca\/fr\/#organization"},"potentialAction":[{"@type":"SearchAction","target":{"@type":"EntryPoint","urlTemplate":"https:\/\/avispl.ca\/fr\/?s={search_term_string}"},"query-input":{"@type":"PropertyValueSpecification","valueRequired":true,"valueName":"search_term_string"}}],"inLanguage":"fr-FR"},{"@type":"Organization","@id":"https:\/\/avispl.ca\/fr\/#organization","name":"AVI-SPL Canada","url":"https:\/\/avispl.ca\/fr\/","logo":{"@type":"ImageObject","inLanguage":"fr-FR","@id":"https:\/\/avispl.ca\/fr\/#\/schema\/logo\/image\/","url":"https:\/\/avispl.ca\/wp-content\/uploads\/sites\/8\/2024\/11\/logo.svg","contentUrl":"https:\/\/avispl.ca\/wp-content\/uploads\/sites\/8\/2024\/11\/logo.svg","caption":"AVI-SPL Canada"},"image":{"@id":"https:\/\/avispl.ca\/fr\/#\/schema\/logo\/image\/"}}]}},"_links":{"self":[{"href":"https:\/\/avispl.ca\/fr\/wp-json\/wp\/v2\/pages\/17438","targetHints":{"allow":["GET"]}}],"collection":[{"href":"https:\/\/avispl.ca\/fr\/wp-json\/wp\/v2\/pages"}],"about":[{"href":"https:\/\/avispl.ca\/fr\/wp-json\/wp\/v2\/types\/page"}],"author":[{"embeddable":true,"href":"https:\/\/avispl.ca\/fr\/wp-json\/wp\/v2\/users\/4"}],"replies":[{"embeddable":true,"href":"https:\/\/avispl.ca\/fr\/wp-json\/wp\/v2\/comments?post=17438"}],"version-history":[{"count":0,"href":"https:\/\/avispl.ca\/fr\/wp-json\/wp\/v2\/pages\/17438\/revisions"}],"up":[{"embeddable":true,"href":"https:\/\/avispl.ca\/fr\/wp-json\/wp\/v2\/pages\/17474"}],"wp:attachment":[{"href":"https:\/\/avispl.ca\/fr\/wp-json\/wp\/v2\/media?parent=17438"}],"curies":[{"name":"wp","href":"https:\/\/api.w.org\/{rel}","templated":true}]}}