{"id":17424,"date":"2025-01-28T14:18:34","date_gmt":"2025-01-28T19:18:34","guid":{"rendered":"https:\/\/avispl.com\/ca\/ressources\/"},"modified":"2025-08-14T04:40:42","modified_gmt":"2025-08-14T08:40:42","slug":"ressources","status":"publish","type":"page","link":"https:\/\/avispl.ca\/fr\/ressources\/","title":{"rendered":"Ressources"},"content":{"rendered":"\n<section class=\"hero page-block hero--default\">\n            <picture class=\"hero__bg\">\n            <source\n                srcset=\"\"\n                media=\"(max-width: 480px)\"\n                alt=\"Decorative image\">\n\n            <img decoding=\"async\"\n                src=\"https:\/\/avispl.ca\/wp-content\/uploads\/sites\/8\/2025\/01\/Financial-Services_Places_4-scaled.jpg\"\n                alt=\"Decorative image\"\n                loading=\"lazy\">\n        <\/picture>\n    \n                        <div class=\"hero__content\">\n                <div class=\"container\">\n                                                               <h1 data-splitting=\"words\">Ressources<\/h1>\n                    \n                                            <div class=\"hero__content__text\"><p>Aper\u00e7us des dirigeants de l&rsquo;industrie et des experts AVI-SPL.<\/p>\n<\/p>\n                    \n                    \n                    <button class=\"hero__scroll scroll-btn scroll-btn--o scroll-to-main\"\n\t\t\t\t        aria-label=\"Scroll to bottom of the hero section\"\n\t\t\t\t        title=\"Scroll to bottom of the hero section\">\n\t\t\t\t\t    <span class=\"sr-only\">Scroll to bottom of the hero section<\/span>\n\t\t\t\t\t<\/button>\n                <\/div>\n            <\/div>\n            <\/section>\n<div id=\"main-content\"><\/div>\n\n\n\n\n<section    class=\"child-page-grid base-slider page-block\"\n    role=\"region\"\n    aria-labelledby=\"child-page-grid-heading\">\n\n    <div class=\"container\">\n                \t<div class=\"child-page-grid__arrow\">\n        \t\t<svg width=\"187\" height=\"187\" viewBox=\"0 0 187 187\" fill=\"none\" xmlns=\"http:\/\/www.w3.org\/2000\/svg\">\n<path d=\"M17.079 0.634656L186.655 0.123047L186.729 170.488L127.755 170.269L127.902 101.421L42.0491 186.86L0.1875 145.2L86.7749 59.031L17.079 59.2503L17.079 0.634656Z\" fill=\"#F89021\"\/>\n<\/svg>\n        \t<\/div>\n         \n        <div class=\"child-page-grid__header\">\n        \t                <p class=\"sub sub--lg\">Ressources pour les lieux de travail hybrides<\/p>\n            \n                            <h3 id=\"child-page-grid-heading\">Perspectives et solutions pour cr\u00e9er <br \/>\r\ndes exp\u00e9riences client<br \/>\r\net employ\u00e9 \u00e0 fort impact<\/h3>\n                    <\/div>\n\n                    <div class=\"child-page-grid__grid\">\n                \n                    <a class=\"child-page-card\" href=\"https:\/\/avispl.ca\/fr\/ressources\/etudes-de-cas\/\">\n                        <div class=\"child-page-card__image\">\n                            <img loading=\"lazy\" decoding=\"async\" width=\"2160\" height=\"1161\" src=\"https:\/\/avispl.ca\/wp-content\/uploads\/sites\/8\/2024\/12\/Group-214-new.jpg\" class=\"attachment-full size-full\" alt=\"Decorative image\" srcset=\"https:\/\/avispl.ca\/wp-content\/uploads\/sites\/8\/2024\/12\/Group-214-new.jpg 2160w, https:\/\/avispl.ca\/wp-content\/uploads\/sites\/8\/2024\/12\/Group-214-new-300x161.jpg 300w, https:\/\/avispl.ca\/wp-content\/uploads\/sites\/8\/2024\/12\/Group-214-new-1024x550.jpg 1024w, https:\/\/avispl.ca\/wp-content\/uploads\/sites\/8\/2024\/12\/Group-214-new-768x413.jpg 768w, https:\/\/avispl.ca\/wp-content\/uploads\/sites\/8\/2024\/12\/Group-214-new-1536x826.jpg 1536w, https:\/\/avispl.ca\/wp-content\/uploads\/sites\/8\/2024\/12\/Group-214-new-2048x1101.jpg 2048w, https:\/\/avispl.ca\/wp-content\/uploads\/sites\/8\/2024\/12\/Group-214-new-125x67.jpg 125w\" sizes=\"auto, (max-width: 2160px) 100vw, 2160px\" \/>                        <\/div>\n\n                        <div class=\"child-page-card__body\">\n                            <h4 class=\"h5\">\u00c9TUDES DE CAS<\/h4>\n                            <p>Les points forts des projets technologiques avec des r\u00e9sultats concrets.<\/p>                        <\/div>\n                    <\/a>\n                \n                    <a class=\"child-page-card\" href=\"https:\/\/avispl.ca\/fr\/solutions\/concepts-de-reference\/\">\n                        <div class=\"child-page-card__image\">\n                            <img loading=\"lazy\" decoding=\"async\" width=\"1382\" height=\"778\" src=\"https:\/\/avispl.ca\/wp-content\/uploads\/sites\/8\/2025\/01\/Mobile_Room_Final.jpg\" class=\"attachment-full size-full\" alt=\"Decorative image\" srcset=\"https:\/\/avispl.ca\/wp-content\/uploads\/sites\/8\/2025\/01\/Mobile_Room_Final.jpg 1382w, https:\/\/avispl.ca\/wp-content\/uploads\/sites\/8\/2025\/01\/Mobile_Room_Final-300x169.jpg 300w, https:\/\/avispl.ca\/wp-content\/uploads\/sites\/8\/2025\/01\/Mobile_Room_Final-1024x576.jpg 1024w, https:\/\/avispl.ca\/wp-content\/uploads\/sites\/8\/2025\/01\/Mobile_Room_Final-768x432.jpg 768w, https:\/\/avispl.ca\/wp-content\/uploads\/sites\/8\/2025\/01\/Mobile_Room_Final-125x70.jpg 125w\" sizes=\"auto, (max-width: 1382px) 100vw, 1382px\" \/>                        <\/div>\n\n                        <div class=\"child-page-card__body\">\n                            <h4 class=\"h5\">CONCEPTS DE R\u00c9F\u00c9RENCE<\/h4>\n                            <p>D\u00e9couvrez nos solutions pour salles de r\u00e9union \u00e9quip\u00e9es des meilleures solutions audiovisuelles et de communications unifi\u00e9es.<\/p>                        <\/div>\n                    <\/a>\n                \n                    <a class=\"child-page-card\" href=\"https:\/\/avispl.ca\/fr\/events\/\">\n                        <div class=\"child-page-card__image\">\n                            <img loading=\"lazy\" decoding=\"async\" width=\"2560\" height=\"1294\" src=\"https:\/\/avispl.ca\/wp-content\/uploads\/sites\/8\/2024\/12\/event-hero-scaled.jpg\" class=\"attachment-full size-full\" alt=\"Decorative image\" srcset=\"https:\/\/avispl.ca\/wp-content\/uploads\/sites\/8\/2024\/12\/event-hero-scaled.jpg 2560w, https:\/\/avispl.ca\/wp-content\/uploads\/sites\/8\/2024\/12\/event-hero-300x152.jpg 300w, https:\/\/avispl.ca\/wp-content\/uploads\/sites\/8\/2024\/12\/event-hero-1024x518.jpg 1024w, https:\/\/avispl.ca\/wp-content\/uploads\/sites\/8\/2024\/12\/event-hero-768x388.jpg 768w, https:\/\/avispl.ca\/wp-content\/uploads\/sites\/8\/2024\/12\/event-hero-1536x777.jpg 1536w, https:\/\/avispl.ca\/wp-content\/uploads\/sites\/8\/2024\/12\/event-hero-2048x1035.jpg 2048w, https:\/\/avispl.ca\/wp-content\/uploads\/sites\/8\/2024\/12\/event-hero-125x63.jpg 125w\" sizes=\"auto, (max-width: 2560px) 100vw, 2560px\" \/>                        <\/div>\n\n                        <div class=\"child-page-card__body\">\n                            <h4 class=\"h5\">\u00c9v\u00e9nements clients<\/h4>\n                            <p>Les \u00e9v\u00e9nements AVI-SPL mettent l&#039;accent sur l&#039;innovation et la flexibilit\u00e9 commerciale, et rassemblent des leaders d&#039;opinion et des innovateurs afin de partager leurs id\u00e9es sur les nouvelles m\u00e9thodes de travail et de collaboration.<\/p>                        <\/div>\n                    <\/a>\n                            <\/div>\n            <\/div>\n<\/section>\n\n\n<section    class=\"case-study-links base-slider page-block\"\n    role=\"region\"\n    aria-labelledby=\"case-study-links-heading\">\n\n    <div class=\"container\">\n                    <div class=\"base-slider__header case-study-links__header\">\n                <div class=\"case-study-links__header__title\">\n                                            <h3 id=\"case-study-links-heading\" class=\"h4\">\u00c9TUDES DE CAS<\/h3>\n                                                                <p>D\u00e9couvrez comment nous rehaussons les \u00e9v\u00e9nements et les environnements gr\u00e2ce \u00e0 des solutions audiovisuelles sur mesure.<\/p>\n                                    <\/div>\n                                    <a href=\"https:\/\/avispl.ca\/fr\/resources\/case-studies\/\" class=\"ui-btn ui-btn--secondary\"><span>Voir tout<\/span><\/a>\n                            <\/div>\n        \n                    <div class=\"case-study-links__grid swiper\">\n                <div class=\"swiper-wrapper\">\n                                                <a class=\"case-study-card swiper-slide\" href=\"https:\/\/avispl.ca\/fr\/resources\/case-studies\/idrc-etude-de-cas\/\">\n                                <div class=\"case-study-card__image\">\n                                    <img loading=\"lazy\" decoding=\"async\" width=\"1850\" height=\"883\" src=\"https:\/\/avispl.ca\/wp-content\/uploads\/sites\/8\/2025\/09\/538-Delhi-landscape-f-1.png\" class=\"attachment-full size-full wp-post-image\" alt=\"Large IDRC conference room featuring Microsoft Places room scheduling functionality on displays.\" srcset=\"https:\/\/avispl.ca\/wp-content\/uploads\/sites\/8\/2025\/09\/538-Delhi-landscape-f-1.png 1850w, https:\/\/avispl.ca\/wp-content\/uploads\/sites\/8\/2025\/09\/538-Delhi-landscape-f-1-300x143.png 300w, https:\/\/avispl.ca\/wp-content\/uploads\/sites\/8\/2025\/09\/538-Delhi-landscape-f-1-1024x489.png 1024w, https:\/\/avispl.ca\/wp-content\/uploads\/sites\/8\/2025\/09\/538-Delhi-landscape-f-1-768x367.png 768w, https:\/\/avispl.ca\/wp-content\/uploads\/sites\/8\/2025\/09\/538-Delhi-landscape-f-1-1536x733.png 1536w, https:\/\/avispl.ca\/wp-content\/uploads\/sites\/8\/2025\/09\/538-Delhi-landscape-f-1-125x60.png 125w\" sizes=\"auto, (max-width: 1850px) 100vw, 1850px\" \/>                                <\/div>\n                                <div class=\"case-study-card__body\">\n                                    <p>\u00c9tude de cas<\/p>\n                                    <h4 class=\"h6\">IDRC \u00c9TUDE DE CAS<\/h4>\n                                    <span class=\"ui-link ui-link--daffodil\">Voir plus<\/span>\n                                <\/div>\n                            <\/a>\n                                                    <a class=\"case-study-card swiper-slide\" href=\"https:\/\/avispl.ca\/fr\/resources\/case-studies\/etude-de-cas-banque-nationale-du-canada\/\">\n                                <div class=\"case-study-card__image\">\n                                    <img loading=\"lazy\" decoding=\"async\" width=\"1000\" height=\"667\" src=\"https:\/\/avispl.ca\/wp-content\/uploads\/sites\/8\/2025\/05\/Caucus-2-ca.jpg\" class=\"attachment-full size-full wp-post-image\" alt=\"National Bank of Canada Case Study - Caucus\" srcset=\"https:\/\/avispl.ca\/wp-content\/uploads\/sites\/8\/2025\/05\/Caucus-2-ca.jpg 1000w, https:\/\/avispl.ca\/wp-content\/uploads\/sites\/8\/2025\/05\/Caucus-2-ca-300x200.jpg 300w, https:\/\/avispl.ca\/wp-content\/uploads\/sites\/8\/2025\/05\/Caucus-2-ca-768x512.jpg 768w, https:\/\/avispl.ca\/wp-content\/uploads\/sites\/8\/2025\/05\/Caucus-2-ca-125x83.jpg 125w\" sizes=\"auto, (max-width: 1000px) 100vw, 1000px\" \/>                                <\/div>\n                                <div class=\"case-study-card__body\">\n                                    <p>\u00c9tude de cas<\/p>\n                                    <h4 class=\"h6\">\u00c9tude De Cas: Banque Nationale Du Canada<\/h4>\n                                    <span class=\"ui-link ui-link--daffodil\">Voir plus<\/span>\n                                <\/div>\n                            <\/a>\n                                                    <a class=\"case-study-card swiper-slide\" href=\"https:\/\/avispl.ca\/fr\/resources\/case-studies\/shure-experience-center\/\">\n                                <div class=\"case-study-card__image\">\n                                    <img loading=\"lazy\" decoding=\"async\" width=\"1200\" height=\"800\" src=\"https:\/\/avispl.ca\/wp-content\/uploads\/sites\/8\/2025\/01\/Shure-trainiing-web.jpg\" class=\"attachment-full size-full wp-post-image\" alt=\"Decorative image\" srcset=\"https:\/\/avispl.ca\/wp-content\/uploads\/sites\/8\/2025\/01\/Shure-trainiing-web.jpg 1200w, https:\/\/avispl.ca\/wp-content\/uploads\/sites\/8\/2025\/01\/Shure-trainiing-web-300x200.jpg 300w, https:\/\/avispl.ca\/wp-content\/uploads\/sites\/8\/2025\/01\/Shure-trainiing-web-1024x683.jpg 1024w, https:\/\/avispl.ca\/wp-content\/uploads\/sites\/8\/2025\/01\/Shure-trainiing-web-768x512.jpg 768w, https:\/\/avispl.ca\/wp-content\/uploads\/sites\/8\/2025\/01\/Shure-trainiing-web-125x83.jpg 125w\" sizes=\"auto, (max-width: 1200px) 100vw, 1200px\" \/>                                <\/div>\n                                <div class=\"case-study-card__body\">\n                                    <p>\u00c9tude de cas<\/p>\n                                    <h4 class=\"h6\">SHURE EXPERIENCE CENTER<\/h4>\n                                    <span class=\"ui-link ui-link--daffodil\">Voir plus<\/span>\n                                <\/div>\n                            <\/a>\n                                        <\/div>\n            <\/div>\n\n        \n        <div class=\"base-slider__footer\">\n            <div class=\"swiper-buttons swiper-buttons--w\">\n                <button class=\"swiper-button-prev\" aria-label=\"Previous Slide\"><\/button>\n                <button class=\"swiper-button-next\" aria-label=\"Next Slide\"><\/button>\n            <\/div>\n            <div class=\"swiper-pagination swiper-pagination--w\"><\/div>\n        <\/div>\n    <\/div>\n<\/section>\n\n\n\n<section class=\"logo-marquee page-block\" aria-label=\"Logo Marquee\">\n    <div class=\"container\">\n                    <div class=\"logo-marquee__header\">\n                                    <h3 class=\"h6\">Partenaires<\/h3>\n                                                    <p>Nous collaborons avec les principaux fournisseurs de solutions de collaboration.<\/p>\n                            <\/div>\n        \n                    <div class=\"logo-marquee__marquee\" role=\"region\" aria-live=\"polite\" aria-label=\"Scrolling logos\">\n                                    <div\n                        class=\"logo-marquee__marquee__group\"\n                        style=\"animation: scroll-x 27s linear infinite;\"\n                        aria-hidden=\"false\"\n                    >\n                                                    <img decoding=\"async\" src=\"https:\/\/avispl.ca\/wp-content\/uploads\/sites\/8\/2024\/11\/cisco-seeklogo-1.svg\" class=\"attachment-full size-full\" alt=\"Logo\" \/>                                                    <img decoding=\"async\" src=\"https:\/\/avispl.ca\/wp-content\/uploads\/sites\/8\/2024\/11\/microsoft-Logo-1.svg\" class=\"attachment-full size-full\" alt=\"Logo\" \/>                                                    <img decoding=\"async\" src=\"https:\/\/avispl.ca\/wp-content\/uploads\/sites\/8\/2024\/12\/zoom-logo.svg\" class=\"attachment-full size-full\" alt=\"Logo\" \/>                                                    <img decoding=\"async\" src=\"https:\/\/avispl.ca\/wp-content\/uploads\/sites\/8\/2024\/11\/google-Logo-1.svg\" class=\"attachment-full size-full\" alt=\"Logo\" \/>                                                    <img decoding=\"async\" src=\"https:\/\/avispl.ca\/wp-content\/uploads\/sites\/8\/2024\/11\/Creston-Logo-2.svg\" class=\"attachment-full size-full\" alt=\"Logo\" \/>                                                    <a href=\"https:\/\/avispl.ca\/fr\/poly\/\"><img decoding=\"async\" src=\"https:\/\/avispl.ca\/wp-content\/uploads\/sites\/8\/2025\/02\/hp-poly-large.svg\" class=\"attachment-full size-full\" alt=\"Logo\" \/><\/a>                                                    <img decoding=\"async\" src=\"https:\/\/avispl.ca\/wp-content\/uploads\/sites\/8\/2024\/11\/logitech-Logo-2.svg\" class=\"attachment-full size-full\" alt=\"Logo\" \/>                                                    <img decoding=\"async\" src=\"https:\/\/avispl.ca\/wp-content\/uploads\/sites\/8\/2024\/11\/Neat-logo.svg\" class=\"attachment-full size-full\" alt=\"Logo\" \/>                                                    <img decoding=\"async\" src=\"https:\/\/avispl.ca\/wp-content\/uploads\/sites\/8\/2025\/02\/q-sys.svg\" class=\"attachment-full size-full\" alt=\"Logo\" \/>                                            <\/div>\n                                    <div\n                        class=\"logo-marquee__marquee__group\"\n                        style=\"animation: scroll-x 27s linear infinite;\"\n                        aria-hidden=\"true\"\n                    >\n                                                    <img decoding=\"async\" src=\"https:\/\/avispl.ca\/wp-content\/uploads\/sites\/8\/2024\/11\/cisco-seeklogo-1.svg\" class=\"attachment-full size-full\" alt=\"Logo\" \/>                                                    <img decoding=\"async\" src=\"https:\/\/avispl.ca\/wp-content\/uploads\/sites\/8\/2024\/11\/microsoft-Logo-1.svg\" class=\"attachment-full size-full\" alt=\"Logo\" \/>                                                    <img decoding=\"async\" src=\"https:\/\/avispl.ca\/wp-content\/uploads\/sites\/8\/2024\/12\/zoom-logo.svg\" class=\"attachment-full size-full\" alt=\"Logo\" \/>                                                    <img decoding=\"async\" src=\"https:\/\/avispl.ca\/wp-content\/uploads\/sites\/8\/2024\/11\/google-Logo-1.svg\" class=\"attachment-full size-full\" alt=\"Logo\" \/>                                                    <img decoding=\"async\" src=\"https:\/\/avispl.ca\/wp-content\/uploads\/sites\/8\/2024\/11\/Creston-Logo-2.svg\" class=\"attachment-full size-full\" alt=\"Logo\" \/>                                                    <a href=\"https:\/\/avispl.ca\/fr\/poly\/\"><img decoding=\"async\" src=\"https:\/\/avispl.ca\/wp-content\/uploads\/sites\/8\/2025\/02\/hp-poly-large.svg\" class=\"attachment-full size-full\" alt=\"Logo\" \/><\/a>                                                    <img decoding=\"async\" src=\"https:\/\/avispl.ca\/wp-content\/uploads\/sites\/8\/2024\/11\/logitech-Logo-2.svg\" class=\"attachment-full size-full\" alt=\"Logo\" \/>                                                    <img decoding=\"async\" src=\"https:\/\/avispl.ca\/wp-content\/uploads\/sites\/8\/2024\/11\/Neat-logo.svg\" class=\"attachment-full size-full\" alt=\"Logo\" \/>                                                    <img decoding=\"async\" src=\"https:\/\/avispl.ca\/wp-content\/uploads\/sites\/8\/2025\/02\/q-sys.svg\" class=\"attachment-full size-full\" alt=\"Logo\" \/>                                            <\/div>\n                            <\/div>\n            <\/div>\n<\/section>\n","protected":false},"excerpt":{"rendered":"","protected":false},"author":4,"featured_media":0,"parent":0,"menu_order":28,"comment_status":"closed","ping_status":"closed","template":"","meta":{"_acf_changed":false,"footnotes":""},"class_list":["post-17424","page","type-page","status-publish","hentry"],"acf":[],"yoast_head":"<!-- This site is optimized with the Yoast SEO Premium plugin v27.3 (Yoast SEO v27.3) - https:\/\/yoast.com\/product\/yoast-seo-premium-wordpress\/ -->\n<title>Services pour l&#039;environnement de travail num\u00e9rique, vid\u00e9oconf\u00e9rence, ressources et meilleures pratiques<\/title>\n<meta name=\"description\" content=\"Parcourez les ressources sur les services audiovisuels, la communication unifi\u00e9e, les environnements de travail num\u00e9riques, la visioconf\u00e9rence, l&#039;affichage num\u00e9rique, les murs vid\u00e9o, les meilleures pratiques, les \u00e9tudes de cas, les FAQ, les r\u00e9sum\u00e9s et les articles.\" \/>\n<meta name=\"robots\" content=\"index, follow, max-snippet:-1, max-image-preview:large, max-video-preview:-1\" \/>\n<link rel=\"canonical\" href=\"https:\/\/avispl.ca\/fr\/ressources\/\" \/>\n<meta property=\"og:locale\" content=\"fr_FR\" \/>\n<meta property=\"og:type\" content=\"article\" \/>\n<meta property=\"og:title\" content=\"Ressources\" \/>\n<meta property=\"og:description\" content=\"Parcourez les ressources sur les services audiovisuels, la communication unifi\u00e9e, les environnements de travail num\u00e9riques, la visioconf\u00e9rence, l&#039;affichage num\u00e9rique, les murs vid\u00e9o, les meilleures pratiques, les \u00e9tudes de cas, les FAQ, les r\u00e9sum\u00e9s et les articles.\" \/>\n<meta property=\"og:url\" content=\"https:\/\/avispl.ca\/fr\/ressources\/\" \/>\n<meta property=\"og:site_name\" content=\"AVI-SPL Canada\" \/>\n<meta property=\"article:modified_time\" content=\"2025-08-14T08:40:42+00:00\" \/>\n<meta name=\"twitter:card\" content=\"summary_large_image\" \/>\n<meta name=\"twitter:label1\" content=\"Est. reading time\" \/>\n\t<meta name=\"twitter:data1\" content=\"4 minutes\" \/>\n<script type=\"application\/ld+json\" class=\"yoast-schema-graph\">{\"@context\":\"https:\\\/\\\/schema.org\",\"@graph\":[{\"@type\":\"WebPage\",\"@id\":\"https:\\\/\\\/avispl.ca\\\/fr\\\/ressources\\\/\",\"url\":\"https:\\\/\\\/avispl.ca\\\/fr\\\/ressources\\\/\",\"name\":\"Services pour l'environnement de travail num\u00e9rique, vid\u00e9oconf\u00e9rence, ressources et meilleures pratiques\",\"isPartOf\":{\"@id\":\"https:\\\/\\\/avispl.ca\\\/fr\\\/#website\"},\"datePublished\":\"2025-01-28T19:18:34+00:00\",\"dateModified\":\"2025-08-14T08:40:42+00:00\",\"description\":\"Parcourez les ressources sur les services audiovisuels, la communication unifi\u00e9e, les environnements de travail num\u00e9riques, la visioconf\u00e9rence, l'affichage num\u00e9rique, les murs vid\u00e9o, les meilleures pratiques, les \u00e9tudes de cas, les FAQ, les r\u00e9sum\u00e9s et les articles.\",\"breadcrumb\":{\"@id\":\"https:\\\/\\\/avispl.ca\\\/fr\\\/ressources\\\/#breadcrumb\"},\"inLanguage\":\"fr-FR\",\"potentialAction\":[{\"@type\":\"ReadAction\",\"target\":[\"https:\\\/\\\/avispl.ca\\\/fr\\\/ressources\\\/\"]}]},{\"@type\":\"BreadcrumbList\",\"@id\":\"https:\\\/\\\/avispl.ca\\\/fr\\\/ressources\\\/#breadcrumb\",\"itemListElement\":[{\"@type\":\"ListItem\",\"position\":1,\"name\":\"Home\",\"item\":\"https:\\\/\\\/avispl.ca\\\/fr\\\/\"},{\"@type\":\"ListItem\",\"position\":2,\"name\":\"Ressources\"}]},{\"@type\":\"WebSite\",\"@id\":\"https:\\\/\\\/avispl.ca\\\/fr\\\/#website\",\"url\":\"https:\\\/\\\/avispl.ca\\\/fr\\\/\",\"name\":\"AVI-SPL Canada\",\"description\":\"AV\\\/UC collaboration, education and experience technology\",\"publisher\":{\"@id\":\"https:\\\/\\\/avispl.ca\\\/fr\\\/#organization\"},\"potentialAction\":[{\"@type\":\"SearchAction\",\"target\":{\"@type\":\"EntryPoint\",\"urlTemplate\":\"https:\\\/\\\/avispl.ca\\\/fr\\\/?s={search_term_string}\"},\"query-input\":{\"@type\":\"PropertyValueSpecification\",\"valueRequired\":true,\"valueName\":\"search_term_string\"}}],\"inLanguage\":\"fr-FR\"},{\"@type\":\"Organization\",\"@id\":\"https:\\\/\\\/avispl.ca\\\/fr\\\/#organization\",\"name\":\"AVI-SPL Canada\",\"url\":\"https:\\\/\\\/avispl.ca\\\/fr\\\/\",\"logo\":{\"@type\":\"ImageObject\",\"inLanguage\":\"fr-FR\",\"@id\":\"https:\\\/\\\/avispl.ca\\\/fr\\\/#\\\/schema\\\/logo\\\/image\\\/\",\"url\":\"https:\\\/\\\/avispl.ca\\\/wp-content\\\/uploads\\\/sites\\\/8\\\/2024\\\/11\\\/logo.svg\",\"contentUrl\":\"https:\\\/\\\/avispl.ca\\\/wp-content\\\/uploads\\\/sites\\\/8\\\/2024\\\/11\\\/logo.svg\",\"caption\":\"AVI-SPL Canada\"},\"image\":{\"@id\":\"https:\\\/\\\/avispl.ca\\\/fr\\\/#\\\/schema\\\/logo\\\/image\\\/\"}}]}<\/script>\n<!-- \/ Yoast SEO Premium plugin. -->","yoast_head_json":{"title":"Services pour l'environnement de travail num\u00e9rique, vid\u00e9oconf\u00e9rence, ressources et meilleures pratiques","description":"Parcourez les ressources sur les services audiovisuels, la communication unifi\u00e9e, les environnements de travail num\u00e9riques, la visioconf\u00e9rence, l'affichage num\u00e9rique, les murs vid\u00e9o, les meilleures pratiques, les \u00e9tudes de cas, les FAQ, les r\u00e9sum\u00e9s et les articles.","robots":{"index":"index","follow":"follow","max-snippet":"max-snippet:-1","max-image-preview":"max-image-preview:large","max-video-preview":"max-video-preview:-1"},"canonical":"https:\/\/avispl.ca\/fr\/ressources\/","og_locale":"fr_FR","og_type":"article","og_title":"Ressources","og_description":"Parcourez les ressources sur les services audiovisuels, la communication unifi\u00e9e, les environnements de travail num\u00e9riques, la visioconf\u00e9rence, l'affichage num\u00e9rique, les murs vid\u00e9o, les meilleures pratiques, les \u00e9tudes de cas, les FAQ, les r\u00e9sum\u00e9s et les articles.","og_url":"https:\/\/avispl.ca\/fr\/ressources\/","og_site_name":"AVI-SPL Canada","article_modified_time":"2025-08-14T08:40:42+00:00","twitter_card":"summary_large_image","twitter_misc":{"Est. reading time":"4 minutes"},"schema":{"@context":"https:\/\/schema.org","@graph":[{"@type":"WebPage","@id":"https:\/\/avispl.ca\/fr\/ressources\/","url":"https:\/\/avispl.ca\/fr\/ressources\/","name":"Services pour l'environnement de travail num\u00e9rique, vid\u00e9oconf\u00e9rence, ressources et meilleures pratiques","isPartOf":{"@id":"https:\/\/avispl.ca\/fr\/#website"},"datePublished":"2025-01-28T19:18:34+00:00","dateModified":"2025-08-14T08:40:42+00:00","description":"Parcourez les ressources sur les services audiovisuels, la communication unifi\u00e9e, les environnements de travail num\u00e9riques, la visioconf\u00e9rence, l'affichage num\u00e9rique, les murs vid\u00e9o, les meilleures pratiques, les \u00e9tudes de cas, les FAQ, les r\u00e9sum\u00e9s et les articles.","breadcrumb":{"@id":"https:\/\/avispl.ca\/fr\/ressources\/#breadcrumb"},"inLanguage":"fr-FR","potentialAction":[{"@type":"ReadAction","target":["https:\/\/avispl.ca\/fr\/ressources\/"]}]},{"@type":"BreadcrumbList","@id":"https:\/\/avispl.ca\/fr\/ressources\/#breadcrumb","itemListElement":[{"@type":"ListItem","position":1,"name":"Home","item":"https:\/\/avispl.ca\/fr\/"},{"@type":"ListItem","position":2,"name":"Ressources"}]},{"@type":"WebSite","@id":"https:\/\/avispl.ca\/fr\/#website","url":"https:\/\/avispl.ca\/fr\/","name":"AVI-SPL Canada","description":"AV\/UC collaboration, education and experience technology","publisher":{"@id":"https:\/\/avispl.ca\/fr\/#organization"},"potentialAction":[{"@type":"SearchAction","target":{"@type":"EntryPoint","urlTemplate":"https:\/\/avispl.ca\/fr\/?s={search_term_string}"},"query-input":{"@type":"PropertyValueSpecification","valueRequired":true,"valueName":"search_term_string"}}],"inLanguage":"fr-FR"},{"@type":"Organization","@id":"https:\/\/avispl.ca\/fr\/#organization","name":"AVI-SPL Canada","url":"https:\/\/avispl.ca\/fr\/","logo":{"@type":"ImageObject","inLanguage":"fr-FR","@id":"https:\/\/avispl.ca\/fr\/#\/schema\/logo\/image\/","url":"https:\/\/avispl.ca\/wp-content\/uploads\/sites\/8\/2024\/11\/logo.svg","contentUrl":"https:\/\/avispl.ca\/wp-content\/uploads\/sites\/8\/2024\/11\/logo.svg","caption":"AVI-SPL Canada"},"image":{"@id":"https:\/\/avispl.ca\/fr\/#\/schema\/logo\/image\/"}}]}},"_links":{"self":[{"href":"https:\/\/avispl.ca\/fr\/wp-json\/wp\/v2\/pages\/17424","targetHints":{"allow":["GET"]}}],"collection":[{"href":"https:\/\/avispl.ca\/fr\/wp-json\/wp\/v2\/pages"}],"about":[{"href":"https:\/\/avispl.ca\/fr\/wp-json\/wp\/v2\/types\/page"}],"author":[{"embeddable":true,"href":"https:\/\/avispl.ca\/fr\/wp-json\/wp\/v2\/users\/4"}],"replies":[{"embeddable":true,"href":"https:\/\/avispl.ca\/fr\/wp-json\/wp\/v2\/comments?post=17424"}],"version-history":[{"count":0,"href":"https:\/\/avispl.ca\/fr\/wp-json\/wp\/v2\/pages\/17424\/revisions"}],"wp:attachment":[{"href":"https:\/\/avispl.ca\/fr\/wp-json\/wp\/v2\/media?parent=17424"}],"curies":[{"name":"wp","href":"https:\/\/api.w.org\/{rel}","templated":true}]}}