{"id":17331,"date":"2025-01-17T16:48:45","date_gmt":"2025-01-17T21:48:45","guid":{"rendered":"https:\/\/avispl.com\/ca\/services\/solutions-technologiques-globales\/"},"modified":"2026-02-04T15:20:48","modified_gmt":"2026-02-04T20:20:48","slug":"solutions-technologiques-globales","status":"publish","type":"page","link":"https:\/\/avispl.ca\/fr\/services\/solutions-technologiques-globales\/","title":{"rendered":"D\u00e9ploiement mondial"},"content":{"rendered":"\n<section class=\"hero page-block hero--x-small\">\n    \n                        <div class=\"hero__content\">\n                <div class=\"container\">\n                                                               <h1 data-splitting=\"words\">D\u00e9ploiement mondial<\/h1>\n                    \n                                            <div class=\"hero__content__text\"><p>D\u00e9ploiement et support standardis\u00e9s.<\/p>\n<\/p>\n                    \n                    \n                    <button class=\"hero__scroll scroll-btn scroll-btn--o scroll-to-main\"\n\t\t\t\t        aria-label=\"Scroll to bottom of the hero section\"\n\t\t\t\t        title=\"Scroll to bottom of the hero section\">\n\t\t\t\t\t    <span class=\"sr-only\">Scroll to bottom of the hero section<\/span>\n\t\t\t\t\t<\/button>\n                <\/div>\n            <\/div>\n            <\/section>\n<div id=\"main-content\"><\/div>\n\n\n\n<section class=\"image-text-new page-block image-text-new--lg\" role=\"region\">\n\t<div class=\"container\">\n\t\t<div class=\"image-text-new__image\">\n\t\t\t\t\t\t\t<div class=\"image-text-new__image__wrap\">\n\t\t\t\t    <img loading=\"lazy\" decoding=\"async\" width=\"2560\" height=\"1707\" src=\"https:\/\/avispl.ca\/wp-content\/uploads\/sites\/8\/2025\/01\/iStock-1220226091-scaled.webp\" class=\"attachment-full size-full\" alt=\"\" srcset=\"https:\/\/avispl.ca\/wp-content\/uploads\/sites\/8\/2025\/01\/iStock-1220226091-scaled.webp 2560w, https:\/\/avispl.ca\/wp-content\/uploads\/sites\/8\/2025\/01\/iStock-1220226091-300x200.webp 300w, https:\/\/avispl.ca\/wp-content\/uploads\/sites\/8\/2025\/01\/iStock-1220226091-1024x683.webp 1024w, https:\/\/avispl.ca\/wp-content\/uploads\/sites\/8\/2025\/01\/iStock-1220226091-768x512.webp 768w, https:\/\/avispl.ca\/wp-content\/uploads\/sites\/8\/2025\/01\/iStock-1220226091-1536x1024.webp 1536w, https:\/\/avispl.ca\/wp-content\/uploads\/sites\/8\/2025\/01\/iStock-1220226091-2048x1365.webp 2048w, https:\/\/avispl.ca\/wp-content\/uploads\/sites\/8\/2025\/01\/iStock-1220226091-125x83.webp 125w\" sizes=\"auto, (max-width: 2560px) 100vw, 2560px\" \/>\t\t\t\t<\/div>\n\t\t\t\t\t<\/div>\n\n\t\t<div class=\"image-text-new__text\">\n                        \t<h3 class=\"h2\">EXP\u00c9RIENCES UTILISATEURS UNIFORMES<br \/>\r\n\u00c0 TRAVERS LE MONDE<\/h3>\n                                    \t<div class=\"body-content\">\n                \t<p><span style=\"font-weight: 400;\">Nous d\u00e9ployons vos solutions audiovisuelles et de communications unifi\u00e9es standardis\u00e9es partout dans le monde. Nos \u00e9quipes globales soutiennent les d\u00e9cisions centralis\u00e9es de votre entreprise. Vous b\u00e9n\u00e9ficiez d\u2019un point de contact unique chez AVI-SPL, tandis que nos \u00e9quipes locales dans chaque pays assurent un service adapt\u00e9.  <\/span><\/p>\n                <\/div>\n                        <a class=\"ui-link ui-link--blue\"href=\"#contact\"><span>Contactez nous<\/span><\/a>                        \t<div class=\"image-text-new__text__arrow arrow-bl-animate\">\n\t\t    \t\t<svg width=\"116\" height=\"117\" viewBox=\"0 0 116 117\" fill=\"none\" xmlns=\"http:\/\/www.w3.org\/2000\/svg\">\n<path d=\"M104.441 116.028L0.405762 116.09L0.619375 10.5481L36.799 10.7726L36.6043 53.4237L89.4045 0.623535L115.023 26.4946L61.7713 79.7464L104.53 79.7154L104.441 116.028Z\" fill=\"#F89021\"\/>\n<\/svg>\n\t\t    \t<\/div>\n                    <\/div>\n\t<\/div>\n<\/section>\n\n\n\n<section class=\"content-list page-block content-list--teal\" role=\"region\">\n\t<div class=\"container\">\n\t\t<div class=\"content-list__content\">\n\t\t\t<h2 data-splitting=\"words\" class=\"h3\">MAINTENEZ VOS \u00c9QUIPES<br \/>\r\nMONDIALES CONNECT\u00c9ES<\/h2>\t\t\t\t\t\t\t\t\t<a class=\"ui-btn ui-btn--primary\"href=\"#contact\"><span>Contactez nous<\/span><\/a>\t\t<\/div>\n\n\t\t\n\t\t\t\t\t<div class=\"content-list__list\">\n\t\t\t\t\t            <ul>\n\t                \t                   <li>\n\t                   \t\t<a href=\"https:\/\/avispl.ca\/fr\/services\/\">\t                   \t\t<h6>GESTION GLOBALE AVEC<br \/>\r\nSUPPORT LOCAL 24\/7<\/h6>\t                   \t\t<div class=\"body-content\"><p>Nos \u00e9quipes collaborent avec vous au-del\u00e0 des fronti\u00e8res et des fuseaux horaires. Votre chef de projet assure une communication claire avec vos \u00e9quipes globales et locales tout au long du d\u00e9ploiement et du support continu 24\/7. <\/p>\n<\/div>\t                   \t\t<\/a>\t                   <\/li>\n\t                \t                   <li>\n\t                   \t\t<a href=\"https:\/\/avispl.ca\/fr\/services\/\">\t                   \t\t<h6>EXPERTISE GLOBALE EN APPELS D\u2019OFFRES (RFP)<\/h6>\t                   \t\t<div class=\"body-content\"><p>Nos \u00e9quipes collaborent avec vous au-del\u00e0 des fronti\u00e8res et des fuseaux horaires. Votre chef de projet assure une communication claire avec vos \u00e9quipes globales et locales tout au long du d\u00e9ploiement et du support continu 24\/7. <\/p>\n<\/div>\t                   \t\t<\/a>\t                   <\/li>\n\t                \t                   <li>\n\t                   \t\t<a href=\"https:\/\/avispl.ca\/fr\/services\/\">\t                   \t\t<h6>Communications Unifi\u00e9es<\/h6>\t                   \t\t<div class=\"body-content\"><p>Nos \u00e9quipes collaborent avec vous au-del\u00e0 des fronti\u00e8res et des fuseaux horaires. Votre chef de projet assure une communication claire avec vos \u00e9quipes globales et locales tout au long du d\u00e9ploiement et du support continu 24\/7. <\/p>\n<\/div>\t                   \t\t<\/a>\t                   <\/li>\n\t                \t            <\/ul>\n\n\t\t\t\t\t\t\t<\/div>\n        \t<\/div>\n<\/section>\n\n\n\n<section class=\"video page-block video--template-3\">\n\t\t\t<div class=\"container\">\n\t\t\t\t<div class=\"video__header\">\n\t\t\t\t\t\t\t<h3 class=\"h4\">COMMUNICATIONS UNIFI\u00c9ES ET COLLABORATION<br \/>\r\nGLOBALES POUR UN MONDE PLUS CONNECT\u00c9<\/h3>\n\t\t\t\n\t\t\t\n\t\t\t\t\t<\/div>\n\t\t\t<div class=\"video__wrap\" data-id=\"video-block_6d2fde9a8ac82a26597d026729bb6e0a\">\n\t\t\t\t\t\t\t<div style=\"padding:56.25% 0 0 0;position:relative\"><iframe src=\"https:\/\/player.vimeo.com\/video\/1042791816?badge=0&amp;autopause=0&amp;player_id=0&amp;app_id=58479\" frameborder=\"0\" allow=\"autoplay; fullscreen; picture-in-picture; clipboard-write\" style=\"position:absolute;top:0;left:0;width:100%;height:100%\" title=\"COMMUNICATIONS UNIFI\u00c9ES ET COLLABORATION GLOBALES POUR UN MONDE PLUS CONNECT\u00c9\"><\/iframe><\/div>\n<p><\/p>\n\t\t\t\t    <\/div>\n\t\t\t\t<\/div>\n\t<\/section>\n\n\n\n\n<section    class=\"page-slider base-slider page-block page-slider--white\"\n    role=\"region\"\n    aria-labelledby=\"page-slider-heading\"\n    aria-roledescription=\"carousel\">\n\n    <div class=\"container\">\n        <div class=\"base-slider__header page-slider__header\">\n        \t<div class=\"base-slider__header__title\">\n\t        \t\t                <p class=\"sub sub--lg\">NOS AUTRES SERVICES<\/p>\n\t            \n\t            \t                <h3 id=\"page-slider-heading\" data-splitting=\"words\">POUR GARDER VOTRE \u00c9QUIPE ET<br \/>\r\nVOTRE ENTREPRISE CONNECT\u00c9ES<\/h3>\n\t            \t        <\/div>\n\t        <a class=\"ui-btn ui-btn--secondary ui-btn--secondary-dark\"href=\"#contact\"><span>Contact<\/span><\/a>        <\/div>\n\n                    <div class=\"base-slider__slider page-slider__slider swiper\" aria-live=\"polite\">\n                <div class=\"swiper-wrapper\">\n                                            <a class=\"swiper-slide\" href=\"https:\/\/avispl.ca\/fr\/services\/collaboration-en-tant-que-service\/\">\n                            <div class=\"swiper-slide__img\">\n                                <img loading=\"lazy\" decoding=\"async\" width=\"680\" height=\"454\" src=\"https:\/\/avispl.ca\/wp-content\/uploads\/sites\/8\/2025\/01\/Voice-cloud-calling-Img-v2-1024x683.jpg\" class=\"attachment-large size-large\" alt=\"Decorative image\" srcset=\"https:\/\/avispl.ca\/wp-content\/uploads\/sites\/8\/2025\/01\/Voice-cloud-calling-Img-v2-1024x683.jpg 1024w, https:\/\/avispl.ca\/wp-content\/uploads\/sites\/8\/2025\/01\/Voice-cloud-calling-Img-v2-300x200.jpg 300w, https:\/\/avispl.ca\/wp-content\/uploads\/sites\/8\/2025\/01\/Voice-cloud-calling-Img-v2-768x512.jpg 768w, https:\/\/avispl.ca\/wp-content\/uploads\/sites\/8\/2025\/01\/Voice-cloud-calling-Img-v2-1536x1024.jpg 1536w, https:\/\/avispl.ca\/wp-content\/uploads\/sites\/8\/2025\/01\/Voice-cloud-calling-Img-v2-2048x1365.jpg 2048w, https:\/\/avispl.ca\/wp-content\/uploads\/sites\/8\/2025\/01\/Voice-cloud-calling-Img-v2-125x83.jpg 125w\" sizes=\"auto, (max-width: 680px) 100vw, 680px\" \/>                            <\/div>\n                            <div class=\"swiper-slide__body\">\n                                <h4 class=\"h5\">COLLABORATION EN TANT QUE SERVICE<\/h4>\n                            <\/div>\n                        <\/a>\n                                            <a class=\"swiper-slide\" href=\"https:\/\/avispl.ca\/fr\/services\/services-geres\/\">\n                            <div class=\"swiper-slide__img\">\n                                <img loading=\"lazy\" decoding=\"async\" width=\"680\" height=\"454\" src=\"https:\/\/avispl.ca\/wp-content\/uploads\/sites\/8\/2024\/12\/Managed-Services-1024x683.jpg\" class=\"attachment-large size-large\" alt=\"Decorative image\" srcset=\"https:\/\/avispl.ca\/wp-content\/uploads\/sites\/8\/2024\/12\/Managed-Services-1024x683.jpg 1024w, https:\/\/avispl.ca\/wp-content\/uploads\/sites\/8\/2024\/12\/Managed-Services-300x200.jpg 300w, https:\/\/avispl.ca\/wp-content\/uploads\/sites\/8\/2024\/12\/Managed-Services-768x512.jpg 768w, https:\/\/avispl.ca\/wp-content\/uploads\/sites\/8\/2024\/12\/Managed-Services-1536x1024.jpg 1536w, https:\/\/avispl.ca\/wp-content\/uploads\/sites\/8\/2024\/12\/Managed-Services-2048x1366.jpg 2048w, https:\/\/avispl.ca\/wp-content\/uploads\/sites\/8\/2024\/12\/Managed-Services-125x83.jpg 125w\" sizes=\"auto, (max-width: 680px) 100vw, 680px\" \/>                            <\/div>\n                            <div class=\"swiper-slide__body\">\n                                <h4 class=\"h5\">SERVICES G\u00c9R\u00c9S<\/h4>\n                            <\/div>\n                        <\/a>\n                                            <a class=\"swiper-slide\" href=\"https:\/\/avispl.ca\/fr\/services\/services-professionnels\/\">\n                            <div class=\"swiper-slide__img\">\n                                <img loading=\"lazy\" decoding=\"async\" width=\"680\" height=\"394\" src=\"https:\/\/avispl.ca\/wp-content\/uploads\/sites\/8\/2025\/01\/Rose-State-Colleges-Tanenbaum-Aerospace-and-Cybersecurity-Center-tiered-lecture-hall-with-Epson-projectors-on-1024x594.jpg\" class=\"attachment-large size-large\" alt=\"Decorative image\" srcset=\"https:\/\/avispl.ca\/wp-content\/uploads\/sites\/8\/2025\/01\/Rose-State-Colleges-Tanenbaum-Aerospace-and-Cybersecurity-Center-tiered-lecture-hall-with-Epson-projectors-on-1024x594.jpg 1024w, https:\/\/avispl.ca\/wp-content\/uploads\/sites\/8\/2025\/01\/Rose-State-Colleges-Tanenbaum-Aerospace-and-Cybersecurity-Center-tiered-lecture-hall-with-Epson-projectors-on-300x174.jpg 300w, https:\/\/avispl.ca\/wp-content\/uploads\/sites\/8\/2025\/01\/Rose-State-Colleges-Tanenbaum-Aerospace-and-Cybersecurity-Center-tiered-lecture-hall-with-Epson-projectors-on-768x446.jpg 768w, https:\/\/avispl.ca\/wp-content\/uploads\/sites\/8\/2025\/01\/Rose-State-Colleges-Tanenbaum-Aerospace-and-Cybersecurity-Center-tiered-lecture-hall-with-Epson-projectors-on-1536x891.jpg 1536w, https:\/\/avispl.ca\/wp-content\/uploads\/sites\/8\/2025\/01\/Rose-State-Colleges-Tanenbaum-Aerospace-and-Cybersecurity-Center-tiered-lecture-hall-with-Epson-projectors-on-125x73.jpg 125w, https:\/\/avispl.ca\/wp-content\/uploads\/sites\/8\/2025\/01\/Rose-State-Colleges-Tanenbaum-Aerospace-and-Cybersecurity-Center-tiered-lecture-hall-with-Epson-projectors-on.jpg 2048w\" sizes=\"auto, (max-width: 680px) 100vw, 680px\" \/>                            <\/div>\n                            <div class=\"swiper-slide__body\">\n                                <h4 class=\"h5\">SERVICES PROFESSIONNELS<\/h4>\n                            <\/div>\n                        <\/a>\n                                    <\/div>\n            <\/div>\n\n            <div class=\"base-slider__footer\">\n            \t <div class=\"swiper-buttons\">\n                    <button class=\"swiper-button-prev\" aria-label=\"Previous Slide\"><\/button>\n                    <button class=\"swiper-button-next\" aria-label=\"Next Slide\"><\/button>\n                <\/div>\n\n            \t<div class=\"swiper-pagination\"><\/div>\n            <\/div>\n            <\/div>\n<\/section>\n\n\n\n<section class=\"logo-marquee page-block logo-marquee--desktop-static\" aria-label=\"Logo Marquee\">\n    <div class=\"container\">\n                    <div class=\"logo-marquee__header\">\n                                    <h3 class=\"h6\">Partenaires<\/h3>\n                                                    <p>Nous collaborons avec les principaux fournisseurs de solutions de collaboration.<\/p>\n                            <\/div>\n        \n                    <div class=\"logo-marquee__marquee\" role=\"region\" aria-live=\"polite\" aria-label=\"Scrolling logos\">\n                                    <div\n                        class=\"logo-marquee__marquee__group\"\n                        style=\"animation: scroll-x 12s linear infinite;\"\n                        aria-hidden=\"false\"\n                    >\n                                                    <img decoding=\"async\" src=\"https:\/\/avispl.ca\/wp-content\/uploads\/sites\/8\/2024\/11\/cisco-seeklogo-1.svg\" class=\"attachment-full size-full\" alt=\"Logo\" \/>                                                    <img decoding=\"async\" src=\"https:\/\/avispl.ca\/wp-content\/uploads\/sites\/8\/2024\/11\/Creston-Logo-2.svg\" class=\"attachment-full size-full\" alt=\"Logo\" \/>                                                    <img decoding=\"async\" src=\"https:\/\/avispl.ca\/wp-content\/uploads\/sites\/8\/2024\/12\/zoom-logo.svg\" class=\"attachment-full size-full\" alt=\"Logo\" \/>                                                    <img decoding=\"async\" src=\"https:\/\/avispl.ca\/wp-content\/uploads\/sites\/8\/2024\/11\/microsoft-Logo-1.svg\" class=\"attachment-full size-full\" alt=\"Logo\" \/>                                            <\/div>\n                                    <div\n                        class=\"logo-marquee__marquee__group\"\n                        style=\"animation: scroll-x 12s linear infinite;\"\n                        aria-hidden=\"true\"\n                    >\n                                                    <img decoding=\"async\" src=\"https:\/\/avispl.ca\/wp-content\/uploads\/sites\/8\/2024\/11\/cisco-seeklogo-1.svg\" class=\"attachment-full size-full\" alt=\"Logo\" \/>                                                    <img decoding=\"async\" src=\"https:\/\/avispl.ca\/wp-content\/uploads\/sites\/8\/2024\/11\/Creston-Logo-2.svg\" class=\"attachment-full size-full\" alt=\"Logo\" \/>                                                    <img decoding=\"async\" src=\"https:\/\/avispl.ca\/wp-content\/uploads\/sites\/8\/2024\/12\/zoom-logo.svg\" class=\"attachment-full size-full\" alt=\"Logo\" \/>                                                    <img decoding=\"async\" src=\"https:\/\/avispl.ca\/wp-content\/uploads\/sites\/8\/2024\/11\/microsoft-Logo-1.svg\" class=\"attachment-full size-full\" alt=\"Logo\" \/>                                            <\/div>\n                            <\/div>\n            <\/div>\n<\/section>\n","protected":false},"excerpt":{"rendered":"","protected":false},"author":4,"featured_media":0,"parent":17319,"menu_order":114,"comment_status":"closed","ping_status":"closed","template":"","meta":{"_acf_changed":false,"footnotes":""},"class_list":["post-17331","page","type-page","status-publish","hentry"],"acf":[],"yoast_head":"<!-- This site is optimized with the Yoast SEO Premium plugin v27.3 (Yoast SEO v27.3) - https:\/\/yoast.com\/product\/yoast-seo-premium-wordpress\/ -->\n<title>D\u00e9ploiement mondial - AVI-SPL Canada<\/title>\n<meta name=\"robots\" content=\"index, follow, max-snippet:-1, max-image-preview:large, max-video-preview:-1\" \/>\n<link rel=\"canonical\" href=\"https:\/\/avispl.ca\/fr\/services\/solutions-technologiques-globales\/\" \/>\n<meta property=\"og:locale\" content=\"fr_FR\" \/>\n<meta property=\"og:type\" content=\"article\" \/>\n<meta property=\"og:title\" content=\"D\u00e9ploiement mondial\" \/>\n<meta property=\"og:url\" content=\"https:\/\/avispl.ca\/fr\/services\/solutions-technologiques-globales\/\" \/>\n<meta property=\"og:site_name\" content=\"AVI-SPL Canada\" \/>\n<meta property=\"article:modified_time\" content=\"2026-02-04T20:20:48+00:00\" \/>\n<meta name=\"twitter:card\" content=\"summary_large_image\" \/>\n<meta name=\"twitter:label1\" content=\"Est. reading time\" \/>\n\t<meta name=\"twitter:data1\" content=\"4 minutes\" \/>\n<script type=\"application\/ld+json\" class=\"yoast-schema-graph\">{\"@context\":\"https:\\\/\\\/schema.org\",\"@graph\":[{\"@type\":\"WebPage\",\"@id\":\"https:\\\/\\\/avispl.ca\\\/fr\\\/services\\\/solutions-technologiques-globales\\\/\",\"url\":\"https:\\\/\\\/avispl.ca\\\/fr\\\/services\\\/solutions-technologiques-globales\\\/\",\"name\":\"D\u00e9ploiement mondial - AVI-SPL Canada\",\"isPartOf\":{\"@id\":\"https:\\\/\\\/avispl.ca\\\/fr\\\/#website\"},\"datePublished\":\"2025-01-17T21:48:45+00:00\",\"dateModified\":\"2026-02-04T20:20:48+00:00\",\"breadcrumb\":{\"@id\":\"https:\\\/\\\/avispl.ca\\\/fr\\\/services\\\/solutions-technologiques-globales\\\/#breadcrumb\"},\"inLanguage\":\"fr-FR\",\"potentialAction\":[{\"@type\":\"ReadAction\",\"target\":[\"https:\\\/\\\/avispl.ca\\\/fr\\\/services\\\/solutions-technologiques-globales\\\/\"]}]},{\"@type\":\"BreadcrumbList\",\"@id\":\"https:\\\/\\\/avispl.ca\\\/fr\\\/services\\\/solutions-technologiques-globales\\\/#breadcrumb\",\"itemListElement\":[{\"@type\":\"ListItem\",\"position\":1,\"name\":\"Home\",\"item\":\"https:\\\/\\\/avispl.ca\\\/fr\\\/\"},{\"@type\":\"ListItem\",\"position\":2,\"name\":\"Services\",\"item\":\"https:\\\/\\\/avispl.ca\\\/fr\\\/services\\\/\"},{\"@type\":\"ListItem\",\"position\":3,\"name\":\"D\u00e9ploiement mondial\"}]},{\"@type\":\"WebSite\",\"@id\":\"https:\\\/\\\/avispl.ca\\\/fr\\\/#website\",\"url\":\"https:\\\/\\\/avispl.ca\\\/fr\\\/\",\"name\":\"AVI-SPL Canada\",\"description\":\"AV\\\/UC collaboration, education and experience technology\",\"publisher\":{\"@id\":\"https:\\\/\\\/avispl.ca\\\/fr\\\/#organization\"},\"potentialAction\":[{\"@type\":\"SearchAction\",\"target\":{\"@type\":\"EntryPoint\",\"urlTemplate\":\"https:\\\/\\\/avispl.ca\\\/fr\\\/?s={search_term_string}\"},\"query-input\":{\"@type\":\"PropertyValueSpecification\",\"valueRequired\":true,\"valueName\":\"search_term_string\"}}],\"inLanguage\":\"fr-FR\"},{\"@type\":\"Organization\",\"@id\":\"https:\\\/\\\/avispl.ca\\\/fr\\\/#organization\",\"name\":\"AVI-SPL Canada\",\"url\":\"https:\\\/\\\/avispl.ca\\\/fr\\\/\",\"logo\":{\"@type\":\"ImageObject\",\"inLanguage\":\"fr-FR\",\"@id\":\"https:\\\/\\\/avispl.ca\\\/fr\\\/#\\\/schema\\\/logo\\\/image\\\/\",\"url\":\"https:\\\/\\\/avispl.ca\\\/wp-content\\\/uploads\\\/sites\\\/8\\\/2024\\\/11\\\/logo.svg\",\"contentUrl\":\"https:\\\/\\\/avispl.ca\\\/wp-content\\\/uploads\\\/sites\\\/8\\\/2024\\\/11\\\/logo.svg\",\"caption\":\"AVI-SPL Canada\"},\"image\":{\"@id\":\"https:\\\/\\\/avispl.ca\\\/fr\\\/#\\\/schema\\\/logo\\\/image\\\/\"}}]}<\/script>\n<!-- \/ Yoast SEO Premium plugin. -->","yoast_head_json":{"title":"D\u00e9ploiement mondial - AVI-SPL Canada","robots":{"index":"index","follow":"follow","max-snippet":"max-snippet:-1","max-image-preview":"max-image-preview:large","max-video-preview":"max-video-preview:-1"},"canonical":"https:\/\/avispl.ca\/fr\/services\/solutions-technologiques-globales\/","og_locale":"fr_FR","og_type":"article","og_title":"D\u00e9ploiement mondial","og_url":"https:\/\/avispl.ca\/fr\/services\/solutions-technologiques-globales\/","og_site_name":"AVI-SPL Canada","article_modified_time":"2026-02-04T20:20:48+00:00","twitter_card":"summary_large_image","twitter_misc":{"Est. reading time":"4 minutes"},"schema":{"@context":"https:\/\/schema.org","@graph":[{"@type":"WebPage","@id":"https:\/\/avispl.ca\/fr\/services\/solutions-technologiques-globales\/","url":"https:\/\/avispl.ca\/fr\/services\/solutions-technologiques-globales\/","name":"D\u00e9ploiement mondial - AVI-SPL Canada","isPartOf":{"@id":"https:\/\/avispl.ca\/fr\/#website"},"datePublished":"2025-01-17T21:48:45+00:00","dateModified":"2026-02-04T20:20:48+00:00","breadcrumb":{"@id":"https:\/\/avispl.ca\/fr\/services\/solutions-technologiques-globales\/#breadcrumb"},"inLanguage":"fr-FR","potentialAction":[{"@type":"ReadAction","target":["https:\/\/avispl.ca\/fr\/services\/solutions-technologiques-globales\/"]}]},{"@type":"BreadcrumbList","@id":"https:\/\/avispl.ca\/fr\/services\/solutions-technologiques-globales\/#breadcrumb","itemListElement":[{"@type":"ListItem","position":1,"name":"Home","item":"https:\/\/avispl.ca\/fr\/"},{"@type":"ListItem","position":2,"name":"Services","item":"https:\/\/avispl.ca\/fr\/services\/"},{"@type":"ListItem","position":3,"name":"D\u00e9ploiement mondial"}]},{"@type":"WebSite","@id":"https:\/\/avispl.ca\/fr\/#website","url":"https:\/\/avispl.ca\/fr\/","name":"AVI-SPL Canada","description":"AV\/UC collaboration, education and experience technology","publisher":{"@id":"https:\/\/avispl.ca\/fr\/#organization"},"potentialAction":[{"@type":"SearchAction","target":{"@type":"EntryPoint","urlTemplate":"https:\/\/avispl.ca\/fr\/?s={search_term_string}"},"query-input":{"@type":"PropertyValueSpecification","valueRequired":true,"valueName":"search_term_string"}}],"inLanguage":"fr-FR"},{"@type":"Organization","@id":"https:\/\/avispl.ca\/fr\/#organization","name":"AVI-SPL Canada","url":"https:\/\/avispl.ca\/fr\/","logo":{"@type":"ImageObject","inLanguage":"fr-FR","@id":"https:\/\/avispl.ca\/fr\/#\/schema\/logo\/image\/","url":"https:\/\/avispl.ca\/wp-content\/uploads\/sites\/8\/2024\/11\/logo.svg","contentUrl":"https:\/\/avispl.ca\/wp-content\/uploads\/sites\/8\/2024\/11\/logo.svg","caption":"AVI-SPL Canada"},"image":{"@id":"https:\/\/avispl.ca\/fr\/#\/schema\/logo\/image\/"}}]}},"_links":{"self":[{"href":"https:\/\/avispl.ca\/fr\/wp-json\/wp\/v2\/pages\/17331","targetHints":{"allow":["GET"]}}],"collection":[{"href":"https:\/\/avispl.ca\/fr\/wp-json\/wp\/v2\/pages"}],"about":[{"href":"https:\/\/avispl.ca\/fr\/wp-json\/wp\/v2\/types\/page"}],"author":[{"embeddable":true,"href":"https:\/\/avispl.ca\/fr\/wp-json\/wp\/v2\/users\/4"}],"replies":[{"embeddable":true,"href":"https:\/\/avispl.ca\/fr\/wp-json\/wp\/v2\/comments?post=17331"}],"version-history":[{"count":0,"href":"https:\/\/avispl.ca\/fr\/wp-json\/wp\/v2\/pages\/17331\/revisions"}],"up":[{"embeddable":true,"href":"https:\/\/avispl.ca\/fr\/wp-json\/wp\/v2\/pages\/17319"}],"wp:attachment":[{"href":"https:\/\/avispl.ca\/fr\/wp-json\/wp\/v2\/media?parent=17331"}],"curies":[{"name":"wp","href":"https:\/\/api.w.org\/{rel}","templated":true}]}}