{"id":17273,"date":"2025-01-24T12:17:56","date_gmt":"2025-01-24T17:17:56","guid":{"rendered":"https:\/\/avispl.com\/ca\/avis-des-clients\/"},"modified":"2025-11-13T15:30:44","modified_gmt":"2025-11-13T20:30:44","slug":"avis-des-clients","status":"publish","type":"page","link":"https:\/\/avispl.ca\/fr\/avis-des-clients\/","title":{"rendered":"Avis des clients"},"content":{"rendered":"\n<section class=\"hero page-block hero--default\">\n            <picture class=\"hero__bg\">\n            <source\n                srcset=\"\"\n                media=\"(max-width: 480px)\"\n                alt=\"Decorative image\">\n\n            <img decoding=\"async\"\n                src=\"https:\/\/avispl.ca\/wp-content\/uploads\/sites\/8\/2025\/01\/Shot25-1-scaled.jpg\"\n                alt=\"Decorative image\"\n                loading=\"lazy\">\n        <\/picture>\n    \n                        <div class=\"hero__content\">\n                <div class=\"container\">\n                                                               <h1 data-splitting=\"words\">Avis des clients<\/h1>\n                    \n                                            <div class=\"hero__content__text\"><p>Nous nous effor\u00e7ons de fournir des solutions num\u00e9riques qui favorisent une collaboration efficace au sein de vos \u00e9quipes.<\/p>\n<\/p>\n                    \n                    \n                    <button class=\"hero__scroll scroll-btn scroll-btn--o scroll-to-main\"\n\t\t\t\t        aria-label=\"Scroll to bottom of the hero section\"\n\t\t\t\t        title=\"Scroll to bottom of the hero section\">\n\t\t\t\t\t    <span class=\"sr-only\">Scroll to bottom of the hero section<\/span>\n\t\t\t\t\t<\/button>\n                <\/div>\n            <\/div>\n            <\/section>\n<div id=\"main-content\"><\/div>\n\n\n\n<section class=\"intro-image-text page-block intro-image-text--ciel intro-image-text--no-grid\" role=\"region\">\n\t<span class=\"intro-image-text__bg\"><span class=\"intro-image-text__bg__inner\"><\/span><\/span>\n\t<div class=\"container\">\n\t\t<div class=\"intro-image-text__image\">\n\t\t    <img loading=\"lazy\" decoding=\"async\" width=\"794\" height=\"497\" src=\"https:\/\/avispl.ca\/wp-content\/uploads\/sites\/8\/2024\/12\/iStock-1560557407-3.jpg\" class=\"attachment-full size-full\" alt=\"\" srcset=\"https:\/\/avispl.ca\/wp-content\/uploads\/sites\/8\/2024\/12\/iStock-1560557407-3.jpg 794w, https:\/\/avispl.ca\/wp-content\/uploads\/sites\/8\/2024\/12\/iStock-1560557407-3-300x188.jpg 300w, https:\/\/avispl.ca\/wp-content\/uploads\/sites\/8\/2024\/12\/iStock-1560557407-3-768x481.jpg 768w, https:\/\/avispl.ca\/wp-content\/uploads\/sites\/8\/2024\/12\/iStock-1560557407-3-125x78.jpg 125w\" sizes=\"auto, (max-width: 794px) 100vw, 794px\" \/>\t\t<\/div>\n\n\t\t<div class=\"intro-image-text__text\">\n                                    \t<div class=\"body-content body-content--lg\">\n                \t<p>Les \u00e9valuations d&rsquo;AVI-SPL comprennent le taux de recommandation net (NPS), la satisfaction client (CSAT) et les avis clients TrustRadius. Ces notes et avis sont essentiels pour nous permettre d&rsquo;\u00e9couter et de r\u00e9agir \u00e0 la voix de nos clients. <\/p>\n                <\/div>\n                        <a class=\"ui-btn ui-btn--secondary ui-btn--secondary-dark\" target=\"_blank\" href=\"https:\/\/www.trustradius.com\/reviews\/new#product\"><span>\u00c9crire un avis<\/span><\/a>\n        <\/div>\n\t<\/div>\n<\/section>\n\n\n\n\n\n<section class=\"trust-radius-cta page-block\" role=\"region\">\n\t<a href=\"https:\/\/www.trustradius.com\/products\/avi-spl\/reviews\" target=\"_blank\" rel=\"noopener\">\n\t\t<div class=\"container\">\n\t\t\t<h5>Avis des clients<\/h5>\n\n\t\t\t<div class=\"trust-radius-cta__wrap\">\n\t\t\t\t<p class=\"h2\">Merci<\/p>\n\t\t\t\t<img loading=\"lazy\" decoding=\"async\" width=\"534\" height=\"900\" src=\"https:\/\/avispl.ca\/wp-content\/uploads\/sites\/8\/2025\/02\/top-rated-2024-gradient-trustpilot-4.png\" class=\"attachment-full size-full\" alt=\"Trust Radius Badge\" srcset=\"https:\/\/avispl.ca\/wp-content\/uploads\/sites\/8\/2025\/02\/top-rated-2024-gradient-trustpilot-4.png 534w, https:\/\/avispl.ca\/wp-content\/uploads\/sites\/8\/2025\/02\/top-rated-2024-gradient-trustpilot-4-178x300.png 178w, https:\/\/avispl.ca\/wp-content\/uploads\/sites\/8\/2025\/02\/top-rated-2024-gradient-trustpilot-4-74x125.png 74w\" sizes=\"auto, (max-width: 534px) 100vw, 534px\" \/>\n\t            <div class=\"trust-radius-cta__wrap__logo\">\n\t            \t<p>Nous sommes les mieux not\u00e9s sur<\/p>\n\t            \t<img decoding=\"async\" src=\"https:\/\/avispl.ca\/wp-content\/themes\/avi-spl\/library\/images\/misc\/tr-logo.svg\" alt=\"Trust Radius Logo\">\n\t            <\/div>\n\t        <\/div>\n\t\t<\/div>\n\t<\/a>\n<\/section>\n\n\n\n\n\n<section class=\"image-text-new page-block image-text-new--sm image-text-new--dark\" role=\"region\">\n\t<div class=\"container\">\n\t\t<div class=\"image-text-new__image\">\n\t\t\t\t\t\t\t<div class=\"image-text-new__image__wrap\">\n\t\t\t\t    <img loading=\"lazy\" decoding=\"async\" width=\"960\" height=\"684\" src=\"https:\/\/avispl.ca\/wp-content\/uploads\/sites\/8\/2025\/01\/customer-reviews-graphic.png\" class=\"attachment-full size-full\" alt=\"\" srcset=\"https:\/\/avispl.ca\/wp-content\/uploads\/sites\/8\/2025\/01\/customer-reviews-graphic.png 960w, https:\/\/avispl.ca\/wp-content\/uploads\/sites\/8\/2025\/01\/customer-reviews-graphic-300x214.png 300w, https:\/\/avispl.ca\/wp-content\/uploads\/sites\/8\/2025\/01\/customer-reviews-graphic-768x547.png 768w, https:\/\/avispl.ca\/wp-content\/uploads\/sites\/8\/2025\/01\/customer-reviews-graphic-125x89.png 125w\" sizes=\"auto, (max-width: 960px) 100vw, 960px\" \/>\t\t\t\t<\/div>\n\t\t\t\t\t<\/div>\n\n\t\t<div class=\"image-text-new__text\">\n                        \t<h3 class=\"h3\">Cotes de <br \/>\r\nsatisfaction de la client\u00e8le<\/h3>\n                                    \t<div class=\"body-content\">\n                \t<p>La satisfaction client (CSAT) correspond au pourcentage de r\u00e9pondants \u00e0 une enqu\u00eate qui attribuent une note de satisfaction comprise entre 5 et 7 sur une \u00e9chelle de 7.<\/p>\n<p>Les clients re\u00e7oivent une enqu\u00eate afin d&rsquo;\u00e9valuer le niveau de service apr\u00e8s la fin d&rsquo;un <a href=\"https:\/\/avispl.ca\/fr\/services\/support-a-la-mise-en-oeuvre\/\">projet d&rsquo;int\u00e9gration<\/a> ou d&rsquo;une <a href=\"https:\/\/avispl.ca\/fr\/services\/assistance-et-maintenance\/\">demande d&rsquo;assistance.<\/a><\/p>\n                <\/div>\n                                            <\/div>\n\t<\/div>\n<\/section>\n\n\n\n<section class=\"image-text-new page-block image-text-new--sm image-text-new--r\" role=\"region\">\n\t<div class=\"container\">\n\t\t<div class=\"image-text-new__image\">\n\t\t\t\t\t\t\t<div class=\"image-text-new__image__wrap\">\n\t\t\t\t    <img loading=\"lazy\" decoding=\"async\" width=\"960\" height=\"684\" src=\"https:\/\/avispl.ca\/wp-content\/uploads\/sites\/8\/2025\/01\/customer-reviews-graphic-2.png\" class=\"attachment-full size-full\" alt=\"\" srcset=\"https:\/\/avispl.ca\/wp-content\/uploads\/sites\/8\/2025\/01\/customer-reviews-graphic-2.png 960w, https:\/\/avispl.ca\/wp-content\/uploads\/sites\/8\/2025\/01\/customer-reviews-graphic-2-300x214.png 300w, https:\/\/avispl.ca\/wp-content\/uploads\/sites\/8\/2025\/01\/customer-reviews-graphic-2-768x547.png 768w, https:\/\/avispl.ca\/wp-content\/uploads\/sites\/8\/2025\/01\/customer-reviews-graphic-2-125x89.png 125w\" sizes=\"auto, (max-width: 960px) 100vw, 960px\" \/>\t\t\t\t<\/div>\n\t\t\t\t\t<\/div>\n\n\t\t<div class=\"image-text-new__text\">\n                        \t<h3 class=\"h3\">AVI-SPL Net <br \/>\r\nPromoter Score<\/h3>\n                                    \t<div class=\"body-content\">\n                \t<p>Le NPS est un score bas\u00e9 sur les r\u00e9ponses des clients \u00e0 la question suivante : \u00ab Sur une \u00e9chelle de 1 \u00e0 10, dans quelle mesure recommanderiez-vous AVI-SPL \u00e0 un ami ou un coll\u00e8gue ? \u00bb<\/p>\n<p><em>Toutes les ventes et services mondiaux juin 2024<\/em><\/p>\n                <\/div>\n                                            <\/div>\n\t<\/div>\n<\/section>\n\n\n\n<section class=\"image-text-new page-block image-text-new--sm image-text-new--dark\" role=\"region\">\n\t<div class=\"container\">\n\t\t<div class=\"image-text-new__image\">\n\t\t\t\t\t\t\t<div class=\"image-text-new__image__wrap\">\n\t\t\t\t    <img loading=\"lazy\" decoding=\"async\" width=\"2500\" height=\"1667\" src=\"https:\/\/avispl.ca\/wp-content\/uploads\/sites\/8\/2025\/01\/AVI-2021-0188.jpg\" class=\"attachment-full size-full\" alt=\"\" srcset=\"https:\/\/avispl.ca\/wp-content\/uploads\/sites\/8\/2025\/01\/AVI-2021-0188.jpg 2500w, https:\/\/avispl.ca\/wp-content\/uploads\/sites\/8\/2025\/01\/AVI-2021-0188-300x200.jpg 300w, https:\/\/avispl.ca\/wp-content\/uploads\/sites\/8\/2025\/01\/AVI-2021-0188-1024x683.jpg 1024w, https:\/\/avispl.ca\/wp-content\/uploads\/sites\/8\/2025\/01\/AVI-2021-0188-768x512.jpg 768w, https:\/\/avispl.ca\/wp-content\/uploads\/sites\/8\/2025\/01\/AVI-2021-0188-1536x1024.jpg 1536w, https:\/\/avispl.ca\/wp-content\/uploads\/sites\/8\/2025\/01\/AVI-2021-0188-2048x1366.jpg 2048w, https:\/\/avispl.ca\/wp-content\/uploads\/sites\/8\/2025\/01\/AVI-2021-0188-125x83.jpg 125w\" sizes=\"auto, (max-width: 2500px) 100vw, 2500px\" \/>\t\t\t\t<\/div>\n\t\t\t\t\t<\/div>\n\n\t\t<div class=\"image-text-new__text\">\n                        \t<h3 class=\"h3\">Commentaires issus d&rsquo;une enqu\u00eate aupr\u00e8s des clients<\/h3>\n                                    \t<div class=\"body-content\">\n                \t<div class=\"et_pb_module et_pb_text et_pb_text_9 et_pb_text_align_left et_pb_bg_layout_light\">\n<div class=\"et_pb_text_inner\">\n<p>\u00ab La qualit\u00e9 de l&rsquo;installation \u00e9tait tr\u00e8s bonne, et un soin particulier a \u00e9t\u00e9 apport\u00e9 \u00e0 la protection des murs et du mobilier. La programmation a bien fonctionn\u00e9, sans aucun probl\u00e8me. \u00bb \u2013 <strong>Responsable technologique, machinerie lourde<\/strong><\/p>\n<\/div>\n<\/div>\n<div class=\"et_pb_module et_pb_text et_pb_text_10 et_pb_text_align_left et_pb_bg_layout_light\">\n<div class=\"et_pb_text_inner\">\n<p>\u00ab Ce projet sp\u00e9cifique a \u00e9t\u00e9 repouss\u00e9&#8230; Gr\u00e2ce \u00e0 l&rsquo;\u00e9quipe de mise en service, ils ont pu s&rsquo;adapter au calendrier afin que la salle soit op\u00e9rationnelle d\u00e8s que possible. \u00bb \u2013 <strong>Responsable des syst\u00e8mes de contr\u00f4le et du support infrastructure, commerce de d\u00e9tail<\/strong><\/p>\n<\/div>\n<\/div>\n<div class=\"et_pb_module et_pb_text et_pb_text_11 et_pb_text_align_left et_pb_bg_layout_light\">\n<div class=\"et_pb_text_inner\">\n<p>\u00ab Je b\u00e9n\u00e9ficie toujours d&rsquo;un travail et d&rsquo;une communication excellents de la part du bureau AVI-SPL de Durham, en Caroline du Nord. \u2013 <strong>Professionnel de la technologie, enseignement sup\u00e9rieur<\/strong> <\/p>\n<\/div>\n<\/div>\n                <\/div>\n                                            <\/div>\n\t<\/div>\n<\/section>\n\n\n\n<section class=\"content-list page-block content-list--white-sm\" role=\"region\">\n\t<div class=\"container\">\n\t\t<div class=\"content-list__content\">\n\t\t\t<h2 data-splitting=\"words\" class=\"h3\">Reconnaissance r\u00e9cente<\/h2>\t\t\t\t\t\t\t\t\t\t\t<\/div>\n\n\t\t\n\t\t\t\t\t<div class=\"content-list__list\">\n\t\t\t\t\t            <ul>\n\t                \t                   <li>\n\t                   \t\t\t                   \t\t\t                   \t\t<div class=\"body-content\"><p>AVI-SPL remporte les prix de la Strategic Account Management Association (SAMA) pour la sixi\u00e8me ann\u00e9e cons\u00e9cutive.<\/p>\n<\/div>\t                   \t\t\t                   <\/li>\n\t                \t                   <li>\n\t                   \t\t\t                   \t\t\t                   \t\t<div class=\"body-content\"><p>Frost &amp; Sullivan d\u00e9cerne \u00e0 AVI-SPL XTG le prix \u00ab Global Enabling Technology Leadership Award \u00bb 2023<\/p>\n<\/div>\t                   \t\t\t                   <\/li>\n\t                \t                   <li>\n\t                   \t\t\t                   \t\t\t                   \t\t<div class=\"body-content\"><p>Le programme Global Strategic Accounts d&rsquo;AVI-SPL remporte le prix SAMA 2023 dans la cat\u00e9gorie \u00ab C-Suite Support and Engagement \u00bb pour son programme SAM et ses clients strat\u00e9giques.<\/p>\n<\/div>\t                   \t\t\t                   <\/li>\n\t                \t                   <li>\n\t                   \t\t\t                   \t\t\t                   \t\t<div class=\"body-content\"><p>Scores de satisfaction client<br \/>\nAVI-SPL remporte le tout premier prix \u00ab Systemic Enablement of the SAM Program \u00bb d\u00e9cern\u00e9 par la Strategic Account Management Association (SAMA) en 2022.<\/p>\n<\/div>\t                   \t\t\t                   <\/li>\n\t                \t            <\/ul>\n\n\t\t\t\t\t\t\t<\/div>\n        \t<\/div>\n<\/section>\n","protected":false},"excerpt":{"rendered":"","protected":false},"author":4,"featured_media":0,"parent":0,"menu_order":151,"comment_status":"closed","ping_status":"closed","template":"","meta":{"_acf_changed":false,"footnotes":""},"class_list":["post-17273","page","type-page","status-publish","hentry"],"acf":[],"yoast_head":"<!-- This site is optimized with the Yoast SEO Premium plugin v27.4 (Yoast SEO v27.4) - https:\/\/yoast.com\/product\/yoast-seo-premium-wordpress\/ -->\n<title>Avis sur AVI-SPL, NPS et scores de satisfaction client<\/title>\n<meta name=\"description\" content=\"Avis sur AVI-SPL, NPS et scores de satisfaction client. Lisez les commentaires de nos clients sur nos services et nos solutions d&#039;int\u00e9gration.\" \/>\n<meta name=\"robots\" content=\"index, follow, max-snippet:-1, max-image-preview:large, max-video-preview:-1\" \/>\n<link rel=\"canonical\" href=\"https:\/\/avispl.ca\/fr\/avis-des-clients\/\" \/>\n<meta property=\"og:locale\" content=\"fr_FR\" \/>\n<meta property=\"og:type\" content=\"article\" \/>\n<meta property=\"og:title\" content=\"Avis des clients\" \/>\n<meta property=\"og:description\" content=\"Avis sur AVI-SPL, NPS et scores de satisfaction client. Lisez les commentaires de nos clients sur nos services et nos solutions d&#039;int\u00e9gration.\" \/>\n<meta property=\"og:url\" content=\"https:\/\/avispl.ca\/fr\/avis-des-clients\/\" \/>\n<meta property=\"og:site_name\" content=\"AVI-SPL Canada\" \/>\n<meta property=\"article:modified_time\" content=\"2025-11-13T20:30:44+00:00\" \/>\n<meta name=\"twitter:card\" content=\"summary_large_image\" \/>\n<meta name=\"twitter:label1\" content=\"Est. reading time\" \/>\n\t<meta name=\"twitter:data1\" content=\"4 minutes\" \/>\n<script type=\"application\/ld+json\" class=\"yoast-schema-graph\">{\"@context\":\"https:\\\/\\\/schema.org\",\"@graph\":[{\"@type\":\"WebPage\",\"@id\":\"https:\\\/\\\/avispl.ca\\\/fr\\\/avis-des-clients\\\/\",\"url\":\"https:\\\/\\\/avispl.ca\\\/fr\\\/avis-des-clients\\\/\",\"name\":\"Avis sur AVI-SPL, NPS et scores de satisfaction client\",\"isPartOf\":{\"@id\":\"https:\\\/\\\/avispl.ca\\\/fr\\\/#website\"},\"datePublished\":\"2025-01-24T17:17:56+00:00\",\"dateModified\":\"2025-11-13T20:30:44+00:00\",\"description\":\"Avis sur AVI-SPL, NPS et scores de satisfaction client. Lisez les commentaires de nos clients sur nos services et nos solutions d'int\u00e9gration.\",\"breadcrumb\":{\"@id\":\"https:\\\/\\\/avispl.ca\\\/fr\\\/avis-des-clients\\\/#breadcrumb\"},\"inLanguage\":\"fr-FR\",\"potentialAction\":[{\"@type\":\"ReadAction\",\"target\":[\"https:\\\/\\\/avispl.ca\\\/fr\\\/avis-des-clients\\\/\"]}]},{\"@type\":\"BreadcrumbList\",\"@id\":\"https:\\\/\\\/avispl.ca\\\/fr\\\/avis-des-clients\\\/#breadcrumb\",\"itemListElement\":[{\"@type\":\"ListItem\",\"position\":1,\"name\":\"Home\",\"item\":\"https:\\\/\\\/avispl.ca\\\/fr\\\/\"},{\"@type\":\"ListItem\",\"position\":2,\"name\":\"Avis des clients\"}]},{\"@type\":\"WebSite\",\"@id\":\"https:\\\/\\\/avispl.ca\\\/fr\\\/#website\",\"url\":\"https:\\\/\\\/avispl.ca\\\/fr\\\/\",\"name\":\"AVI-SPL Canada\",\"description\":\"AV\\\/UC collaboration, education and experience technology\",\"publisher\":{\"@id\":\"https:\\\/\\\/avispl.ca\\\/fr\\\/#organization\"},\"potentialAction\":[{\"@type\":\"SearchAction\",\"target\":{\"@type\":\"EntryPoint\",\"urlTemplate\":\"https:\\\/\\\/avispl.ca\\\/fr\\\/?s={search_term_string}\"},\"query-input\":{\"@type\":\"PropertyValueSpecification\",\"valueRequired\":true,\"valueName\":\"search_term_string\"}}],\"inLanguage\":\"fr-FR\"},{\"@type\":\"Organization\",\"@id\":\"https:\\\/\\\/avispl.ca\\\/fr\\\/#organization\",\"name\":\"AVI-SPL Canada\",\"url\":\"https:\\\/\\\/avispl.ca\\\/fr\\\/\",\"logo\":{\"@type\":\"ImageObject\",\"inLanguage\":\"fr-FR\",\"@id\":\"https:\\\/\\\/avispl.ca\\\/fr\\\/#\\\/schema\\\/logo\\\/image\\\/\",\"url\":\"https:\\\/\\\/avispl.ca\\\/wp-content\\\/uploads\\\/sites\\\/8\\\/2024\\\/11\\\/logo.svg\",\"contentUrl\":\"https:\\\/\\\/avispl.ca\\\/wp-content\\\/uploads\\\/sites\\\/8\\\/2024\\\/11\\\/logo.svg\",\"caption\":\"AVI-SPL Canada\"},\"image\":{\"@id\":\"https:\\\/\\\/avispl.ca\\\/fr\\\/#\\\/schema\\\/logo\\\/image\\\/\"}}]}<\/script>\n<!-- \/ Yoast SEO Premium plugin. -->","yoast_head_json":{"title":"Avis sur AVI-SPL, NPS et scores de satisfaction client","description":"Avis sur AVI-SPL, NPS et scores de satisfaction client. Lisez les commentaires de nos clients sur nos services et nos solutions d'int\u00e9gration.","robots":{"index":"index","follow":"follow","max-snippet":"max-snippet:-1","max-image-preview":"max-image-preview:large","max-video-preview":"max-video-preview:-1"},"canonical":"https:\/\/avispl.ca\/fr\/avis-des-clients\/","og_locale":"fr_FR","og_type":"article","og_title":"Avis des clients","og_description":"Avis sur AVI-SPL, NPS et scores de satisfaction client. Lisez les commentaires de nos clients sur nos services et nos solutions d'int\u00e9gration.","og_url":"https:\/\/avispl.ca\/fr\/avis-des-clients\/","og_site_name":"AVI-SPL Canada","article_modified_time":"2025-11-13T20:30:44+00:00","twitter_card":"summary_large_image","twitter_misc":{"Est. reading time":"4 minutes"},"schema":{"@context":"https:\/\/schema.org","@graph":[{"@type":"WebPage","@id":"https:\/\/avispl.ca\/fr\/avis-des-clients\/","url":"https:\/\/avispl.ca\/fr\/avis-des-clients\/","name":"Avis sur AVI-SPL, NPS et scores de satisfaction client","isPartOf":{"@id":"https:\/\/avispl.ca\/fr\/#website"},"datePublished":"2025-01-24T17:17:56+00:00","dateModified":"2025-11-13T20:30:44+00:00","description":"Avis sur AVI-SPL, NPS et scores de satisfaction client. Lisez les commentaires de nos clients sur nos services et nos solutions d'int\u00e9gration.","breadcrumb":{"@id":"https:\/\/avispl.ca\/fr\/avis-des-clients\/#breadcrumb"},"inLanguage":"fr-FR","potentialAction":[{"@type":"ReadAction","target":["https:\/\/avispl.ca\/fr\/avis-des-clients\/"]}]},{"@type":"BreadcrumbList","@id":"https:\/\/avispl.ca\/fr\/avis-des-clients\/#breadcrumb","itemListElement":[{"@type":"ListItem","position":1,"name":"Home","item":"https:\/\/avispl.ca\/fr\/"},{"@type":"ListItem","position":2,"name":"Avis des clients"}]},{"@type":"WebSite","@id":"https:\/\/avispl.ca\/fr\/#website","url":"https:\/\/avispl.ca\/fr\/","name":"AVI-SPL Canada","description":"AV\/UC collaboration, education and experience technology","publisher":{"@id":"https:\/\/avispl.ca\/fr\/#organization"},"potentialAction":[{"@type":"SearchAction","target":{"@type":"EntryPoint","urlTemplate":"https:\/\/avispl.ca\/fr\/?s={search_term_string}"},"query-input":{"@type":"PropertyValueSpecification","valueRequired":true,"valueName":"search_term_string"}}],"inLanguage":"fr-FR"},{"@type":"Organization","@id":"https:\/\/avispl.ca\/fr\/#organization","name":"AVI-SPL Canada","url":"https:\/\/avispl.ca\/fr\/","logo":{"@type":"ImageObject","inLanguage":"fr-FR","@id":"https:\/\/avispl.ca\/fr\/#\/schema\/logo\/image\/","url":"https:\/\/avispl.ca\/wp-content\/uploads\/sites\/8\/2024\/11\/logo.svg","contentUrl":"https:\/\/avispl.ca\/wp-content\/uploads\/sites\/8\/2024\/11\/logo.svg","caption":"AVI-SPL Canada"},"image":{"@id":"https:\/\/avispl.ca\/fr\/#\/schema\/logo\/image\/"}}]}},"_links":{"self":[{"href":"https:\/\/avispl.ca\/fr\/wp-json\/wp\/v2\/pages\/17273","targetHints":{"allow":["GET"]}}],"collection":[{"href":"https:\/\/avispl.ca\/fr\/wp-json\/wp\/v2\/pages"}],"about":[{"href":"https:\/\/avispl.ca\/fr\/wp-json\/wp\/v2\/types\/page"}],"author":[{"embeddable":true,"href":"https:\/\/avispl.ca\/fr\/wp-json\/wp\/v2\/users\/4"}],"replies":[{"embeddable":true,"href":"https:\/\/avispl.ca\/fr\/wp-json\/wp\/v2\/comments?post=17273"}],"version-history":[{"count":0,"href":"https:\/\/avispl.ca\/fr\/wp-json\/wp\/v2\/pages\/17273\/revisions"}],"wp:attachment":[{"href":"https:\/\/avispl.ca\/fr\/wp-json\/wp\/v2\/media?parent=17273"}],"curies":[{"name":"wp","href":"https:\/\/api.w.org\/{rel}","templated":true}]}}