{"id":17271,"date":"2025-01-28T13:31:44","date_gmt":"2025-01-28T18:31:44","guid":{"rendered":"https:\/\/avispl.com\/ca\/directives-relatives-a-la-marque-commerciale-et-au-logo-avi-spl\/"},"modified":"2025-05-21T17:53:05","modified_gmt":"2025-05-21T21:53:05","slug":"directives-relatives-a-la-marque-commerciale-et-au-logo-avi-spl","status":"publish","type":"page","link":"https:\/\/avispl.ca\/fr\/directives-relatives-a-la-marque-commerciale-et-au-logo-avi-spl\/","title":{"rendered":"Directives relatives \u00e0 la marque commerciale et au logo AVI-SPL"},"content":{"rendered":"\n<section class=\"hero page-block hero--x-small\">\n    \n                        <div class=\"hero__content\">\n                <div class=\"container\">\n                                                               <h1 data-splitting=\"words\">Directives relatives \u00e0 la marque commerciale et au logo AVI-SPL<\/h1>\n                    \n                    \n                    \n                    <button class=\"hero__scroll scroll-btn scroll-btn--o scroll-to-main\"\n\t\t\t\t        aria-label=\"Scroll to bottom of the hero section\"\n\t\t\t\t        title=\"Scroll to bottom of the hero section\">\n\t\t\t\t\t    <span class=\"sr-only\">Scroll to bottom of the hero section<\/span>\n\t\t\t\t\t<\/button>\n                <\/div>\n            <\/div>\n            <\/section>\n<div id=\"main-content\"><\/div>\n\n<section class=\"image-text-new page-block image-text-new--sm image-text-new--r\" role=\"region\">\n\t<div class=\"container\">\n\t\t<div class=\"image-text-new__image\">\n\t\t\t\t\t\t\t<div class=\"image-text-new__image__wrap\">\n\t\t\t\t    <img loading=\"lazy\" decoding=\"async\" width=\"2560\" height=\"1440\" src=\"https:\/\/avispl.ca\/wp-content\/uploads\/sites\/8\/2025\/01\/AVI-SPL_BrandAnthem-still_37-scaled.jpg\" class=\"attachment-full size-full\" alt=\"\" srcset=\"https:\/\/avispl.ca\/wp-content\/uploads\/sites\/8\/2025\/01\/AVI-SPL_BrandAnthem-still_37-scaled.jpg 2560w, https:\/\/avispl.ca\/wp-content\/uploads\/sites\/8\/2025\/01\/AVI-SPL_BrandAnthem-still_37-300x169.jpg 300w, https:\/\/avispl.ca\/wp-content\/uploads\/sites\/8\/2025\/01\/AVI-SPL_BrandAnthem-still_37-1024x576.jpg 1024w, https:\/\/avispl.ca\/wp-content\/uploads\/sites\/8\/2025\/01\/AVI-SPL_BrandAnthem-still_37-768x432.jpg 768w, https:\/\/avispl.ca\/wp-content\/uploads\/sites\/8\/2025\/01\/AVI-SPL_BrandAnthem-still_37-1536x864.jpg 1536w, https:\/\/avispl.ca\/wp-content\/uploads\/sites\/8\/2025\/01\/AVI-SPL_BrandAnthem-still_37-2048x1152.jpg 2048w, https:\/\/avispl.ca\/wp-content\/uploads\/sites\/8\/2025\/01\/AVI-SPL_BrandAnthem-still_37-125x70.jpg 125w\" sizes=\"auto, (max-width: 2560px) 100vw, 2560px\" \/>\t\t\t\t<\/div>\n\t\t\t\t\t<\/div>\n\n\t\t<div class=\"image-text-new__text\">\n                                    \t<div class=\"body-content\">\n                \t<p>Si vous avez des questions concernant ces directives, veuillez contacter le service juridique ou le service marketing d&rsquo;AVI-SPL au 1.800.282.6733.<\/p>\n<p>En tant qu&rsquo;actifs pr\u00e9cieux de l&rsquo;entreprise, les marques commerciales et logos AVI-SPL font la promotion de nos produits et services. L&rsquo;utilisation inappropri\u00e9e du contenu de la marque AVI-SPL diminue leur valeur et leur repr\u00e9sentativit\u00e9. <\/p>\n<p>Les directives relatives \u00e0 l&rsquo;utilisation des marques commerciales et logos ci-jointes s&rsquo;appliquent \u00e0 tous les partenaires strat\u00e9giques, clients, consultants, titulaires de licence, agences tierces et parties faisant r\u00e9f\u00e9rence aux marques commerciales AVI-SPL et aux noms des produits et services AVI-SPL sur les emballages, supports promotionnels, publicit\u00e9s, sites Web et autres supports connexes.<\/p>\n                <\/div>\n                        <a class=\"ui-btn ui-btn--secondary ui-btn--secondary-dark\"href=\"#\"><span>T\u00e9l\u00e9charger les directives relatives \u00e0 la marque commerciale et au logo d&rsquo;AVI-SPL<\/span><\/a>                    <\/div>\n\t<\/div>\n<\/section>\n","protected":false},"excerpt":{"rendered":"","protected":false},"author":5,"featured_media":0,"parent":0,"menu_order":26,"comment_status":"closed","ping_status":"closed","template":"","meta":{"_acf_changed":false,"footnotes":""},"class_list":["post-17271","page","type-page","status-publish","hentry"],"acf":[],"yoast_head":"<!-- This site is optimized with the Yoast SEO Premium plugin v27.4 (Yoast SEO v27.4) - https:\/\/yoast.com\/product\/yoast-seo-premium-wordpress\/ -->\n<title>Directives relatives \u00e0 la marque commerciale et au logo AVI-SPL<\/title>\n<meta name=\"robots\" content=\"index, follow, max-snippet:-1, max-image-preview:large, max-video-preview:-1\" \/>\n<link rel=\"canonical\" href=\"https:\/\/avispl.ca\/fr\/directives-relatives-a-la-marque-commerciale-et-au-logo-avi-spl\/\" \/>\n<meta property=\"og:locale\" content=\"fr_FR\" \/>\n<meta property=\"og:type\" content=\"article\" \/>\n<meta property=\"og:title\" content=\"Directives relatives \u00e0 la marque commerciale et au logo AVI-SPL\" \/>\n<meta property=\"og:url\" content=\"https:\/\/avispl.ca\/fr\/directives-relatives-a-la-marque-commerciale-et-au-logo-avi-spl\/\" \/>\n<meta property=\"og:site_name\" content=\"AVI-SPL Canada\" \/>\n<meta property=\"article:modified_time\" content=\"2025-05-21T21:53:05+00:00\" \/>\n<meta name=\"twitter:card\" content=\"summary_large_image\" \/>\n<script type=\"application\/ld+json\" class=\"yoast-schema-graph\">{\"@context\":\"https:\\\/\\\/schema.org\",\"@graph\":[{\"@type\":\"WebPage\",\"@id\":\"https:\\\/\\\/avispl.ca\\\/fr\\\/directives-relatives-a-la-marque-commerciale-et-au-logo-avi-spl\\\/\",\"url\":\"https:\\\/\\\/avispl.ca\\\/fr\\\/directives-relatives-a-la-marque-commerciale-et-au-logo-avi-spl\\\/\",\"name\":\"Directives relatives \u00e0 la marque commerciale et au logo AVI-SPL\",\"isPartOf\":{\"@id\":\"https:\\\/\\\/avispl.ca\\\/fr\\\/#website\"},\"datePublished\":\"2025-01-28T18:31:44+00:00\",\"dateModified\":\"2025-05-21T21:53:05+00:00\",\"breadcrumb\":{\"@id\":\"https:\\\/\\\/avispl.ca\\\/fr\\\/directives-relatives-a-la-marque-commerciale-et-au-logo-avi-spl\\\/#breadcrumb\"},\"inLanguage\":\"fr-FR\",\"potentialAction\":[{\"@type\":\"ReadAction\",\"target\":[\"https:\\\/\\\/avispl.ca\\\/fr\\\/directives-relatives-a-la-marque-commerciale-et-au-logo-avi-spl\\\/\"]}]},{\"@type\":\"BreadcrumbList\",\"@id\":\"https:\\\/\\\/avispl.ca\\\/fr\\\/directives-relatives-a-la-marque-commerciale-et-au-logo-avi-spl\\\/#breadcrumb\",\"itemListElement\":[{\"@type\":\"ListItem\",\"position\":1,\"name\":\"Home\",\"item\":\"https:\\\/\\\/avispl.ca\\\/fr\\\/\"},{\"@type\":\"ListItem\",\"position\":2,\"name\":\"Directives relatives \u00e0 la marque commerciale et au logo AVI-SPL\"}]},{\"@type\":\"WebSite\",\"@id\":\"https:\\\/\\\/avispl.ca\\\/fr\\\/#website\",\"url\":\"https:\\\/\\\/avispl.ca\\\/fr\\\/\",\"name\":\"AVI-SPL Canada\",\"description\":\"AV\\\/UC collaboration, education and experience technology\",\"publisher\":{\"@id\":\"https:\\\/\\\/avispl.ca\\\/fr\\\/#organization\"},\"potentialAction\":[{\"@type\":\"SearchAction\",\"target\":{\"@type\":\"EntryPoint\",\"urlTemplate\":\"https:\\\/\\\/avispl.ca\\\/fr\\\/?s={search_term_string}\"},\"query-input\":{\"@type\":\"PropertyValueSpecification\",\"valueRequired\":true,\"valueName\":\"search_term_string\"}}],\"inLanguage\":\"fr-FR\"},{\"@type\":\"Organization\",\"@id\":\"https:\\\/\\\/avispl.ca\\\/fr\\\/#organization\",\"name\":\"AVI-SPL Canada\",\"url\":\"https:\\\/\\\/avispl.ca\\\/fr\\\/\",\"logo\":{\"@type\":\"ImageObject\",\"inLanguage\":\"fr-FR\",\"@id\":\"https:\\\/\\\/avispl.ca\\\/fr\\\/#\\\/schema\\\/logo\\\/image\\\/\",\"url\":\"https:\\\/\\\/avispl.ca\\\/wp-content\\\/uploads\\\/sites\\\/8\\\/2024\\\/11\\\/logo.svg\",\"contentUrl\":\"https:\\\/\\\/avispl.ca\\\/wp-content\\\/uploads\\\/sites\\\/8\\\/2024\\\/11\\\/logo.svg\",\"caption\":\"AVI-SPL Canada\"},\"image\":{\"@id\":\"https:\\\/\\\/avispl.ca\\\/fr\\\/#\\\/schema\\\/logo\\\/image\\\/\"}}]}<\/script>\n<!-- \/ Yoast SEO Premium plugin. -->","yoast_head_json":{"title":"Directives relatives \u00e0 la marque commerciale et au logo AVI-SPL","robots":{"index":"index","follow":"follow","max-snippet":"max-snippet:-1","max-image-preview":"max-image-preview:large","max-video-preview":"max-video-preview:-1"},"canonical":"https:\/\/avispl.ca\/fr\/directives-relatives-a-la-marque-commerciale-et-au-logo-avi-spl\/","og_locale":"fr_FR","og_type":"article","og_title":"Directives relatives \u00e0 la marque commerciale et au logo AVI-SPL","og_url":"https:\/\/avispl.ca\/fr\/directives-relatives-a-la-marque-commerciale-et-au-logo-avi-spl\/","og_site_name":"AVI-SPL Canada","article_modified_time":"2025-05-21T21:53:05+00:00","twitter_card":"summary_large_image","schema":{"@context":"https:\/\/schema.org","@graph":[{"@type":"WebPage","@id":"https:\/\/avispl.ca\/fr\/directives-relatives-a-la-marque-commerciale-et-au-logo-avi-spl\/","url":"https:\/\/avispl.ca\/fr\/directives-relatives-a-la-marque-commerciale-et-au-logo-avi-spl\/","name":"Directives relatives \u00e0 la marque commerciale et au logo AVI-SPL","isPartOf":{"@id":"https:\/\/avispl.ca\/fr\/#website"},"datePublished":"2025-01-28T18:31:44+00:00","dateModified":"2025-05-21T21:53:05+00:00","breadcrumb":{"@id":"https:\/\/avispl.ca\/fr\/directives-relatives-a-la-marque-commerciale-et-au-logo-avi-spl\/#breadcrumb"},"inLanguage":"fr-FR","potentialAction":[{"@type":"ReadAction","target":["https:\/\/avispl.ca\/fr\/directives-relatives-a-la-marque-commerciale-et-au-logo-avi-spl\/"]}]},{"@type":"BreadcrumbList","@id":"https:\/\/avispl.ca\/fr\/directives-relatives-a-la-marque-commerciale-et-au-logo-avi-spl\/#breadcrumb","itemListElement":[{"@type":"ListItem","position":1,"name":"Home","item":"https:\/\/avispl.ca\/fr\/"},{"@type":"ListItem","position":2,"name":"Directives relatives \u00e0 la marque commerciale et au logo AVI-SPL"}]},{"@type":"WebSite","@id":"https:\/\/avispl.ca\/fr\/#website","url":"https:\/\/avispl.ca\/fr\/","name":"AVI-SPL Canada","description":"AV\/UC collaboration, education and experience technology","publisher":{"@id":"https:\/\/avispl.ca\/fr\/#organization"},"potentialAction":[{"@type":"SearchAction","target":{"@type":"EntryPoint","urlTemplate":"https:\/\/avispl.ca\/fr\/?s={search_term_string}"},"query-input":{"@type":"PropertyValueSpecification","valueRequired":true,"valueName":"search_term_string"}}],"inLanguage":"fr-FR"},{"@type":"Organization","@id":"https:\/\/avispl.ca\/fr\/#organization","name":"AVI-SPL Canada","url":"https:\/\/avispl.ca\/fr\/","logo":{"@type":"ImageObject","inLanguage":"fr-FR","@id":"https:\/\/avispl.ca\/fr\/#\/schema\/logo\/image\/","url":"https:\/\/avispl.ca\/wp-content\/uploads\/sites\/8\/2024\/11\/logo.svg","contentUrl":"https:\/\/avispl.ca\/wp-content\/uploads\/sites\/8\/2024\/11\/logo.svg","caption":"AVI-SPL Canada"},"image":{"@id":"https:\/\/avispl.ca\/fr\/#\/schema\/logo\/image\/"}}]}},"_links":{"self":[{"href":"https:\/\/avispl.ca\/fr\/wp-json\/wp\/v2\/pages\/17271","targetHints":{"allow":["GET"]}}],"collection":[{"href":"https:\/\/avispl.ca\/fr\/wp-json\/wp\/v2\/pages"}],"about":[{"href":"https:\/\/avispl.ca\/fr\/wp-json\/wp\/v2\/types\/page"}],"author":[{"embeddable":true,"href":"https:\/\/avispl.ca\/fr\/wp-json\/wp\/v2\/users\/5"}],"replies":[{"embeddable":true,"href":"https:\/\/avispl.ca\/fr\/wp-json\/wp\/v2\/comments?post=17271"}],"version-history":[{"count":0,"href":"https:\/\/avispl.ca\/fr\/wp-json\/wp\/v2\/pages\/17271\/revisions"}],"wp:attachment":[{"href":"https:\/\/avispl.ca\/fr\/wp-json\/wp\/v2\/media?parent=17271"}],"curies":[{"name":"wp","href":"https:\/\/api.w.org\/{rel}","templated":true}]}}