{"id":17249,"date":"2024-12-30T20:06:01","date_gmt":"2024-12-31T01:06:01","guid":{"rendered":"https:\/\/avispl.com\/ca\/a-propos\/"},"modified":"2025-11-13T15:27:57","modified_gmt":"2025-11-13T20:27:57","slug":"a-propos","status":"publish","type":"page","link":"https:\/\/avispl.ca\/fr\/a-propos\/","title":{"rendered":"\u00c0 propos"},"content":{"rendered":"\n<section class=\"hero page-block hero--default\">\n            <picture class=\"hero__bg\">\n            <source\n                srcset=\"https:\/\/avispl.ca\/wp-content\/uploads\/sites\/8\/2024\/12\/V6-3.jpg\"\n                media=\"(max-width: 480px)\"\n                alt=\"Decorative image\">\n\n            <img decoding=\"async\"\n                src=\"https:\/\/avispl.ca\/wp-content\/uploads\/sites\/8\/2024\/12\/Hero-3.jpg\"\n                alt=\"Decorative image\"\n                loading=\"lazy\">\n        <\/picture>\n    \n                        <div class=\"hero__content\">\n                <div class=\"container\">\n                                                               <h1 data-splitting=\"words\">\u00c0 propos<br \/>\r\nAVI-SPL<\/h1>\n                    \n                                            <div class=\"hero__content__text\"><p>AVI-SPL est un leader mondial des solutions technologiques<br \/>\nqui stimule la confiance et la curiosit\u00e9.<\/p>\n<\/p>\n                    \n                    \n                    <button class=\"hero__scroll scroll-btn scroll-btn--o scroll-to-main\"\n\t\t\t\t        aria-label=\"Scroll to bottom of the hero section\"\n\t\t\t\t        title=\"Scroll to bottom of the hero section\">\n\t\t\t\t\t    <span class=\"sr-only\">Scroll to bottom of the hero section<\/span>\n\t\t\t\t\t<\/button>\n                <\/div>\n            <\/div>\n            <\/section>\n<div id=\"main-content\"><\/div>\n\n\n\n<section class=\"intro-image-text page-block intro-image-text--ciel intro-image-text--no-grid\" role=\"region\">\n\t<span class=\"intro-image-text__bg\"><span class=\"intro-image-text__bg__inner\"><\/span><\/span>\n\t<div class=\"container\">\n\t\t<div class=\"intro-image-text__image\">\n\t\t    <img loading=\"lazy\" decoding=\"async\" width=\"794\" height=\"497\" src=\"https:\/\/avispl.ca\/wp-content\/uploads\/sites\/8\/2024\/12\/iStock-1560557407-3.jpg\" class=\"attachment-full size-full\" alt=\"\" srcset=\"https:\/\/avispl.ca\/wp-content\/uploads\/sites\/8\/2024\/12\/iStock-1560557407-3.jpg 794w, https:\/\/avispl.ca\/wp-content\/uploads\/sites\/8\/2024\/12\/iStock-1560557407-3-300x188.jpg 300w, https:\/\/avispl.ca\/wp-content\/uploads\/sites\/8\/2024\/12\/iStock-1560557407-3-768x481.jpg 768w, https:\/\/avispl.ca\/wp-content\/uploads\/sites\/8\/2024\/12\/iStock-1560557407-3-125x78.jpg 125w\" sizes=\"auto, (max-width: 794px) 100vw, 794px\" \/>\t\t<\/div>\n\n\t\t<div class=\"intro-image-text__text\">\n                        \t<h3 class=\"h3\">Comment nous aidons les \u00e9quipes \u00e0 travailler plus intelligemment et \u00e0 vivre mieux<\/h3>\n                                    \t<div class=\"body-content\">\n                \t<p><span style=\"font-weight: 400\">AVI-SPL aide les entreprises \u00e0 renforcer leur confiance et leur curiosit\u00e9, \u00e0 int\u00e9grer une strat\u00e9gie technologique mondiale coh\u00e9rente, \u00e0 accro\u00eetre leur efficacit\u00e9 et \u00e0 inspirer la joie. Nous concevons des solutions simples, innovantes et personnalis\u00e9es. Nous fournissons des solutions audiovisuelles, de communications unifi\u00e9es et de technologies exp\u00e9rientielles qui g\u00e9n\u00e8rent des r\u00e9sultats aujourd&rsquo;hui et demain, ainsi qu&rsquo;un service fiable sur lequel vous pouvez compter.  <\/span><\/p>\n                <\/div>\n                        \n        <\/div>\n\t<\/div>\n<\/section>\n\n\n\n<section class=\"image-text-new page-block image-text-new--sm image-text-new--r\" role=\"region\">\n\t<div class=\"container\">\n\t\t<div class=\"image-text-new__image\">\n\t\t\t\t\t\t\t<div class=\"image-text-new__image__wrap\">\n\t\t\t\t    <img loading=\"lazy\" decoding=\"async\" width=\"959\" height=\"684\" src=\"https:\/\/avispl.ca\/wp-content\/uploads\/sites\/8\/2024\/12\/Image-3.jpg\" class=\"attachment-full size-full\" alt=\"\" srcset=\"https:\/\/avispl.ca\/wp-content\/uploads\/sites\/8\/2024\/12\/Image-3.jpg 959w, https:\/\/avispl.ca\/wp-content\/uploads\/sites\/8\/2024\/12\/Image-3-300x214.jpg 300w, https:\/\/avispl.ca\/wp-content\/uploads\/sites\/8\/2024\/12\/Image-3-768x548.jpg 768w, https:\/\/avispl.ca\/wp-content\/uploads\/sites\/8\/2024\/12\/Image-3-125x89.jpg 125w\" sizes=\"auto, (max-width: 959px) 100vw, 959px\" \/>\t\t\t\t<\/div>\n\t\t\t\t\t<\/div>\n\n\t\t<div class=\"image-text-new__text\">\n                        \t<h3 class=\"h3\">R\u00e9alisez votre potentiel<\/h3>\n                                    \t<div class=\"body-content\">\n                \t<ul>\n<li>La transformation du lieu de travail num\u00e9rique s\u2019acc\u00e9l\u00e8re, et la cr\u00e9ation d\u2019une exp\u00e9rience positive pour l\u2019utilisateur est essentielle \u00e0 son succ\u00e8s<\/li>\n<li>D\u00e9ploy\u00e9es de la bonne mani\u00e8re, les technologies de r\u00e9union et de collaboration contribueront \u00e0 transformer votre organisation gr\u00e2ce \u00e0 des interactions innovantes et de pointe<\/li>\n<li>AVI-SPL travaille avec vous tout au long de votre engagement et au-del\u00e0 pour s\u2019assurer que vos objectifs sont atteints maintenant \u2013 et \u00e0 mesure que votre entreprise se d\u00e9veloppe et \u00e9volue<\/li>\n<\/ul>\n                <\/div>\n                                            <\/div>\n\t<\/div>\n<\/section>\n\n\n\n<section class=\"banner-text page-block banner-text--nightshade page-block--padding-no-bottom\" role=\"region\">\n\t\t\t<div class=\"banner-text__img\">\n\t        <picture>\n\t            <source\n\t                srcset=\"https:\/\/avispl.ca\/wp-content\/uploads\/sites\/8\/2025\/01\/Mobile.jpg\"\n\t                media=\"(max-width: 480px)\"\n\t                alt=\"Decorative image\">\n\n\t            <img decoding=\"async\"\n\t                src=\"https:\/\/avispl.ca\/wp-content\/uploads\/sites\/8\/2024\/11\/Solutions-category-1-scaled.jpg\"\n\t                alt=\"Decorative image\"\n\t                loading=\"lazy\">\n\t        <\/picture>\n\t    <\/div>\n        <div class=\"banner-text__text\">\n\t\t<div class=\"container\">\n\t\t\t                <h3 data-splitting=\"words\">Comment d\u00e9bloquer la valeur<\/h3>\n                                                    <div class=\"body-content\"><p>Anim\u00e9s par une curiosit\u00e9 sans limite quant \u00e0 la mani\u00e8re dont la technologie peut favoriser votre croissance, nous saisissons chaque opportunit\u00e9 en commen\u00e7ant par poser la question suivante : \u00ab Comment ? \u00bb<\/p>\n<ul>\n<li>Comment pouvons-nous cr\u00e9er des strat\u00e9gies personnalis\u00e9es pour am\u00e9liorer votre fa\u00e7on de collaborer, d&rsquo;apprendre, de vivre et d&rsquo;inspirer ?<\/li>\n<li>Comment concevoir des processus qui inspirent confiance d\u00e8s le premier jour ?<\/li>\n<li>Comment pouvons-nous cr\u00e9er des exp\u00e9riences fluides et engageantes dans toute votre organisation ?<\/li>\n<\/ul>\n<p>Forts de plusieurs d\u00e9cennies d&rsquo;exp\u00e9rience et r\u00e9solument tourn\u00e9s vers un avenir durable, nous nous engageons \u00e0 r\u00e9pondre \u00e0 vos questions. C&rsquo;est ainsi que nous fournissons des solutions de communications unifi\u00e9es, audiovisuelles et technologiques exp\u00e9rientielles qui acc\u00e9l\u00e9reront votre croissance. <\/p>\n<\/div>\n                        <a class=\"ui-link ui-link--daffodil\"href=\"https:\/\/avispl.ca\/fr\/contact-us\/\"><span>Contactez nous<\/span><\/a>            \t\t<\/div>\n\t<\/div>\n<\/section>\n\n\n\n<section class=\"content-list page-block content-list--sarcelle\" role=\"region\">\n\t<div class=\"container\">\n\t\t<div class=\"content-list__content\">\n\t\t\t<h2 data-splitting=\"words\" class=\"h3\">Pourquoi croire en la collaboration ?<\/h2>\t\t\t\t\t\t\t\t\t\t\t<\/div>\n\n\t\t\n\t\t\t\t\t<div class=\"content-list__list\">\n\t\t\t\t\t            <ul>\n\t                \t                   <li>\n\t                   \t\t\t                   \t\t<h6>Une technologie qui fonctionne pour vous<\/h6>\t                   \t\t<div class=\"body-content\"><p><span style=\"font-weight: 400\">Nous nous engageons \u00e0 vous garantir que votre technologie fonctionnera comme pr\u00e9vu, quand vous le souhaitez.<\/span><\/p>\n<\/div>\t                   \t\t\t                   <\/li>\n\t                \t                   <li>\n\t                   \t\t\t                   \t\t<h6>Votre avenir en point de mire<\/h6>\t                   \t\t<div class=\"body-content\"><p><span style=\"font-weight: 400\">Notre \u00e9quipe vous donne les moyens d&rsquo;innover sans crainte et de fa\u00e7onner un avenir plus audacieux et plus ambitieux.<\/span><\/p>\n<\/div>\t                   \t\t\t                   <\/li>\n\t                \t                   <li>\n\t                   \t\t\t                   \t\t<h6>Votre parcours, votre partenaire<\/h6>\t                   \t\t<div class=\"body-content\"><p><span style=\"font-weight: 400\">AVI-SPL est une \u00e9quipe de personnes au service des autres. Notre exp\u00e9rience dans le secteur vous aidera \u00e0 aller de l&rsquo;avant. <\/span><\/p>\n<\/div>\t                   \t\t\t                   <\/li>\n\t                \t            <\/ul>\n\n\t\t\t\t\t\t\t<\/div>\n        \t<\/div>\n<\/section>\n\n\n\n<section class=\"stats-grid page-block\" role=\"region\">\n\t<div class=\"container\">\n\t\t<h3 class=\"h5\">Gestion mondiale et assistance locale<\/h3>\n\t\t            <div class=\"stats-grid__grid\">\n                                  \t<div class=\"stat\">\n                  \t\t<p class=\"h1\">\n                            <span aria-hidden=\"true\">120,000+<\/span>\n                            <span aria-hidden=\"false\"><span class=\"int\">120000<\/span>+<\/span>\n                        <\/p>\n\n                  \t\t<p class=\"text\">Projets dans plus de 100 pays<\/p>                  \t<\/div>\n                                  \t<div class=\"stat\">\n                  \t\t<p class=\"h1\">\n                            <span aria-hidden=\"true\">4,400<\/span>\n                            <span aria-hidden=\"false\"><span class=\"int\">4400<\/span><\/span>\n                        <\/p>\n\n                  \t\t<p class=\"text\">employ\u00e9s dans le monde entier<\/p>                  \t<\/div>\n                                  \t<div class=\"stat\">\n                  \t\t<p class=\"h1\">\n                            <span aria-hidden=\"true\">350<\/span>\n                            <span aria-hidden=\"false\"><span class=\"int\">350<\/span><\/span>\n                        <\/p>\n\n                  \t\t<p class=\"text\">contrats de services g\u00e9r\u00e9s \u00e0 l&rsquo;\u00e9chelle mondiale<\/p>                  \t<\/div>\n                                  \t<div class=\"stat\">\n                  \t\t<p class=\"h1\">\n                            <span aria-hidden=\"true\">70+<\/span>\n                            <span aria-hidden=\"false\"><span class=\"int\">70<\/span>+<\/span>\n                        <\/p>\n\n                  \t\t<p class=\"text\">bureaux aux \u00c9tats-Unis, au Canada, en Am\u00e9rique latine, dans la r\u00e9gion EMEA, en Afrique du Sud et en Asie-Pacifique.<\/p>                  \t<\/div>\n                                  \t<div class=\"stat\">\n                  \t\t<p class=\"h1\">\n                            <span aria-hidden=\"true\">20%<\/span>\n                            <span aria-hidden=\"false\"><span class=\"int\">20<\/span>%<\/span>\n                        <\/p>\n\n                  \t\t<p class=\"text\">Gain de productivit\u00e9 sur 3 ans*<\/p>                  \t<\/div>\n                \n                            <\/div>\n        \n        \t<\/div>\n<\/section>\n\n\n\n<section class=\"trust-radius-cta page-block\" role=\"region\">\n\t<a href=\"https:\/\/www.trustradius.com\/products\/avi-spl\/reviews\/\" target=\"_blank\" rel=\"noopener\">\n\t\t<div class=\"container\">\n\t\t\t<h5>Avis des clients<\/h5>\n\n\t\t\t<div class=\"trust-radius-cta__wrap\">\n\t\t\t\t<p class=\"h2\">Merci<\/p>\n\t\t\t\t<img loading=\"lazy\" decoding=\"async\" width=\"534\" height=\"900\" src=\"https:\/\/avispl.ca\/wp-content\/uploads\/sites\/8\/2025\/02\/top-rated-2024-gradient-trustpilot-4.png\" class=\"attachment-full size-full\" alt=\"Trust Radius Badge\" srcset=\"https:\/\/avispl.ca\/wp-content\/uploads\/sites\/8\/2025\/02\/top-rated-2024-gradient-trustpilot-4.png 534w, https:\/\/avispl.ca\/wp-content\/uploads\/sites\/8\/2025\/02\/top-rated-2024-gradient-trustpilot-4-178x300.png 178w, https:\/\/avispl.ca\/wp-content\/uploads\/sites\/8\/2025\/02\/top-rated-2024-gradient-trustpilot-4-74x125.png 74w\" sizes=\"auto, (max-width: 534px) 100vw, 534px\" \/>\n\t            <div class=\"trust-radius-cta__wrap__logo\">\n\t            \t<p>Nous sommes les mieux not\u00e9s sur<\/p>\n\t            \t<img decoding=\"async\" src=\"https:\/\/avispl.ca\/wp-content\/themes\/avi-spl\/library\/images\/misc\/tr-logo.svg\" alt=\"Trust Radius Logo\">\n\t            <\/div>\n\t        <\/div>\n\t\t<\/div>\n\t<\/a>\n<\/section>\n\n\n\n<section class=\"testimonial-carousel page-block\" role=\"region\">\n\t<div class=\"container\">\n                    <div class=\"testimonial-carousel__slider swiper\">\n            \t<div class=\"swiper-wrapper\">\n\t                \t                    <div class=\"swiper-slide quote-slide\">\n\n\t                       <p class=\"quote-slide__quote\">Nous faisons appel \u00e0 AVI-SPL pour les mises \u00e0 jour et les mises \u00e0 niveau technologiques dans les salles de classe et les auditoriums d&rsquo;un campus universitaire m\u00e9dical. Nous avons fait appel \u00e0 plusieurs partenaires pour atteindre nos objectifs, mais AVI-SPL r\u00e9pond \u00e0 nos attentes en mati\u00e8re de technologie de pointe et de convivialit\u00e9 pour l&rsquo;utilisateur final. <\/p>\n\t                       <div class=\"quote-slide__footer\">\n\t                       \t\t<p class=\"quote-slide__footer__name\">Paul Bench<\/p>\t                       \t\t<p class=\"quote-slide__footer__bio\">Sr. Audio Visual Engineer, MUSC,<br \/>\r\nGestion de l&rsquo;\u00e9ducation, plus de 10 000 employ\u00e9s <\/p>\t                       <\/div>\n\n\t                    <\/div>\n\t                \t                    <div class=\"swiper-slide quote-slide\">\n\n\t                       <p class=\"quote-slide__quote\">Nous faisons appel \u00e0 AVI-SPL pour les mises \u00e0 jour et les mises \u00e0 niveau technologiques dans les salles de classe et les auditoriums d&rsquo;un campus universitaire m\u00e9dical. Nous avons fait appel \u00e0 plusieurs partenaires pour atteindre nos objectifs, mais AVI-SPL r\u00e9pond \u00e0 nos attentes en mati\u00e8re de technologie de pointe et de convivialit\u00e9 pour l&rsquo;utilisateur final. <\/p>\n\t                       <div class=\"quote-slide__footer\">\n\t                       \t\t<p class=\"quote-slide__footer__name\">Paul Bench<\/p>\t                       \t\t<p class=\"quote-slide__footer__bio\">Sr. Audio Visual Engineer, MUSC,<br \/>\r\nGestion de l&rsquo;\u00e9ducation, plus de 10 000 employ\u00e9s <\/p>\t                       <\/div>\n\n\t                    <\/div>\n\t                \t            <\/div>\n            <\/div>\n\n\n            <div class=\"base-slider__footer\">\n                <div class=\"swiper-buttons swiper-buttons--w\">\n                    <button class=\"swiper-button-prev\" aria-label=\"Previous Slide\"><\/button>\n                    <button class=\"swiper-button-next\" aria-label=\"Next Slide\"><\/button>\n                <\/div>\n\n                <div class=\"swiper-pagination swiper-pagination--w\"><\/div>\n            <\/div>\n        \t<\/div>\n<\/section>\n\n\n\n<section class=\"content-list page-block content-list--white-sm\" role=\"region\">\n\t<div class=\"container\">\n\t\t<div class=\"content-list__content\">\n\t\t\t<h2 data-splitting=\"words\" class=\"h3\">Reconnaissance r\u00e9cente<\/h2>\t\t\t\t\t\t\t\t\t\t\t<\/div>\n\n\t\t\n\t\t\t\t\t<div class=\"content-list__list\">\n\t\t\t\t\t            <ul>\n\t                \t                   <li>\n\t                   \t\t\t                   \t\t\t                   \t\t<div class=\"body-content\"><p>AVI-SPL remporte les prix de la Strategic Account Management Association (SAMA) pour la sixi\u00e8me ann\u00e9e cons\u00e9cutive.<\/p>\n<\/div>\t                   \t\t\t                   <\/li>\n\t                \t                   <li>\n\t                   \t\t\t                   \t\t\t                   \t\t<div class=\"body-content\"><p>Frost &amp; Sullivan d\u00e9cerne \u00e0 AVI-SPL XTG le prix \u00ab Global Enabling Technology Leadership Award \u00bb 2023<\/p>\n<\/div>\t                   \t\t\t                   <\/li>\n\t                \t                   <li>\n\t                   \t\t\t                   \t\t\t                   \t\t<div class=\"body-content\"><p>Le programme Global Strategic Accounts d&rsquo;AVI-SPL remporte le prix SAMA 2023 dans la cat\u00e9gorie \u00ab C-Suite Support and Engagement \u00bb pour le programme SAMA et ses clients strat\u00e9giques.<\/p>\n<\/div>\t                   \t\t\t                   <\/li>\n\t                \t                   <li>\n\t                   \t\t\t                   \t\t\t                   \t\t<div class=\"body-content\"><p>AVI-SPL remporte le premier prix \u00ab Systemic Enablement of the SAMA Program \u00bb d\u00e9cern\u00e9 par la Strategic Account Management Association (SAMA) pour l&rsquo;ann\u00e9e 2022.<\/p>\n<\/div>\t                   \t\t\t                   <\/li>\n\t                \t            <\/ul>\n\n\t\t\t\t\t\t\t<\/div>\n        \t<\/div>\n<\/section>\n","protected":false},"excerpt":{"rendered":"","protected":false},"author":1,"featured_media":0,"parent":0,"menu_order":155,"comment_status":"closed","ping_status":"closed","template":"","meta":{"_acf_changed":false,"footnotes":""},"class_list":["post-17249","page","type-page","status-publish","hentry"],"acf":[],"yoast_head":"<!-- This site is optimized with the Yoast SEO Premium plugin v27.3 (Yoast SEO v27.3) - https:\/\/yoast.com\/product\/yoast-seo-premium-wordpress\/ -->\n<title>\u00c0 propos d&#039;AVI-SPL, notre histoire, notre mission, notre vision et les r\u00e9sultats obtenus pour nos clients<\/title>\n<meta name=\"description\" content=\"D\u00e9couvrez l&#039;histoire, la vision, la mission et les r\u00e9sultats clients d&#039;AVI-SPL.\" \/>\n<meta name=\"robots\" content=\"index, follow, max-snippet:-1, max-image-preview:large, max-video-preview:-1\" \/>\n<link rel=\"canonical\" href=\"https:\/\/avispl.ca\/fr\/a-propos\/\" \/>\n<meta property=\"og:locale\" content=\"fr_FR\" \/>\n<meta property=\"og:type\" content=\"article\" \/>\n<meta property=\"og:title\" content=\"\u00c0 propos\" \/>\n<meta property=\"og:description\" content=\"D\u00e9couvrez l&#039;histoire, la vision, la mission et les r\u00e9sultats clients d&#039;AVI-SPL.\" \/>\n<meta property=\"og:url\" content=\"https:\/\/avispl.ca\/fr\/a-propos\/\" \/>\n<meta property=\"og:site_name\" content=\"AVI-SPL Canada\" \/>\n<meta property=\"article:modified_time\" content=\"2025-11-13T20:27:57+00:00\" \/>\n<meta name=\"twitter:card\" content=\"summary_large_image\" \/>\n<meta name=\"twitter:label1\" content=\"Est. reading time\" \/>\n\t<meta name=\"twitter:data1\" content=\"5 minutes\" \/>\n<script type=\"application\/ld+json\" class=\"yoast-schema-graph\">{\"@context\":\"https:\\\/\\\/schema.org\",\"@graph\":[{\"@type\":\"WebPage\",\"@id\":\"https:\\\/\\\/avispl.ca\\\/fr\\\/a-propos\\\/\",\"url\":\"https:\\\/\\\/avispl.ca\\\/fr\\\/a-propos\\\/\",\"name\":\"\u00c0 propos d'AVI-SPL, notre histoire, notre mission, notre vision et les r\u00e9sultats obtenus pour nos clients\",\"isPartOf\":{\"@id\":\"https:\\\/\\\/avispl.ca\\\/fr\\\/#website\"},\"datePublished\":\"2024-12-31T01:06:01+00:00\",\"dateModified\":\"2025-11-13T20:27:57+00:00\",\"description\":\"D\u00e9couvrez l'histoire, la vision, la mission et les r\u00e9sultats clients d'AVI-SPL.\",\"breadcrumb\":{\"@id\":\"https:\\\/\\\/avispl.ca\\\/fr\\\/a-propos\\\/#breadcrumb\"},\"inLanguage\":\"fr-FR\",\"potentialAction\":[{\"@type\":\"ReadAction\",\"target\":[\"https:\\\/\\\/avispl.ca\\\/fr\\\/a-propos\\\/\"]}]},{\"@type\":\"BreadcrumbList\",\"@id\":\"https:\\\/\\\/avispl.ca\\\/fr\\\/a-propos\\\/#breadcrumb\",\"itemListElement\":[{\"@type\":\"ListItem\",\"position\":1,\"name\":\"Home\",\"item\":\"https:\\\/\\\/avispl.ca\\\/fr\\\/\"},{\"@type\":\"ListItem\",\"position\":2,\"name\":\"\u00c0 propos\"}]},{\"@type\":\"WebSite\",\"@id\":\"https:\\\/\\\/avispl.ca\\\/fr\\\/#website\",\"url\":\"https:\\\/\\\/avispl.ca\\\/fr\\\/\",\"name\":\"AVI-SPL Canada\",\"description\":\"AV\\\/UC collaboration, education and experience technology\",\"publisher\":{\"@id\":\"https:\\\/\\\/avispl.ca\\\/fr\\\/#organization\"},\"potentialAction\":[{\"@type\":\"SearchAction\",\"target\":{\"@type\":\"EntryPoint\",\"urlTemplate\":\"https:\\\/\\\/avispl.ca\\\/fr\\\/?s={search_term_string}\"},\"query-input\":{\"@type\":\"PropertyValueSpecification\",\"valueRequired\":true,\"valueName\":\"search_term_string\"}}],\"inLanguage\":\"fr-FR\"},{\"@type\":\"Organization\",\"@id\":\"https:\\\/\\\/avispl.ca\\\/fr\\\/#organization\",\"name\":\"AVI-SPL Canada\",\"url\":\"https:\\\/\\\/avispl.ca\\\/fr\\\/\",\"logo\":{\"@type\":\"ImageObject\",\"inLanguage\":\"fr-FR\",\"@id\":\"https:\\\/\\\/avispl.ca\\\/fr\\\/#\\\/schema\\\/logo\\\/image\\\/\",\"url\":\"https:\\\/\\\/avispl.ca\\\/wp-content\\\/uploads\\\/sites\\\/8\\\/2024\\\/11\\\/logo.svg\",\"contentUrl\":\"https:\\\/\\\/avispl.ca\\\/wp-content\\\/uploads\\\/sites\\\/8\\\/2024\\\/11\\\/logo.svg\",\"caption\":\"AVI-SPL Canada\"},\"image\":{\"@id\":\"https:\\\/\\\/avispl.ca\\\/fr\\\/#\\\/schema\\\/logo\\\/image\\\/\"}}]}<\/script>\n<!-- \/ Yoast SEO Premium plugin. -->","yoast_head_json":{"title":"\u00c0 propos d'AVI-SPL, notre histoire, notre mission, notre vision et les r\u00e9sultats obtenus pour nos clients","description":"D\u00e9couvrez l'histoire, la vision, la mission et les r\u00e9sultats clients d'AVI-SPL.","robots":{"index":"index","follow":"follow","max-snippet":"max-snippet:-1","max-image-preview":"max-image-preview:large","max-video-preview":"max-video-preview:-1"},"canonical":"https:\/\/avispl.ca\/fr\/a-propos\/","og_locale":"fr_FR","og_type":"article","og_title":"\u00c0 propos","og_description":"D\u00e9couvrez l'histoire, la vision, la mission et les r\u00e9sultats clients d'AVI-SPL.","og_url":"https:\/\/avispl.ca\/fr\/a-propos\/","og_site_name":"AVI-SPL Canada","article_modified_time":"2025-11-13T20:27:57+00:00","twitter_card":"summary_large_image","twitter_misc":{"Est. reading time":"5 minutes"},"schema":{"@context":"https:\/\/schema.org","@graph":[{"@type":"WebPage","@id":"https:\/\/avispl.ca\/fr\/a-propos\/","url":"https:\/\/avispl.ca\/fr\/a-propos\/","name":"\u00c0 propos d'AVI-SPL, notre histoire, notre mission, notre vision et les r\u00e9sultats obtenus pour nos clients","isPartOf":{"@id":"https:\/\/avispl.ca\/fr\/#website"},"datePublished":"2024-12-31T01:06:01+00:00","dateModified":"2025-11-13T20:27:57+00:00","description":"D\u00e9couvrez l'histoire, la vision, la mission et les r\u00e9sultats clients d'AVI-SPL.","breadcrumb":{"@id":"https:\/\/avispl.ca\/fr\/a-propos\/#breadcrumb"},"inLanguage":"fr-FR","potentialAction":[{"@type":"ReadAction","target":["https:\/\/avispl.ca\/fr\/a-propos\/"]}]},{"@type":"BreadcrumbList","@id":"https:\/\/avispl.ca\/fr\/a-propos\/#breadcrumb","itemListElement":[{"@type":"ListItem","position":1,"name":"Home","item":"https:\/\/avispl.ca\/fr\/"},{"@type":"ListItem","position":2,"name":"\u00c0 propos"}]},{"@type":"WebSite","@id":"https:\/\/avispl.ca\/fr\/#website","url":"https:\/\/avispl.ca\/fr\/","name":"AVI-SPL Canada","description":"AV\/UC collaboration, education and experience technology","publisher":{"@id":"https:\/\/avispl.ca\/fr\/#organization"},"potentialAction":[{"@type":"SearchAction","target":{"@type":"EntryPoint","urlTemplate":"https:\/\/avispl.ca\/fr\/?s={search_term_string}"},"query-input":{"@type":"PropertyValueSpecification","valueRequired":true,"valueName":"search_term_string"}}],"inLanguage":"fr-FR"},{"@type":"Organization","@id":"https:\/\/avispl.ca\/fr\/#organization","name":"AVI-SPL Canada","url":"https:\/\/avispl.ca\/fr\/","logo":{"@type":"ImageObject","inLanguage":"fr-FR","@id":"https:\/\/avispl.ca\/fr\/#\/schema\/logo\/image\/","url":"https:\/\/avispl.ca\/wp-content\/uploads\/sites\/8\/2024\/11\/logo.svg","contentUrl":"https:\/\/avispl.ca\/wp-content\/uploads\/sites\/8\/2024\/11\/logo.svg","caption":"AVI-SPL Canada"},"image":{"@id":"https:\/\/avispl.ca\/fr\/#\/schema\/logo\/image\/"}}]}},"_links":{"self":[{"href":"https:\/\/avispl.ca\/fr\/wp-json\/wp\/v2\/pages\/17249","targetHints":{"allow":["GET"]}}],"collection":[{"href":"https:\/\/avispl.ca\/fr\/wp-json\/wp\/v2\/pages"}],"about":[{"href":"https:\/\/avispl.ca\/fr\/wp-json\/wp\/v2\/types\/page"}],"author":[{"embeddable":true,"href":"https:\/\/avispl.ca\/fr\/wp-json\/wp\/v2\/users\/1"}],"replies":[{"embeddable":true,"href":"https:\/\/avispl.ca\/fr\/wp-json\/wp\/v2\/comments?post=17249"}],"version-history":[{"count":0,"href":"https:\/\/avispl.ca\/fr\/wp-json\/wp\/v2\/pages\/17249\/revisions"}],"wp:attachment":[{"href":"https:\/\/avispl.ca\/fr\/wp-json\/wp\/v2\/media?parent=17249"}],"curies":[{"name":"wp","href":"https:\/\/api.w.org\/{rel}","templated":true}]}}