{"id":17205,"date":"2025-05-06T11:24:11","date_gmt":"2025-05-06T15:24:11","guid":{"rendered":"https:\/\/avispl.com\/ca\/conditions-dutilisation-du-site-web\/"},"modified":"2025-08-13T13:05:26","modified_gmt":"2025-08-13T17:05:26","slug":"conditions-dutilisation-du-site-web","status":"publish","type":"page","link":"https:\/\/avispl.ca\/fr\/conditions-dutilisation-du-site-web\/","title":{"rendered":"Conditions d&rsquo;utilisation du site web"},"content":{"rendered":"\n<section class=\"hero page-block hero--x-small\">\n    \n                        <div class=\"hero__content\">\n                <div class=\"container\">\n                                                               <h1 data-splitting=\"words\">Conditions d&rsquo;utilisation d&rsquo;AVI-SPL<\/h1>\n                    \n                    \n                    \n                    <button class=\"hero__scroll scroll-btn scroll-btn--o scroll-to-main\"\n\t\t\t\t        aria-label=\"Scroll to bottom of the hero section\"\n\t\t\t\t        title=\"Scroll to bottom of the hero section\">\n\t\t\t\t\t    <span class=\"sr-only\">Scroll to bottom of the hero section<\/span>\n\t\t\t\t\t<\/button>\n                <\/div>\n            <\/div>\n            <\/section>\n<div id=\"main-content\"><\/div>\n\n<section class=\"content page-block\" role=\"region\">\n\t<div class=\"container\">\n\t\t<div class=\"body-content\">\n\t\t\t<p>Derni\u00e8re mise \u00e0 jour : 5 octobre 2022<\/p>\n<p>Ce site est prot\u00e9g\u00e9 par le droit d&rsquo;auteur \u00a9 1997-2025 AVI-SPL et\/ou ses filiales. Tous les droits sont r\u00e9serv\u00e9s. <\/p>\n<h2>Bienvenue \u00e0 AVI-SPL Global LLC<\/h2>\n<p>Les pr\u00e9sentes conditions d&rsquo;utilisation du site Web AVI-SPL (\u00ab\u00a0Conditions\u00a0\u00bb) r\u00e9gissent toutes les pages Web du site avispl.com (\u00ab\u00a0Site\u00a0\u00bb). En acc\u00e9dant au site, en le visitant ou en l&rsquo;utilisant d&rsquo;une autre mani\u00e8re, vous acceptez d&rsquo;\u00eatre li\u00e9 par les conditions. <\/p>\n<h3>Votre utilisation de notre site<\/h3>\n<p>Lorsque vous utilisez notre site, vous devez respecter toutes les lois applicables, y compris les lois f\u00e9d\u00e9rales, nationales et locales, les lois de votre juridiction et les lois relatives \u00e0 la transmission de donn\u00e9es techniques.<\/p>\n<p>Vous vous engagez \u00e9galement \u00e0 ne pas :<\/p>\n<ul>\n<li>Afficher, envoyer, recevoir ou stocker des contenus obsc\u00e8nes ou inappropri\u00e9s.<\/li>\n<li>menacer, harceler, traquer, diffamer ou frauder toute personne ou entit\u00e9.<\/li>\n<li>violer les droits d&rsquo;auteur, les marques commerciales ou d&rsquo;autres lois sur la propri\u00e9t\u00e9 intellectuelle.<\/li>\n<li>faire de la publicit\u00e9, promouvoir, approuver ou commercialiser, directement ou indirectement, des produits, services, solutions ou autres technologies commerciales de tiers.<\/li>\n<li>Tenter de collecter, de stocker ou de publier des informations personnellement identifiables (a) \u00e0 l&rsquo;insu et sans le consentement du propri\u00e9taire ou (b) d&rsquo;un mineur de moins de treize (13) ans, quelles que soient les circonstances.  <\/li>\n<li>Distribuer des courriels de masse non d\u00e9sir\u00e9s, non sollicit\u00e9s ou harcelants ou d&rsquo;autres messages, promotions, publicit\u00e9s ou sollicitations (\u00ab\u00a0spam\u00a0\u00bb).<\/li>\n<li>Envoyer des informations d&rsquo;identification de la source trompeuses ou fausses, y compris le \u00ab\u00a0spoofing\u00a0\u00bb ou le \u00ab\u00a0phishing\u00a0\u00bb.<\/li>\n<li>Acc\u00e9der ou utiliser une application, un syst\u00e8me, un service, un outil, des donn\u00e9es, un compte, un r\u00e9seau ou un contenu sans autorisation ou \u00e0 des fins non pr\u00e9vues.<\/li>\n<li>D\u00e9sactiver, perturber, contourner, interf\u00e9rer ou violer de toute autre mani\u00e8re la s\u00e9curit\u00e9 du site.<\/li>\n<li>Attaquer, abuser, interf\u00e9rer, intercepter, perturber ou exploiter des utilisateurs, des syst\u00e8mes ou des services, y compris, mais sans s&rsquo;y limiter, le d\u00e9ni de service (DoS), la surveillance, l&rsquo;exploration, le spamming, l&rsquo;utilisation de bots ou de scripts, ou la distribution de logiciels malveillants.<\/li>\n<li>Participer \u00e0 des activit\u00e9s ill\u00e9gales ou criminelles telles que la pornographie enfantine, les jeux d&rsquo;argent ou le piratage, ou en faire la promotion.<\/li>\n<li>Autoriser, permettre, permettre, inciter ou encourager un tiers \u00e0 faire l&rsquo;une des choses susmentionn\u00e9es.<\/li>\n<\/ul>\n<p>Si vous ne respectez pas ces conditions, votre acc\u00e8s au site peut \u00eatre r\u00e9sili\u00e9 imm\u00e9diatement et sans pr\u00e9avis.<\/p>\n<h3>Comptes d&rsquo;utilisateurs et profils<\/h3>\n<p>Pour acc\u00e9der \u00e0 certains services ou fonctionnalit\u00e9s de notre site, il peut vous \u00eatre demand\u00e9 de cr\u00e9er un compte ou un profil. Nous pouvons \u00e9galement vous offrir un acc\u00e8s payant \u00e0 certains services et fonctionnalit\u00e9s du Site. Dans ces situations, ou lors de l&rsquo;utilisation d&rsquo;autres produits et services AVI-SPL dans le cadre du Site, des conditions ou exigences AVI-SPL suppl\u00e9mentaires peuvent s&rsquo;appliquer et ces conditions suppl\u00e9mentaires font partie de votre accord avec nous. En cas de conflit entre ces conditions suppl\u00e9mentaires et les pr\u00e9sentes Conditions, les conditions suppl\u00e9mentaires pr\u00e9valent.   <\/p>\n<p>Si une partie du site vous demande d&rsquo;ouvrir un compte ou de cr\u00e9er un profil d&rsquo;utilisateur, les informations que vous fournissez doivent \u00eatre v\u00e9ridiques et exactes. Les comptes d&rsquo;utilisateur, les profils, les noms d&rsquo;utilisateur et les mots de passe sont associ\u00e9s \u00e0 une seule personne et vous acceptez de ne jamais permettre l&rsquo;acc\u00e8s \u00e0 une autre personne ou entit\u00e9 \u00e0 tout moment et de ne jamais acc\u00e9der au compte, au profil, au nom d&rsquo;utilisateur ou au mot de passe d&rsquo;une autre personne ou entit\u00e9 \u00e0 tout moment. Vous devez informer AVI-SPL imm\u00e9diatement de toute utilisation non autoris\u00e9e de votre compte ou de toute autre violation de la s\u00e9curit\u00e9 dont vous avez connaissance.  <\/p>\n<p>Nous pouvons, \u00e0 notre seule discr\u00e9tion, rejeter ou supprimer tout ce que vous publiez, restreindre, suspendre ou r\u00e9silier votre acc\u00e8s \u00e0 tout ou partie du site, ou cesser de fournir et de maintenir le site, \u00e0 tout moment, pour quelque raison que ce soit ou sans raison, avec ou sans pr\u00e9avis, et sans responsabilit\u00e9. Dans ce cas, nous pouvons conserver ou supprimer toute information ou tout contenu que vous avez fourni. <\/p>\n<h3>Contenu de notre site<\/h3>\n<p>Notre Site contient un contenu d\u00e9tenu, exploit\u00e9, conc\u00e9d\u00e9 sous licence et\/ou contr\u00f4l\u00e9 par AVI-SPL qui est prot\u00e9g\u00e9 par des droits d&rsquo;auteur, des marques commerciales, des secrets commerciaux ou d&rsquo;autres droits de propri\u00e9t\u00e9 (\u00a0\u00bb Contenu du Site \u00ab\u00a0). AVI-SPL ou ses conc\u00e9dants de licence conservent tous les droits sur ce Contenu du Site. AVI-SPL vous accorde un droit limit\u00e9, r\u00e9vocable et ne pouvant faire l&rsquo;objet d&rsquo;une sous-licence de visualiser le Contenu du Site uniquement pour votre utilisation interne du Site.  <\/p>\n<p>Les marques, logos et marques de service (\u00ab\u00a0Marques\u00a0\u00bb) affich\u00e9s sur notre Site sont la propri\u00e9t\u00e9 d&rsquo;AVI-SPL ou d&rsquo;autres tiers. AVI-SPL est une marque d\u00e9pos\u00e9e d&rsquo;AVI-SPL et\/ou de ses filiales. Les marques AVI-SPL peuvent \u00eatre utilis\u00e9es dans des circonstances limit\u00e9es en stricte conformit\u00e9 avec nos directives d&rsquo;utilisation des marques et des logos. Autrement, vous n&rsquo;\u00eates pas autoris\u00e9 \u00e0 utiliser ces marques sans le consentement \u00e9crit pr\u00e9alable d&rsquo;AVI-SPL ou du tiers propri\u00e9taire de la marque.   <\/p>\n<p>Bien que nous nous efforcions de veiller \u00e0 ce que les informations contenues dans ce site soient correctes, nous ne garantissons pas leur exhaustivit\u00e9 ou leur exactitude, et nous ne nous engageons pas \u00e0 garantir que le site reste disponible ou que les informations qu&rsquo;il contient soient tenues \u00e0 jour.<\/p>\n<p>Sauf indication contraire, rien dans les pr\u00e9sentes Conditions ne conf\u00e8re, par implication, pr\u00e9clusion ou autre, une licence ou un droit en vertu d&rsquo;un secret commercial, d&rsquo;un brevet, d&rsquo;une marque, d&rsquo;un droit d&rsquo;auteur ou d&rsquo;un autre droit de propri\u00e9t\u00e9 intellectuelle d&rsquo;AVI-SPL ou d&rsquo;une tierce partie. Tous les droits qui ne font pas l&rsquo;objet d&rsquo;une licence expresse sont r\u00e9serv\u00e9s. <\/p>\n<h3>Commentaires des utilisateurs<\/h3>\n<p>Certaines parties de ce Site offrent aux utilisateurs la possibilit\u00e9 de publier et d&rsquo;\u00e9changer des opinions, des informations, du mat\u00e9riel, des photographies et des donn\u00e9es (\u00a0\u00bb Commentaires \u00ab\u00a0) dans des zones du Site. AVI-SPL ne filtre pas, n&rsquo;\u00e9dite pas, ne publie pas ou ne r\u00e9vise pas les commentaires avant leur apparition sur le Site et les commentaires ne refl\u00e8tent pas les points de vue ou les opinions d&rsquo;AVI-SPL, de ses agents ou de ses affili\u00e9s. Les commentaires refl\u00e8tent le point de vue et l&rsquo;opinion de la personne qui les publie. Dans la mesure permise par la loi applicable, AVI-SPL ne sera pas responsable des Commentaires ou de toute perte, co\u00fbt, responsabilit\u00e9, dommage ou d\u00e9pense caus\u00e9s ou subis suite \u00e0 l&rsquo;utilisation et\/ou la publication et\/ou l&rsquo;apparition des Commentaires sur ce site web.   <\/p>\n<p>AVI-SPL se r\u00e9serve le droit de contr\u00f4ler tous les commentaires et de supprimer tout commentaire qu&rsquo;elle consid\u00e8re, \u00e0 son enti\u00e8re discr\u00e9tion, comme inappropri\u00e9, offensant ou contraire aux pr\u00e9sentes conditions.<\/p>\n<p>En publiant des commentaires, vous garantissez et d\u00e9clarez que :<\/p>\n<ul>\n<li>Vous avez le droit de publier les commentaires sur notre site et disposez de toutes les licences et autorisations n\u00e9cessaires pour ce faire ;<\/li>\n<li>Les commentaires n&rsquo;enfreignent aucun droit de propri\u00e9t\u00e9 intellectuelle, y compris, mais sans s&rsquo;y limiter, les droits d&rsquo;auteur, les brevets ou les marques ;<\/li>\n<li>Les commentaires ne contiennent pas d&rsquo;\u00e9l\u00e9ments diffamatoires, injurieux, offensants, ind\u00e9cents ou autrement ill\u00e9gaux ;<\/li>\n<li>Les commentaires ne seront pas utilis\u00e9s pour solliciter ou promouvoir des affaires ou des clients, ni pour pr\u00e9senter des activit\u00e9s commerciales ou des activit\u00e9s ill\u00e9gales.<\/li>\n<\/ul>\n<p>Tout commentaire ou autre retour d&rsquo;information que vous fournissez sur ce site sera consid\u00e9r\u00e9 comme non confidentiel. Par la pr\u00e9sente, vous accordez \u00e0 AVI-SPL et \u00e0 ses affili\u00e9s une licence non exclusive et libre de redevance pour utiliser, reproduire, \u00e9diter et autoriser d&rsquo;autres personnes \u00e0 utiliser, reproduire et \u00e9diter vos commentaires sous toutes les formes, tous les formats et tous les m\u00e9dias. <\/p>\n<h3>Hyperliens vers notre contenu<\/h3>\n<p>Sous r\u00e9serve des dispositions des pr\u00e9sentes conditions, les organisations suivantes peuvent \u00e9tablir un lien avec notre site sans autorisation \u00e9crite pr\u00e9alable :<\/p>\n<ul>\n<li>Agences gouvernementales ;<\/li>\n<li>Moteurs de recherche ;<\/li>\n<li>Organisations de presse ;<\/li>\n<li>Les distributeurs d&rsquo;annuaires en ligne, lorsqu&rsquo;ils nous inscrivent dans l&rsquo;annuaire, peuvent \u00e9tablir un lien vers notre site de la m\u00eame mani\u00e8re qu&rsquo;ils \u00e9tablissent un lien hypertexte avec d&rsquo;autres entreprises inscrites ;<\/li>\n<li>Les entreprises accr\u00e9dit\u00e9es \u00e0 l&rsquo;\u00e9chelle du syst\u00e8me, \u00e0 l&rsquo;exception de certaines organisations \u00e0 but non lucratif qui font de la sollicitation.<\/li>\n<\/ul>\n<p>Nous pouvons examiner et approuver, \u00e0 notre seule discr\u00e9tion, d&rsquo;autres demandes de liens \u00e9manant des types d&rsquo;organisations suivants :<\/p>\n<ul>\n<li>Sources d&rsquo;information pour les consommateurs ou les entreprises, telles que les chambres de commerce, l&rsquo;AARP, etc.<\/li>\n<li>Sites communautaires dot.com ;<\/li>\n<li>Organisations caritatives et sites de dons ;<\/li>\n<li>Annuaires en ligne ;<\/li>\n<li>Portails Internet ;<\/li>\n<li>Soci\u00e9t\u00e9s de services professionnels ;<\/li>\n<li>\u00c9tablissements d&rsquo;enseignement et associations professionnelles.<\/li>\n<\/ul>\n<p>Nous approuverons les demandes de liens si elles (a) ne donnent pas une mauvaise image de nous, (b) proviennent d&rsquo;organisations dont le bilan est satisfaisant, et (c) sont adapt\u00e9es au contexte.   <\/p>\n<p>Si vous \u00eates l&rsquo;une de ces organisations, vous devez nous informer \u00e0 l&rsquo;adresse <a href=\"mailto:webmaster@avispl.com\">webmaster@avispl.com<\/a> en nous communiquant vos coordonn\u00e9es et les d\u00e9tails du lien envisag\u00e9. Comptez 2 \u00e0 3 semaines pour obtenir une r\u00e9ponse. <\/p>\n<p>Les organisations agr\u00e9\u00e9es peuvent \u00e9tablir un lien avec notre site web en utilisant :<\/p>\n<ul>\n<li>Notre raison sociale ;<\/li>\n<li>L&rsquo;URL sur laquelle porte le lien ;<\/li>\n<li>Une description pertinente qui correspond au contexte du site de r\u00e9f\u00e9rence.<\/li>\n<\/ul>\n<p>Aucune utilisation des logos ou des illustrations d&rsquo;AVI-SPL ne sera autoris\u00e9e sans une licence de marque. Nous nous r\u00e9servons le droit de demander la suppression de tout lien. <\/p>\n<h3>Suppression de liens sur notre site<\/h3>\n<p>Si vous estimez qu&rsquo;un lien sur notre site ou un site web li\u00e9 est r\u00e9pr\u00e9hensible, contactez-nous \u00e0 l&rsquo;adresse <a href=\"mailto:webmaster@avispl.com\">webmaster@avispl.com.<\/a> Nous pourrons ou non le supprimer. <\/p>\n<h3>Liens vers des sites tiers<\/h3>\n<p>Certains liens sur ce site m\u00e8nent \u00e0 des sites web externes. AVI-SPL n&rsquo;est pas responsable du contenu ou des mises \u00e0 jour de ces sites, et l&rsquo;inclusion de liens n&rsquo;implique pas leur approbation. <\/p>\n<h3>Iframes<\/h3>\n<p>Vous ne pouvez pas cr\u00e9er de cadres autour de notre site ou modifier sa pr\u00e9sentation visuelle sans autorisation \u00e9crite.<\/p>\n<h3>Vie priv\u00e9e<\/h3>\n<p>La politique de confidentialit\u00e9 d&rsquo;AVI-SPL s&rsquo;applique \u00e0 l&rsquo;utilisation de ce site. Vous reconnaissez que les transmissions par Internet peuvent ne pas \u00eatre s\u00e9curis\u00e9es et peuvent \u00eatre intercept\u00e9es. Lisez l&rsquo;int\u00e9gralit\u00e9 de la politique de confidentialit\u00e9 sur <a href=\"https:\/\/avispl.ca\/privacy-policy\/\">ce lien<\/a>.  <\/p>\n<h3>Clauses de non-responsabilit\u00e9 et limitations de responsabilit\u00e9 suppl\u00e9mentaires<\/h3>\n<p>Nous pouvons modifier ou supprimer des produits ou des services sans pr\u00e9avis. Toutes les offres ne sont pas disponibles dans toutes les r\u00e9gions. Contactez votre repr\u00e9sentant local pour conna\u00eetre la disponibilit\u00e9 exacte.  <\/p>\n<p>Le site est r\u00e9gi par les lois am\u00e9ricaines et locales applicables. Nous pouvons enqu\u00eater sur les violations et engager des poursuites judiciaires le cas \u00e9ch\u00e9ant. <\/p>\n<p>CE SITE EST FOURNI \u00ab\u00a0EN L&rsquo;\u00c9TAT\u00a0\u00bb SANS GARANTIE. AVI-SPL D\u00c9CLINE TOUTE GARANTIE IMPLICITE ET N&rsquo;EST PAS RESPONSABLE DES DOMMAGES INDIRECTS OU CONS\u00c9CUTIFS. <\/p>\n<p>L&rsquo;UTILISATION DE CE SITE SE FAIT \u00c0 VOS PROPRES RISQUES.<\/p>\n<h3>\u00c0 propos de nos conditions<\/h3>\n<p>Nous pouvons mettre \u00e0 jour ces conditions \u00e0 tout moment. La poursuite de l&rsquo;utilisation du site apr\u00e8s les modifications constitue une acceptation. <\/p>\n<p>Les pr\u00e9sentes conditions sont r\u00e9gies par les lois de la Floride. Tout litige doit \u00eatre r\u00e9solu dans le comt\u00e9 de Hillsborough, en Floride. <\/p>\n<p>Si une partie est inapplicable, les autres restent en vigueur.<\/p>\n<p>Ces conditions ont \u00e9t\u00e9 mises \u00e0 jour pour la derni\u00e8re fois le 5 octobre 2022 et entrent en vigueur imm\u00e9diatement.<\/p>\n\t\t<\/div>\n\t<\/div>\n<\/section>\n","protected":false},"excerpt":{"rendered":"","protected":false},"author":12,"featured_media":0,"parent":0,"menu_order":11,"comment_status":"closed","ping_status":"closed","template":"","meta":{"_acf_changed":false,"footnotes":""},"class_list":["post-17205","page","type-page","status-publish","hentry"],"acf":[],"yoast_head":"<!-- This site is optimized with the Yoast SEO Premium plugin v27.4 (Yoast SEO v27.4) - https:\/\/yoast.com\/product\/yoast-seo-premium-wordpress\/ -->\n<title>Conditions d&#039;utilisation du site web - AVI-SPL Canada<\/title>\n<meta name=\"robots\" content=\"index, follow, max-snippet:-1, max-image-preview:large, max-video-preview:-1\" \/>\n<link rel=\"canonical\" href=\"https:\/\/avispl.ca\/fr\/conditions-dutilisation-du-site-web\/\" \/>\n<meta property=\"og:locale\" content=\"fr_FR\" \/>\n<meta property=\"og:type\" content=\"article\" \/>\n<meta property=\"og:title\" content=\"Conditions d&#039;utilisation du site web\" \/>\n<meta property=\"og:url\" content=\"https:\/\/avispl.ca\/fr\/conditions-dutilisation-du-site-web\/\" \/>\n<meta property=\"og:site_name\" content=\"AVI-SPL Canada\" \/>\n<meta property=\"article:modified_time\" content=\"2025-08-13T17:05:26+00:00\" \/>\n<meta name=\"twitter:card\" content=\"summary_large_image\" \/>\n<script type=\"application\/ld+json\" class=\"yoast-schema-graph\">{\"@context\":\"https:\\\/\\\/schema.org\",\"@graph\":[{\"@type\":\"WebPage\",\"@id\":\"https:\\\/\\\/avispl.ca\\\/fr\\\/conditions-dutilisation-du-site-web\\\/\",\"url\":\"https:\\\/\\\/avispl.ca\\\/fr\\\/conditions-dutilisation-du-site-web\\\/\",\"name\":\"Conditions d'utilisation du site web - AVI-SPL Canada\",\"isPartOf\":{\"@id\":\"https:\\\/\\\/avispl.ca\\\/fr\\\/#website\"},\"datePublished\":\"2025-05-06T15:24:11+00:00\",\"dateModified\":\"2025-08-13T17:05:26+00:00\",\"breadcrumb\":{\"@id\":\"https:\\\/\\\/avispl.ca\\\/fr\\\/conditions-dutilisation-du-site-web\\\/#breadcrumb\"},\"inLanguage\":\"fr-FR\",\"potentialAction\":[{\"@type\":\"ReadAction\",\"target\":[\"https:\\\/\\\/avispl.ca\\\/fr\\\/conditions-dutilisation-du-site-web\\\/\"]}]},{\"@type\":\"BreadcrumbList\",\"@id\":\"https:\\\/\\\/avispl.ca\\\/fr\\\/conditions-dutilisation-du-site-web\\\/#breadcrumb\",\"itemListElement\":[{\"@type\":\"ListItem\",\"position\":1,\"name\":\"Home\",\"item\":\"https:\\\/\\\/avispl.ca\\\/fr\\\/\"},{\"@type\":\"ListItem\",\"position\":2,\"name\":\"Conditions d&#8217;utilisation du site web\"}]},{\"@type\":\"WebSite\",\"@id\":\"https:\\\/\\\/avispl.ca\\\/fr\\\/#website\",\"url\":\"https:\\\/\\\/avispl.ca\\\/fr\\\/\",\"name\":\"AVI-SPL Canada\",\"description\":\"AV\\\/UC collaboration, education and experience technology\",\"publisher\":{\"@id\":\"https:\\\/\\\/avispl.ca\\\/fr\\\/#organization\"},\"potentialAction\":[{\"@type\":\"SearchAction\",\"target\":{\"@type\":\"EntryPoint\",\"urlTemplate\":\"https:\\\/\\\/avispl.ca\\\/fr\\\/?s={search_term_string}\"},\"query-input\":{\"@type\":\"PropertyValueSpecification\",\"valueRequired\":true,\"valueName\":\"search_term_string\"}}],\"inLanguage\":\"fr-FR\"},{\"@type\":\"Organization\",\"@id\":\"https:\\\/\\\/avispl.ca\\\/fr\\\/#organization\",\"name\":\"AVI-SPL Canada\",\"url\":\"https:\\\/\\\/avispl.ca\\\/fr\\\/\",\"logo\":{\"@type\":\"ImageObject\",\"inLanguage\":\"fr-FR\",\"@id\":\"https:\\\/\\\/avispl.ca\\\/fr\\\/#\\\/schema\\\/logo\\\/image\\\/\",\"url\":\"https:\\\/\\\/avispl.ca\\\/wp-content\\\/uploads\\\/sites\\\/8\\\/2024\\\/11\\\/logo.svg\",\"contentUrl\":\"https:\\\/\\\/avispl.ca\\\/wp-content\\\/uploads\\\/sites\\\/8\\\/2024\\\/11\\\/logo.svg\",\"caption\":\"AVI-SPL Canada\"},\"image\":{\"@id\":\"https:\\\/\\\/avispl.ca\\\/fr\\\/#\\\/schema\\\/logo\\\/image\\\/\"}}]}<\/script>\n<!-- \/ Yoast SEO Premium plugin. -->","yoast_head_json":{"title":"Conditions d'utilisation du site web - AVI-SPL Canada","robots":{"index":"index","follow":"follow","max-snippet":"max-snippet:-1","max-image-preview":"max-image-preview:large","max-video-preview":"max-video-preview:-1"},"canonical":"https:\/\/avispl.ca\/fr\/conditions-dutilisation-du-site-web\/","og_locale":"fr_FR","og_type":"article","og_title":"Conditions d'utilisation du site web","og_url":"https:\/\/avispl.ca\/fr\/conditions-dutilisation-du-site-web\/","og_site_name":"AVI-SPL Canada","article_modified_time":"2025-08-13T17:05:26+00:00","twitter_card":"summary_large_image","schema":{"@context":"https:\/\/schema.org","@graph":[{"@type":"WebPage","@id":"https:\/\/avispl.ca\/fr\/conditions-dutilisation-du-site-web\/","url":"https:\/\/avispl.ca\/fr\/conditions-dutilisation-du-site-web\/","name":"Conditions d'utilisation du site web - AVI-SPL Canada","isPartOf":{"@id":"https:\/\/avispl.ca\/fr\/#website"},"datePublished":"2025-05-06T15:24:11+00:00","dateModified":"2025-08-13T17:05:26+00:00","breadcrumb":{"@id":"https:\/\/avispl.ca\/fr\/conditions-dutilisation-du-site-web\/#breadcrumb"},"inLanguage":"fr-FR","potentialAction":[{"@type":"ReadAction","target":["https:\/\/avispl.ca\/fr\/conditions-dutilisation-du-site-web\/"]}]},{"@type":"BreadcrumbList","@id":"https:\/\/avispl.ca\/fr\/conditions-dutilisation-du-site-web\/#breadcrumb","itemListElement":[{"@type":"ListItem","position":1,"name":"Home","item":"https:\/\/avispl.ca\/fr\/"},{"@type":"ListItem","position":2,"name":"Conditions d&#8217;utilisation du site web"}]},{"@type":"WebSite","@id":"https:\/\/avispl.ca\/fr\/#website","url":"https:\/\/avispl.ca\/fr\/","name":"AVI-SPL Canada","description":"AV\/UC collaboration, education and experience technology","publisher":{"@id":"https:\/\/avispl.ca\/fr\/#organization"},"potentialAction":[{"@type":"SearchAction","target":{"@type":"EntryPoint","urlTemplate":"https:\/\/avispl.ca\/fr\/?s={search_term_string}"},"query-input":{"@type":"PropertyValueSpecification","valueRequired":true,"valueName":"search_term_string"}}],"inLanguage":"fr-FR"},{"@type":"Organization","@id":"https:\/\/avispl.ca\/fr\/#organization","name":"AVI-SPL Canada","url":"https:\/\/avispl.ca\/fr\/","logo":{"@type":"ImageObject","inLanguage":"fr-FR","@id":"https:\/\/avispl.ca\/fr\/#\/schema\/logo\/image\/","url":"https:\/\/avispl.ca\/wp-content\/uploads\/sites\/8\/2024\/11\/logo.svg","contentUrl":"https:\/\/avispl.ca\/wp-content\/uploads\/sites\/8\/2024\/11\/logo.svg","caption":"AVI-SPL Canada"},"image":{"@id":"https:\/\/avispl.ca\/fr\/#\/schema\/logo\/image\/"}}]}},"_links":{"self":[{"href":"https:\/\/avispl.ca\/fr\/wp-json\/wp\/v2\/pages\/17205","targetHints":{"allow":["GET"]}}],"collection":[{"href":"https:\/\/avispl.ca\/fr\/wp-json\/wp\/v2\/pages"}],"about":[{"href":"https:\/\/avispl.ca\/fr\/wp-json\/wp\/v2\/types\/page"}],"author":[{"embeddable":true,"href":"https:\/\/avispl.ca\/fr\/wp-json\/wp\/v2\/users\/12"}],"replies":[{"embeddable":true,"href":"https:\/\/avispl.ca\/fr\/wp-json\/wp\/v2\/comments?post=17205"}],"version-history":[{"count":0,"href":"https:\/\/avispl.ca\/fr\/wp-json\/wp\/v2\/pages\/17205\/revisions"}],"wp:attachment":[{"href":"https:\/\/avispl.ca\/fr\/wp-json\/wp\/v2\/media?parent=17205"}],"curies":[{"name":"wp","href":"https:\/\/api.w.org\/{rel}","templated":true}]}}