{"id":17203,"date":"2025-03-04T15:28:47","date_gmt":"2025-03-04T20:28:47","guid":{"rendered":"https:\/\/avispl.com\/ca\/communications-unifiees-pour-les-entreprises-de-saint-louis\/"},"modified":"2025-05-06T12:59:48","modified_gmt":"2025-05-06T16:59:48","slug":"communications-unifiees-pour-les-entreprises-de-saint-louis","status":"publish","type":"page","link":"https:\/\/avispl.ca\/fr\/communications-unifiees-pour-les-entreprises-de-saint-louis\/","title":{"rendered":"Communications unifi\u00e9es pour les entreprises de Saint-Louis"},"content":{"rendered":"\n<section class=\"hero page-block hero--x-small\">\n    \n                        <div class=\"hero__content\">\n                <div class=\"container\">\n                                                               <h1 data-splitting=\"words\">Communications unifi\u00e9es pour les entreprises de Saint-Louis<\/h1>\n                    \n                    \n                    \n                    <button class=\"hero__scroll scroll-btn scroll-btn--o scroll-to-main\"\n\t\t\t\t        aria-label=\"Scroll to bottom of the hero section\"\n\t\t\t\t        title=\"Scroll to bottom of the hero section\">\n\t\t\t\t\t    <span class=\"sr-only\">Scroll to bottom of the hero section<\/span>\n\t\t\t\t\t<\/button>\n                <\/div>\n            <\/div>\n            <\/section>\n<div id=\"main-content\"><\/div>\n\n<section class=\"image-text-new page-block image-text-new--sm image-text-new--r\" role=\"region\">\n\t<div class=\"container\">\n\t\t<div class=\"image-text-new__image\">\n\t\t\t\t\t\t\t<div class=\"image-text-new__image__wrap\">\n\t\t\t\t    <img loading=\"lazy\" decoding=\"async\" width=\"1000\" height=\"667\" src=\"https:\/\/avispl.ca\/wp-content\/uploads\/sites\/8\/2025\/03\/Unified-communications-for-St.-Louis-businesses.jpg\" class=\"attachment-full size-full\" alt=\"\" srcset=\"https:\/\/avispl.ca\/wp-content\/uploads\/sites\/8\/2025\/03\/Unified-communications-for-St.-Louis-businesses.jpg 1000w, https:\/\/avispl.ca\/wp-content\/uploads\/sites\/8\/2025\/03\/Unified-communications-for-St.-Louis-businesses-300x200.jpg 300w, https:\/\/avispl.ca\/wp-content\/uploads\/sites\/8\/2025\/03\/Unified-communications-for-St.-Louis-businesses-768x512.jpg 768w, https:\/\/avispl.ca\/wp-content\/uploads\/sites\/8\/2025\/03\/Unified-communications-for-St.-Louis-businesses-125x83.jpg 125w\" sizes=\"auto, (max-width: 1000px) 100vw, 1000px\" \/>\t\t\t\t<\/div>\n\t\t\t\t\t<\/div>\n\n\t\t<div class=\"image-text-new__text\">\n                        \t<h3 class=\"h3\">Des solutions de communication con\u00e7ues pour les environnements de travail hybrides<\/h3>\n                                    \t<div class=\"body-content\">\n                \t<p>Les services de communications unifi\u00e9es d&rsquo;AVI-SPL permettent aux \u00e9quipes de St. Louis de rester connect\u00e9es en utilisant Microsoft Teams, Zoom et d&rsquo;autres plateformes. Nos syst\u00e8mes de communications unifi\u00e9es simplifient les r\u00e9unions hybrides et cr\u00e9ent une exp\u00e9rience coh\u00e9rente pour les participants. Avec une assistance continue et une adoption facile, nos solutions de communications unifi\u00e9es permettent \u00e0 votre \u00e9quipe de collaborer efficacement o\u00f9 qu&rsquo;elle se trouve.  <\/p>\n                <\/div>\n                                            <\/div>\n\t<\/div>\n<\/section>\n\n<section class=\"content-list page-block content-list--sombre\" role=\"region\">\n\t<div class=\"container\">\n\t\t<div class=\"content-list__content\">\n\t\t\t<h2 data-splitting=\"words\" class=\"h3\">Nos services de communications unifi\u00e9es \u00e0 St. Louis comprennent :<\/h2>\t\t\t\t\t\t\t\t\t\t\t<\/div>\n\n\t\t\n\t\t\t\t\t<div class=\"content-list__list\">\n\t\t\t\t\t            <ul>\n\t                \t                   <li>\n\t                   \t\t\t                   \t\t<h6>Int\u00e9gration de la plate-forme<\/h6>\t                   \t\t<div class=\"body-content\"><p>Fonctionne parfaitement avec Teams, Zoom et d&rsquo;autres plateformes de communications unifi\u00e9es.<\/p>\n<\/div>\t                   \t\t\t                   <\/li>\n\t                \t                   <li>\n\t                   \t\t\t                   \t\t<h6>Solutions \u00e9volutives pour l&rsquo;informatique en nuage<\/h6>\t                   \t\t<div class=\"body-content\"><p>Des options cloud flexibles pour un travail d&rsquo;\u00e9quipe s\u00e9curis\u00e9 et \u00e9volutif.<\/p>\n<\/div>\t                   \t\t\t                   <\/li>\n\t                \t                   <li>\n\t                   \t\t\t                   \t\t<h6>Conception intuitive<\/h6>\t                   \t\t<div class=\"body-content\"><p>Des interfaces faciles \u00e0 utiliser qui simplifient la communication pour tout le monde.<\/p>\n<\/div>\t                   \t\t\t                   <\/li>\n\t                \t                   <li>\n\t                   \t\t\t                   \t\t<h6>Assistance 24\/7<\/h6>\t                   \t\t<div class=\"body-content\"><p>Assistance 24 heures sur 24 pour assurer la fiabilit\u00e9 de vos syst\u00e8mes de communications unifi\u00e9es.<\/p>\n<\/div>\t                   \t\t\t                   <\/li>\n\t                \t            <\/ul>\n\n\t\t\t\t\t\t\t<\/div>\n        \t<\/div>\n<\/section>\n\n<section class=\"logo-marquee page-block\" aria-label=\"Logo Marquee\">\n    <div class=\"container\">\n                    <div class=\"logo-marquee__header\">\n                                    <h3 class=\"h6\">Partenaires<\/h3>\n                                                    <p>Nous collaborons avec les principaux fournisseurs de solutions de collaboration.<\/p>\n                            <\/div>\n        \n                    <div class=\"logo-marquee__marquee\" role=\"region\" aria-live=\"polite\" aria-label=\"Scrolling logos\">\n                                    <div\n                        class=\"logo-marquee__marquee__group\"\n                        style=\"animation: scroll-x 27s linear infinite;\"\n                        aria-hidden=\"false\"\n                    >\n                                                    <img decoding=\"async\" src=\"https:\/\/avispl.ca\/wp-content\/uploads\/sites\/8\/2024\/11\/cisco-seeklogo-1.svg\" class=\"attachment-full size-full\" alt=\"Logo\" \/>                                                    <img decoding=\"async\" src=\"https:\/\/avispl.ca\/wp-content\/uploads\/sites\/8\/2024\/11\/microsoft-Logo-1.svg\" class=\"attachment-full size-full\" alt=\"Logo\" \/>                                                    <img decoding=\"async\" src=\"https:\/\/avispl.ca\/wp-content\/uploads\/sites\/8\/2024\/12\/zoom-logo.svg\" class=\"attachment-full size-full\" alt=\"Logo\" \/>                                                    <img decoding=\"async\" src=\"https:\/\/avispl.ca\/wp-content\/uploads\/sites\/8\/2024\/11\/google-Logo-1.svg\" class=\"attachment-full size-full\" alt=\"Logo\" \/>                                                    <img decoding=\"async\" src=\"https:\/\/avispl.ca\/wp-content\/uploads\/sites\/8\/2024\/11\/Creston-Logo-2.svg\" class=\"attachment-full size-full\" alt=\"Logo\" \/>                                                    <a href=\"https:\/\/avispl.ca\/fr\/poly\/\"><img decoding=\"async\" src=\"https:\/\/avispl.ca\/wp-content\/uploads\/sites\/8\/2025\/02\/hp-poly-large.svg\" class=\"attachment-full size-full\" alt=\"Logo\" \/><\/a>                                                    <img decoding=\"async\" src=\"https:\/\/avispl.ca\/wp-content\/uploads\/sites\/8\/2024\/11\/logitech-Logo-2.svg\" class=\"attachment-full size-full\" alt=\"Logo\" \/>                                                    <img decoding=\"async\" src=\"https:\/\/avispl.ca\/wp-content\/uploads\/sites\/8\/2024\/11\/Neat-logo.svg\" class=\"attachment-full size-full\" alt=\"Logo\" \/>                                                    <img decoding=\"async\" src=\"https:\/\/avispl.ca\/wp-content\/uploads\/sites\/8\/2025\/02\/q-sys.svg\" class=\"attachment-full size-full\" alt=\"Logo\" \/>                                            <\/div>\n                                    <div\n                        class=\"logo-marquee__marquee__group\"\n                        style=\"animation: scroll-x 27s linear infinite;\"\n                        aria-hidden=\"true\"\n                    >\n                                                    <img decoding=\"async\" src=\"https:\/\/avispl.ca\/wp-content\/uploads\/sites\/8\/2024\/11\/cisco-seeklogo-1.svg\" class=\"attachment-full size-full\" alt=\"Logo\" \/>                                                    <img decoding=\"async\" src=\"https:\/\/avispl.ca\/wp-content\/uploads\/sites\/8\/2024\/11\/microsoft-Logo-1.svg\" class=\"attachment-full size-full\" alt=\"Logo\" \/>                                                    <img decoding=\"async\" src=\"https:\/\/avispl.ca\/wp-content\/uploads\/sites\/8\/2024\/12\/zoom-logo.svg\" class=\"attachment-full size-full\" alt=\"Logo\" \/>                                                    <img decoding=\"async\" src=\"https:\/\/avispl.ca\/wp-content\/uploads\/sites\/8\/2024\/11\/google-Logo-1.svg\" class=\"attachment-full size-full\" alt=\"Logo\" \/>                                                    <img decoding=\"async\" src=\"https:\/\/avispl.ca\/wp-content\/uploads\/sites\/8\/2024\/11\/Creston-Logo-2.svg\" class=\"attachment-full size-full\" alt=\"Logo\" \/>                                                    <a href=\"https:\/\/avispl.ca\/fr\/poly\/\"><img decoding=\"async\" src=\"https:\/\/avispl.ca\/wp-content\/uploads\/sites\/8\/2025\/02\/hp-poly-large.svg\" class=\"attachment-full size-full\" alt=\"Logo\" \/><\/a>                                                    <img decoding=\"async\" src=\"https:\/\/avispl.ca\/wp-content\/uploads\/sites\/8\/2024\/11\/logitech-Logo-2.svg\" class=\"attachment-full size-full\" alt=\"Logo\" \/>                                                    <img decoding=\"async\" src=\"https:\/\/avispl.ca\/wp-content\/uploads\/sites\/8\/2024\/11\/Neat-logo.svg\" class=\"attachment-full size-full\" alt=\"Logo\" \/>                                                    <img decoding=\"async\" src=\"https:\/\/avispl.ca\/wp-content\/uploads\/sites\/8\/2025\/02\/q-sys.svg\" class=\"attachment-full size-full\" alt=\"Logo\" \/>                                            <\/div>\n                            <\/div>\n            <\/div>\n<\/section>\n\n<section class=\"content page-block page-block--padding-no-top page-block--padding-no-bottom\" role=\"region\">\n\t<div class=\"container\">\n\t\t<div class=\"body-content\">\n\t\t\t<h3>Contactez AVI-SPL \u00e0 St. Louis pour d\u00e9couvrir comment nos solutions et services de communications unifi\u00e9es peuvent b\u00e9n\u00e9ficier \u00e0 votre \u00e9quipe.<\/h3>\n<h4><\/h4>\n<h5><a href=\"#contact\">Contactez-nous en ligne<\/a> ou appelez votre <a href=\"https:\/\/avispl.ca\/?post_type=location&#038;p=1325\">bureau local AVI-SPL<\/a><\/h5>\n<p>Nos bureaux locaux desservent la r\u00e9gion de Saint-Louis :<\/p>\n\t\t<\/div>\n\t<\/div>\n<\/section>\n\n<section class=\"custom-html page-block\" role=\"region\">\n\t<div class=\"container\">\n\t\t\n\t\t<iframe src=\"https:\/\/www.google.com\/maps\/embed?pb=!1m18!1m12!1m3!1d99705.98022954779!2d-90.32586242826108!3d38.65320561009028!2m3!1f0!2f0!3f0!3m2!1i1024!2i768!4f13.1!3m3!1m2!1s0x87d8b4a9faed8ef9%3A0xbe39eaca22bbe05b!2sSt.%20Louis%2C%20MO!5e0!3m2!1sen!2sus!4v1733173515264!5m2!1sen!2sus\" width=\"1280\" height=\"450\" style=\"border:0;\" allowfullscreen=\"\" loading=\"lazy\" referrerpolicy=\"no-referrer-when-downgrade\"><\/iframe>\t<\/div>\n<\/section>\n","protected":false},"excerpt":{"rendered":"","protected":false},"author":5,"featured_media":0,"parent":0,"menu_order":29,"comment_status":"closed","ping_status":"closed","template":"","meta":{"_acf_changed":false,"footnotes":""},"class_list":["post-17203","page","type-page","status-publish","hentry"],"acf":[],"yoast_head":"<!-- This site is optimized with the Yoast SEO Premium plugin v27.4 (Yoast SEO v27.4) - https:\/\/yoast.com\/product\/yoast-seo-premium-wordpress\/ -->\n<title>Communications unifi\u00e9es pour les entreprises de Saint-Louis<\/title>\n<meta name=\"description\" content=\"Les solutions de communications unifi\u00e9es d&#039;AVI-SPL permettent aux \u00e9quipes de St. Louis de se connecter facilement, que ce soit au bureau ou \u00e0 distance.\" \/>\n<meta name=\"robots\" content=\"index, follow, max-snippet:-1, max-image-preview:large, max-video-preview:-1\" \/>\n<link rel=\"canonical\" href=\"https:\/\/avispl.ca\/fr\/communications-unifiees-pour-les-entreprises-de-saint-louis\/\" \/>\n<meta property=\"og:locale\" content=\"fr_FR\" \/>\n<meta property=\"og:type\" content=\"article\" \/>\n<meta property=\"og:title\" content=\"Communications unifi\u00e9es pour les entreprises de Saint-Louis\" \/>\n<meta property=\"og:description\" content=\"Les solutions de communications unifi\u00e9es d&#039;AVI-SPL permettent aux \u00e9quipes de St. Louis de se connecter facilement, que ce soit au bureau ou \u00e0 distance.\" \/>\n<meta property=\"og:url\" content=\"https:\/\/avispl.ca\/fr\/communications-unifiees-pour-les-entreprises-de-saint-louis\/\" \/>\n<meta property=\"og:site_name\" content=\"AVI-SPL Canada\" \/>\n<meta property=\"article:modified_time\" content=\"2025-05-06T16:59:48+00:00\" \/>\n<meta name=\"twitter:card\" content=\"summary_large_image\" \/>\n<script type=\"application\/ld+json\" class=\"yoast-schema-graph\">{\"@context\":\"https:\\\/\\\/schema.org\",\"@graph\":[{\"@type\":\"WebPage\",\"@id\":\"https:\\\/\\\/avispl.ca\\\/fr\\\/communications-unifiees-pour-les-entreprises-de-saint-louis\\\/\",\"url\":\"https:\\\/\\\/avispl.ca\\\/fr\\\/communications-unifiees-pour-les-entreprises-de-saint-louis\\\/\",\"name\":\"Communications unifi\u00e9es pour les entreprises de Saint-Louis\",\"isPartOf\":{\"@id\":\"https:\\\/\\\/avispl.ca\\\/fr\\\/#website\"},\"datePublished\":\"2025-03-04T20:28:47+00:00\",\"dateModified\":\"2025-05-06T16:59:48+00:00\",\"description\":\"Les solutions de communications unifi\u00e9es d'AVI-SPL permettent aux \u00e9quipes de St. Louis de se connecter facilement, que ce soit au bureau ou \u00e0 distance.\",\"breadcrumb\":{\"@id\":\"https:\\\/\\\/avispl.ca\\\/fr\\\/communications-unifiees-pour-les-entreprises-de-saint-louis\\\/#breadcrumb\"},\"inLanguage\":\"fr-FR\",\"potentialAction\":[{\"@type\":\"ReadAction\",\"target\":[\"https:\\\/\\\/avispl.ca\\\/fr\\\/communications-unifiees-pour-les-entreprises-de-saint-louis\\\/\"]}]},{\"@type\":\"BreadcrumbList\",\"@id\":\"https:\\\/\\\/avispl.ca\\\/fr\\\/communications-unifiees-pour-les-entreprises-de-saint-louis\\\/#breadcrumb\",\"itemListElement\":[{\"@type\":\"ListItem\",\"position\":1,\"name\":\"Home\",\"item\":\"https:\\\/\\\/avispl.ca\\\/fr\\\/\"},{\"@type\":\"ListItem\",\"position\":2,\"name\":\"Communications unifi\u00e9es pour les entreprises de Saint-Louis\"}]},{\"@type\":\"WebSite\",\"@id\":\"https:\\\/\\\/avispl.ca\\\/fr\\\/#website\",\"url\":\"https:\\\/\\\/avispl.ca\\\/fr\\\/\",\"name\":\"AVI-SPL Canada\",\"description\":\"AV\\\/UC collaboration, education and experience technology\",\"publisher\":{\"@id\":\"https:\\\/\\\/avispl.ca\\\/fr\\\/#organization\"},\"potentialAction\":[{\"@type\":\"SearchAction\",\"target\":{\"@type\":\"EntryPoint\",\"urlTemplate\":\"https:\\\/\\\/avispl.ca\\\/fr\\\/?s={search_term_string}\"},\"query-input\":{\"@type\":\"PropertyValueSpecification\",\"valueRequired\":true,\"valueName\":\"search_term_string\"}}],\"inLanguage\":\"fr-FR\"},{\"@type\":\"Organization\",\"@id\":\"https:\\\/\\\/avispl.ca\\\/fr\\\/#organization\",\"name\":\"AVI-SPL Canada\",\"url\":\"https:\\\/\\\/avispl.ca\\\/fr\\\/\",\"logo\":{\"@type\":\"ImageObject\",\"inLanguage\":\"fr-FR\",\"@id\":\"https:\\\/\\\/avispl.ca\\\/fr\\\/#\\\/schema\\\/logo\\\/image\\\/\",\"url\":\"https:\\\/\\\/avispl.ca\\\/wp-content\\\/uploads\\\/sites\\\/8\\\/2024\\\/11\\\/logo.svg\",\"contentUrl\":\"https:\\\/\\\/avispl.ca\\\/wp-content\\\/uploads\\\/sites\\\/8\\\/2024\\\/11\\\/logo.svg\",\"caption\":\"AVI-SPL Canada\"},\"image\":{\"@id\":\"https:\\\/\\\/avispl.ca\\\/fr\\\/#\\\/schema\\\/logo\\\/image\\\/\"}}]}<\/script>\n<!-- \/ Yoast SEO Premium plugin. -->","yoast_head_json":{"title":"Communications unifi\u00e9es pour les entreprises de Saint-Louis","description":"Les solutions de communications unifi\u00e9es d'AVI-SPL permettent aux \u00e9quipes de St. Louis de se connecter facilement, que ce soit au bureau ou \u00e0 distance.","robots":{"index":"index","follow":"follow","max-snippet":"max-snippet:-1","max-image-preview":"max-image-preview:large","max-video-preview":"max-video-preview:-1"},"canonical":"https:\/\/avispl.ca\/fr\/communications-unifiees-pour-les-entreprises-de-saint-louis\/","og_locale":"fr_FR","og_type":"article","og_title":"Communications unifi\u00e9es pour les entreprises de Saint-Louis","og_description":"Les solutions de communications unifi\u00e9es d'AVI-SPL permettent aux \u00e9quipes de St. Louis de se connecter facilement, que ce soit au bureau ou \u00e0 distance.","og_url":"https:\/\/avispl.ca\/fr\/communications-unifiees-pour-les-entreprises-de-saint-louis\/","og_site_name":"AVI-SPL Canada","article_modified_time":"2025-05-06T16:59:48+00:00","twitter_card":"summary_large_image","schema":{"@context":"https:\/\/schema.org","@graph":[{"@type":"WebPage","@id":"https:\/\/avispl.ca\/fr\/communications-unifiees-pour-les-entreprises-de-saint-louis\/","url":"https:\/\/avispl.ca\/fr\/communications-unifiees-pour-les-entreprises-de-saint-louis\/","name":"Communications unifi\u00e9es pour les entreprises de Saint-Louis","isPartOf":{"@id":"https:\/\/avispl.ca\/fr\/#website"},"datePublished":"2025-03-04T20:28:47+00:00","dateModified":"2025-05-06T16:59:48+00:00","description":"Les solutions de communications unifi\u00e9es d'AVI-SPL permettent aux \u00e9quipes de St. Louis de se connecter facilement, que ce soit au bureau ou \u00e0 distance.","breadcrumb":{"@id":"https:\/\/avispl.ca\/fr\/communications-unifiees-pour-les-entreprises-de-saint-louis\/#breadcrumb"},"inLanguage":"fr-FR","potentialAction":[{"@type":"ReadAction","target":["https:\/\/avispl.ca\/fr\/communications-unifiees-pour-les-entreprises-de-saint-louis\/"]}]},{"@type":"BreadcrumbList","@id":"https:\/\/avispl.ca\/fr\/communications-unifiees-pour-les-entreprises-de-saint-louis\/#breadcrumb","itemListElement":[{"@type":"ListItem","position":1,"name":"Home","item":"https:\/\/avispl.ca\/fr\/"},{"@type":"ListItem","position":2,"name":"Communications unifi\u00e9es pour les entreprises de Saint-Louis"}]},{"@type":"WebSite","@id":"https:\/\/avispl.ca\/fr\/#website","url":"https:\/\/avispl.ca\/fr\/","name":"AVI-SPL Canada","description":"AV\/UC collaboration, education and experience technology","publisher":{"@id":"https:\/\/avispl.ca\/fr\/#organization"},"potentialAction":[{"@type":"SearchAction","target":{"@type":"EntryPoint","urlTemplate":"https:\/\/avispl.ca\/fr\/?s={search_term_string}"},"query-input":{"@type":"PropertyValueSpecification","valueRequired":true,"valueName":"search_term_string"}}],"inLanguage":"fr-FR"},{"@type":"Organization","@id":"https:\/\/avispl.ca\/fr\/#organization","name":"AVI-SPL Canada","url":"https:\/\/avispl.ca\/fr\/","logo":{"@type":"ImageObject","inLanguage":"fr-FR","@id":"https:\/\/avispl.ca\/fr\/#\/schema\/logo\/image\/","url":"https:\/\/avispl.ca\/wp-content\/uploads\/sites\/8\/2024\/11\/logo.svg","contentUrl":"https:\/\/avispl.ca\/wp-content\/uploads\/sites\/8\/2024\/11\/logo.svg","caption":"AVI-SPL Canada"},"image":{"@id":"https:\/\/avispl.ca\/fr\/#\/schema\/logo\/image\/"}}]}},"_links":{"self":[{"href":"https:\/\/avispl.ca\/fr\/wp-json\/wp\/v2\/pages\/17203","targetHints":{"allow":["GET"]}}],"collection":[{"href":"https:\/\/avispl.ca\/fr\/wp-json\/wp\/v2\/pages"}],"about":[{"href":"https:\/\/avispl.ca\/fr\/wp-json\/wp\/v2\/types\/page"}],"author":[{"embeddable":true,"href":"https:\/\/avispl.ca\/fr\/wp-json\/wp\/v2\/users\/5"}],"replies":[{"embeddable":true,"href":"https:\/\/avispl.ca\/fr\/wp-json\/wp\/v2\/comments?post=17203"}],"version-history":[{"count":0,"href":"https:\/\/avispl.ca\/fr\/wp-json\/wp\/v2\/pages\/17203\/revisions"}],"wp:attachment":[{"href":"https:\/\/avispl.ca\/fr\/wp-json\/wp\/v2\/media?parent=17203"}],"curies":[{"name":"wp","href":"https:\/\/api.w.org\/{rel}","templated":true}]}}